{"id":9945,"date":"2020-07-20T11:53:14","date_gmt":"2020-07-20T08:53:14","guid":{"rendered":"http:\/\/ulme.ee\/veeb\/?page_id=9945"},"modified":"2021-07-19T08:41:03","modified_gmt":"2021-07-19T05:41:03","slug":"estcon-2021","status":"publish","type":"page","link":"http:\/\/ulme.ee\/veeb\/?page_id=9945&lang=et","title":{"rendered":"Estcon 2021"},"content":{"rendered":"\n<p> Estcon 2021 toimus Udu talus 16.-18.07.2021. Osales 113 inimest. Ait\u00e4h k\u00f5igile, kes aitasid korraldada ning kes kohale tulid ja selle suurep\u00e4rase fiilingu l\u00f5id!<\/p>\n\n\n\n<p><\/p>\n","protected":false},"excerpt":{"rendered":"<p>Estcon 2021 toimus Udu talus 16.-18.07.2021. Osales 113 inimest. Ait\u00e4h k\u00f5igile, kes aitasid korraldada ning kes kohale tulid ja selle suurep\u00e4rase fiilingu l\u00f5id!<\/p>\n","protected":false},"author":2,"featured_media":0,"parent":0,"menu_order":0,"comment_status":"closed","ping_status":"closed","template":"","meta":{"footnotes":""},"_links":{"self":[{"href":"http:\/\/ulme.ee\/veeb\/index.php?rest_route=\/wp\/v2\/pages\/9945"}],"collection":[{"href":"http:\/\/ulme.ee\/veeb\/index.php?rest_route=\/wp\/v2\/pages"}],"about":[{"href":"http:\/\/ulme.ee\/veeb\/index.php?rest_route=\/wp\/v2\/types\/page"}],"author":[{"embeddable":true,"href":"http:\/\/ulme.ee\/veeb\/index.php?rest_route=\/wp\/v2\/users\/2"}],"replies":[{"embeddable":true,"href":"http:\/\/ulme.ee\/veeb\/index.php?rest_route=%2Fwp%2Fv2%2Fcomments&post=9945"}],"version-history":[{"count":6,"href":"http:\/\/ulme.ee\/veeb\/index.php?rest_route=\/wp\/v2\/pages\/9945\/revisions"}],"predecessor-version":[{"id":10382,"href":"http:\/\/ulme.ee\/veeb\/index.php?rest_route=\/wp\/v2\/pages\/9945\/revisions\/10382"}],"wp:attachment":[{"href":"http:\/\/ulme.ee\/veeb\/index.php?rest_route=%2Fwp%2Fv2%2Fmedia&parent=9945"}],"curies":[{"name":"wp","href":"https:\/\/api.w.org\/{rel}","templated":true}]}}