{"id":9366,"date":"2019-05-12T10:15:44","date_gmt":"2019-05-12T07:15:44","guid":{"rendered":"http:\/\/ulme.ee\/veeb\/?page_id=9366"},"modified":"2026-02-15T08:41:34","modified_gmt":"2026-02-15T06:41:34","slug":"tahetorn","status":"publish","type":"page","link":"http:\/\/ulme.ee\/veeb\/?page_id=9366&lang=et","title":{"rendered":"T\u00e4hetorn"},"content":{"rendered":"<p>T\u00e4hetorn on nagu Hollywoodi t\u00e4htede allee v\u00f5i NHLi Kuulsuste Hall &#8211; siit leiad need, kelle\u00a0panus eesti ulmesse on leidnud tunnustamist teenete Stalkeri v\u00f5i Ulme\u00fchingu auliikme staatusega.<\/p>\n<p>Teenete Stalker 2019 &#8211; <strong>Juhan Habicht (1954-2026)<\/strong><\/p>\n<p><a href=\"http:\/\/ulme.ee\/veeb\/wp-content\/uploads\/2019\/08\/habicht1.jpg\"><img loading=\"lazy\" decoding=\"async\" class=\" wp-image-9507 alignleft\" src=\"http:\/\/ulme.ee\/veeb\/wp-content\/uploads\/2019\/08\/habicht1-253x300.jpg\" alt=\"\" width=\"203\" height=\"241\" srcset=\"http:\/\/ulme.ee\/veeb\/wp-content\/uploads\/2019\/08\/habicht1-253x300.jpg 253w, http:\/\/ulme.ee\/veeb\/wp-content\/uploads\/2019\/08\/habicht1.jpg 539w\" sizes=\"(max-width: 203px) 100vw, 203px\" \/><\/a><\/p>\n<p>T\u00f5lkija, kelle kontos on sellised suurnimed nagu Zelazny, Stross, Card, Herbert, Gibson, Martin, Stephenson, Howard, Anderson&#8230; Sellega peaks k\u00f5ik selge olema. Ilma Juhani t\u00f5lgeteta oleks meie ulmeriiul oluliselt vaesem. Terve Amberi saaga t\u00f5lkimine \u00fcksi v\u00e4\u00e4rib seda tunnustust.<\/p>\n<p>Foto: Veiko Kastanje<\/p>\n<p>Teenete Stalker 2019 &#8211; <strong>Arvi Nikkarev <\/strong><\/p>\n<p><a href=\"http:\/\/ulme.ee\/veeb\/wp-content\/uploads\/2019\/08\/nikkarev.jpg\"><img loading=\"lazy\" decoding=\"async\" class=\" wp-image-9508 alignright\" src=\"http:\/\/ulme.ee\/veeb\/wp-content\/uploads\/2019\/08\/nikkarev-217x300.jpg\" alt=\"\" width=\"188\" height=\"260\" srcset=\"http:\/\/ulme.ee\/veeb\/wp-content\/uploads\/2019\/08\/nikkarev-217x300.jpg 217w, http:\/\/ulme.ee\/veeb\/wp-content\/uploads\/2019\/08\/nikkarev.jpg 376w\" sizes=\"(max-width: 188px) 100vw, 188px\" \/><\/a>T\u00f5lkija, antoloogiate koostaja ja kirjastaja, t\u00e4nu kellele teame \u00fcht-teist ka soome ulmest. Ilmselt pole palju \u00f6elda, et ulme kirjastamine on Arvi jaoks missioon ning selle t\u00e4itmisel l\u00e4htub ta p\u00f5him\u00f5ttest, et t\u00e4htis pole kvantiteet, vaid kvaliteet. 17 Stalkerit, mis tema kirjastus Skarabeus on saanud, on selle veenvaks t\u00f5estuseks.<\/p>\n<p>\u00a0\u00a0\u00a0\u00a0\u00a0\u00a0\u00a0\u00a0\u00a0\u00a0\u00a0\u00a0\u00a0\u00a0\u00a0\u00a0\u00a0\u00a0\u00a0\u00a0\u00a0\u00a0\u00a0\u00a0\u00a0\u00a0\u00a0\u00a0\u00a0\u00a0\u00a0\u00a0\u00a0\u00a0\u00a0\u00a0\u00a0\u00a0\u00a0\u00a0\u00a0\u00a0\u00a0\u00a0\u00a0\u00a0\u00a0\u00a0\u00a0\u00a0\u00a0\u00a0\u00a0\u00a0\u00a0\u00a0\u00a0\u00a0\u00a0\u00a0\u00a0\u00a0\u00a0\u00a0\u00a0 Foto: Veiko Kastanje<\/p>\n<p>Teenete Stalker 2015<strong> &#8211; Mario Kivistik<\/strong><\/p>\n<p>Legendaarne t\u00f5lkija, antoloogiate koostaja ja kirjastaja. &#8220;Marduse&#8221; looja ja p\u00f5lvkonnat\u00e4ie autorite koondaja selle ajakirja\/antoloogia \u00fcmber. Pani aluse igakuistele ulmekokkusaamistele (esiti ainult autorite kokkusaamised Tallinnas Hellas Hundis). <a href=\"http:\/\/ulme.ee\/veeb\/wp-content\/uploads\/2019\/05\/mario.jpg\"><img loading=\"lazy\" decoding=\"async\" class=\"size-medium wp-image-9374 alignleft\" src=\"http:\/\/ulme.ee\/veeb\/wp-content\/uploads\/2019\/05\/mario-300x180.jpg\" alt=\"\" width=\"300\" height=\"180\" srcset=\"http:\/\/ulme.ee\/veeb\/wp-content\/uploads\/2019\/05\/mario-300x180.jpg 300w, http:\/\/ulme.ee\/veeb\/wp-content\/uploads\/2019\/05\/mario.jpg 685w\" sizes=\"(max-width: 300px) 100vw, 300px\" \/><\/a><\/p>\n<p>Foto: Arno Saar\/\u00d5htuleht<\/p>\n<p><a href=\"http:\/\/ulme.ee\/veeb\/wp-content\/uploads\/2019\/05\/mardus-ooajakiri-19962-12484.jpg\"><img loading=\"lazy\" decoding=\"async\" class=\"size-medium wp-image-9372 alignnone\" src=\"http:\/\/ulme.ee\/veeb\/wp-content\/uploads\/2019\/05\/mardus-ooajakiri-19962-12484-213x300.jpg\" alt=\"\" width=\"213\" height=\"300\" srcset=\"http:\/\/ulme.ee\/veeb\/wp-content\/uploads\/2019\/05\/mardus-ooajakiri-19962-12484-213x300.jpg 213w, http:\/\/ulme.ee\/veeb\/wp-content\/uploads\/2019\/05\/mardus-ooajakiri-19962-12484.jpg 425w\" sizes=\"(max-width: 213px) 100vw, 213px\" \/><\/a><\/p>\n<p>Teenete Stalker 2003 &#8211; <strong>Ain Raitviir (1938-2006)<\/strong><\/p>\n<p>T\u00f5lkija ja ulme propageerija. Stalker on aga eelk\u00f5ige ja peaasjalikult antoloogia &#8220;Lilled Algernonile&#8221; koostamise eest. See kultuskogumik on ulme juurde toonud rohkem kui \u00fche p\u00f5lvkonna lugejaid.<\/p>\n<p><a href=\"http:\/\/ulme.ee\/veeb\/wp-content\/uploads\/2019\/05\/raitviir.jpg\"><img loading=\"lazy\" decoding=\"async\" class=\"alignnone size-full wp-image-9375\" src=\"http:\/\/ulme.ee\/veeb\/wp-content\/uploads\/2019\/05\/raitviir.jpg\" alt=\"\" width=\"227\" height=\"298\" \/><\/a>\u00a0 <a href=\"http:\/\/ulme.ee\/veeb\/wp-content\/uploads\/2019\/05\/lilled-algernonile.jpg\"><img loading=\"lazy\" decoding=\"async\" class=\"alignnone size-medium wp-image-9370\" src=\"http:\/\/ulme.ee\/veeb\/wp-content\/uploads\/2019\/05\/lilled-algernonile-183x300.jpg\" alt=\"\" width=\"183\" height=\"300\" srcset=\"http:\/\/ulme.ee\/veeb\/wp-content\/uploads\/2019\/05\/lilled-algernonile-183x300.jpg 183w, http:\/\/ulme.ee\/veeb\/wp-content\/uploads\/2019\/05\/lilled-algernonile.jpg 400w\" sizes=\"(max-width: 183px) 100vw, 183px\" \/><\/a><\/p>\n<p>Eesti Ulme\u00fchingu auliige 2015 kuni 2017 &#8211;\u00a0<strong>Henn-Kaarel Hellat (1932-2017)<\/strong><\/p>\n<p><strong>\u00a0<a href=\"http:\/\/ulme.ee\/veeb\/wp-content\/uploads\/2019\/05\/hellat.jpg\"><img loading=\"lazy\" decoding=\"async\" class=\"alignnone size-medium wp-image-9373\" src=\"http:\/\/ulme.ee\/veeb\/wp-content\/uploads\/2019\/05\/hellat-300x292.jpg\" alt=\"\" width=\"300\" height=\"292\" srcset=\"http:\/\/ulme.ee\/veeb\/wp-content\/uploads\/2019\/05\/hellat-300x292.jpg 300w, http:\/\/ulme.ee\/veeb\/wp-content\/uploads\/2019\/05\/hellat.jpg 650w\" sizes=\"(max-width: 300px) 100vw, 300px\" \/><\/a> <\/strong>Foto: Ene Kallas<\/p>\n<p>S\u00f5na &#8220;ulme&#8221; looja, \u00fche esimestest eesti ulmeromaanidest &#8211; &#8220;Naiste maailma&#8221;- autor.<\/p>\n\n\n<p><\/p>\n","protected":false},"excerpt":{"rendered":"<p>T\u00e4hetorn on nagu Hollywoodi t\u00e4htede allee v\u00f5i NHLi Kuulsuste Hall &#8211; siit leiad need, kelle\u00a0panus eesti ulmesse on leidnud tunnustamist teenete Stalkeri v\u00f5i Ulme\u00fchingu auliikme staatusega. Teenete Stalker 2019 &#8211; Juhan Habicht (1954-2026) T\u00f5lkija, kelle kontos on sellised suurnimed nagu &hellip; <a href=\"http:\/\/ulme.ee\/veeb\/?page_id=9366&#038;lang=et\">J\u00e4tka lugemist <span class=\"meta-nav\">&rarr;<\/span><\/a><\/p>\n","protected":false},"author":2,"featured_media":0,"parent":0,"menu_order":0,"comment_status":"closed","ping_status":"closed","template":"","meta":{"footnotes":""},"_links":{"self":[{"href":"http:\/\/ulme.ee\/veeb\/index.php?rest_route=\/wp\/v2\/pages\/9366"}],"collection":[{"href":"http:\/\/ulme.ee\/veeb\/index.php?rest_route=\/wp\/v2\/pages"}],"about":[{"href":"http:\/\/ulme.ee\/veeb\/index.php?rest_route=\/wp\/v2\/types\/page"}],"author":[{"embeddable":true,"href":"http:\/\/ulme.ee\/veeb\/index.php?rest_route=\/wp\/v2\/users\/2"}],"replies":[{"embeddable":true,"href":"http:\/\/ulme.ee\/veeb\/index.php?rest_route=%2Fwp%2Fv2%2Fcomments&post=9366"}],"version-history":[{"count":9,"href":"http:\/\/ulme.ee\/veeb\/index.php?rest_route=\/wp\/v2\/pages\/9366\/revisions"}],"predecessor-version":[{"id":11890,"href":"http:\/\/ulme.ee\/veeb\/index.php?rest_route=\/wp\/v2\/pages\/9366\/revisions\/11890"}],"wp:attachment":[{"href":"http:\/\/ulme.ee\/veeb\/index.php?rest_route=%2Fwp%2Fv2%2Fmedia&parent=9366"}],"curies":[{"name":"wp","href":"https:\/\/api.w.org\/{rel}","templated":true}]}}