{"id":9362,"date":"2019-05-12T09:43:38","date_gmt":"2019-05-12T06:43:38","guid":{"rendered":"http:\/\/ulme.ee\/veeb\/?page_id=9362"},"modified":"2019-05-17T16:06:22","modified_gmt":"2019-05-17T13:06:22","slug":"jutuvoistlus-2019","status":"publish","type":"page","link":"http:\/\/ulme.ee\/veeb\/?page_id=9362&lang=et","title":{"rendered":"Jutuv\u00f5istlus 2019"},"content":{"rendered":"<p>Eesti Ulme\u00fchingu ja kirjastuse Fantaasia viiendal ulmejuttude v\u00f5istlusel osales 79 lugu, juttude paremik avaldatakse ulmeantoloogias T\u00e4heaeg.<\/p>\n<p>Z\u00fcrii s\u00f5nul oli seekordne v\u00f5istlus tugevam kui varasemad ja esik\u00fcmnes oli v\u00e4ga erinevaid jutte.<\/p>\n<p>Tulemused<\/p>\n<ol>\n<li>koht \u201eOrtoni isev\u00e4rki avant\u00fc\u00fcr\u201c, Miikael Jekimov<\/li>\n<li>koht \u201eRiisirahvas\u201c, Jaagup Mahkra<\/li>\n<\/ol>\n<p>3.-4. koht \u201eLibakass\u201c, Jana Raidma<\/p>\n<p>3.-4. koht \u201eSiis, kui nad tulid\u2026\u201c, Kadri Umbleja<\/p>\n<ol start=\"5\">\n<li>koht \u201eK\u00e4ilakuju\u201c, Kell Rajasalu<\/li>\n<li>koht \u201eS\u00fcmpaatia\u201c, Kaido Tiigisoon<\/li>\n<li>koht \u201eEsimene port\u201c, Piret Frey<\/li>\n<li>koht \u201eLumemarjaveri\u201c, Manfred Kalmsten<\/li>\n<li>koht \u201eRiia keisririigi allak\u00e4ik ja langus\u201c, Toomas Krips<\/li>\n<li>koht \u201eApollo 18\u201c,\u00a0Meelis Ivanov<\/li>\n<\/ol>\n<p>Jutuv\u00f5istluse tulemustest teatamine toimus 11. mail kl 12 Tartu Linnaraamatukogu neljanda korruse saalis. Pakuti veini ja suupisteid, r\u00e4\u00e4giti\u00a0ulme\u00fchingust, kirjastusest Fantaasia ning sellest, mis v\u00f5istlusele saabunud lugudest edasi saab. V\u00f5istluse toetajate hulka kuulusid Eesti Kultuurkapital, Eesti Ulme\u00fching, kirjastus Fantaasia. \u017d\u00fcriisse kuulusid\u00a0Eva Luts, Heinrich Weinberg, Reidar Andreson, Andri Riid ja Maniakkide T\u00e4nav.<\/p>\n","protected":false},"excerpt":{"rendered":"<p>Eesti Ulme\u00fchingu ja kirjastuse Fantaasia viiendal ulmejuttude v\u00f5istlusel osales 79 lugu, juttude paremik avaldatakse ulmeantoloogias T\u00e4heaeg. Z\u00fcrii s\u00f5nul oli seekordne v\u00f5istlus tugevam kui varasemad ja esik\u00fcmnes oli v\u00e4ga erinevaid jutte. Tulemused koht \u201eOrtoni isev\u00e4rki avant\u00fc\u00fcr\u201c, Miikael Jekimov koht \u201eRiisirahvas\u201c, Jaagup &hellip; <a href=\"http:\/\/ulme.ee\/veeb\/?page_id=9362&#038;lang=et\">J\u00e4tka lugemist <span class=\"meta-nav\">&rarr;<\/span><\/a><\/p>\n","protected":false},"author":2,"featured_media":0,"parent":3899,"menu_order":0,"comment_status":"closed","ping_status":"closed","template":"","meta":{"footnotes":""},"_links":{"self":[{"href":"http:\/\/ulme.ee\/veeb\/index.php?rest_route=\/wp\/v2\/pages\/9362"}],"collection":[{"href":"http:\/\/ulme.ee\/veeb\/index.php?rest_route=\/wp\/v2\/pages"}],"about":[{"href":"http:\/\/ulme.ee\/veeb\/index.php?rest_route=\/wp\/v2\/types\/page"}],"author":[{"embeddable":true,"href":"http:\/\/ulme.ee\/veeb\/index.php?rest_route=\/wp\/v2\/users\/2"}],"replies":[{"embeddable":true,"href":"http:\/\/ulme.ee\/veeb\/index.php?rest_route=%2Fwp%2Fv2%2Fcomments&post=9362"}],"version-history":[{"count":2,"href":"http:\/\/ulme.ee\/veeb\/index.php?rest_route=\/wp\/v2\/pages\/9362\/revisions"}],"predecessor-version":[{"id":9387,"href":"http:\/\/ulme.ee\/veeb\/index.php?rest_route=\/wp\/v2\/pages\/9362\/revisions\/9387"}],"up":[{"embeddable":true,"href":"http:\/\/ulme.ee\/veeb\/index.php?rest_route=\/wp\/v2\/pages\/3899"}],"wp:attachment":[{"href":"http:\/\/ulme.ee\/veeb\/index.php?rest_route=%2Fwp%2Fv2%2Fmedia&parent=9362"}],"curies":[{"name":"wp","href":"https:\/\/api.w.org\/{rel}","templated":true}]}}