{"id":9321,"date":"2019-04-07T22:20:45","date_gmt":"2019-04-07T19:20:45","guid":{"rendered":"http:\/\/ulme.ee\/veeb\/?page_id=9321"},"modified":"2019-04-09T22:07:30","modified_gmt":"2019-04-09T19:07:30","slug":"stalker-2019-haaletusnimekiri","status":"publish","type":"page","link":"http:\/\/ulme.ee\/veeb\/?page_id=9321&lang=et","title":{"rendered":"Stalker 2019 h\u00e4\u00e4letusnimekiri"},"content":{"rendered":"<p><strong>Parim t\u00f5lkeromaan<\/strong><\/p>\n<ul>\n<li>Leigh <strong>Bardugo <\/strong>\u00abK\u00f5ver kuningriik\u00bb. Pegasus. T\u00f5lk. Lii T\u00f5nisson<\/li>\n<li>John <strong>Bellairs <\/strong>\u00abM\u00fcstilise kellaga maja\u00bb. Pegasus. T\u00f5lk. Eve Laur<\/li>\n<li>Pierce <strong>Brown<\/strong> \u00abKoidut\u00e4ht\u00bb. Punase t\u00f5usu triloogia 3. osa. Varrak. Jaana Peterson<\/li>\n<li>Steven <strong>Brust<\/strong> \u00abYendi\u00bb. Fantaasia. T\u00f5lk. Eva Luts<\/li>\n<li>Steven <strong>Brust<\/strong> \u00abTaltos\u00bb. Fantaasia. T\u00f5lk. Eva Luts<\/li>\n<li>Lois McMaster <strong>Bujold<\/strong> \u00abKodune s\u00f5da\u00bb. Varrak. T\u00f5lk. Allan Eichenbaum<\/li>\n<li>Kir <strong>Bul\u00f5t\u0161ov<\/strong> \u00abKosmoselaevastiku agent\u00bb. Fantaasia. T\u00f5lk. Tatjana Peetersoo<\/li>\n<li>Jim <strong>Butcher <\/strong>\u00abHauatagune oht\u00bb. Fantaasia. T\u00f5lk. Iris-Barbara Jeletski<\/li>\n<li>Jim <strong>Butcher <\/strong>\u00abHull kuu\u00bb. Fantaasia. T\u00f5lk. Iris-Barbara Jeletski<\/li>\n<li>Genevieve <strong>Cogman<\/strong> \u00abN\u00e4htamatu raamatukogu\u00bb. Varrak. T\u00f5lk. Juhan Habicht<\/li>\n<li>Cressida <strong>Cowell<\/strong> \u00abOlid kord v\u00f5lurid\u00bb. Pegasus. T\u00f5lk. Eve Laur<\/li>\n<li>Anna <strong>Day<\/strong> \u00abF\u00e4nkond\u00bb. Pegasus. T\u00f5lk. Martin Kirotar<\/li>\n<li>Claudia <strong>Gray<\/strong> \u00abSinu tuhat palet\u00bb. P\u00e4ikese kirjastus. T\u00f5lk. Iiri Sirk<\/li>\n<li>Ville <strong>Hytonen <\/strong>\u00abJumala koerad \u00bb. Koolibri. T\u00f5lk. Kadri Jaanits<\/li>\n<li>K. <strong>Jemisin <\/strong>\u00abViies aastaaeg. L\u00f5hutud Maa esimene raamat\u00bb. T\u00e4nap\u00e4ev. T\u00f5lk. Sash Uusj\u00e4rv<\/li>\n<li>Diana Wynne <strong>Jones<\/strong> \u00abKindlus \u00f5hus\u00bb. Fantaasia. T\u00f5lk. Eva Luts<\/li>\n<li>Diana Wynne <strong>Jones<\/strong> \u00abPaljude radadega maja\u00bb. Fantaasia. T\u00f5lk. Eva Luts<\/li>\n<li>Diana Wynne <strong>Jones<\/strong> \u00abPimeduse isand Derkhomist\u00bb. Fantaasia. T\u00f5lk. Eva Luts<\/li>\n<li>S. <strong>Kincaid <\/strong>\u00abP\u00f5rguline\u00bb. P\u00e4ikese kirjastus. T\u00f5lk. Marge Paal<\/li>\n<li>Derek <strong>Landy <\/strong>\u00abDetektiiv Luuker Leebesurm. Nurjatute kuningriik\u00bb. Pikoprint. T\u00f5lk. Mario Pulver<\/li>\n<li>Asa <strong>Larsson<\/strong> ja Ingela <strong>Korsell <\/strong>\u00abLuupainaja. Pax: 9. raamat\u00bb. Varrak. T\u00f5lk. Kadri Papp<\/li>\n<li>Ursula K. <strong>Le Guin<\/strong> \u00abIlmaj\u00e4etud\u00bb. Fantaasia. T\u00f5lk. Tatjana Peetersoo<\/li>\n<li>Madeleine <strong>L\u2019Engle <\/strong>\u00abAjal\u00f5he\u00bb. Pegasus. T\u00f5lk. Marge Paal<\/li>\n<li>Sarah J. <strong>Maas<\/strong> \u00abPalgam\u00f5rvari m\u00f5\u00f5k\u00bb. Pikoprint. T\u00f5lk. Mario Pulver<\/li>\n<li>Sarah J. <strong>Maas<\/strong> \u00abVarjude kuninganna\u00bb. Pikoprint. T\u00f5lk. Mario Pulver<\/li>\n<li>Katharine <strong>McGee<\/strong> \u00abTuhandes korrus\u00bb. Pegasus. T\u00f5lk. Katariina Kirss<\/li>\n<li>David <strong>Mitchell<\/strong> \u00abLuukellad\u00bb. Varrak. T\u00f5lk. Krista Kaer<\/li>\n<li>Alyson <strong>No\u00ebl <\/strong>\u00abIgavik\u00bb. Pegasus. T\u00f5lk. Helina Koldek<\/li>\n<li>Kristina <strong>Ohlsson<\/strong> \u00abKiviinglid\u00bb. Tiritamm. T\u00f5lk. Allar Sooneste<\/li>\n<li>Bobbie <strong>Peers<\/strong> \u00abOrbulaatoriagent\u00bb. Helios. T\u00f5lk. Annika Kupits<\/li>\n<li>Viktor <strong>Pelevin <\/strong>\u00abT\u00bb. Varrak. T\u00f5lk. Maiga Varik<\/li>\n<li>Siri <strong>Pettersen<\/strong> \u00abOdinilaps\u00bb. Varrak. T\u00f5lk. Kadri Rood<\/li>\n<li>Z.<strong>Reizin <\/strong>\u00ab\u00d5.N.N. Romantiline p\u00f5nevik tehisintellektist\u00bb. Petrone Print. T\u00f5lk. Kadri Pettai<\/li>\n<li>Ransom<strong> Riggs <\/strong>\u00abHingede raamatukogu\u00bb. Tiritamm. T\u00f5lk. Lee K\u00e4rner<\/li>\n<li>Rick <strong>Riordan<\/strong> \u00abViimne ol\u00fcmplane. Percy Jackson ja ol\u00fcmplased V\u00bb. Pegasus. T\u00f5lk. Eva Finch<\/li>\n<li>John <strong>Scalzi <\/strong>\u00abZo\u0451 lugu\u00bb. Fantaasia. T\u00f5lk. Ats Miller<\/li>\n<li>Maria <strong>Turtschaninoff <\/strong>\u00abNaondel\u00bb. Punase kloostri kroonikad. T\u00f5lk. Raili V\u00e4in<\/li>\n<li>Jeff <strong>Vandermeer <\/strong>\u00abV\u00f5im\u00bb. T\u00f5lk. Juhan Habicht<\/li>\n<li>Jeff <strong>Vandermeer<\/strong> \u00abLeppimine\u00bb. T\u00f5lk. Juhan Habicht<\/li>\n<li>Jules <strong>Verne<\/strong> \u00abBack Cupi saare saldus\u00bb. Viiking. T\u00f5lk. Martin Kirotar<\/li>\n<li>Andy <strong>Weir <\/strong>\u00abArtemis\u00bb. T\u00e4nap\u00e4ev. T\u00f5lk. Tiina Randus<\/li>\n<li>John <strong>Wyndham<\/strong> \u00abKraken \u00e4rkab\u00bb. Fantaasia. T\u00f5lk. Martin Kirotar<\/li>\n<li>Megan <strong>Whaler Turner <\/strong>\u00abAttolia kuningas\u00bb. Fantaasia. T\u00f5lk. Tatjana Peetersoo<\/li>\n<\/ul>\n<p><strong>Parim antoloogia v\u00f5i kogumik<\/strong><\/p>\n<ul>\n<li>Kir <strong>Bul\u00f5t\u0161ov <\/strong>\u00ab<strong>Kosmoselaevastiku agent<\/strong>\u00bb.<\/li>\n<li>Indrek <strong>Hargla<\/strong> \u00abKolmevaimukivi\u00bb. Raudhammas<\/li>\n<li>Alastair <strong>Reynolds<\/strong> \u00abSpioon Europal\u00bb. Koostaja Raul Sulbi<\/li>\n<li><strong>Saladuslik tsaar 5: Droonide m\u00e4ng.<\/strong> Koostaja Maniakkide T\u00e4nav<\/li>\n<li>Robert <strong>Silverberg<\/strong> \u00abM\u00e4rkmeid eel-d\u00fcnastilisest ajastust\u00bb. Koostaja Raul Sulbi<\/li>\n<li><strong>Tuumahiid 4: Ber\u00fcllium.<\/strong> Koostajad Maniakkide T\u00e4nav, J. J. Metsavana, Artur R\u00e4pp<\/li>\n<li>Jeff <strong>Vandermeer<\/strong> \u00abV\u00f5im. Leppimine\u00bb.<\/li>\n<li><strong>Vinguv jalaluu<\/strong>. Raudhammas. Koostaja Indrek Hargla<\/li>\n<\/ul>\n<p><strong>Parim t\u00f5lkel\u00fchiromaan v\u00f5i \u2013jutustus<\/strong><\/p>\n<ul>\n<li>Kir <strong>Bul\u00f5t\u0161ov<\/strong> \u00abN\u00f5iakoobas\u00bb. Fantaasia. T\u00f5lk. Tatjana Peetersoo<\/li>\n<li>Alastair <strong>Reynolds<\/strong> \u00abGrafewalderi bestiaarium\u00bb. Fantaasia. T\u00f5lk. Jaana Talja<\/li>\n<li>Alastair <strong>Reynolds<\/strong> \u00abTeemantkoerad\u00bb. Fantaasia. T\u00f5lk. Tatjana Peetersoo<\/li>\n<li>Robert <strong>Silverberg<\/strong> \u00abEttekuulutaja Thomas\u00bb. Fantaasia. T\u00f5lk. Priit Kenkmann<\/li>\n<li>Robert <strong>Silverberg<\/strong> \u00abSurnute seas s\u00fcndinud\u00bb. Fantaasia. T\u00f5lk. Priit Kenkmann<\/li>\n<li>Robert <strong>Silverberg<\/strong> \u00ab(Mina+n), (Mina-n) \u00bb. Fantaasia. T\u00f5lk. Jaana Talja<\/li>\n<li>Robert <strong>Silverberg<\/strong> \u00abEnam ma ei t\u00f5uka\u00bb. Fantaasia. T\u00f5lk. Martin Kirotar<\/li>\n<li>Robert <strong>Silverberg<\/strong> \u00abV\u00f5imaluste jada\u00bb. Fantaasia. T\u00f5lk. Maria Reile<\/li>\n<li>Robert <strong>Silverberg<\/strong> \u00abBreckenridge ja kontiinuum\u00bb. Fantaasia. T\u00f5lk. Juhan Habicht<\/li>\n<li>Robert <strong>Silverberg<\/strong> \u00abKaljukitse m\u00e4ngud\u00bb. Fantaasia. T\u00f5lk. Jaana Talja<\/li>\n<li>Robert <strong>Silverberg<\/strong> \u00abR\u00e4nnakud\u00bb. Fantaasia. T\u00f5lk. Jaana Talja<\/li>\n<li>Robert <strong>Silverberg<\/strong> \u00abTopeltm\u00f5istuste koda\u00bb. Fantaasia. T\u00f5lk. Jaana Talja<\/li>\n<li>D.A. Xiaolin <strong>Spires<\/strong> \u00abSuvu ehk uljasp\u00e4ine armastus\u00bb. Reaktor, november 2018. T\u00f5lk. Talvike M\u00e4ndla<\/li>\n<\/ul>\n<p><strong>\u00a0<strong>Parim t\u00f5lkel\u00fchijutt\u00a0\u00a0\u00a0\u00a0\u00a0\u00a0\u00a0\u00a0\u00a0\u00a0\u00a0\u00a0\u00a0\u00a0\u00a0\u00a0\u00a0\u00a0 <\/strong><\/strong><\/p>\n<ul>\n<li>Jonathan <strong>Ficke <\/strong>\u00abUlguja m\u00fc\u00fcgiosakonnas\u00bb. Algernon, detsember 2018. T\u00f5lk. Kudrun Tamm<\/li>\n<li>Murray <strong>Gilchrist <\/strong>\u00abPraua Inowslad\u00bb. Reaktor, oktoober 2018. T\u00f5lk. Silver S\u00e4ra<\/li>\n<li>Elias <strong>Hirschl<\/strong> \u00abAhvid\u00bb. Reaktor, detsember 2018. T\u00f5lk. Peeter Helme<\/li>\n<li>S. <strong>Johnson <\/strong>\u00abVacui Magia\u00bb. Reaktor, juuni 2018. T\u00f5lk. Liisa Vesik<\/li>\n<li>Timur <strong>Maksjutov<\/strong> \u00abHamster\u00bb. Reaktor, veebruar 2018. T\u00f5lk. Rauno P\u00e4rnits<\/li>\n<li>Julie <strong>Novakova <\/strong>\u00abJ\u00e4\u00e4 ja P\u00f5rmu S\u00fcmfoonia\u00bb. Reaktor, mai 2018. T\u00f5lk. Triin Loide<\/li>\n<li>Alastair <strong>Reynolds <\/strong>\u00abSpioon Europal\u00bb. Fantaasia. T\u00f5lk. Martin Kirotar<\/li>\n<li>Robert <strong>Silverberg<\/strong> \u00abHead uudised Vatikanist\u00bb. Fantaasia. T\u00f5lk. K\u00fclli Seppa<\/li>\n<li>Robert <strong>Silverberg<\/strong> \u00abTuul ja vihm\u00bb. Fantaasia. T\u00f5lk. Juhan Habicht<\/li>\n<li>Robert <strong>Silverberg<\/strong> \u00abM\u00e4rkmeid eel-d\u00fcnastilisest ajastust\u00bb. Fantaasia. T\u00f5lk. Juhan Habicht<\/li>\n<li>Robert <strong>Silverberg<\/strong> \u00abMutantide hooaeg\u00bb. Fantaasia. T\u00f5lk. Jaana Talja<\/li>\n<li>Robert <strong>Silverberg<\/strong> \u00abGrupp\u00bb. Fantaasia. T\u00f5lk. Jaana Talja<\/li>\n<li>Robert <strong>Silverberg<\/strong> \u00abTeadusliku fantastika kuulsuste koda\u00bb. Fantaasia. T\u00f5lk. Jaana Talja<\/li>\n<li>Robert <strong>Silverberg<\/strong> \u00abElundiv\u00e4rbajate k\u00fc\u00fcsis\u00bb. Fantaasia. T\u00f5lk. Jaana Talja<\/li>\n<li>Vaughan <strong>Stanger <\/strong>\u00abN\u00e4htamatu puudutus\u00bb. Reaktor, detsember 2018. T\u00f5lk. Mari Arum\u00e4e<\/li>\n<li>Vassili <strong>\u0160t\u0161epetnjov<\/strong> \u00abEeslinna nukumeister\u00bb. Reaktor, veebruar 2018. T\u00f5lk. Rauno P\u00e4rnits<\/li>\n<li>D.A. Xiaolin <strong>Spires <\/strong>\u00abDNA vahetus\u00bb. Algernon, detsember 2018. T\u00f5lk. Sander Vesik<\/li>\n<\/ul>\n<p><strong>\u00a0<strong>Parim eesti autori romaan<\/strong><\/strong><\/p>\n<ul>\n<li>Taavet <strong>Kase<\/strong> \u00abSurmamaks\u00bb. ;paranoia<\/li>\n<li>Johannes <strong>Kivip\u00f5ld<\/strong> \u00abP\u00f5rge\u00bb.<\/li>\n<li>Johannes <strong>Kivip\u00f5ld<\/strong> \u00abP\u00f6\u00f6ris\u00bb. Eesti Raamat<\/li>\n<li>Kersti <strong>Kivir\u00fc\u00fct <\/strong>\u00abTuulte linn\u00bb. Pilgrim<\/li>\n<li>Kersti <strong>Kivir\u00fc\u00fct <\/strong>\u00abV\u00e4rav\u00bb. Fantaasia<\/li>\n<li>Helga-Johanna <strong>Kuusler<\/strong> \u00abVerevalla varandus\u00bb. T\u00e4nap\u00e4ev<\/li>\n<li>Triinu <strong>Meres<\/strong> \u00abKuningate tagasitulek\u00bb. Fantaasia<\/li>\n<li>Enn <strong>P\u00f5ldroos<\/strong> \u00abCircletown\u00bb. EKSA<\/li>\n<li>Rein <strong>Raud<\/strong> \u00abViimane kustutab tule\u00bb. Salv<\/li>\n<li>Ene <strong>Sepp<\/strong> \u00abTaeva t\u00fchjad trib\u00fc\u00fcnid\u00bb. T\u00e4nap\u00e4ev<\/li>\n<li>Katrin <strong>Topkin <\/strong>\u00abLumiina ennustus\u00bb. R. K. Topkin O\u00dc<\/li>\n<li>Gabriela <strong>Turkin <\/strong>\u00abSurematuse saladus\u00bb Sari \u00abRiniard. \u00dche ajar\u00e4nduri lugu\u00bb Hea Tegu.<\/li>\n<li>Liina <strong>Vagula<\/strong> \u00abKeegi teine\u00bb. T\u00e4nap\u00e4ev<\/li>\n<li>Siim <strong>Veskimees<\/strong> \u00abKolmas t\u00e4hev\u00e4rav\u00bb. Fantaasia<\/li>\n<li>Heinrich <strong>Weinberg<\/strong> \u00abT\u00f5rkeotsing\u00bb. Fantaasia<\/li>\n<\/ul>\n<p><strong>Parim eesti autori l\u00fchiromaan v\u00f5i jutustus<\/strong><\/p>\n<ul>\n<li>Katre ja Reidar <strong>Andreson<\/strong> \u00abGise varjud\u00bb. Reaktor, aprill 2018<\/li>\n<li>Reidar <strong>Andreson<\/strong> \u00abKoidik vereval pinnal\u00bb. Saladuslik tsaar 5. Droonide m\u00e4ng. Fantaasia<\/li>\n<li>Reidar <strong>Andreson<\/strong> \u00abKus on r\u00fc\u00fctlite kodu\u00bb. Reaktor, november 2018<\/li>\n<li>Lew R. <strong>Berg<\/strong> \u00abKombinatsioon kolme kaardiga\u00bb. Reaktor, november 2018<\/li>\n<li>Indrek <strong>Hargla<\/strong> \u00abMirabilia saladus\u00bb. Kolmevaimukivi. Raudhammas<\/li>\n<li>Indrek <strong>Hargla<\/strong> \u00abEinsteini viimased s\u00f5nad\u00bb. Kolmevaimukivi. Raudhammas<\/li>\n<li>Indrek <strong>Hargla<\/strong> \u00abHeliose teoreem\u00bb. Kolmevaimukivi. Raudhammas<\/li>\n<li>Indrek <strong>Hargla<\/strong> \u00abKolmevaimukivi\u00bb. Kolmevaimukivi. Raudhammas<\/li>\n<li>Indrek <strong>Hargla<\/strong> \u00abPer homicidium ad astra\u00bb. Kolmevaimukivi. Raudhammas<\/li>\n<li>Indrek <strong>Hargla<\/strong> \u00abMeristepidu\u00bb. Vinguv jalaluu. Raudhammas<\/li>\n<li>Joel <strong>Jans<\/strong> \u00abTarkmees taskus\u00bb. Vinguv jalaluu. Raudhammas<\/li>\n<li>Manfred <strong>Kalmsten<\/strong> \u00abTundmatu surm\u00bb. Reaktor, jaanuar 2018<\/li>\n<li>Laura <strong>Loolaid<\/strong>, David <strong>No\u00eb<\/strong> \u00abJ\u00e4ljek\u00fctt\u00bb. Reaktor, jaanuar kuni m\u00e4rts, mai, juuni, august 2018<\/li>\n<li>Mann <strong>Loper<\/strong> \u00abT\u00e4nulik Olevipoeg\u00bb. Vinguv jalaluu. Raudhammas<\/li>\n<li>Jaagup <strong>Mahkra<\/strong> \u00abR\u00f5ugutaja t\u00fctar\u00bb. Vinguv jalaluu. Raudhammas<\/li>\n<li>Miikael <strong>Raun<\/strong> \u00abPokkeri\u00f6\u00f6\u00bb. Reaktor, jaanuar 2018<\/li>\n<li>Tea <strong>Roosvald <\/strong>\u00abKaksteist jalga p\u00f5lle all\u00bb. Saladuslik tsaar 5. Droonide m\u00e4ng. Fantaasia<\/li>\n<li>Kristjan <strong>Sander <\/strong>\u00abUus suur maailm\u00bb. Algernon, m\u00e4rts 2018<\/li>\n<li>Osvald <strong>Soobel, <\/strong>Sam<strong> Beaver<\/strong> \u00abKollaste lillede oru poole\u00bb. Reaktor, juuli 2018<\/li>\n<li>Maniakkide <strong>T\u00e4nav <\/strong>\u00abKuningat\u00fctre kingitus\u00bb. Vinguv jalaluu. Raudhammas<\/li>\n<li>Maniakkide <strong>T\u00e4nav, <\/strong>Kaisu Ann<strong> Karuk\u00e4pp<\/strong> \u00abZombinaator\u00bb. Saladuslik tsaar 5. Droonide m\u00e4ng. Fantaasia<\/li>\n<li>Siim <strong>Veskimees<\/strong> \u00abKuues Maa\u00bb. Vinguv jalaluu. Raudhammas<\/li>\n<li>Siim <strong>Veskimees<\/strong> \u00abKvest\u00bb. Algernon, detsember 2018<\/li>\n<li>Erkki <strong>Viljarand <\/strong>\u00abSajatus\u00bb. Reaktor, detsember 2018<\/li>\n<li>Heinrich <strong>Weinberg<\/strong> \u00abVaikust ja rahu\u00bb. Reaktor, august 2018<\/li>\n<li>Xavier <strong>Yzz<\/strong> \u00abKahen\u00e4dalamees\u00bb. Reaktor, aprill 2018<\/li>\n<\/ul>\n<p><strong>Parim eesti autori l\u00fchijutt<\/strong><\/p>\n<ul>\n<li>Tormi <strong>Ariva<\/strong> \u00abVeni, vidi, vici\u00bb. Reaktor, jaanuar 2018<\/li>\n<li>Tormi <strong>Ariva<\/strong> \u00abVihma k\u00e4est r\u00e4\u00e4sta alla\u00bb. Reaktor, m\u00e4rts 2018<\/li>\n<li>Rene <strong>Dambe<\/strong> \u00abK\u00e4ttemaks\u00bb. Reaktor, juuli 2018<\/li>\n<li>Meelis <strong>Friedenthal <\/strong>\u00abVinguv jalaluu\u00bb. Vinguv jalaluu. Raudhammas<\/li>\n<li>Indrek <strong>Hargla <\/strong>\u00abM\u00f5rv \u201eReaktori\u201c toimetuses \u00bb. Reaktor, aprill 2018<\/li>\n<li>Indrek <strong>Hargla<\/strong> \u00abPenningb\u00fctteli kummituse juhtum\u00bb. Kolmevaimukivi. Raudhammas<\/li>\n<li>Indrek <strong>Hargla<\/strong> \u00abKahitud kuningat\u00fctar \u00bb. Vinguv jalaluu. Raudhammas<\/li>\n<li>Peeter <strong>Helme<\/strong> \u00abFF\u00bb. Reaktor, aprill 2018<\/li>\n<li>Meelis <strong>Ivanov<\/strong> \u00abPariisi L\u00f5bus Maja\u00bb. Reaktor, aprill 2018<\/li>\n<li>Meelis <strong>Ivanov<\/strong> \u00abEeva\u00bb. Reaktor, m\u00e4rts 2018<\/li>\n<li>Meelis <strong>Ivanov<\/strong> \u00abLeida\u00bb. Reaktor, oktoober 2018<\/li>\n<li>Miikael <strong>Jekimov <\/strong>\u00abKillud toovad \u00f5nne\u00bb. Reaktor, august 2018<\/li>\n<li>Miikael <strong>Jekimov <\/strong>\u00abMuld ei hoia\u00bb. Reaktor, oktoobr 2018<\/li>\n<li>Arthur <strong>Jessen<\/strong> \u00abElund v\u00e4ljastpoolt meie maailma\u00bb. Reaktor, m\u00e4rts 2018<\/li>\n<li>Martti <strong>Kalda<\/strong> \u00abTere tulemast paradiisi!\u00bb. Algernon, september 2018<\/li>\n<li>Martti <strong>Kalda<\/strong> \u00abP\u00fcha Miikaeli katsumine\u00bb Reaktor, november 2018<\/li>\n<li>Justus <strong>Kallemaa <\/strong>\u00abKuldkalake\u00bb. Reaktor, aprill 2018<\/li>\n<li>Manfred <strong>Kalmsten <\/strong>\u00abKuuekandjad\u00bb. Reaktor, september 2018<\/li>\n<li>Manfred <strong>Kalmsten <\/strong>\u00abIgavese talve piiril\u00bb. Reaktor, aprill 2018<\/li>\n<li>Jan <strong>Kaus <\/strong>\u00abM\u00f5rd\u00bb. Autorikogumik \u201eEnne kui unisusest saab reegel\u201c. Post Factum<\/li>\n<li>Jan <strong>Kaus <\/strong>\u00ab\u00d5nnelik l\u00f5pp\u00bb. Autorikogumik \u201eEnne kui unisusest saab reegel\u201c. Post Factum<\/li>\n<li>Ilmar <strong>Kelder<\/strong> \u00abSooilvese aeg\u00bb. Algernon, september 2018<\/li>\n<li>Viktor <strong>Kinkysepp<\/strong> \u00abK\u00e4\u00e4bikusse ja tagasi\u00bb. Reaktor, aprill 2018<\/li>\n<li>Andrus <strong>Kivir\u00e4hk<\/strong> \u00abPuulased ja tohtlased\u00bb. Vinguv jalaluu. Raudhammas<\/li>\n<li>(:) <strong>Kivisildnik <\/strong>\u00abSee oleks nagu eile olnud\u00bb. Reaktor, aprill 2018<\/li>\n<li>Bert <strong>Kondor <\/strong>\u00abJ\u00e4\u00e4minek\u00bb. Reaktor, aprill 2018<\/li>\n<li><strong>Krafinna <\/strong>\u00abLossitagune juhtum\u00bb. Reaktor, aprill 2018<\/li>\n<li>Johannes <strong>K\u00e4rp<\/strong> \u00abTa suri ja heiskas purjed\u00bb. Reaktor, aprill 2018<\/li>\n<li>Mairi <strong>Laurik <\/strong>\u00abKaks pistet rebase jalga\u00bb. Reaktor, veebruar 2018<\/li>\n<li>Laura <strong>Loolaid<\/strong> \u00abVaeslapse faasinihe\u00bb. Reaktor, september 2018<\/li>\n<li>Laura <strong>Loolaid<\/strong> \u00ab\u00d6\u00f6 laulupeomuuseumis\u00bb. Reaktor, oktoober 2018<\/li>\n<li>Mann <strong>Loper<\/strong> \u00abV\u00e4ljar\u00e4ndajad\u00bb. Saladuslik tsaar 5. Droonide m\u00e4ng. Fantaasia<\/li>\n<li>Margus <strong>Makke<\/strong> \u00abKirvest, andke mulle kirvest\u00bb. Reaktor, oktoober 2018<\/li>\n<li>Mauri <strong>Mentaal<\/strong> \u00abM\u00e4ss Sinisel Kuulil\u00bb. Reaktor, aprill 2018<\/li>\n<li>Triinu <strong>Meres<\/strong> \u00abMis on t\u00f5eline?\u00bb. Reaktor, aprill 2018<\/li>\n<li>J. <strong>Metsavana<\/strong> \u00abR\u00e4\u00e4gi tasa minuga\u00bb. Reaktor, m\u00e4rts 2018<\/li>\n<li>J. <strong>Metsavana<\/strong> \u00abIidsed r\u00f5\u00f5mud\u00bb. Reaktor, aprill 2018<\/li>\n<li>J. <strong>Metsavana<\/strong> \u00abJ\u00e4\u00e4kuningannad\u00bb. Saladuslik tsaar 5. Droonide m\u00e4ng. Fantaasia<\/li>\n<li>J. <strong>Metsavana<\/strong> \u00abTaevatrepi punased astmed\u00bb. Reaktor, juuli 2018<\/li>\n<li>J. <strong>Metsavana<\/strong> \u00abP\u00f5rgutee\u00bb. Reaktor, oktoober 2018<\/li>\n<li>Diana <strong>Ostrat<\/strong> \u00abLumetorm\u00bb. Reaktor, aprill 2018<\/li>\n<li><strong>Paadikapten<\/strong> \u00abNoormees ja ingel\u00bb. Reaktor, aprill 2018<\/li>\n<li><strong>Paadikapten<\/strong> \u00abTaaskohtumine\u00bb. Reaktor, mai 2018<\/li>\n<li>Rosanna <strong>Padus<\/strong> \u00abV\u00e4ike surm Superluminalil\u00bb. Reaktor, aprill 2018<\/li>\n<li>Teiko <strong>Reili <\/strong>\u00abPistikaju J-23\u00bb. Reaktor, m\u00e4rts 2018<\/li>\n<li>Artur <strong>R\u00e4pp<\/strong> \u00abT\u00e4iuslik maailmas\u00f5da\u00bb. Reaktor, juuni 2018<\/li>\n<li>Mart <strong>Sander <\/strong>\u00ab\u00dcksinduse allikas\u00bb. Vinguv jalaluu. Raudhammas<\/li>\n<li>Marko <strong>Sarv<\/strong> \u00abTorm\u00bb. Reaktor, mai 2018<\/li>\n<li>Ander <strong>Skarp<\/strong> \u00abValiant\u00bb. Reaktor, september 2018<\/li>\n<li>Ander <strong>Skarp<\/strong> \u00abIga teine on sulle\u00bb. Reaktor, oktoober 2018<\/li>\n<li>Ander <strong>Skarp<\/strong> \u00abHinged kuuluvad masinatele\u00bb. Reaktor, november 2018<\/li>\n<li>Ander <strong>Skarp<\/strong> \u00abInimlik eksimus\u00bb. Reaktor, detsember 2018<\/li>\n<li>Osvald <strong>Soobel<\/strong> \u00abK\u00f5ripidi v\u00e4lja\u00bb. Reaktor, aprill 2018<\/li>\n<li>Karmo <strong>Talts<\/strong> \u00ab\u00c4ra kunagi usalda poolasid\u00bb. Reaktor, mai 2018<\/li>\n<li>Maniakkide <strong>T\u00e4nav<\/strong> \u00abNende tee k\u00e4\u00e4baste vahel\u00bb. Reaktor, aprill 2018<\/li>\n<li>Maniakkide <strong>T\u00e4nav<\/strong> \u00abTeekond tulevikku\u00bb. Reaktor, veebruar 2018<\/li>\n<li>Kadri <strong>Umbleja<\/strong> \u00abKollaborant\u00bb. Reaktor, juuni 2018<\/li>\n<\/ul>\n","protected":false},"excerpt":{"rendered":"<p>Parim t\u00f5lkeromaan Leigh Bardugo \u00abK\u00f5ver kuningriik\u00bb. Pegasus. T\u00f5lk. Lii T\u00f5nisson John Bellairs \u00abM\u00fcstilise kellaga maja\u00bb. Pegasus. T\u00f5lk. Eve Laur Pierce Brown \u00abKoidut\u00e4ht\u00bb. Punase t\u00f5usu triloogia 3. osa. Varrak. Jaana Peterson Steven Brust \u00abYendi\u00bb. Fantaasia. T\u00f5lk. Eva Luts Steven Brust \u00abTaltos\u00bb. &hellip; <a href=\"http:\/\/ulme.ee\/veeb\/?page_id=9321&#038;lang=et\">J\u00e4tka lugemist <span class=\"meta-nav\">&rarr;<\/span><\/a><\/p>\n","protected":false},"author":2,"featured_media":0,"parent":0,"menu_order":0,"comment_status":"closed","ping_status":"closed","template":"","meta":{"footnotes":""},"_links":{"self":[{"href":"http:\/\/ulme.ee\/veeb\/index.php?rest_route=\/wp\/v2\/pages\/9321"}],"collection":[{"href":"http:\/\/ulme.ee\/veeb\/index.php?rest_route=\/wp\/v2\/pages"}],"about":[{"href":"http:\/\/ulme.ee\/veeb\/index.php?rest_route=\/wp\/v2\/types\/page"}],"author":[{"embeddable":true,"href":"http:\/\/ulme.ee\/veeb\/index.php?rest_route=\/wp\/v2\/users\/2"}],"replies":[{"embeddable":true,"href":"http:\/\/ulme.ee\/veeb\/index.php?rest_route=%2Fwp%2Fv2%2Fcomments&post=9321"}],"version-history":[{"count":6,"href":"http:\/\/ulme.ee\/veeb\/index.php?rest_route=\/wp\/v2\/pages\/9321\/revisions"}],"predecessor-version":[{"id":9339,"href":"http:\/\/ulme.ee\/veeb\/index.php?rest_route=\/wp\/v2\/pages\/9321\/revisions\/9339"}],"wp:attachment":[{"href":"http:\/\/ulme.ee\/veeb\/index.php?rest_route=%2Fwp%2Fv2%2Fmedia&parent=9321"}],"curies":[{"name":"wp","href":"https:\/\/api.w.org\/{rel}","templated":true}]}}