{"id":8947,"date":"2018-04-15T17:45:12","date_gmt":"2018-04-15T14:45:12","guid":{"rendered":"http:\/\/ulme.ee\/veeb\/?page_id=8947"},"modified":"2018-04-15T21:06:15","modified_gmt":"2018-04-15T18:06:15","slug":"stalker-2018","status":"publish","type":"page","link":"http:\/\/ulme.ee\/veeb\/?page_id=8947&lang=et","title":{"rendered":"Stalker 2018"},"content":{"rendered":"<p>Eesti Ulme\u00fching kuulutab v\u00e4lja ulmeauhinna Stalker 2018 l\u00f5pph\u00e4\u00e4letuse eelmisel aastal ilmunud ulmeteoste p\u00f5hjal. <strong>H\u00e4\u00e4letamiseks tuleb reastada kategooria kolm paremat.<br \/>\n<\/strong>Ei ole kohustust h\u00e4\u00e4letada k\u00f5igis kategooriates \u2013 kui mingis kategoorias ei suuda kolme paremat leida, siis v\u00f5ib selle kategooria vahele j\u00e4tta.<\/p>\n<p><strong>Paremusj\u00e4rjestused tuleb reastada vastavas h\u00e4\u00e4letuskeskkonnas: <\/strong><a href=\"https:\/\/goo.gl\/forms\/V7XacqzTA0EGN2l03\">https:\/\/goo.gl\/forms\/V7XacqzTA0EGN2l03<\/a> <strong>v\u00f5i saata meiliaadressile <a href=\"mailto:stalker@ulme.ee\">stalker@ulme.ee<\/a> <\/strong><strong>Mugavam on kasutada h\u00e4\u00e4letuskeskkonda.<br \/>\n<strong>Meiliga saates tuleb lisaks kirja panna ka oma <\/strong><strong>ees- ja perekonnanimi\u00a0ning s\u00fcnniaeg<\/strong><strong>, <\/strong><strong>see aitab kontrollida, et\u00a0iga h\u00e4\u00e4letaja\u00a0osaleks vaid \u00fche korra. <\/strong><strong>Samu andmeid k\u00fcsime ka h\u00e4\u00e4letuskeskkonnas. \u00a0<\/strong><strong>Nime ja s\u00fcnniajata h\u00e4\u00e4li arvesse ei v\u00f5eta.<br \/>\n<\/strong><\/strong>H\u00e4\u00e4letus algab 15. aprillil 2018 \u00a0ja l\u00f5peb 2. juulil 2018.<\/p>\n","protected":false},"excerpt":{"rendered":"<p>Eesti Ulme\u00fching kuulutab v\u00e4lja ulmeauhinna Stalker 2018 l\u00f5pph\u00e4\u00e4letuse eelmisel aastal ilmunud ulmeteoste p\u00f5hjal. H\u00e4\u00e4letamiseks tuleb reastada kategooria kolm paremat. Ei ole kohustust h\u00e4\u00e4letada k\u00f5igis kategooriates \u2013 kui mingis kategoorias ei suuda kolme paremat leida, siis v\u00f5ib selle kategooria vahele j\u00e4tta. &hellip; <a href=\"http:\/\/ulme.ee\/veeb\/?page_id=8947&#038;lang=et\">J\u00e4tka lugemist <span class=\"meta-nav\">&rarr;<\/span><\/a><\/p>\n","protected":false},"author":1,"featured_media":0,"parent":0,"menu_order":0,"comment_status":"closed","ping_status":"closed","template":"","meta":{"footnotes":""},"_links":{"self":[{"href":"http:\/\/ulme.ee\/veeb\/index.php?rest_route=\/wp\/v2\/pages\/8947"}],"collection":[{"href":"http:\/\/ulme.ee\/veeb\/index.php?rest_route=\/wp\/v2\/pages"}],"about":[{"href":"http:\/\/ulme.ee\/veeb\/index.php?rest_route=\/wp\/v2\/types\/page"}],"author":[{"embeddable":true,"href":"http:\/\/ulme.ee\/veeb\/index.php?rest_route=\/wp\/v2\/users\/1"}],"replies":[{"embeddable":true,"href":"http:\/\/ulme.ee\/veeb\/index.php?rest_route=%2Fwp%2Fv2%2Fcomments&post=8947"}],"version-history":[{"count":3,"href":"http:\/\/ulme.ee\/veeb\/index.php?rest_route=\/wp\/v2\/pages\/8947\/revisions"}],"predecessor-version":[{"id":8964,"href":"http:\/\/ulme.ee\/veeb\/index.php?rest_route=\/wp\/v2\/pages\/8947\/revisions\/8964"}],"wp:attachment":[{"href":"http:\/\/ulme.ee\/veeb\/index.php?rest_route=%2Fwp%2Fv2%2Fmedia&parent=8947"}],"curies":[{"name":"wp","href":"https:\/\/api.w.org\/{rel}","templated":true}]}}