{"id":8516,"date":"2017-07-17T19:57:48","date_gmt":"2017-07-17T16:57:48","guid":{"rendered":"http:\/\/ulme.ee\/veeb\/?page_id=8516"},"modified":"2017-07-26T10:28:19","modified_gmt":"2017-07-26T07:28:19","slug":"estcon-2017-kava","status":"publish","type":"page","link":"http:\/\/ulme.ee\/veeb\/?page_id=8516&lang=et","title":{"rendered":"Estcon 2017 kava"},"content":{"rendered":"<p><strong>Reede, 21. juuli<\/strong> 16:00 Saabumine, registreerumine, majutamine, asjade paigutamine.<br \/>\n17.00 <strong>Lipu heiskamine. Estconi ametlik algus<\/strong>. J\u00e4llen\u00e4gemisr\u00f5\u00f5m ja vaba suhtlus.<br \/>\n18.00 <strong>Tiit Tarlap <em>in memoriam<br \/>\n<\/em><\/strong>20.00 K\u00fclalise tund.<strong> Ulmekunstnik Kuldar Leement. <\/strong>Loodetavasti valmib meie silme all Reaktori augustinumbri kaanepilt.<br \/>\n22.00 <strong>Ulmedisko. Tants aurukatla \u00fcmber. <\/strong>Aurupunk.<strong> Veiko Belials<br \/>\n<\/strong>S\u00f5na \u201edisko\u201c tekitas paar aastat tagasi l\u00f5busa segaduse, sest leidus inimesi, kes esmakordselt Estconil olles arvasid t\u00f5simeeli, et tuleb tantsulka. Tegelikult on tegu n\u00fc\u00fcdseks juba traditsiooniliseks muutunud hilis\u00f5htuse ettekandega, mis l\u00f5petab avap\u00e4eva ja kus vaatluse all on muusika ja ulme seosed. Alguse sai traditsioon 2013 aastal, kui ma l\u00f5petasin Strugatskite \u201eH\u00e4\u00e4buva linna\u201c t\u00f5lkimise ja tegin ettekande \u201eLabrakas laulu ja tantsuga Strugatskite Linnas\u201c. 2014. aastal oli teemaks \u201eUlmeraamatud Eesti b\u00e4ndide loomingus\u201c ning 2015. aastal \u201eUlmelise sisuga videod Eesti b\u00e4ndide loomingus\u201c, 2016. aastal maailma metal-b\u00e4ndide animeeritud ulmelise sisuga videod. Seekord v\u00f5tame ette aurupungi nii muusikastiilina kui visuaalse n\u00e4htusena muusikavideotes.<\/p>\n<p><strong>Laup\u00e4ev, 22. juuli<br \/>\n<\/strong> 10:00 hommikus\u00f6\u00f6k<br \/>\n11:00 Autoritund: <strong>Mann Loper<\/strong>. Vestleb Sash Uusj\u00e4rv<br \/>\n12:30 <strong>\u00dclevaade <\/strong>t\u00e4navusest ulmejutuv\u00f5istlusest ja ulmest romaaniv\u00f5istlusel. Trendid ja suundumused. <strong>Raul Sulbi ja Veiko Belials<br \/>\n<\/strong>14:00 l\u00f5unas\u00f6\u00f6k<br \/>\n15:00 <a href=\"http:\/\/www.ulme.ee\/Stalker\/2011\"><strong>Stalker 201<\/strong><\/a><strong>7.<\/strong> Kuulutatakse v\u00e4lja tulemused ning kohalolevaid v\u00f5itjaid ka \u00f5nnitletakse pidulikult.<br \/>\n16.00<strong> \u00dchispilt.<\/strong> Kohalolijad seatakse aparaadi ette ja tehakse \u00fchispilt.<br \/>\n16:30 <strong>Kirjastuste plaanid: <\/strong>mida on kavas avaldada<br \/>\n17.30<strong> M\u00e4lum\u00e4ng.<\/strong> Taivo Rist esitab k\u00fcsimusi ja otsustab vastuste \u00f5igsuse \u00fcle.<br \/>\n\u00dcks pikema traditsiooniga s\u00fcndmusi Estconil, mida k\u00f5ik ootavad. Klassikaline m\u00e4lum\u00e4ng, kus ajud s\u00f5lme v\u00e4\u00e4natakse.<br \/>\n19:30<strong> Siim Veskimees. <\/strong>Seks ulmes ehk vikerkaare 50 varjundit.<br \/>\nVeskimeest teavad eesti ulmemaastikul k\u00f5ik. Tal on k\u00f5igi maailma asjade kohta p\u00f5hjapanev arvamus, mida ta enamasti vaka all ei hoia.<\/p>\n<p><strong>P\u00fchap\u00e4ev, 23. juuli<br \/>\n<\/strong> 10:00 hommikus\u00f6\u00f6k<br \/>\n11:30 <strong>Buffy 20<\/strong>. Juubilari peab hea s\u00f5naga meeles Sash Uusj\u00e4rv<br \/>\n13.00 <strong>Estcon 20.<\/strong> Juubilari peab hea s\u00f5naga meeles Veiko Belials. Memuaaride heietamine osalejatelt on teretulnud.<br \/>\n14:30 <strong>Lipu langetamine. Estconi ametlik l\u00f5petamine<\/strong><strong>.<br \/>\n<\/strong>Tasapisi kodu poole s\u00e4ttimine.<\/p>\n","protected":false},"excerpt":{"rendered":"<p>Reede, 21. juuli 16:00 Saabumine, registreerumine, majutamine, asjade paigutamine. 17.00 Lipu heiskamine. Estconi ametlik algus. J\u00e4llen\u00e4gemisr\u00f5\u00f5m ja vaba suhtlus. 18.00 Tiit Tarlap in memoriam 20.00 K\u00fclalise tund. Ulmekunstnik Kuldar Leement. Loodetavasti valmib meie silme all Reaktori augustinumbri kaanepilt. 22.00 Ulmedisko. &hellip; <a href=\"http:\/\/ulme.ee\/veeb\/?page_id=8516&#038;lang=et\">J\u00e4tka lugemist <span class=\"meta-nav\">&rarr;<\/span><\/a><\/p>\n","protected":false},"author":1,"featured_media":0,"parent":8342,"menu_order":0,"comment_status":"closed","ping_status":"closed","template":"","meta":{"footnotes":""},"_links":{"self":[{"href":"http:\/\/ulme.ee\/veeb\/index.php?rest_route=\/wp\/v2\/pages\/8516"}],"collection":[{"href":"http:\/\/ulme.ee\/veeb\/index.php?rest_route=\/wp\/v2\/pages"}],"about":[{"href":"http:\/\/ulme.ee\/veeb\/index.php?rest_route=\/wp\/v2\/types\/page"}],"author":[{"embeddable":true,"href":"http:\/\/ulme.ee\/veeb\/index.php?rest_route=\/wp\/v2\/users\/1"}],"replies":[{"embeddable":true,"href":"http:\/\/ulme.ee\/veeb\/index.php?rest_route=%2Fwp%2Fv2%2Fcomments&post=8516"}],"version-history":[{"count":14,"href":"http:\/\/ulme.ee\/veeb\/index.php?rest_route=\/wp\/v2\/pages\/8516\/revisions"}],"predecessor-version":[{"id":8563,"href":"http:\/\/ulme.ee\/veeb\/index.php?rest_route=\/wp\/v2\/pages\/8516\/revisions\/8563"}],"up":[{"embeddable":true,"href":"http:\/\/ulme.ee\/veeb\/index.php?rest_route=\/wp\/v2\/pages\/8342"}],"wp:attachment":[{"href":"http:\/\/ulme.ee\/veeb\/index.php?rest_route=%2Fwp%2Fv2%2Fmedia&parent=8516"}],"curies":[{"name":"wp","href":"https:\/\/api.w.org\/{rel}","templated":true}]}}