{"id":7709,"date":"2016-08-08T16:54:14","date_gmt":"2016-08-08T13:54:14","guid":{"rendered":"http:\/\/esuaxue.havike.eenet.ee\/veeb\/?page_id=7709"},"modified":"2016-08-19T22:47:34","modified_gmt":"2016-08-19T19:47:34","slug":"estcon-2015-kava","status":"publish","type":"page","link":"http:\/\/ulme.ee\/veeb\/?page_id=7709&lang=et","title":{"rendered":"Estcon 2015 kava"},"content":{"rendered":"<p><b>Estcon 2015 kava t\u00f6\u00f6versioon seisuga 27. 05.2015 (loodetavasti enam v\u00e4ga palju ei muutu)<\/b><\/p>\n<div class=\"attribute-long\">\n<p><b>Reede, 17. juuli<\/b><br \/>\n16:00 Saabumine, registreerumine, majutamine, asjade paigutamine.<br \/>\n17.00 Estconi algus. J\u00e4llen\u00e4gemisr\u00f5\u00f5m ja vaba suhtlus.<br \/>\n18.00 <b>Kristjan Sander<\/b>. P\u00e4ike ulmes (laup\u00e4eval pakub Taavi Tuvikene v\u00f5imalust p\u00e4ikeseteleskoobiga protuberantse vaadata)<br \/>\n20.00 Ulmeliste lauam\u00e4ngude t\u00f6\u00f6tuba (Ove Hillep, Aigar Alaveer ning Meelis Looveer.)<br \/>\n22:00 <b>Ulmedisko I osa. Veiko Belials<\/b><\/p>\n<p><b>Laup\u00e4ev, 18. juuli <\/b><br \/>\n10:00 hommikus\u00f6\u00f6k<br \/>\n11:00 <b>Raul Sulbi. <\/b>Miks ja kuidas lugeda protoulmet? Kas t\u00f5lkima peaks t\u00e4nap\u00e4evast, kuldajastu v\u00f5i vanaulmet?<br \/>\n12:30 <b>Mart Brauer.<\/b> Teadvuse plahvatus 21. sajandil: meie h\u00e4ving v\u00f5i surematus<br \/>\n14:00 l\u00f5unas\u00f6\u00f6k<br \/>\n15:00 <strong>Stalker 2015 <\/strong>Kuulutatakse v\u00e4lja tulemused ning kohalolevaid v\u00f5itjaid ka \u00f5nnitletakse pidulikult.<br \/>\n16.00<b> \u00dc<\/b><b>hispilt.<\/b> Kohalolijad seatakse aparaadi ette ja tehakse \u00fchispilt.<br \/>\n16:30 <b>Kirjastuste plaanid: <\/b>mida on kavas avaldada<b> <\/b><br \/>\n17.30<b> M\u00e4lum\u00e4ng.<\/b> Taivo Rist esitab k\u00fcsimusi ja otsustab vastuste \u00f5igsuse \u00fcle.<br \/>\n19:30<b> Helina Valge<\/b>. &#8220;R\u00e4\u00e4kivad skulptuurid ja p\u00f5hjendatud massim\u00f5rvad &#8211; valitsus ja rahvas jaapani anime\u00b4s, Ergo Proxy\u00b4ist One Piece\u00b4ni&#8221;<br \/>\n21.00 <b>Ulmedisko II osa. Veiko Belials<\/b><\/p>\n<p><b>P\u00fchap\u00e4ev, 19. juuli <\/b><br \/>\n10:00 hommikus\u00f6\u00f6k<br \/>\n11:30 <b>Sash Uusj\u00e4rv<\/b>. Joss Wheadon maailmad<b> <\/b><br \/>\n12:30 <b>Riivo M\u00e4gi<\/b>. Detektiiviulme<br \/>\n13.30 <b>Siim Veskimees.<\/b> Energiaallikad ulmes<br \/>\n15:00 <b>Vaba mikrofon<\/b>: l\u00f5pus\u00f5nad<\/p>\n<p><b>Rollim\u00e4ng <\/b>(l\u00e4bi viib Ove). Kui tahad kindlasti osa saada, otsi Ove enne \u00f5htut \u00fcles. Rollim\u00e4ng k\u00e4ib paberi, pliitsi, t\u00e4ringute ja jutuvestmisega.<\/p>\n<p><b>Lauam\u00e4ngud<\/b>. Lauam\u00e4ngud toimuvad peamiselt \u00f5htuti, aga huviliste olemasolul ka ettekannetega samal ajal (l\u00e4bi viib Andreas J\u00f5esaar).<\/p>\n<p><b>LARP <\/b> (l\u00e4bi viib Diana).<\/p>\n<p><b>Tuntud n\u00e4od ja nimed<\/b>. Estconil k\u00e4ib palju Eesti ulmekirjanikke, t\u00f5lkijaid, toimetajaid ja kirjastajaid. Palju v\u00f5rreldes sellega, et kuskil mujal nii palju sellist rahvast naljalt kokku ei kogune, eriti veel nii suhtlusaltis \u00f5hustikus. Indrek Hargla, Veiko Belials,Raul Sulbi, Eva Luts, Arvi Nikkarev, J\u00fcri Kallas, Siim Veskimees, Peeter Helme, kivisildnik (:), Maniakkide T\u00e4nav, J. J. Metsavana, Triinu Meres ja teised.<\/p>\n<p><b>Ulmeliste lauam\u00e4ngude t\u00f6\u00f6tuba<\/b><br \/>\nKuna ajakirjade Reaktori ja VP koost\u00f6\u00f6 tulemusena kuulutati v\u00e4lja ulmelise lauam\u00e4nguloomingu v\u00f5istlus, toimub Estconil ka lauam\u00e4ngude meisterdamise t\u00f6\u00f6tuba, mille tulemusena peaks igal osalisel valmima \u00fcks reaalne m\u00e4ng v\u00f5i siis v\u00e4hemalt poolik teostus, mida hiljem saab edasi arendada. R\u00e4\u00e4gime ka kirjastuste soovidest m\u00e4ngu protot\u00fc\u00fcbi juures ning <i>playtestimise<\/i> vajalikkusest ja selle v\u00f5imalikest ohtudest. T\u00f6\u00f6tuba viivad l\u00e4bi Ove Hillep, Aigar Alaveer ning Meelis Looveer.<\/p>\n<p><b>Raamatu- ja filmi- ja muulaat<\/b><br \/>\nKasutajalt kasutajale s\u00fcmboolse hinna eest. On ka &#8220;v\u00f5ta tasuta&#8221; raamatukast, kust saab nii v\u00f5tta kui lisaks panna. Kohapeal saab soodsa hinnaga soetada kirjastuse Fantaasia ja Skarabeus raamatuid &#8211; ettetellimisel k\u00e4ttesaamine paremini kindlustatud.<\/p>\n<p>M\u00fc\u00fca v\u00f5ib ka k\u00f5ike muud isetehtut, mis v\u00e4hegi teemasse l\u00e4heb, ning reklaamida \u00fcritusi. F\u00e4nnikraam, larbi-varustus jms. Estconi T-s\u00e4rgid, n\u00e4iteks.<\/p>\n<\/div>\n<div class=\"border-bl\"><\/div>\n","protected":false},"excerpt":{"rendered":"<p>Estcon 2015 kava t\u00f6\u00f6versioon seisuga 27. 05.2015 (loodetavasti enam v\u00e4ga palju ei muutu) Reede, 17. juuli 16:00 Saabumine, registreerumine, majutamine, asjade paigutamine. 17.00 Estconi algus. J\u00e4llen\u00e4gemisr\u00f5\u00f5m ja vaba suhtlus. 18.00 Kristjan Sander. P\u00e4ike ulmes (laup\u00e4eval pakub Taavi Tuvikene v\u00f5imalust p\u00e4ikeseteleskoobiga &hellip; <a href=\"http:\/\/ulme.ee\/veeb\/?page_id=7709&#038;lang=et\">J\u00e4tka lugemist <span class=\"meta-nav\">&rarr;<\/span><\/a><\/p>\n","protected":false},"author":1,"featured_media":0,"parent":0,"menu_order":0,"comment_status":"closed","ping_status":"closed","template":"","meta":{"footnotes":""},"_links":{"self":[{"href":"http:\/\/ulme.ee\/veeb\/index.php?rest_route=\/wp\/v2\/pages\/7709"}],"collection":[{"href":"http:\/\/ulme.ee\/veeb\/index.php?rest_route=\/wp\/v2\/pages"}],"about":[{"href":"http:\/\/ulme.ee\/veeb\/index.php?rest_route=\/wp\/v2\/types\/page"}],"author":[{"embeddable":true,"href":"http:\/\/ulme.ee\/veeb\/index.php?rest_route=\/wp\/v2\/users\/1"}],"replies":[{"embeddable":true,"href":"http:\/\/ulme.ee\/veeb\/index.php?rest_route=%2Fwp%2Fv2%2Fcomments&post=7709"}],"version-history":[{"count":2,"href":"http:\/\/ulme.ee\/veeb\/index.php?rest_route=\/wp\/v2\/pages\/7709\/revisions"}],"predecessor-version":[{"id":7859,"href":"http:\/\/ulme.ee\/veeb\/index.php?rest_route=\/wp\/v2\/pages\/7709\/revisions\/7859"}],"wp:attachment":[{"href":"http:\/\/ulme.ee\/veeb\/index.php?rest_route=%2Fwp%2Fv2%2Fmedia&parent=7709"}],"curies":[{"name":"wp","href":"https:\/\/api.w.org\/{rel}","templated":true}]}}