{"id":7705,"date":"2016-08-08T16:53:48","date_gmt":"2016-08-08T13:53:48","guid":{"rendered":"http:\/\/esuaxue.havike.eenet.ee\/veeb\/?page_id=7705"},"modified":"2016-08-19T22:01:39","modified_gmt":"2016-08-19T19:01:39","slug":"estcon-2013-kava-2","status":"publish","type":"page","link":"http:\/\/ulme.ee\/veeb\/?page_id=7705&lang=et","title":{"rendered":"Estcon 2013 kava +"},"content":{"rendered":"<div class=\"attribute-short\">\n<p>P\u00f5hiprogrammi kava kuulamine on vabatahtlik. Lisaks sellele on palju muud, mida teha samal ajal v\u00f5i selle asemel. M\u00f5ned neist organiseeritud tegevused, m\u00f5ned omaalgatuslikud.<\/p>\n<\/div>\n<div class=\"attribute-long\">\n<p><b>Raamatu- ja filmi- ja muulaat<\/b><br \/>\nKasutajalt kasutajale s\u00fcmboolse hinna eest. On ka &#8220;v\u00f5ta tasuta&#8221; raamatukast, kust saab nii v\u00f5tta kui lisaks panna. Kohapeal saab soodsa hinnaga soetada kirjastuse Fantaasia ja Skarabeus raamatuid &#8211; ettetellimisel k\u00e4ttesaamine paremini kindlustatud.<\/p>\n<p>M\u00fc\u00fca v\u00f5ib ka k\u00f5ike muud isetehtut, mis v\u00e4hegi teemasse l\u00e4heb, ning reklaamida \u00fcritusi. F\u00e4nnikraam, larbi-varustus jms. Estconi T-s\u00e4rgid, n\u00e4iteks.<\/p>\n<p><b>Laua- ja kaardim\u00e4ngud <\/b><br \/>\nAndreas J\u00f5esaar ja Ove Hillep v\u00f5tavad kaasa ning on valmis juhendama teid mitmesuguste p\u00f5nevate laualm\u00e4ngude m\u00e4ngimisel. M\u00e4ngimine l\u00e4heb suuremalt k\u00e4ima \u00f5htutundidel, aga kui punt kokku saadakse, siis miks mitte ka p\u00e4ev l\u00e4bi. Oma m\u00e4nge v\u00f5ib ka kaasa v\u00f5tta, teiste m\u00e4ngudesse suhtu austavalt ja puhaste n\u00e4ppudega.<\/p>\n<p><b>Rollim\u00e4ng<\/b><br \/>\nSel aastal on ootamas m\u00e4ngijaid t\u00f5sine v\u00f5itlus elavate surnutega. Vastasleeri suunab Ove Hillep laup\u00e4eva \u00f5htul saunaesise laua taga. Kui tahad kindlasti osa saada, otsi Ove enne \u00f5htut \u00fcles. Rollim\u00e4ng k\u00e4ib paberi, pliitsi, t\u00e4ringute ja jutuvestmisega.<\/p>\n<p><b>Stalker ja kauneim kaas<\/b><\/p>\n<p>Kuulutame v\u00e4lja selleaastased lugejah\u00e4\u00e4letuse parimad.<\/p>\n<p><b>Tuntud n\u00e4od ja nimed<\/b><\/p>\n<p>Estconil k\u00e4ib palju Eesti ulmekirjanikke, t\u00f5lkijaid, toimetajaid ja kirjastajaid. Palju v\u00f5rreldes sellega, et kuskil mujal nii palju sellist rahvast naljalt kokku ei kogune, eriti veel nii suhtlusaltis \u00f5hustikus. Indrek Hargla, Veiko Belials, Mart Kalvet, Raul Sulbi, Eva Luts, Arvi Nikkarev, J\u00fcri Kallas jt.<\/p>\n<p>Kohapeal lehitsemiseks on ka mapid Stalkeri v\u00f5itjatega l\u00e4bi aegade ja kuu parimate arvustustega BAASis (eesti kirjanike intervjuud &#8211; ehk tuleval aastal, seekord ei j\u00f5ua valmis). Selle hulka v\u00f5ib iga\u00fcks lisaada reklaami muudele huvipakkuvatele \u00fcritustele.<\/p>\n<p><b>Saun, j\u00e4rv, grill<\/b><br \/>\nSaun asub j\u00e4rve kaldal eraldi majakeses, mille teisel korrusel on kuus voodikohta ja r\u00f5du. Sauna ees on kena veranda, millel on kaks lauda toolidega. M\u00f5lemal \u00f5htul k\u00f6etakse sauna ja kui just osalejad ise teisiti ei korralda, siis on tegemist segasaunaga. Sauna juures on vettemineku koht. K\u00e4sipuult h\u00fcpata ei tohi!<\/p>\n<p>J\u00e4rv on pruunika veega sooj\u00e4rv, v\u00e4gagi ujutav. Pealmine veekiht on soe, all aga voogab k\u00fclma. Saunast eemal on ka v\u00e4ike liivarand ja riietuskabiin.<\/p>\n<p>Grillimiseks on mitu renni ja l\u00f5kkeplatsi. Puid saab kohapealt, s\u00fctt oleks m\u00f5istlik ise kaasa v\u00f5tta, samuti grillvardaid ja grillitavat.<\/p>\n<p>J\u00e4rve \u00e4\u00e4res s\u00e4\u00e4skedest puudust ei tule, v\u00f5tke oma maitse j\u00e4rgi s\u00e4\u00e4sepeleteid kaasa.<\/p>\n<p><b>Filmiprogramm<\/b><\/p>\n<p>\u00d5htul, kui v\u00e4ljas pimedaks l\u00e4heb, r\u00e4\u00e4gitakse v\u00e4ljas filmitelgis p\u00f5nevatest \u00fcllitistest, mida sa ise ehk ei leiaks, aga vaadates naudiks. Telki koguneb ka palju s\u00e4\u00e4ski.<\/p>\n<p><b>\u00dcmbruskond<\/b><\/p>\n<p>M\u00e4nnimets mustikatega, kruusatee, l\u00e4him maja \u00fcle j\u00e4rve puhkemaja, l\u00e4himad poed 12 km kaugusel P\u00f5lvas. Kraanist tuleb joodav ja pesemisk\u00f5lblik, aga pruunikat v\u00e4rvi vesi. <a href=\"http:\/\/esuaxue.havike.eenet.ee\/veeb\/?page_id=7703&amp;lang=et\">Vii end oludega kurssi. <\/a><\/p>\n<p><b>Registreerumine<\/b><br \/>\nKui sa ei hooli voodikohast ega soojast l\u00f5unas\u00f6\u00f6gist, v\u00f5id regida ka kohapeal.<\/p>\n<\/div>\n","protected":false},"excerpt":{"rendered":"<p>P\u00f5hiprogrammi kava kuulamine on vabatahtlik. Lisaks sellele on palju muud, mida teha samal ajal v\u00f5i selle asemel. M\u00f5ned neist organiseeritud tegevused, m\u00f5ned omaalgatuslikud. Raamatu- ja filmi- ja muulaat Kasutajalt kasutajale s\u00fcmboolse hinna eest. On ka &#8220;v\u00f5ta tasuta&#8221; raamatukast, kust saab &hellip; <a href=\"http:\/\/ulme.ee\/veeb\/?page_id=7705&#038;lang=et\">J\u00e4tka lugemist <span class=\"meta-nav\">&rarr;<\/span><\/a><\/p>\n","protected":false},"author":1,"featured_media":0,"parent":0,"menu_order":0,"comment_status":"closed","ping_status":"closed","template":"","meta":{"footnotes":""},"_links":{"self":[{"href":"http:\/\/ulme.ee\/veeb\/index.php?rest_route=\/wp\/v2\/pages\/7705"}],"collection":[{"href":"http:\/\/ulme.ee\/veeb\/index.php?rest_route=\/wp\/v2\/pages"}],"about":[{"href":"http:\/\/ulme.ee\/veeb\/index.php?rest_route=\/wp\/v2\/types\/page"}],"author":[{"embeddable":true,"href":"http:\/\/ulme.ee\/veeb\/index.php?rest_route=\/wp\/v2\/users\/1"}],"replies":[{"embeddable":true,"href":"http:\/\/ulme.ee\/veeb\/index.php?rest_route=%2Fwp%2Fv2%2Fcomments&post=7705"}],"version-history":[{"count":3,"href":"http:\/\/ulme.ee\/veeb\/index.php?rest_route=\/wp\/v2\/pages\/7705\/revisions"}],"predecessor-version":[{"id":7836,"href":"http:\/\/ulme.ee\/veeb\/index.php?rest_route=\/wp\/v2\/pages\/7705\/revisions\/7836"}],"wp:attachment":[{"href":"http:\/\/ulme.ee\/veeb\/index.php?rest_route=%2Fwp%2Fv2%2Fmedia&parent=7705"}],"curies":[{"name":"wp","href":"https:\/\/api.w.org\/{rel}","templated":true}]}}