{"id":7695,"date":"2016-08-08T16:52:43","date_gmt":"2016-08-08T13:52:43","guid":{"rendered":"http:\/\/esuaxue.havike.eenet.ee\/veeb\/?page_id=7695"},"modified":"2016-08-19T22:25:35","modified_gmt":"2016-08-19T19:25:35","slug":"estcon-2012-kava","status":"publish","type":"page","link":"http:\/\/ulme.ee\/veeb\/?page_id=7695&lang=et","title":{"rendered":"Estcon 2012 kava"},"content":{"rendered":"<div class=\"attribute-short\">\n<p>Estcon 2012 kava on koos, kui ootamatult paremaid pakkumisi ei tule. Registreeru kohe, v\u00f5i kui voodikohast ja soojast l\u00f5unas\u00f6\u00f6gist ei hooli, tule ootamatu k\u00fclalisena ja maksa kohapeal.<\/p>\n<p>T\u00e4navuse Estconi osav\u00f5tumaks on 21 EUR; ulme\u00fchingu liikmetele 18 EUR; noortele (alla 18 a) 6 EUR; alla 12 a. tasuta.<br \/>\nVoodikoht maksab lisaks 6 EUR (2 \u00f6\u00f6d kokku). Telkimine on tasuta. Voodikohti on 44, eelisj\u00e4rjekorras on esinejad ning esimesena maksnud.<br \/>\nHommikus\u00f6\u00f6gi hind on 2&#215;2,5 EUR. Hommikus\u00f6\u00f6gi soovist saab teada anda viimase hetkeni.<br \/>\n<b>NB! <\/b>L\u00f5unas\u00f6\u00f6gi tellimusi korjasime kuni 9. juulini &#8211; hilisematel registreerunutel on v\u00f5imalik l\u00f5unat saada vaid kui keegi tellinutest loobub, m\u00f5istlik on aga loota oma moonakotile.<br \/>\nOsalemistasu on euro rohkem kui eelmisel aastal &#8211; selle eest pakume \u00f5htul \u00fchiskondlikku s\u00fctt, grillvorsti ja kohvi, et \u00fcritus parem saaks. Kohalik kraanivesi on pruunikas, kuid ohutu &#8211; varume Tartu suurep\u00e4rast kraanivett 5-liitriste kanistritega, aga tasub ise kaasa v\u00f5tta.<br \/>\nOlemas on k\u00fclmkapp (enamasti liiga t\u00e4is topitud, v\u00f5imalusel kasuta oma portatiivset) ning toiduvalmistamise v\u00f5imalus pliidil ja grillil (oma s\u00fcsi ja vardad kaasa).<\/p>\n<div class=\"attribute-long\">\n<p><b>L\u00fchike \u00f5petus autoga tulijatele:<\/b> Vali P\u00f5lvast tulles suund V\u00f5ru poole (V\u00e4rska poole), aga \u00e4ra kaugele s\u00f5ida. Rosma teeristist p\u00f6\u00f6ra vasakule, s\u00f5ida kuni peatuseni &#8220;Partsi kauplus&#8221;, sealt p\u00f6\u00f6ra paremale. \u00dcsna varsti p\u00e4rast keeramist tuleb ka vasakule teeots Saarj\u00e4rvele, mis on viidastatud.<br \/>\n<b>Rongiinfo:<\/b> vt. www.edel.ee s\u00f5ita saab kuni P\u00f5lvani.<br \/>\n<b>Bussiinfo:<\/b> vt. www.bussireisid.ee Kaugliinidega on parem s\u00f5ita P\u00f5lvasse. P\u00f5lvast edasi saab Partsi peatusse, vt. www.peatus.ee v\u00f5i anna teada, et vajad P\u00f5lvast \u00e4ra toomist.<br \/>\nAnna teada oma autoga s\u00f5brale v\u00f5i korraldajatest Zurgutile, kui vajad transporti bussipeatusest v\u00f5i jaamast.<\/p>\n<\/div>\n<\/div>\n<div class=\"attribute-long\">\n<p>~ * ~<\/p>\n<p><b>REEDE, 13. juuli<\/b><\/p>\n<p>18:00 Estcon 2012 algus. Saabumine, registreerumine, asjade paigutamine, tutvumine, vaba suhtlus. Tubadesse jagunemine, rinnasildistamine.<\/p>\n<p>19:00 <b>Mart Kalvet.<\/b> Ulme ja muusika.<br \/>\nMart Kalvetit teavad ulmehuvilised eelk\u00f5ige kui suurep\u00e4rast t\u00f5lki ja s\u00f5nameistrit, aga lisaks sellele on temas peidus ka muusikaanne. Nii r\u00e4\u00e4gibki ka teemast, mida Estconil rahvas omavahel on mitmel korral arutanud, et keegi v\u00f5iks ometi r\u00e4\u00e4kida. Audio-video on ka.<br \/>\n<a href=\"http:\/\/ulmeajakiri.ee\/?moned-motted-ulmelisest-popmuusikast\" target=\"_blank\">Loe artiklit ajakirjas Reaktor 8\/2012.<\/a><\/p>\n<p>20:00 <b>Mart Redi<\/b>. Mecha &#8211; ajalugu ja t\u00e4nap\u00e4ev<br \/>\n<a href=\"http:\/\/esuaxue.havike.eenet.ee\/veeb\/wp-content\/uploads\/2016\/08\/estconmechaflaier_billboard.jpg\" rel=\"attachment wp-att-7732\"><img loading=\"lazy\" decoding=\"async\" class=\" wp-image-7732 aligncenter\" src=\"http:\/\/esuaxue.havike.eenet.ee\/veeb\/wp-content\/uploads\/2016\/08\/estconmechaflaier_billboard-300x185.jpg\" alt=\"estconmechaflaier_billboard\" width=\"577\" height=\"356\" srcset=\"http:\/\/ulme.ee\/veeb\/wp-content\/uploads\/2016\/08\/estconmechaflaier_billboard-300x185.jpg 300w, http:\/\/ulme.ee\/veeb\/wp-content\/uploads\/2016\/08\/estconmechaflaier_billboard.jpg 764w\" sizes=\"(max-width: 577px) 100vw, 577px\" \/><\/a><\/p>\n<p>Teemaks tuleb mecha definitsioon ja selle algusajad. R\u00e4\u00e4kija isiklik kontakt ja suhtumine antud teemasse. Mechade erinevad ilmingud l\u00e4bi ajaloo ja meediumite: Mazingerist Pacific Rimini. M\u00f5ne s\u00f5naga mudelite ehitamisest. Kui aega \u00fcle j\u00e4\u00e4b, siis on oodatud kuulajate k\u00fcsimused.<br \/>\n<a href=\"http:\/\/ulmeajakiri.ee\/?soomusesse-katkitud-sodalased\" target=\"_blank\">Loe artiklit ajakiras Reaktor 8\/2012<\/a><\/p>\n<p>21:00 <b>Reziss\u00f6\u00f6r Raul Tammet<\/b>. Ulmefilmid <a href=\"http:\/\/www.imdb.com\/title\/tt0446470\/\" target=\"_blank\">Soolo<\/a> (1979) ja <a href=\"http:\/\/www.imdb.com\/title\/tt0445651\/\" target=\"_blank\">Pulmapilt <\/a>(1981)<br \/>\nNagu juba Maaleht enne H\u00d5FFi \u00fctles: &#8220;<a href=\"http:\/\/www.maaleht.ee\/news\/uudised\/kultuur\/eesti-ulmefilmid-on-vaart-vaatamist.d?id=64310209\" target=\"_blank\">Eesti ulmefilmid on v\u00e4\u00e4rt vaatamist<\/a>&#8220;. Vaatamist tuleb ca tunni jagu, koos kolmanda, \u00fcllatusfilmiga.<\/p>\n<p><b>LAUP\u00c4EV, 14. juuli<\/b><\/p>\n<p>10:00 hommikus\u00f6\u00f6k<\/p>\n<p>11:00 <b>Taavi Tuvikene ja Raul Sulbi.<\/b> Kuidas see k\u00f5ik algas.<br \/>\nTagasivaade Ulme\u00fchingu loomisele ja algusaastatele, kui Taavi ja Raul t\u00e4iesti asendamatud olid. Aasta siis oli &#8230; alla 2000 igatahes.<br \/>\n<a href=\"http:\/\/ulmeajakiri.ee\/?fandomi-sund\" target=\"_blank\">Loe artiklit ajakirjas Reaktor 8\/2012<\/a><br \/>\nLisaks v\u00f5imalik Taavi juhendamisel teleskoobiga p\u00e4ikest vaadata.<\/p>\n<p>12:00 <b>Andri Riid<\/b>. 15 aastat Ulmekirjanduse BAASi<br \/>\nHeidame pilgu sellele, kuidas k\u00f5ik algas, mida p\u00f5hiliselt arvustatakse, millised on arvustajad, millised &#8220;skandaalid&#8221; on arvustustegevust aja jooksul saatnud ning mida k\u00f5ike selle p\u00f5hjal v\u00f5iks <a href=\"http:\/\/baas.ulme.ee\" target=\"_self\">BAASist<\/a> arvata.<br \/>\n<a href=\"http:\/\/ulmeajakiri.ee\/?kuidas-sundis-baas\" target=\"_blank\">Loe artiklit ajakirjas Reaktor 8\/2012<\/a><\/p>\n<p>12:30 <b>Joel Jans.<\/b> Miks k\u00fctta Reaktorit?<br \/>\n<a href=\"http:\/\/ulmeajakiri.ee\/\" target=\"_self\">Reaktor<\/a> on eelmisel aastal tegevust alustanud v\u00f5rguajakiri, mis ilmub kord kuus. Avaldatakse nii algup\u00e4raseid jutte, t\u00f5lkeid kui isegi koomikseid. Lugege Reaktorit, siis oskate nutikaid k\u00fcsimusi esitada.<\/p>\n<p>13:00 <b>Tartu Ulmekirjutajad<\/b>. L\u00fchijutu kirjutamise t\u00f6\u00f6tuba voor I<br \/>\nV\u00f5etakse k\u00e4tte ja kirjutatakse \u00fcks l\u00fchijutt. M\u00f5ned parameetrid on ette antud. T\u00f6\u00f6 j\u00e4tkub II voorus. Eelmise aasta populaarseim t\u00f6\u00f6tuba, mis sai alguse igan\u00e4dalasest \u00fcritusest Tartus ja viis edasi Jutulabori ja Reaktori s\u00fcnnile.<br \/>\n<a href=\"http:\/\/jutulabor.blogspot.com\" target=\"_self\">Jutulaborist<\/a> r\u00e4\u00e4gib Sirje Kingsepp. .<br \/>\nJutukirjutamist veab Agur Karuk\u00e4pp. <a href=\"http:\/\/jutulabor.blogspot.com\/2012\/07\/ulevaade-ulmejutulaborist.html\" target=\"_blank\">Loe siit<\/a><\/p>\n<p>14:00 l\u00f5unas\u00f6\u00f6k<\/p>\n<p>15:00 <b>Arvi Nikkarev.<\/b> Soome ulme<br \/>\nArvi Nikkarev elab Soomes ja hobi korras annab kirjastuse Skarabeus egiidi all v\u00e4lja ulmejuttude kogumikke, kusjuures tihti on t\u00f5lkijaks ta ise. Tihti on Stalkeriv\u00f5it tema, v\u00f5i napilt teisena pea haardeulatuses. Kes v\u00f5iks veel paremini osata eesti keeles teha \u00fclevaadet sellest, mida soome keeles ulmest kirjutatakse?<br \/>\n<a href=\"http:\/\/ulmeajakiri.ee\/?soome-kaasaegsest-ulmest\" target=\"_blank\">Loe artiklit ajakirjas Reaktor 7\/2012<\/a><\/p>\n<p>16:00 <b>J\u00fcri Kallas.<\/b> Stalkeri ajalugu ja statistika<br \/>\nKuna seekordsed on juba 15. Stalkerid, on paras hetk teha v\u00e4ike tagasivaade Stalkeri h\u00e4\u00e4letusele ja h\u00e4\u00e4letajatele ja \u00fcldse.<br \/>\n<a href=\"http:\/\/ulmeajakiri.ee\/?stalker-15\" target=\"_blank\">Loe kokkuv\u00f5tet ajakirjas Reaktor 8\/2012<\/a><\/p>\n<p>16:30 <b>Stalker 2012. <\/b><br \/>\nKuulutatakse v\u00e4lja tulemused ning kohalolevaid v\u00f5itjaid ka \u00f5nnitletakse pidulikult.<\/p>\n<p>17:30 \u00dchispilt. Kohalolijad seatakse aparaadi ette ja tehakse \u00fchispilt<br \/>\n\u00dchispildi tegemisel on pikk traditsioon, aga kes ikka \u00fcldse ei taha end ulmikutega samal pildil n\u00e4idata, v\u00f5ib viilida.<\/p>\n<p>18:00<b> Kirjastuste plaanid<\/b>: mida on kavas avaldada<br \/>\nV\u00e4rsked uudiseid sellest, mida kohevarsti lettidele oodata on. R\u00e4\u00e4gime niipalju, kui kirjastused teada andnud ja kohalviibijad r\u00e4\u00e4kida saavad.<\/p>\n<p>18:30 A <b>M\u00e4lum\u00e4ng<\/b>. Taivo Rist esitab k\u00fcsimusi ja otsustab vastuste \u00f5igsuse \u00fcle.<br \/>\nM\u00e4lum\u00e4ngu on Estconil tehtud nii kaua kui keegi m\u00e4letab. Teemadering on ulmega seotud ja \u00fcllatavalt lai. Varasemate aastate k\u00fcsimusi ja vastuseid saab lugeda v\u00f5rguajakirjast Algernon.<br \/>\nM\u00e4lum\u00e4ngu parimatele pani v\u00e4lja auhinnad kirjastused <a href=\"http:\/\/personal.inet.fi\/private\/skarabeus\/\" target=\"_self\">Skarabeus<\/a>, Fantaasia ja <a href=\"http:\/\/www.varrak.ee\" target=\"_self\">Varrak<\/a>.<\/p>\n<p>18:30 B <b>LARP<\/b> toimub m\u00e4lum\u00e4nguga samal ajal.<\/p>\n<p>20:30 A <b>Helmut J\u00e4nes<\/b>. H\u00d5FF<br \/>\nH\u00d5FF = Haapsalu \u00d5udusfilmide Festival. Toimub iga aasta kevadel Haapsalus. Kui on \u00f5udust, siis on ka ulmet. Kuulame, vaatame, ja osalenud saavad saalist kommenteerida.<\/p>\n<p>20:30 B <b>Andreas J\u00f5esaar.<\/b> &#8220;Rollim\u00e4ngust lauam\u00e4nguni: fantaasia tiivul \u00fcle kuristiku&#8221;. Lauam\u00e4ngude praktikum varajaste hommikutundideni<\/p>\n<p>24:00 <b>\u00d6\u00f6teater<\/b>. Maniakkide T\u00e4nava &#8220;Teoloogiatudengi katse&#8221;<br \/>\nMitmel pool juba etendunud ja suve\u00f6\u00f6sse suurep\u00e4raselt sobiv t\u00fckk. (ca 15 min, julged saavad p\u00e4rast veel s\u00f5ba silmale)<\/p>\n<p><b>P\u00dcHAP\u00c4EV, 15. juuli<\/b><\/p>\n<p>10:00 Hommikus\u00f6\u00f6k<br \/>\n11:00 <b>Tartu Ulmekirjutajad.<\/b> L\u00fchijutu kirjutamise t\u00f6\u00f6tuba II voor<br \/>\nI vooru juttude viimistlemine &#8211; oled n\u00fc\u00fcd saanud asja veidi paremini l\u00e4bi m\u00f5elda, teine katse!<br \/>\nBoonus: <b>Triinu Meres<\/b> r\u00e4\u00e4gib jutukirjutamisest nii lugeja kui kirjaniku silme l\u00e4bi ja annab kasulikku n\u00f5u.<\/p>\n<p>12:30 <b>Indrek Hargla<\/b>. Ulmeseriaalid, mis polegi ulme<br \/>\nHarlga kui nii ulme- kui mitteulmekirjanik peaks ju ometi teadma, mis on ulme.<\/p>\n<p>13:30 <b>Liisa Vesik<\/b>. NIMHi rottide saladus: Soylent Green.<br \/>\nKunagi olid Calhouni rotid sama tuntud v\u00e4ljend kui Pavlovi koerad, ja m\u00f5ju popkultuurile oli neil ka tohutu. Juttu tuleb sellest, mida Calhoun tegi ja kuidas see m\u00f5jus, nt millistes ulmejuttudes ja filmides selle j\u00e4lgi leiab.<\/p>\n<p>15:00 <b>Vaba mikrofon<\/b>: l\u00f5pus\u00f5nad, kiitus, t\u00e4nus\u00f5nad, kriitika, ettepanekud ja asjade kokkupanek.<\/p>\n<p>~ * ~<\/p>\n<p><b>13.-15. juuli k\u00f5ige taustal<\/b><\/p>\n<p>P\u00f5hiprogrammi kuulamine on rangelt vabatahtlik, lisaks toimub taustal veel pidevalt midagi, s.h. norskab keegi omas telgis end v\u00e4lja puhata.<\/p>\n<p>~ * ~<\/p>\n<p><b>H\u00e4id ettekandeid ja taustategevusi oleme valmis kuni viimase hetkeni kavasse lisama. <\/b><\/p>\n<p>Peakorraldaja Veiko Belials, ashinar@hot.ee<\/p>\n<\/div>\n","protected":false},"excerpt":{"rendered":"<p>Estcon 2012 kava on koos, kui ootamatult paremaid pakkumisi ei tule. Registreeru kohe, v\u00f5i kui voodikohast ja soojast l\u00f5unas\u00f6\u00f6gist ei hooli, tule ootamatu k\u00fclalisena ja maksa kohapeal. T\u00e4navuse Estconi osav\u00f5tumaks on 21 EUR; ulme\u00fchingu liikmetele 18 EUR; noortele (alla 18 &hellip; <a href=\"http:\/\/ulme.ee\/veeb\/?page_id=7695&#038;lang=et\">J\u00e4tka lugemist <span class=\"meta-nav\">&rarr;<\/span><\/a><\/p>\n","protected":false},"author":1,"featured_media":0,"parent":0,"menu_order":0,"comment_status":"closed","ping_status":"closed","template":"","meta":{"footnotes":""},"_links":{"self":[{"href":"http:\/\/ulme.ee\/veeb\/index.php?rest_route=\/wp\/v2\/pages\/7695"}],"collection":[{"href":"http:\/\/ulme.ee\/veeb\/index.php?rest_route=\/wp\/v2\/pages"}],"about":[{"href":"http:\/\/ulme.ee\/veeb\/index.php?rest_route=\/wp\/v2\/types\/page"}],"author":[{"embeddable":true,"href":"http:\/\/ulme.ee\/veeb\/index.php?rest_route=\/wp\/v2\/users\/1"}],"replies":[{"embeddable":true,"href":"http:\/\/ulme.ee\/veeb\/index.php?rest_route=%2Fwp%2Fv2%2Fcomments&post=7695"}],"version-history":[{"count":5,"href":"http:\/\/ulme.ee\/veeb\/index.php?rest_route=\/wp\/v2\/pages\/7695\/revisions"}],"predecessor-version":[{"id":7845,"href":"http:\/\/ulme.ee\/veeb\/index.php?rest_route=\/wp\/v2\/pages\/7695\/revisions\/7845"}],"wp:attachment":[{"href":"http:\/\/ulme.ee\/veeb\/index.php?rest_route=%2Fwp%2Fv2%2Fmedia&parent=7695"}],"curies":[{"name":"wp","href":"https:\/\/api.w.org\/{rel}","templated":true}]}}