{"id":7691,"date":"2016-08-08T16:52:16","date_gmt":"2016-08-08T13:52:16","guid":{"rendered":"http:\/\/esuaxue.havike.eenet.ee\/veeb\/?page_id=7691"},"modified":"2016-08-09T13:08:43","modified_gmt":"2016-08-09T10:08:43","slug":"estcon-2011-larp-info","status":"publish","type":"page","link":"http:\/\/ulme.ee\/veeb\/?page_id=7691&lang=et","title":{"rendered":"Estcon 2011 LARP info"},"content":{"rendered":"<div class=\"attribute-short\">\n<p>Teile m\u00f5\u00f5ga ja maagia, tantsu ja laulu, v\u00f5itluste ja kehalise v\u00e4\u00e4rkohtlemise huvilistele!<\/p>\n<p>Estcon 2011 teise p\u00e4eva hommikul elustub umbes neljaks tunniks J.R.R. Tolkieni Keskmaa ja toimub rollim\u00e4nguna:<\/p>\n<p>HALDJATE SUVEBALL<\/p>\n<\/div>\n<div class=\"attribute-long\">\n<p>M\u00e4ngu s\u00fcndmustik toimub Beleriandis Esimesel P\u00e4ikeseajastul, aastal 375. Beleriand on Keskmaa loodenurgas asuv kaunis maa, mis on aastatuhandeid olnud koduks haldjatele ning h\u00e4\u00e4buvatele v\u00e4ikep\u00e4kapikkudele.<\/p>\n<p>Beleriandi kaguosas, Sinim\u00e4gede n\u00f5lvade ja Gelioni j\u00f5e vahel paiknevad Ossiriandi metsad, kus elavad hajutatud kogukondadena rohehaldjad. Erinevalt teistest suurtest haldjah\u00f5imudest puudub neil \u00fchtne keskv\u00f5im, iga h\u00f5imu valitseb iseseisev pealik.<\/p>\n<p>K\u00e4ib haldjate ja Musta Isanda Morgothi vaheline s\u00f5da. Viimased paar sajandit on Morgoth istunud vaikselt oma kindluses Angbandis, kasvatanud Glaurungi, aretanud trolle ning valmistunud otsustavaks lahinguks haldjatega. Seni on haldjate s\u00f5da l\u00e4inud edukalt: Morgoth on oma kindluses pea t\u00e4ielikult sisse piiratud ning tema v\u00e4ljatunginud orkiv\u00e4ed on alati puruks l\u00f6\u00f6dud. Viimasest s\u00e4\u00e4rasest lahingust tagasip\u00f6\u00f6rduv rohehaldjate \u00fcks v\u00fcrstidest on oma \u00e4sjase v\u00f5idu auks v\u00e4lja kuulutanud Suure Suveballi!<\/p>\n<p>Astuge esile kaunis rahvas, otsige tagakambrikestest v\u00e4lja kauneimad neiud ja noormehed, kohendage parajaks ilusaimad kleidid ja m\u00f5nusaimad tantsukingad. H\u00e4ilige turniiride tarbeks l\u00e4ikima oma parimad relvad. Teid ootab mitu tundi t\u00e4is t\u00f5elist Keskmaa haldjate pidu- ja h\u00f5lbuelu.<\/p>\n<p>Tantsud<br \/>\nLaulud<br \/>\nMurum\u00e4ngud<br \/>\nTurniirid<\/p>\n<p>Julgematel on turniiril v\u00f5imalik v\u00f5idelda mitte ainult teineteise, vaid ka EHTSA KINNIP\u00dc\u00dcTUD ORKI vastu!<\/p>\n<p>T\u00e4helepanu, tegemist oli reklaamiga. Lisaks \u00fclaltoodule palume hoolega t\u00e4hele panna ka j\u00e4rgnevat mittekommertsteksti:<\/p>\n<p>1. Neid haldjaid, kes tulevad m\u00e4ngule, kuid ei tantsi, laula ega v\u00f5ta osa muudest l\u00f5bustustest ootab kehaline v\u00e4\u00e4rkohtlemine!<\/p>\n<p>2. Kuna haldjav\u00e4lule ja tagasi peab liikuma l\u00e4bi \u00fcrgmetsa, siis on soovitav meeles pidada, et ollakse ikkagi metsas elav haldjah\u00f5im ning pidukleitide ja tantsukingadega mitte \u00fcle pingutada vaid valida selline riietus, mis oleks pidulik ja ilus, kuid mugav ja praktiline ka looduses liikudes. Arvestama peab, et liikumine toimub halva l\u00e4bitavusega maastikul, riietus v\u00f5ib saada mustaks v\u00f5i rebeneda. Teid on hoiatatud, hilisemaid pretensioone ei rahuldata.<\/p>\n<p>3. Turniirirelvadeks on larpidel ikka kasutatavad bofferrelvad. Soovijad v\u00f5ivad kasutada ka turvist. Turniiril v\u00f5itleb iga osaleja enda poolt valitud turvises ja relvadega. V\u00f5rdseid relvi v\u00e4lja ei anta.<\/p>\n<p>4. Oma relvade, turviste ja kost\u00fc\u00fcmide v\u00e4ljan\u00e4gemine palun hoida v\u00f5imalikult Keskmaaliku.<\/p>\n<p>5. Rassidest saab m\u00e4ngida peamiselt haldjaid, lisaks p\u00e4kapikke ja orke.<\/p>\n<p>6. Kui keegi soovib suveballil ka s\u00fc\u00fca ja juua, siis v\u00f5ib milj\u00f6\u00f6sse sobiva kotiga v\u00f5tta kaasa ka milj\u00f6\u00f6sse sobivat s\u00f6\u00f6ki ja jooki \u00fchisele lauale.<\/p>\n<p>*Kes soovi eelnevalt registreeruda (p\u00f5nevama rolli huvides), kellel on oma rollist selge n\u00e4gemus keda v\u00f5i mida ta sooviks kindlasti m\u00e4ngida v\u00f5i on muid organisatoorseid k\u00fcsimusi, siis v\u00f5ib need julgesti saata aadressil <a href=\"https:\/\/folklore.ee\/webmail\/src\/compose.php?send_to=rolemancer%40hot.ee\" target=\"_self\">rolemancer@hot.ee<\/a> ***<\/p>\n<\/div>\n","protected":false},"excerpt":{"rendered":"<p>Teile m\u00f5\u00f5ga ja maagia, tantsu ja laulu, v\u00f5itluste ja kehalise v\u00e4\u00e4rkohtlemise huvilistele! Estcon 2011 teise p\u00e4eva hommikul elustub umbes neljaks tunniks J.R.R. Tolkieni Keskmaa ja toimub rollim\u00e4nguna: HALDJATE SUVEBALL M\u00e4ngu s\u00fcndmustik toimub Beleriandis Esimesel P\u00e4ikeseajastul, aastal 375. Beleriand on Keskmaa &hellip; <a href=\"http:\/\/ulme.ee\/veeb\/?page_id=7691&#038;lang=et\">J\u00e4tka lugemist <span class=\"meta-nav\">&rarr;<\/span><\/a><\/p>\n","protected":false},"author":1,"featured_media":0,"parent":0,"menu_order":0,"comment_status":"closed","ping_status":"closed","template":"","meta":{"footnotes":""},"_links":{"self":[{"href":"http:\/\/ulme.ee\/veeb\/index.php?rest_route=\/wp\/v2\/pages\/7691"}],"collection":[{"href":"http:\/\/ulme.ee\/veeb\/index.php?rest_route=\/wp\/v2\/pages"}],"about":[{"href":"http:\/\/ulme.ee\/veeb\/index.php?rest_route=\/wp\/v2\/types\/page"}],"author":[{"embeddable":true,"href":"http:\/\/ulme.ee\/veeb\/index.php?rest_route=\/wp\/v2\/users\/1"}],"replies":[{"embeddable":true,"href":"http:\/\/ulme.ee\/veeb\/index.php?rest_route=%2Fwp%2Fv2%2Fcomments&post=7691"}],"version-history":[{"count":2,"href":"http:\/\/ulme.ee\/veeb\/index.php?rest_route=\/wp\/v2\/pages\/7691\/revisions"}],"predecessor-version":[{"id":7739,"href":"http:\/\/ulme.ee\/veeb\/index.php?rest_route=\/wp\/v2\/pages\/7691\/revisions\/7739"}],"wp:attachment":[{"href":"http:\/\/ulme.ee\/veeb\/index.php?rest_route=%2Fwp%2Fv2%2Fmedia&parent=7691"}],"curies":[{"name":"wp","href":"https:\/\/api.w.org\/{rel}","templated":true}]}}