{"id":7687,"date":"2016-08-08T16:51:51","date_gmt":"2016-08-08T13:51:51","guid":{"rendered":"http:\/\/esuaxue.havike.eenet.ee\/veeb\/?page_id=7687"},"modified":"2016-08-19T22:39:56","modified_gmt":"2016-08-19T19:39:56","slug":"estcon-2011-osalejatele-olulisest","status":"publish","type":"page","link":"http:\/\/ulme.ee\/veeb\/?page_id=7687&lang=et","title":{"rendered":"Estcon 2011 osalejatele olulisest"},"content":{"rendered":"<div class=\"attribute-short\">\n<p>Kohalikest oludest<\/p>\n<\/div>\n<div class=\"attribute-long\">\n<p><b>Estconi kohast<\/b><\/p>\n<p>Saarj\u00e4rve puhkemaja asub L\u00f5una-Eestis, P\u00f5lva l\u00e4histel. <a href=\"http:\/\/maps.google.com\/maps\/ms?doflg=ptk&amp;ie=UTF8&amp;msa=0&amp;msid=207355436771137833554.00049e71805071f8cc5fb&amp;ll=58.008598,27.169361&amp;spn=0.040334,0.104628&amp;z=14\" target=\"_self\">Google Map<\/a><br \/>\nMaja on m\u00e4nnimetsa sees, saun on j\u00e4rve kaldal eraldi majakeses, maja ja sauna juures on l\u00f5kkeplatse ja grillrenne, sauna juures on paadisild, j\u00e4rve \u00e4\u00e4res on liivaga vetteminekukoht, metsas on ka korv- ja v\u00f5rkpalli m\u00e4ngimise plats. Metsas kasvavad mustikad, j\u00e4rve \u00e4\u00e4res sebivad s\u00e4\u00e4sed. L\u00e4him maja on j\u00e4rve vastaskaldal. J\u00e4rve vesi on turbast pruun, niiet peale ujumist tuleb dushi all k\u00e4ia, aga muidu v\u00e4ga m\u00f5nus.<br \/>\nMajast veidi tee poole j\u00e4\u00e4b asfalteeritud parkimisplats, kuhu auto parkida, kui kraam maja juures maha visatud.<\/p>\n<p><b>Majutus<\/b><\/p>\n<p>Majas on 4- ja 5-inimesed toad ning kokku 38 voodikohta, lisaks kuuene tuba sauna kohal.Voodikoha juurde k\u00e4ib voodipesu ja k\u00e4ter\u00e4tik, aga sauna ja ranna tarvis tasub \u00fcks suurem r\u00e4tik kaasa v\u00f5tta. Voodikohad jagatakse huvilistele registreerumise ja maksmise j\u00e4rjekorras, eelk\u00f5ige veebis reganud ja \u00fclekandega tasunud, vabad kohad Estconil elavas j\u00e4rjekorras. Aegsasti m\u00e4rku andnud saavad oma toat\u00e4ie komplekteerida, teised jaotatakse tubade vahel.<br \/>\nEsimese korruse toad avanevad koridori, teise korruse toad otse verandale. Esimesel korrusel on ka k\u00f6\u00f6k, wc-d, dushiruumid (boileriga), teisel korrusel v\u00e4ike seminariruum, kust p\u00e4\u00e4seb p\u00f6\u00f6ningule.<br \/>\nMetsa alla v\u00f5ib panna oma telgi ning maja p\u00f6\u00f6ningule v\u00f5i m\u00f5nda s\u00f5bralikku toanurka v\u00f5ib end magamiskotiga sisse seada.<\/p>\n<p><b>Saun<\/b><\/p>\n<p>Sauna k\u00f6etakse nii reede kui laup\u00e4eva \u00f5htul. Saun on v\u00e4ike majake j\u00e4rve kaldal ning paadisillalt saab vette. Sauna ees on veranda ning laud pinkidega, sauna k\u00f5rval on grill-plats.<br \/>\nKui osalejad ise just teisiti ei korralda, on tegemist segasaunuga.<br \/>\nSauna kasutamise eest eraldi tasu pole, see on osav\u00f5tutasu sisse arvestatud.<\/p>\n<p><b>Toitlustus<\/b><\/p>\n<p>Kui soovid olla kokkuhoidlik, v\u00f5id ise s\u00fc\u00fca teha, k\u00f6\u00f6gis on selleks k\u00f5ik v\u00f5imalused. K\u00f6\u00f6gis on ka k\u00fclmkapp, kuhu eelk\u00f5ige l\u00e4heb s\u00f6\u00f6k, ning kui ruumi j\u00e4\u00e4b, siis ka joogid. Kui sul on kaasaskantav v\u00f5i n\u00f6. autok\u00fclmik, siis on kindlasti hea m\u00f5te see kaasa v\u00f5tta.<br \/>\nKorraldajad pakuvad v\u00f5imalust saada osa hommikus\u00f6\u00f6gist ja soojast 3-k\u00e4igulisest l\u00f5unas\u00f6\u00f6gist. Hommikus\u00f6\u00f6gi osas v\u00f5id otsustada viimasel hetkel, et soovid, l\u00f5unas\u00f6\u00f6gi soovijate nimekirja paneme kinni 18. juulil.<br \/>\n<b>Hommikus\u00f6\u00f6giks<\/b> on hommikuhelbed jogurtiga, leib, sai ning leivakatteks juust, tomat, kurk, jms, sinna juurde tee ja kohvi. Kaetud on rootsi laud iseteenindusega. Hommikus\u00f6\u00f6ki pakutakse nii laup\u00e4eva kui p\u00fchap\u00e4eva hommikul, \u00fche hommikus\u00f6\u00f6gi hind on 2,50 eurot.<br \/>\n<b>L\u00f5unas\u00f6\u00f6giks<\/b> on aedviljasupp lihata (v\u00f5i lihapirukas, kes kohapeal ees, see saab valida), praad (paneeritud sealihashnitsel v\u00f5i tuurjuustut\u00e4isidega kanafileerull, tee oma valik registreerumisel), puuviljasalat ja morss. Komplekti hind kokku: 9 EUR. Tellida saab vaid kogu komplekti, aga kedagi ei sunnita taldrikut t\u00fchjaks s\u00f6\u00f6ma. NB! L\u00f5unat sai tellida kuni 18. juulini!<br \/>\n<b>\u00d5htus\u00f6\u00f6giks<\/b> soovitame varuda vorste v\u00f5i liha, mida l\u00f5kkel k\u00fcpsetada. Puud on kohapeal olemas, kuid s\u00fcsi, grillvardad ning muidugi liha tuleb kaasa tuua.<br \/>\nKohapeal ei ole ei baari ega poodi. L\u00e4himad poed on 12 km kaugusel P\u00f5lvas <a href=\"http:\/\/selver.ee\/kauplused\/polva-selver\" target=\"_self\">Selver<\/a> ja <a href=\"http:\/\/www.smarket.ee\/?op=body&amp;id=27&amp;cid=45\" target=\"_self\">S\u00e4\u00e4stumarket<\/a>.<\/p>\n<p><b>Mis see maksab<\/b><\/p>\n<p>Osav\u00f5tutasu: ulme\u00fchingu liikmele 17 EUR, teised 20 EUR, 12.-18. a. 6 EUR, alla 12. a. tasuta.<br \/>\nToitlustus: hommikus\u00f6\u00f6k 2 X 2,50 EUR, l\u00f5unas\u00f6\u00f6k (supp, praad, magustoit, jook) 9 EUR.<br \/>\nVoodikoht, 2 \u00f6\u00f6d kokku, sh voodipesu ja k\u00e4ter\u00e4tik: 6 EUR<br \/>\nMaksad selle eest, mida saada soovid &#8211; v\u00f5id kaasa v\u00f5tta oma moonakoti ja k\u00fcljealuse.<br \/>\nTasuta: v\u00f5imalus panna \u00fcles telk, s\u00e4ttida end magamiskotiga p\u00f6\u00f6ningule, k\u00e4ia kahel \u00f5htul saunas, kasutada grillplatsi, k\u00f6\u00f6ki, WC ja dushiruumi.<\/p>\n<p><b>NB!<\/b> Registreeruda ja osav\u00f5tutasu tasuda saab ka kohapeal, aga kui soovid kindlasti voodikoha ning l\u00f5unas\u00f6\u00f6ki, siis tuleks veebis registreeruda ning osav\u00f5tutasu enne \u00e4ra maksta. Veebis registreerudes saad kommentaari kasti m\u00e4rkida ka oma kaaslas(t)e soovid voodi ja l\u00f5una osas.<\/p>\n<p><b>Kohalesaamine<\/b><br \/>\nVeebis registreerudes saab m\u00e4rkida, kas vajad transporti v\u00f5i pakud transporti Estconile v\u00f5i sealt \u00e4ra.<br \/>\nK\u00f5ige mugavam on tulla autoga. Tallinnast 240 km, Tartust 60 km, Riiast 260 km. <a href=\"http:\/\/maps.google.com\/maps\/ms?doflg=ptk&amp;ie=UTF8&amp;msa=0&amp;msid=207355436771137833554.00049e71805071f8cc5fb&amp;ll=58.008598,27.169361&amp;spn=0.040334,0.104628&amp;z=14\" target=\"_self\">Google Map<\/a><br \/>\nRongiga saab P\u00f5lvani. Bussiga saab 2 km kaugusele Partsi (endine Partsi kauplus) peatusesse: <a href=\"http:\/\/www.peatus.ee\/#route_search\/eng\" target=\"_self\">www.peatus.ee<\/a> v\u00f5i <a href=\"http:\/\/www.bussireisid.ee\/index.html?MENU=&amp;KEEL=en\" target=\"_self\">bussireisid.ee<\/a> Kui vajad sealt kohale toomist, anna m\u00e4rku, p\u00fc\u00fcame korraldada.<\/p>\n<p><b>Kui sa pole varem k\u00e4inud<\/b><br \/>\nPaar s\u00f5na infot neile, kes pole varem k\u00e4inud ja \u00fcldse ette ei kujuta. Esimene soovitus oleks selline, et loe eelmise aasta \u00fclevaadet ja k\u00fcsi h\u00e4benemata selle kohta, mis sinus k\u00fcsimusi tekitas.<br \/>\nKui sind teeb murelikuks, et sa kedagi ei tunne, siis sinu rahustuseks v\u00f5ib \u00f6elda, et k\u00f5ik saavad rinnasildid nimega ning esimese \u00f5htu j\u00e4rel on k\u00f5ik tuttavad.<br \/>\nOsalejaid on \u00fcle 80, nii mehi kui naisi, enamik t\u00e4iskasvanud ja m\u00f5ned teismelised. Alaealised peavad kas olema koos t\u00e4iskasvanust saatjaga v\u00f5i neil peab olema t\u00e4iskasvanu kirjalik teatis, et vanem teab, kus ta on. Kui sa oled lapsevanem, kes m\u00f5tleb, kas v\u00f5tta laps kaasa v\u00f5i saata omap\u00e4i \u00fcritusele, v\u00f5ta \u00fchendust ja r\u00e4\u00e4gime sel teemal.<br \/>\nEstconil on planeeritud ettekanded, aga nende kuulamine on v\u00f5imalus, mitte kohustus. Selle asemel v\u00f5ib niisama ringi luusida, juttu ajada, raamatu- ja filmilaadaga tutvuda, lauam\u00e4nge m\u00e4ngida v\u00f5i rollim\u00e4ngus k\u00e4tt proovida, ujuda v\u00f5i p\u00e4evitada. \u00d5htusel tegevusel pole otsest piiri, seda v\u00f5ib j\u00e4tkata kuni hommikuni.<\/p>\n<p>&nbsp;<\/p>\n<p><b>Lisainfot<\/b><br \/>\n<a href=\"http:\/\/www.facebook.com\/#%21\/group.php?gid=117178714986167\" target=\"_self\">Facebook,<\/a>\u00a0v\u00f5i liisa.vesik@gmail.com<\/p>\n<\/div>\n","protected":false},"excerpt":{"rendered":"<p>Kohalikest oludest Estconi kohast Saarj\u00e4rve puhkemaja asub L\u00f5una-Eestis, P\u00f5lva l\u00e4histel. Google Map Maja on m\u00e4nnimetsa sees, saun on j\u00e4rve kaldal eraldi majakeses, maja ja sauna juures on l\u00f5kkeplatse ja grillrenne, sauna juures on paadisild, j\u00e4rve \u00e4\u00e4res on liivaga vetteminekukoht, metsas &hellip; <a href=\"http:\/\/ulme.ee\/veeb\/?page_id=7687&#038;lang=et\">J\u00e4tka lugemist <span class=\"meta-nav\">&rarr;<\/span><\/a><\/p>\n","protected":false},"author":1,"featured_media":0,"parent":0,"menu_order":0,"comment_status":"closed","ping_status":"closed","template":"","meta":{"footnotes":""},"_links":{"self":[{"href":"http:\/\/ulme.ee\/veeb\/index.php?rest_route=\/wp\/v2\/pages\/7687"}],"collection":[{"href":"http:\/\/ulme.ee\/veeb\/index.php?rest_route=\/wp\/v2\/pages"}],"about":[{"href":"http:\/\/ulme.ee\/veeb\/index.php?rest_route=\/wp\/v2\/types\/page"}],"author":[{"embeddable":true,"href":"http:\/\/ulme.ee\/veeb\/index.php?rest_route=\/wp\/v2\/users\/1"}],"replies":[{"embeddable":true,"href":"http:\/\/ulme.ee\/veeb\/index.php?rest_route=%2Fwp%2Fv2%2Fcomments&post=7687"}],"version-history":[{"count":3,"href":"http:\/\/ulme.ee\/veeb\/index.php?rest_route=\/wp\/v2\/pages\/7687\/revisions"}],"predecessor-version":[{"id":7856,"href":"http:\/\/ulme.ee\/veeb\/index.php?rest_route=\/wp\/v2\/pages\/7687\/revisions\/7856"}],"wp:attachment":[{"href":"http:\/\/ulme.ee\/veeb\/index.php?rest_route=%2Fwp%2Fv2%2Fmedia&parent=7687"}],"curies":[{"name":"wp","href":"https:\/\/api.w.org\/{rel}","templated":true}]}}