{"id":7599,"date":"2016-08-02T17:16:36","date_gmt":"2016-08-02T14:16:36","guid":{"rendered":"http:\/\/esuaxue.havike.eenet.ee\/veeb\/?page_id=7599"},"modified":"2016-08-14T13:47:22","modified_gmt":"2016-08-14T10:47:22","slug":"jutuvoistlus-2014","status":"publish","type":"page","link":"http:\/\/ulme.ee\/veeb\/?page_id=7599&lang=et","title":{"rendered":"Jutuv\u00f5istlus 2014"},"content":{"rendered":"<p>Osales 65 v\u00f5istlust\u00f6\u00f6d.<\/p>\n<p>Tulemused:<\/p>\n<ol>\n<li>Mann Loper \u00abMeister ja \u00f5pipoiss\u00bb<\/li>\n<li>Heinrich Weinberg \u00abMillest sa j\u00e4reldad, et sinu karjamaal elab sipelgal\u00f5vi? \u00bb<\/li>\n<li>Mehis Pihla \u00abVastuoksa\u00bb<\/li>\n<li>Osvald Soobel \u00abAahe oma\u00bb<\/li>\n<li>Maniakkide T\u00e4nav \u00abSee maailm on mulle\u00bb<\/li>\n<li>Tea Roosvald \u00abK\u00fcljeluust ja lihast\u00bb<\/li>\n<li>Andrei Samoldin \u00abJoroski \u00f6\u00f6\u00bb<\/li>\n<li>Helen K\u00e4it \u00abMust palee\u00bb<br \/>\n9.-11. \u00a0 Piret Jaaks \u00abVarjutaimed\u00bb<br \/>\n9.-11. Helen K\u00e4it \u00abKuu k\u00e4ttemaks\u00bb<br \/>\n9.-11. J\u00fcri Kallas \u00abMa ka ujun\u00bb<\/li>\n<\/ol>\n","protected":false},"excerpt":{"rendered":"<p>Osales 65 v\u00f5istlust\u00f6\u00f6d. Tulemused: Mann Loper \u00abMeister ja \u00f5pipoiss\u00bb Heinrich Weinberg \u00abMillest sa j\u00e4reldad, et sinu karjamaal elab sipelgal\u00f5vi? \u00bb Mehis Pihla \u00abVastuoksa\u00bb Osvald Soobel \u00abAahe oma\u00bb Maniakkide T\u00e4nav \u00abSee maailm on mulle\u00bb Tea Roosvald \u00abK\u00fcljeluust ja lihast\u00bb Andrei Samoldin &hellip; <a href=\"http:\/\/ulme.ee\/veeb\/?page_id=7599&#038;lang=et\">J\u00e4tka lugemist <span class=\"meta-nav\">&rarr;<\/span><\/a><\/p>\n","protected":false},"author":1,"featured_media":0,"parent":0,"menu_order":0,"comment_status":"closed","ping_status":"closed","template":"","meta":{"footnotes":""},"_links":{"self":[{"href":"http:\/\/ulme.ee\/veeb\/index.php?rest_route=\/wp\/v2\/pages\/7599"}],"collection":[{"href":"http:\/\/ulme.ee\/veeb\/index.php?rest_route=\/wp\/v2\/pages"}],"about":[{"href":"http:\/\/ulme.ee\/veeb\/index.php?rest_route=\/wp\/v2\/types\/page"}],"author":[{"embeddable":true,"href":"http:\/\/ulme.ee\/veeb\/index.php?rest_route=\/wp\/v2\/users\/1"}],"replies":[{"embeddable":true,"href":"http:\/\/ulme.ee\/veeb\/index.php?rest_route=%2Fwp%2Fv2%2Fcomments&post=7599"}],"version-history":[{"count":4,"href":"http:\/\/ulme.ee\/veeb\/index.php?rest_route=\/wp\/v2\/pages\/7599\/revisions"}],"predecessor-version":[{"id":7770,"href":"http:\/\/ulme.ee\/veeb\/index.php?rest_route=\/wp\/v2\/pages\/7599\/revisions\/7770"}],"wp:attachment":[{"href":"http:\/\/ulme.ee\/veeb\/index.php?rest_route=%2Fwp%2Fv2%2Fmedia&parent=7599"}],"curies":[{"name":"wp","href":"https:\/\/api.w.org\/{rel}","templated":true}]}}