{"id":7597,"date":"2016-08-02T17:16:23","date_gmt":"2016-08-02T14:16:23","guid":{"rendered":"http:\/\/esuaxue.havike.eenet.ee\/veeb\/?page_id=7597"},"modified":"2016-08-14T11:18:39","modified_gmt":"2016-08-14T08:18:39","slug":"jutuvoistlus-2010","status":"publish","type":"page","link":"http:\/\/ulme.ee\/veeb\/?page_id=7597&lang=et","title":{"rendered":"Jutuv\u00f5istlus 2011"},"content":{"rendered":"<p>Osales 73 v\u00f5istlust\u00f6\u00f6d.<\/p>\n<p>Tulemused:<\/p>\n<ol>\n<li>Triinu Meres \u00abJoosta oma varju eest\u00bb<\/li>\n<li>Kadri Pettai \u00abMuna<\/li>\n<li>Maniakkide T\u00e4nav \u00abAjudega t\u00f6\u00f6tajad\u00bb<\/li>\n<li>Tea Roosvald \u00abN\u00f5iamoori Miisu\u00bb<\/li>\n<li>\u00dclle L\u00e4tte \u00abUdriku k\u00fcla naised\u00bb<\/li>\n<li>Liina Laks \u00abV\u00e4ike needus\u00bb<\/li>\n<li>Leila Tael \u00abRoxanne\u00bb<\/li>\n<li>Taavi Kangur \u00abKirjutatud elu\u00bb<\/li>\n<li>Aleksander Batanov \u00abDahlbergide aed\u00bb<\/li>\n<li>Tea Roosvald \u00ab\u00d6\u00f6siti ma nutan\u00bb<\/li>\n<\/ol>\n","protected":false},"excerpt":{"rendered":"<p>Osales 73 v\u00f5istlust\u00f6\u00f6d. Tulemused: Triinu Meres \u00abJoosta oma varju eest\u00bb Kadri Pettai \u00abMuna Maniakkide T\u00e4nav \u00abAjudega t\u00f6\u00f6tajad\u00bb Tea Roosvald \u00abN\u00f5iamoori Miisu\u00bb \u00dclle L\u00e4tte \u00abUdriku k\u00fcla naised\u00bb Liina Laks \u00abV\u00e4ike needus\u00bb Leila Tael \u00abRoxanne\u00bb Taavi Kangur \u00abKirjutatud elu\u00bb Aleksander Batanov \u00abDahlbergide &hellip; <a href=\"http:\/\/ulme.ee\/veeb\/?page_id=7597&#038;lang=et\">J\u00e4tka lugemist <span class=\"meta-nav\">&rarr;<\/span><\/a><\/p>\n","protected":false},"author":1,"featured_media":0,"parent":0,"menu_order":0,"comment_status":"closed","ping_status":"closed","template":"","meta":{"footnotes":""},"_links":{"self":[{"href":"http:\/\/ulme.ee\/veeb\/index.php?rest_route=\/wp\/v2\/pages\/7597"}],"collection":[{"href":"http:\/\/ulme.ee\/veeb\/index.php?rest_route=\/wp\/v2\/pages"}],"about":[{"href":"http:\/\/ulme.ee\/veeb\/index.php?rest_route=\/wp\/v2\/types\/page"}],"author":[{"embeddable":true,"href":"http:\/\/ulme.ee\/veeb\/index.php?rest_route=\/wp\/v2\/users\/1"}],"replies":[{"embeddable":true,"href":"http:\/\/ulme.ee\/veeb\/index.php?rest_route=%2Fwp%2Fv2%2Fcomments&post=7597"}],"version-history":[{"count":4,"href":"http:\/\/ulme.ee\/veeb\/index.php?rest_route=\/wp\/v2\/pages\/7597\/revisions"}],"predecessor-version":[{"id":7764,"href":"http:\/\/ulme.ee\/veeb\/index.php?rest_route=\/wp\/v2\/pages\/7597\/revisions\/7764"}],"wp:attachment":[{"href":"http:\/\/ulme.ee\/veeb\/index.php?rest_route=%2Fwp%2Fv2%2Fmedia&parent=7597"}],"curies":[{"name":"wp","href":"https:\/\/api.w.org\/{rel}","templated":true}]}}