{"id":7593,"date":"2016-08-02T17:15:48","date_gmt":"2016-08-02T14:15:48","guid":{"rendered":"http:\/\/esuaxue.havike.eenet.ee\/veeb\/?page_id=7593"},"modified":"2016-08-07T19:17:46","modified_gmt":"2016-08-07T16:17:46","slug":"estcon-2016-kava","status":"publish","type":"page","link":"http:\/\/ulme.ee\/veeb\/?page_id=7593&lang=et","title":{"rendered":"Estcon 2016 kava"},"content":{"rendered":"<p><strong>Reede, 15. juuli<\/strong><\/p>\n<p>16:00 Saabumine, registreerumine, majutamine, asjade paigutamine.<br \/>\n17:00 Estconi algus. J\u00e4llen\u00e4gemisr\u00f5\u00f5m ja vaba suhtlus.<br \/>\n18:00 Andri Riid. T\u00f5usud ja m\u00f5\u00f5nad Eesti ulmes.<br \/>\n20:00 Juha Jyrkas Soomest<br \/>\n22:00 Ulmedisko. Metal. Ulmelised animeeritud videod. Veiko Belials<\/p>\n<p><strong>Laup\u00e4ev, 16. juuli<\/strong><\/p>\n<p>10:00 hommikus\u00f6\u00f6k<br \/>\n11:00 &#8230;<br \/>\n12:30 Autoritund: Heinrich Weinberg.<br \/>\n14:00 l\u00f5unas\u00f6\u00f6k<br \/>\n15:00 Stalker 2016. Kuulutatakse v\u00e4lja tulemused ning kohalolevaid v\u00f5itjaid ka \u00f5nnitletakse pidulikult.<br \/>\n16:00 \u00dchispilt. Kohalolijad seatakse aparaadi ette ja tehakse \u00fchispilt.<br \/>\n16:30 Kirjastuste plaanid: mida on kavas avaldada.<br \/>\n17:30 M\u00e4lum\u00e4ng. Taivo Rist esitab k\u00fcsimusi ja otsustab vastuste \u00f5igsuse \u00fcle.<br \/>\n19:30 K\u00fclalise tund. Mart Sander<br \/>\n21:00 Einar Kuusk. L\u00fchifilm &#8220;The Most Beautiful Day&#8221; ja vestlus autoriga.<\/p>\n<p><strong>P\u00fchap\u00e4ev. 17. juuli<\/strong><\/p>\n<p>10:00 hommikus\u00f6\u00f6k<br \/>\n11:30 Sash Uusj\u00e4rv. Joss Whedon maailmad<br \/>\n13:00 J\u00fcri Kallas ja Joel Jans. Kes minevikku ei m\u00e4leta&#8230; Vestlusring N\u00f5ukogude Eesti ulmehuvilistest<br \/>\n(Matti Vaga, Henn-Kaarel Hellat, Martin Roogna)<br \/>\n14:30 Vaba mikrofon: l\u00f5pus\u00f5nad.<\/p>\n<p>Tartu Ulmekirjutajad. L\u00fchijutu kirjutamise t\u00f6\u00f6tuba toimub nende endi vabalt valitud ajal paralleelselt m\u00f5ne muu \u00fcritusega (l\u00e4bi viib MANT).<\/p>\n<p>Rollim\u00e4ng. (l\u00e4bi viib Ove)<\/p>\n<p>Lauam\u00e4ngud. Lauam\u00e4ngud toimuvad peamiselt \u00f5htuti, aga huviliste olemasolul ka ettekannetega samal ajal (l\u00e4bi viib Andreas J\u00f5esaar).<\/p>\n<p>LARP (l\u00e4bi viib MANT)<\/p>\n","protected":false},"excerpt":{"rendered":"<p>Reede, 15. juuli 16:00 Saabumine, registreerumine, majutamine, asjade paigutamine. 17:00 Estconi algus. J\u00e4llen\u00e4gemisr\u00f5\u00f5m ja vaba suhtlus. 18:00 Andri Riid. T\u00f5usud ja m\u00f5\u00f5nad Eesti ulmes. 20:00 Juha Jyrkas Soomest 22:00 Ulmedisko. Metal. Ulmelised animeeritud videod. Veiko Belials Laup\u00e4ev, 16. juuli 10:00 &hellip; <a href=\"http:\/\/ulme.ee\/veeb\/?page_id=7593&#038;lang=et\">J\u00e4tka lugemist <span class=\"meta-nav\">&rarr;<\/span><\/a><\/p>\n","protected":false},"author":1,"featured_media":0,"parent":0,"menu_order":0,"comment_status":"closed","ping_status":"closed","template":"","meta":{"footnotes":""},"_links":{"self":[{"href":"http:\/\/ulme.ee\/veeb\/index.php?rest_route=\/wp\/v2\/pages\/7593"}],"collection":[{"href":"http:\/\/ulme.ee\/veeb\/index.php?rest_route=\/wp\/v2\/pages"}],"about":[{"href":"http:\/\/ulme.ee\/veeb\/index.php?rest_route=\/wp\/v2\/types\/page"}],"author":[{"embeddable":true,"href":"http:\/\/ulme.ee\/veeb\/index.php?rest_route=\/wp\/v2\/users\/1"}],"replies":[{"embeddable":true,"href":"http:\/\/ulme.ee\/veeb\/index.php?rest_route=%2Fwp%2Fv2%2Fcomments&post=7593"}],"version-history":[{"count":2,"href":"http:\/\/ulme.ee\/veeb\/index.php?rest_route=\/wp\/v2\/pages\/7593\/revisions"}],"predecessor-version":[{"id":7621,"href":"http:\/\/ulme.ee\/veeb\/index.php?rest_route=\/wp\/v2\/pages\/7593\/revisions\/7621"}],"wp:attachment":[{"href":"http:\/\/ulme.ee\/veeb\/index.php?rest_route=%2Fwp%2Fv2%2Fmedia&parent=7593"}],"curies":[{"name":"wp","href":"https:\/\/api.w.org\/{rel}","templated":true}]}}