{"id":7591,"date":"2016-08-02T17:15:38","date_gmt":"2016-08-02T14:15:38","guid":{"rendered":"http:\/\/esuaxue.havike.eenet.ee\/veeb\/?page_id=7591"},"modified":"2019-08-02T15:29:54","modified_gmt":"2019-08-02T12:29:54","slug":"estcon-2016","status":"publish","type":"page","link":"http:\/\/ulme.ee\/veeb\/?page_id=7591&lang=et","title":{"rendered":"Estcon 2016"},"content":{"rendered":"<p>Eesti ulmehuviliste iga-aastane kokkutulek Estcon 2016 toimus 15.\u201317. juulil Udu talus, J\u00f5gevamaal.<\/p>\n<p><a href=\"https:\/\/www.youtube.com\/watch?v=aYwBZ46j9Ts&amp;list=UUHTKLLBkyziVdBhqMcKEkug&amp;index=22\">Andri Riidi ettekanne &#8220;T\u00f5usud ja m\u00f5\u00f5nad eesti ulmes&#8221;<\/a><br \/><a href=\"https:\/\/www.youtube.com\/watch?v=sTzDGXmhnAM&amp;list=UUHTKLLBkyziVdBhqMcKEkug&amp;index=19\">Sash Uusj\u00e4rv &#8220;Joss Whedon\u00b4i maailmad&#8221;<\/a><br \/><a href=\"https:\/\/www.youtube.com\/watch?v=G1hTVg7j_DA&amp;list=UUHTKLLBkyziVdBhqMcKEkug&amp;index=18\">J\u00fcri Kallas ja Joel Jans: &#8220;Kes minevikku ei m\u00e4leta&#8230; Vestlusring N\u00f5ukogude Eesti ulmehuvilistest&#8221;<\/a><\/p>\n\n\n<p><\/p>\n","protected":false},"excerpt":{"rendered":"<p>Eesti ulmehuviliste iga-aastane kokkutulek Estcon 2016 toimus 15.\u201317. juulil Udu talus, J\u00f5gevamaal. Andri Riidi ettekanne &#8220;T\u00f5usud ja m\u00f5\u00f5nad eesti ulmes&#8221;Sash Uusj\u00e4rv &#8220;Joss Whedon\u00b4i maailmad&#8221;J\u00fcri Kallas ja Joel Jans: &#8220;Kes minevikku ei m\u00e4leta&#8230; Vestlusring N\u00f5ukogude Eesti ulmehuvilistest&#8221;<\/p>\n","protected":false},"author":1,"featured_media":0,"parent":0,"menu_order":0,"comment_status":"closed","ping_status":"closed","template":"","meta":{"footnotes":""},"_links":{"self":[{"href":"http:\/\/ulme.ee\/veeb\/index.php?rest_route=\/wp\/v2\/pages\/7591"}],"collection":[{"href":"http:\/\/ulme.ee\/veeb\/index.php?rest_route=\/wp\/v2\/pages"}],"about":[{"href":"http:\/\/ulme.ee\/veeb\/index.php?rest_route=\/wp\/v2\/types\/page"}],"author":[{"embeddable":true,"href":"http:\/\/ulme.ee\/veeb\/index.php?rest_route=\/wp\/v2\/users\/1"}],"replies":[{"embeddable":true,"href":"http:\/\/ulme.ee\/veeb\/index.php?rest_route=%2Fwp%2Fv2%2Fcomments&post=7591"}],"version-history":[{"count":3,"href":"http:\/\/ulme.ee\/veeb\/index.php?rest_route=\/wp\/v2\/pages\/7591\/revisions"}],"predecessor-version":[{"id":9527,"href":"http:\/\/ulme.ee\/veeb\/index.php?rest_route=\/wp\/v2\/pages\/7591\/revisions\/9527"}],"wp:attachment":[{"href":"http:\/\/ulme.ee\/veeb\/index.php?rest_route=%2Fwp%2Fv2%2Fmedia&parent=7591"}],"curies":[{"name":"wp","href":"https:\/\/api.w.org\/{rel}","templated":true}]}}