{"id":3890,"date":"2016-07-26T13:26:20","date_gmt":"2016-07-26T10:26:20","guid":{"rendered":"http:\/\/esuaxue.havike.eenet.ee\/veeb\/?page_id=3890"},"modified":"2016-08-08T16:17:44","modified_gmt":"2016-08-08T13:17:44","slug":"2014-haaletusnimekiri","status":"publish","type":"page","link":"http:\/\/ulme.ee\/veeb\/?page_id=3890&lang=et","title":{"rendered":"2014 h\u00e4\u00e4letusnimekiri"},"content":{"rendered":"<div class=\"attribute-short\">\n<p>H\u00e4\u00e4letamiseks tuleb reastada igas kategoorias kolm paremat.<\/p>\n<p>Ei ole kohustust h\u00e4\u00e4letada k\u00f5igis kategooriates \u2013 kui mingis kategoorias ei suuda kolme paremat leida, siis v\u00f5ib need kategooriad vahele j\u00e4tta.<\/p>\n<p>Paremusj\u00e4rjestused tuleb saata meiliaadressil stalker@ulme.ee .<\/p>\n<p>H\u00e4\u00e4letus algab 22. mail 2014 (kell 21.00) ja l\u00f5peb 10. juulil 2014 (kell 24.00)!<\/p>\n<\/div>\n<div class=\"attribute-long\">\n<p>H\u00e4\u00e4letusnimekirjad<\/p>\n<p><a id=\"eztoc202593_0_1\" name=\"eztoc202593_0_1\"><\/a><\/p>\n<h3><b>Parim t\u00f5lkeromaan<\/b><\/h3>\n<p>Joe <b>Abercrombie<\/b> \u00abEnne nende poomist\u00bb (Varrak)<br \/>\nJoe <b>Abercrombie<\/b> \u00abRaud ise\u00bb (Varrak)<br \/>\nAlan <b>Baker<\/b> \u00abDjatlovi kuru\u00bb (Ersen)<br \/>\nJ. G. <b>Ballard<\/b> \u00abCrash\u00bb (Koolibri)<br \/>\nDan <b>Brown<\/b> \u00abInferno\u00bb (Ersen)<br \/>\nWilliam <b>Burroughs<\/b> \u00abAlasti l\u00f5unas\u00f6\u00f6k\u00bb (Koolibri)<br \/>\nP. C. <b>Cast<\/b> &#8211; Kristin <b>Cast<\/b> \u00abVabastatud\u00bb (Pegasus)<br \/>\nCassandra <b>Clare<\/b> \u00abSurmav arsenal I: Luude linn\u00bb (Varrak)<br \/>\nCassandra <b>Clare<\/b> \u00abSurmav arsenal II: Tuhast linn\u00bb (Varrak)<br \/>\nCassandra <b>Clare<\/b> \u00abSurmav arsenal II: Klaaslinn\u00bb (Varrak)<br \/>\nJustin <b>Cronin<\/b> \u00abTeekond\u00bb (Varrak) [2 k\u00f6idet]<br \/>\nBlake <b>Crouch<\/b> \u00abWayward Pines\u00bb (Helios)<br \/>\nBecca <b>Fitzpatrick<\/b> \u00abVaikus\u00bb (T\u00e4nap\u00e4ev)<br \/>\nNeil <b>Gaiman<\/b> \u00abJa tee l\u00f5pus on ookean\u00bb (Varrak)<br \/>\nKami <b>Garcia<\/b> &#8211; Margaret <b>Stohl<\/b> \u00abIlus kaos\u00bb (T\u00e4nap\u00e4ev)<br \/>\nLisi <b>Harrison<\/b> \u00abHundid s\u00f6\u00f6nud, lambad terved\u00bb (Egmont Estonia)<br \/>\nRobin <b>Hobb<\/b> \u00abV\u00f5lulaev\u00bb (Varrak) [2 k\u00f6idet]<br \/>\nSimon <b>Holt<\/b> \u00abHirmuilm\u00bb (Pegasus)<br \/>\nErin <b>Hunter<\/b> \u00abTuli ja j\u00e4\u00e4\u00bb (Tiritamm)<br \/>\nLauren <b>Kate<\/b> \u00abPiin\u00bb (Pegasus)<br \/>\nCeline <b>Kiernan<\/b> \u00abTihedad varjud\u00bb (Tiritamm)<br \/>\nStephen <b>King<\/b> \u00abLemmikloomasurnuaid\u00bb (Pegasus)<br \/>\nIsaac <b>Marion<\/b> \u00abSoojad kehad\u00bb (Skymarket)<br \/>\nRichelle <b>Mead<\/b> \u00abVerevanne\u00bb (Pegasus) [2 k\u00f6idet]<br \/>\nJo <b>Nesb\u00f8<\/b> \u00abDoktor Proktori puuksupulber\u00bb (Varrak)<br \/>\nChristopher <b>Paolini<\/b> \u00abP\u00e4rand, ehk Hingede Kamber\u00bb (Pegasus)<br \/>\nAleksei <b>Pehhov<\/b> \u00abVarjude tuisk\u00bb (Varrak)<br \/>\nTerry <b>Pratchett<\/b> &#8211; Stephen <b>Baxter<\/b> \u00abPikkmaa\u00bb (Varrak)<br \/>\nBeth <b>Revis<\/b> \u00abL\u00e4bi universumi\u00bb (T\u00e4nap\u00e4ev)<br \/>\nRansom <b>Riggs<\/b> \u00abMiss Peregrini kodu ebaharilikele lastele\u00bb (Tiritamm)<br \/>\nVeronica <b>Roth<\/b> \u00abLahkul\u00f6\u00f6ja\u00bb (Pegasus)<br \/>\nJorma <b>Rotko<\/b> \u00abJulm on meri, jumala supp\u00bb (Eesti Raamat)<br \/>\nAngie <b>Sage<\/b> \u00abRawikunst\u00bb (Pegasus)<br \/>\nJohn <b>Scalzi<\/b> \u00abVanamehe s\u00f5da\u00bb (Fantaasia)<br \/>\nMichael <b>Scott<\/b> \u00abV\u00f5lur\u00bb (Pegasus)<br \/>\nKristy <b>Spencer<\/b> &#8211; Tabita Lee <b>Spencer<\/b> \u00abDeemonite suvi: Lubadus\u00bb (Sinisukk)<br \/>\nMaggie <b>Stiefvater<\/b> \u00abKaarnapoisid\u00bb (T\u00e4nap\u00e4ev)<br \/>\nJoss <b>Stirling<\/b> \u00abUsu endasse, Crystal\u00bb (Ajakirjade Kirjastus)<br \/>\nJoss <b>Stirling<\/b> \u00abViin Su endaga, Phoenix\u00bb (Ajakirjade Kirjastus)<br \/>\nMats <b>Strandberg<\/b> &#8211; Sara B. <b>Elfgren<\/b> \u00abTuli\u00bb (Varrak)<br \/>\nCharles <b>Stross<\/b> \u00abV\u00fcrstkaupmehed I: Pere\u00e4ri\u00bb (Varrak)<br \/>\nCharles <b>Stross<\/b> \u00abV\u00fcrstkaupmehed II: Peidus perekond\u00bb (Varrak)<br \/>\nCharles <b>Stross<\/b> \u00abV\u00fcrstkaupmehed III: Tulundus\u00fchistu klann\u00bb (Varrak)<br \/>\nJonathan <b>Stroud<\/b> \u00abSaalomoni s\u00f5rmus\u00bb (Pegasus)<br \/>\nLaini <b>Taylor<\/b> \u00abT\u00fctar suitsust ja luust\u00bb (Sinisukk)<br \/>\nOlga <b>Tokarczuk<\/b> \u00abP\u00e4eva maja, \u00f6\u00f6 maja\u00bb (Hendrik Lindepuu)<br \/>\nTimur <b>Vermes<\/b> \u00abTa on tagasi\u00bb (Kunst)<\/p>\n<p><a id=\"eztoc202593_0_2\" name=\"eztoc202593_0_2\"><\/a><\/p>\n<h3><b>Parim antoloogia v\u00f5i kogumik<\/b><\/h3>\n<p>Veiko <b>Belials<\/b> \u00abKogu maailma valgus\u00bb (Fantaasia)<br \/>\nMehis <b>Heinsaar<\/b> \u00ab\u00dclikond\u00bb (Menu)<br \/>\nArmin <b>K\u00f5om\u00e4gi<\/b> \u00abMinu Mustam\u00e4e\u00bb (Tuum)<br \/>\nH. P. <b>Lovecraft<\/b> \u00abVari aja s\u00fcgavusest\u00bb (Fantaasia)<br \/>\nJuan Jos\u00e9 <b>Mill\u00e1s<\/b> \u00abAsjad kutsuvad meid\u00bb (LR nr 21\u201323)<br \/>\nArvi <b>Nikkarev<\/b> (<i>koost<\/i>) \u00abKaaren: Vene ulme antoloogia\u00bb (Skarabeus)<br \/>\nCharles <b>Stross<\/b> \u00abK\u00fclmem s\u00f5da\u00bb (Fantaasia)<br \/>\nRaul <b>Sulbi<\/b> (<i>koost<\/i>) \u00abT\u00e4heaeg 12: Musta Roosi vennaskond\u00bb (Fantaasia)<br \/>\nManiakkide <b>T\u00e4nav<\/b> &#8211; J. J. <b>Metsavana<\/b> &#8211; Ove <b>Hillep<\/b> (<i>koost<\/i>) \u00abTuumahiid: Ulmeajakirja Reaktor parimad lood aastail 2011\u20132012\u00bb (Fantaasia)<\/p>\n<p><a id=\"eztoc202593_0_3\" name=\"eztoc202593_0_3\"><\/a><\/p>\n<h3><b>Parim t\u00f5lkel\u00fchiromaan v\u00f5i -jutustus<\/b><\/h3>\n<p>Catherine <b>Asaro<\/b> \u00abVirmalised neljal h\u00e4\u00e4lel\u00bb (antoloogia \u00abT\u00e4heaeg 12: Musta Roosi vennaskond\u00bb)<br \/>\nAleksandr <b>Beljajev<\/b> \u00abViimane inimene Atlantisest\u00bb (Fantaasia)<br \/>\nOleg <b>Divov<\/b> \u00abMeie t\u00f6\u00f6tame raha eest\u00bb (antoloogia \u00abKaaren\u00bb)<br \/>\nAleksei <b>Kalugin<\/b> \u00abSerjo\u017eik\u00bb (antoloogia \u00abKaaren\u00bb)<br \/>\nStephen <b>King<\/b> \u00abHingamismeetod\u00bb (autorikogu \u00abIsemoodi aastaajad\u00bb)<br \/>\nSvjatoslav <b>Loginov<\/b> \u00abQuest\u00bb (antoloogia \u00abKaaren\u00bb)<br \/>\nH. P. <b>Lovecraft<\/b> \u00abVari aja s\u00fcgavusest\u00bb (autorikogu \u00abVari aja s\u00fcgavusest\u00bb)<br \/>\nH. P. <b>Lovecraft<\/b> \u00abV\u00e4rv maailmaruumist\u00bb (autorikogu \u00abVari aja s\u00fcgavusest\u00bb)<br \/>\nBoriss <b>Rudenko<\/b> \u00abEi mingit probleemi!\u00bb (antoloogia \u00abKaaren\u00bb)<br \/>\nAndrzej <b>Sapkowski<\/b> \u00abJ\u00e4\u00e4kild\u00bb (\u00abReaktor\u00bb nr 26 (november))<br \/>\nBruce <b>Sterling<\/b> \u00abPutka\u00bb (\u00abReaktor\u00bb nr 23 (august))<br \/>\nAndrei <b>Stoljarov<\/b> \u00abKaaren\u00bb (antoloogia \u00abKaaren\u00bb)<br \/>\nCharles <b>Stross<\/b> \u00abK\u00fclmem s\u00f5da\u00bb (autorikogu \u00abK\u00fclmem s\u00f5da\u00bb)<br \/>\nCharles <b>Stross<\/b> \u00abRaketikeelutsoon\u00bb (autorikogu \u00abK\u00fclmem s\u00f5da\u00bb)<\/p>\n<p><a id=\"eztoc202593_0_4\" name=\"eztoc202593_0_4\"><\/a><\/p>\n<h3><b>Parim t\u00f5lkel\u00fchijutt<\/b><\/h3>\n<p>Jeff <b>Carlson<\/b> \u00abUneliivamehe t\u00f5us\u00bb (\u00abAlgernon\u00bb aprill)<br \/>\nMaria <b>Galina<\/b> \u00abLodusaared\u00bb (antoloogia \u00abKaaren\u00bb)<br \/>\nMaria <b>Galina<\/b> \u00abTeejuht\u00bb (antoloogia \u00abKaaren\u00bb)<br \/>\nBruce <b>Golden<\/b> \u00abDarlene viis faasi\u00bb (\u00abAlgernon\u00bb aprill)<br \/>\nRobert E. <b>Howard<\/b> \u00abV\u00e4ike rahvas\u00bb (\u00abAlgernon\u00bb oktoober)<br \/>\nStephen <b>Kotowych<\/b> \u00abKladistika\u00bb (\u00abAlgernon\u00bb august)<br \/>\nJean-Pierre <b>Laigle<\/b> \u00abAvaldamata peat\u00fckk Jules Verne&#8217;i \u00ab20 000 lj\u00f6\u00f6st vee all\u00bb\u00bb (\u00abAlgernon\u00bb oktoober)<br \/>\nDavid <b>Langford<\/b> \u00abUus lootus surnutele\u00bb (\u00abReaktor\u00bb nr 27 (detsember))<br \/>\nSvjatoslav <b>Loginov<\/b> \u00abRotip\u00fc\u00fcdja Hans\u00bb (\u00abReaktor\u00bb nr 20 (mai) &amp; antoloogia \u00abKaaren\u00bb)<br \/>\nMichael W. <b>Lucht<\/b> \u00abP\u00e4rast seitsmendat eksperimenti\u00bb (\u00abReaktor\u00bb nr 22 (juuli))<br \/>\nJuan Jos\u00e9 <b>Mill\u00e1s<\/b> \u00abOnu Emilio\u00bb (autorikogu \u00abAsjad kutsuvad meid\u00bb (LR nr 21\u201323) &amp; \u00abAlgernon\u00bb oktoober)<br \/>\nJuan Jos\u00e9 <b>Mill\u00e1s<\/b> \u00abTondijutt\u00bb (autorikogu \u00abAsjad kutsuvad meid\u00bb (LR nr 21\u201323) &amp; \u00abAlgernon\u00bb oktoober)<br \/>\nJuan Jos\u00e9 <b>Mill\u00e1s<\/b> \u00abUks\u00bb (autorikogu \u00abAsjad kutsuvad meid\u00bb (LR nr 21\u201323) &amp; \u00abAlgernon\u00bb oktoober)<br \/>\nCat <b>Rambo<\/b> \u00abViis viisi armuda planeedil Portselan\u00bb (\u00abAlgernon\u00bb aprill)<br \/>\nBoriss <b>Rudenko<\/b> \u00abSemiliranda kingid\u00bb (antoloogia \u00abKaaren\u00bb &amp; \u00abAlgernon\u00bb)<br \/>\nCharles <b>Stross<\/b> \u00abKollane lumi\u00bb (\u00abReaktor\u00bb nr 24 (september))<\/p>\n<p><a id=\"eztoc202593_0_5\" name=\"eztoc202593_0_5\"><\/a><\/p>\n<h3><b>Parim eesti autori romaan<\/b><\/h3>\n<p>Gregor <b>Elm<\/b> \u00abKarvane Metseesel\u00bb (Jumalikud Ilmutused)<br \/>\nIndrek <b>Hargla<\/b> \u00abS\u00fcvahavva: Esimene suvi\u00bb (Varrak)<br \/>\nAirika <b>Harrik<\/b> \u00abElu p\u00e4rast surma\u00bb (Randvelt)<br \/>\nPeeter <b>Helme<\/b> \u00abSofia\u00bb (Pegasus)<br \/>\nKaie <b>Ilves<\/b> \u00abVanaisa maja\u00bb (Eesti Raamat)<br \/>\nHolger <b>Kaints<\/b> \u00abK\u00f5rvalep\u00f5ige\u00bb (Varrak)<br \/>\nK\u00e4tlin <b>Kaldmaa<\/b> \u00abIslandil ei ole liblikaid\u00bb (Ajakirjade Kirjastus)<br \/>\n<b>( : )kivisildnik<\/b> &#8211; Aarne <b>Anmann<\/b> \u00abVisa hing Kilingi-N\u00f5mmelt: Legendi s\u00fcnd\u00bb (Jumalikud Ilmutused)<br \/>\nRobert <b>Kurvitz<\/b> \u00abP\u00fcha ja \u00f5udne l\u00f5hn\u00bb (Eesti Keele Sihtasutus)<br \/>\n\u00dclo <b>Mattheus<\/b> \u00abTema salajane palve\u00bb (Tuum)<br \/>\nHeidi <b>Raba<\/b> \u00abLili Remma ja purpurkuulased\u00bb (Kentaur)<br \/>\nKristi <b>Rebane<\/b> \u00ab\u00bd e. terve\u00bb (T\u00e4nap\u00e4ev)<br \/>\nReeli <b>Reinaus<\/b> \u00abPoisid Mustalt Hobuselt\u00bb (T\u00e4nap\u00e4ev)<br \/>\nReeli <b>Reinaus<\/b> \u00abPraktiline n\u00f5iakunst\u00bb (Varrak)<br \/>\nEgert <b>Rohtla<\/b> \u00abRovin Vox: Teekond l\u00e4bi bluusip\u00f5rgu\u00bb (Soomusronk)<br \/>\nAarne <b>Ruben<\/b> \u00abKarl Kiilaspea p\u00e4rijad\u00bb (Fantaasia)<br \/>\nKalju <b>Saaber<\/b> \u00abKohtume Islandi v\u00e4raval\u00bb (Eesti Raamat)<br \/>\nTiit <b>Tarlap<\/b> \u00abAegade julm laul\u00bb (Varrak)<br \/>\nT\u00f5nu <b>Trubetsky<\/b> &#8211; T\u00f5nu <b>Trubetsky (noorem)<\/b> &#8211; Tom Claude <b>Trubetsky<\/b> \u00ab\u00abHukkunud Alpinisti\u00bb hotelli m\u00fcsteerium\u00bb (L\u00eego)<br \/>\nManiakkide <b>T\u00e4nav<\/b> \u00abMehitamata inimesed\u00bb (Fantaasia)<br \/>\nManiakkide <b>T\u00e4nav<\/b> \u00ab\u00d5nne ja \u00f5nnetuse valitseja\u00bb (Fantaasia)<\/p>\n<p><a id=\"eztoc202593_0_6\" name=\"eztoc202593_0_6\"><\/a><\/p>\n<h3><b>Parim eesti autori l\u00fchiromaan v\u00f5i jutustus<\/b><\/h3>\n<p>Veiko <b>Belials<\/b> \u00abHoia end, kullake, hoia end kurjast&#8230;\u00bb (autorikogu \u00abKogu maailma valgus\u00bb)<br \/>\nVeiko <b>Belials<\/b> &#8211; J. J. <b>Metsavana<\/b> \u00abKuldse p\u00e4ikse all me elame&#8230;\u00bb (autorikogu \u00abKogu maailma valgus\u00bb)<br \/>\nLew R. <b>Berg<\/b> \u00abMusta Roosi vennaskond\u00bb (antoloogia \u00abT\u00e4heaeg 12: Musta Roosi vennaskond\u00bb)<br \/>\nManfred <b>Kalmsten<\/b> \u00abP\u00f5geneda rottidelinnast&#8230;\u00bb (antoloogia \u00abT\u00e4heaeg 12: Musta Roosi vennaskond\u00bb)<br \/>\nMartin <b>Kirotar<\/b> \u00abUus algus\u00bb (\u00abReaktor\u00bb nr 24 (september))<br \/>\nLida <b>Lillo<\/b> \u00abLend Illusiooni\u00bb (e-raamatukogu)<br \/>\nBix <b>Pokupoeg<\/b> \u00abNeeljad\u00bb (\u00abReaktor\u00bb nr 21 (juuni))<br \/>\nRemi <b>Sarakael<\/b> \u00abPahupidi rotid\u00bb (\u00abAlgernon\u00bb august)<br \/>\nPeeter <b>Sauter<\/b> \u00abSnark\u00bb (\u00abLooming\u00bb nr 6 &amp; Kirjanik)<br \/>\nOsvald <b>Soobel<\/b> \u00abV\u00e4ikses majas raudtee \u00e4\u00e4res\u00bb (\u00abReaktor\u00bb nr 19 (aprill))<br \/>\nIlmar <b>Tomusk<\/b> \u00abMauno saladuslik kadumine: V\u00e4ga kriminaalne lugu\u00bb (Tammerraamat)<br \/>\nManiakkide <b>T\u00e4nav<\/b> \u00abAu ei olegi vaja\u00bb (antoloogia \u00abT\u00e4heaeg 12: Musta Roosi vennaskond\u00bb)<br \/>\nSiim <b>Veskimees<\/b> \u00abAsteriuse kodutee\u00bb (antoloogia \u00abT\u00e4heaeg 12: Musta Roosi vennaskond\u00bb)<\/p>\n<p><a id=\"eztoc202593_0_7\" name=\"eztoc202593_0_7\"><\/a><\/p>\n<h3><b>Parim eesti autori l\u00fchijutt<\/b><\/h3>\n<p><b>( : )kivisildnik<\/b> \u00ab( : )trellid sauna akende ees\u00bb (\u00abReaktor\u00bb nr 22 (juuli))<br \/>\nHelena Alexandra <b>Altroff<\/b> \u00abDefectis\u00bb (antoloogia \u00abT\u00e4heaeg 12: Musta Roosi vennaskond\u00bb)<br \/>\nReidar <b>Andreson<\/b> \u00ab\u00c4rkamine\u00bb (\u00abReaktor\u00bb nr 18 (m\u00e4rts))<br \/>\nTriinu <b>Avans<\/b> \u00abElav maailm\u00bb (\u00abReaktor\u00bb nr 16 (jaanuar))<br \/>\nVeiko <b>Belials<\/b> \u00abAeg liigestest on lahti&#8230;\u00bb (autorikogu \u00abKogu maailma valgus\u00bb)<br \/>\nVeiko <b>Belials<\/b> \u00abEsimene laine, viimane laine\u00bb (autorikogu \u00abKogu maailma valgus\u00bb)<br \/>\nVeiko <b>Belials<\/b> \u00abHirm ja valu\u00bb (autorikogu \u00abKogu maailma valgus\u00bb)<br \/>\nVeiko <b>Belials<\/b> \u00abJanit\u0161aride s\u00f5da\u00bb (autorikogu \u00abKogu maailma valgus\u00bb)<br \/>\nVeiko <b>Belials<\/b> \u00abKardinad\u00bb (autorikogu \u00abKogu maailma valgus\u00bb)<br \/>\nVeiko <b>Belials<\/b> \u00abKes minevikku ei m\u00e4leta&#8230;\u00bb (autorikogu \u00abKogu maailma valgus\u00bb)<br \/>\nVeiko <b>Belials<\/b> \u00abKes valvab tuult, ei saa k\u00fclvata\u00bb (autorikogu \u00abKogu maailma valgus\u00bb)<br \/>\nVeiko <b>Belials<\/b> \u00abKogu maailma valgus\u00bb (autorikogu \u00abKogu maailma valgus\u00bb)<br \/>\nVeiko <b>Belials<\/b> \u00abKohvi, s\u00f6\u00f6r?\u00bb (autorikogu \u00abKogu maailma valgus\u00bb)<br \/>\nVeiko <b>Belials<\/b> \u00abLiiga X\u00bb (autorikogu \u00abKogu maailma valgus\u00bb)<br \/>\nVeiko <b>Belials<\/b> \u00abLohetapja\u00bb (autorikogu \u00abKogu maailma valgus\u00bb)<br \/>\nVeiko <b>Belials<\/b> \u00abMarss: keskp\u00e4ev\u00bb (autorikogu \u00abKogu maailma valgus\u00bb)<br \/>\nVeiko <b>Belials<\/b> \u00abMees, kes p\u00e4\u00e4stis Maa\u00bb (autorikogu \u00abKogu maailma valgus\u00bb &amp; \u00abAlgernon\u00bb august)<br \/>\nVeiko <b>Belials<\/b> \u00abNokturn kahele klahvile\u00bb (autorikogu \u00abKogu maailma valgus\u00bb)<br \/>\nVeiko <b>Belials<\/b> \u00abOleks v\u00f5inud ju ka hullemini minna\u00bb (autorikogu \u00abKogu maailma valgus\u00bb)<br \/>\nVeiko <b>Belials<\/b> \u00abQaletaqa \u2013 inimeste valvur\u00bb (autorikogu \u00abKogu maailma valgus\u00bb)<br \/>\nVeiko <b>Belials<\/b> \u00abTaandaja\u00bb (autorikogu \u00abKogu maailma valgus\u00bb)<br \/>\nVeiko <b>Belials<\/b> \u00ab\u00d5iguse raamid\u00bb (autorikogu \u00abKogu maailma valgus\u00bb)<br \/>\nVeiko <b>Belials<\/b> &#8211; J. J. <b>Metsavana<\/b> \u00abKosmodroomidest kaugel ja \u00fcksildasem veel\u00bb (autorikogu \u00abKogu maailma valgus\u00bb)<br \/>\nLew R. <b>Berg<\/b> \u00abKokkup\u00f5rge\u00bb (\u00abAlgernon\u00bb august)<br \/>\nCathleen Q. <b>Brookland<\/b> \u00abKahetine\u00bb (\u00abAlgernon\u00bb aprill)<br \/>\nT\u00f5nis <b>Hallaste<\/b> \u00abT\u00f6llitud Sigutt\u00bb (\u00abReaktor\u00bb nr 16 (jaanuar))<br \/>\nIndrek <b>Hargla<\/b> \u00ab\u00d5ed\u00bb (\u00abReaktor\u00bb nr 26 (november))<br \/>\nMehis <b>Heinsaar<\/b> \u00abJ\u00f5u tagasitulek\u00bb (autorikogu \u00ab\u00dclikond\u00bb)<br \/>\nMehis <b>Heinsaar<\/b> \u00abKus sa nii kaua oled, Jakob?\u00bb (autorikogu \u00ab\u00dclikond\u00bb)<br \/>\nMehis <b>Heinsaar<\/b> \u00abMis m\u00f6\u00f6das, see on l\u00e4inud, mis tuleb, alles ees\u00bb (\u00abVikerkaar\u00bb nr 12)<br \/>\nMehis <b>Heinsaar<\/b> \u00abSeiklus metsas\u00bb (autorikogu \u00ab\u00dclikond\u00bb)<br \/>\nMehis <b>Heinsaar<\/b> \u00abTaim peas\u00bb (autorikogu \u00ab\u00dclikond\u00bb)<br \/>\nPeeter <b>Helme<\/b> \u00abPeatus Kuiveres\u00bb (antoloogia \u00ab\u00d6\u00f6: 18 tumedat lugu eesti autoritelt\u00bb)<br \/>\nPeeter <b>Helme<\/b> \u00abSaemehe t\u00f6\u00f6\u00bb (\u00abLooming\u00bb nr 3)<br \/>\nMerle <b>J\u00e4\u00e4ger<\/b> \u00abSuur nagu pakuk-lind\u00bb (\u00abRegina\u00bb nr 2)<br \/>\nJ\u00fcri <b>Kolk<\/b> \u00abKuu\u00bb (\u00abVikerkaar\u00bb nr 12)<br \/>\n<b>Krafinna<\/b> \u00abKirsipuu valvur\u00bb (\u00abReaktor\u00bb nr 23 (august))<br \/>\n<b>Krafinna<\/b> \u00abTrellitatud aeg\u00bb (\u00abReaktor\u00bb nr 22 (juuli))<br \/>\nMadis <b>K\u00f5iv<\/b> \u00abVikat\u00bb (autorikogu \u00abUudisjutte tegelikust ning v\u00f5imalikest maailmadest\u00bb (LR nr 1\u20133))<br \/>\nTiina <b>Laanem<\/b> \u00abMagnet\u00bb (antoloogia \u00abMullast oled sa v\u00f5etud: Maajuttude kogumik\u00bb)<br \/>\nLee <b>Leithammel<\/b> \u00abJ\u00f5ulutuled\u00bb (\u00abReaktor\u00bb nr 27 (detsember))<br \/>\nIngrid <b>Margus<\/b> \u00abIgavesti t\u00e4na\u00bb (antoloogia \u00ab\u00d6\u00f6: 18 tumedat lugu eesti autoritelt\u00bb)<br \/>\nTriinu <b>Meres<\/b> \u00abNahk\u00bb (\u00abReaktor\u00bb nr 17 (veebruar))<br \/>\nJ. J. <b>Metsavana<\/b> \u00abAjukaabe\u00bb (\u00abReaktor\u00bb nr 20 (mai))<br \/>\nJ. J. <b>Metsavana<\/b> \u00abP\u00f5rand laes\u00bb (\u00abReaktor\u00bb nr 17 (veebruar))<br \/>\nJ. J. <b>Metsavana<\/b> \u00abS\u00fcsteemirike\u00bb (\u00abReaktor\u00bb nr 18 (m\u00e4rts))<br \/>\nJ. J. <b>Metsavana<\/b> \u00ab\u00dckski laip ei \u00e4rka ellu\u00bb (\u00abReaktor\u00bb nr 16 (jaanuar))<br \/>\nJuhan <b>Nurme<\/b> \u00abKirp\u00bb (autorikogu \u00abArmastuse ootus\u00bb)<br \/>\nJuhan <b>Nurme<\/b> \u00abMaja\u00bb (autorikogu \u00abArmastuse ootus\u00bb)<br \/>\nJuhan <b>Nurme<\/b> \u00abPea\u00bb (autorikogu \u00abArmastuse ootus\u00bb)<br \/>\nJuhan <b>Nurme<\/b> \u00abSavikunstnik\u00bb (autorikogu \u00abArmastuse ootus\u00bb)<br \/>\nJuhan <b>Nurme<\/b> \u00abTervendaja\u00bb (autorikogu \u00abArmastuse ootus\u00bb)<br \/>\nJuhan <b>Nurme<\/b> \u00abTulnuka raportid planeedilt Maa\u00bb (autorikogu \u00abArmastuse ootus\u00bb)<br \/>\nJuhan <b>Nurme<\/b> \u00abVoodi\u00bb (autorikogu \u00abArmastuse ootus\u00bb)<br \/>\nDiana <b>Ostrat<\/b> \u00abNamarie\u00bb (\u00abReaktor\u00bb nr 27 (detsember))<br \/>\n<b>Paadikapten<\/b> &#8211; T\u00f5nis <b>Hallaste<\/b> \u00abVampiiritapja Ants\u00bb (\u00abReaktor\u00bb nr 16 (jaanuar))<br \/>\nPiiu <b>Pilt<\/b> \u00abPlumps\u00bb (\u00abReaktor\u00bb nr 19 (aprill))<br \/>\nBix <b>Pokupoeg<\/b> \u00abMamma\u00bb (\u00abReaktor\u00bb nr 17 (veebruar))<br \/>\nArtur <b>R\u00e4pp<\/b> \u00abNegatiivne viik\u00bb (\u00abReaktor\u00bb nr 26 (november))<br \/>\nLeila <b>Tael-Mike\u0161in<\/b> \u00abKuutolm kord katab sind\u00bb (\u00abReaktor\u00bb nr 22 (juuli))<br \/>\nLeila <b>Tael-Mike\u0161in<\/b> \u00abPolkovnik Sergei Sergejevit\u0161i n\u00e4\u00e4rid\u00bb (\u00abReaktor\u00bb nr 21 (juuni))<br \/>\nKatariina <b>Tammert<\/b> \u00abHing nr 4257\u00bb (\u00abRegina\u00bb nr 4)<br \/>\nRaivo <b>Tammus<\/b> \u00abKooljad\u00bb (\u00abReaktor\u00bb nr 20 (mai))<br \/>\nAhvide <b>Tarzan<\/b> \u00abMees, kes teadis kalas\u00f5nu\u00bb (\u00abAlgernon\u00bb aprill)<br \/>\nManiakkide <b>T\u00e4nav<\/b> \u00abHaualk\u00e4ik\u00bb (\u00abReaktor\u00bb nr 25 (oktoober))<br \/>\nManiakkide <b>T\u00e4nav<\/b> \u00abH\u00fcvasti teras\u00bb (\u00abReaktor\u00bb nr 22 (juuli))<br \/>\nToomas <b>Verrev<\/b> \u00ab\u00d5gard Olle\u00bb (antoloogia \u00ab\u00d6\u00f6: 18 tumedat lugu eesti autoritelt\u00bb)<br \/>\nSiim <b>Veskimees<\/b> \u00abAjakapsel avanes\u00bb (\u00abAlgernon\u00bb aprill)<br \/>\nSiim <b>Veskimees<\/b> \u00abP\u00fcha graal\u00bb (\u00abAlgernon\u00bb august)<br \/>\nSiim <b>Veskimees<\/b> \u00abTrellid saunaakende ees\u00bb (\u00abReaktor\u00bb nr 22 (juuli))<br \/>\nHeinrich <b>Weinberg<\/b> \u00abJ\u00e4rgmisel suvel on meil hobuseid tarvis\u00bb (\u00abReaktor\u00bb nr 24 (september))<\/p>\n<\/div>\n","protected":false},"excerpt":{"rendered":"<p>H\u00e4\u00e4letamiseks tuleb reastada igas kategoorias kolm paremat. Ei ole kohustust h\u00e4\u00e4letada k\u00f5igis kategooriates \u2013 kui mingis kategoorias ei suuda kolme paremat leida, siis v\u00f5ib need kategooriad vahele j\u00e4tta. Paremusj\u00e4rjestused tuleb saata meiliaadressil stalker@ulme.ee . H\u00e4\u00e4letus algab 22. mail 2014 (kell &hellip; <a href=\"http:\/\/ulme.ee\/veeb\/?page_id=3890&#038;lang=et\">J\u00e4tka lugemist <span class=\"meta-nav\">&rarr;<\/span><\/a><\/p>\n","protected":false},"author":1,"featured_media":0,"parent":0,"menu_order":0,"comment_status":"closed","ping_status":"closed","template":"","meta":{"footnotes":""},"_links":{"self":[{"href":"http:\/\/ulme.ee\/veeb\/index.php?rest_route=\/wp\/v2\/pages\/3890"}],"collection":[{"href":"http:\/\/ulme.ee\/veeb\/index.php?rest_route=\/wp\/v2\/pages"}],"about":[{"href":"http:\/\/ulme.ee\/veeb\/index.php?rest_route=\/wp\/v2\/types\/page"}],"author":[{"embeddable":true,"href":"http:\/\/ulme.ee\/veeb\/index.php?rest_route=\/wp\/v2\/users\/1"}],"replies":[{"embeddable":true,"href":"http:\/\/ulme.ee\/veeb\/index.php?rest_route=%2Fwp%2Fv2%2Fcomments&post=3890"}],"version-history":[{"count":2,"href":"http:\/\/ulme.ee\/veeb\/index.php?rest_route=\/wp\/v2\/pages\/3890\/revisions"}],"predecessor-version":[{"id":7672,"href":"http:\/\/ulme.ee\/veeb\/index.php?rest_route=\/wp\/v2\/pages\/3890\/revisions\/7672"}],"wp:attachment":[{"href":"http:\/\/ulme.ee\/veeb\/index.php?rest_route=%2Fwp%2Fv2%2Fmedia&parent=3890"}],"curies":[{"name":"wp","href":"https:\/\/api.w.org\/{rel}","templated":true}]}}