{"id":3888,"date":"2016-07-26T13:26:11","date_gmt":"2016-07-26T10:26:11","guid":{"rendered":"http:\/\/esuaxue.havike.eenet.ee\/veeb\/?page_id=3888"},"modified":"2016-08-08T16:16:33","modified_gmt":"2016-08-08T13:16:33","slug":"2013-tulemused","status":"publish","type":"page","link":"http:\/\/ulme.ee\/veeb\/?page_id=3888&lang=et","title":{"rendered":"2013 tulemused"},"content":{"rendered":"<div class=\"attribute-short\">\n<p>Laup\u00e4eval, 13. juulil kuulutati Estcon 2013 raames v\u00e4lja Eesti ulmeauhinna Stalker 2013 v\u00f5itjad.<\/p>\n<p>Auhinnale kandideerisid 2012. aasta jooksul eesti keeles esmakordselt ilmunud tekstid ja raamatud. H\u00e4\u00e4letuses v\u00f5is osaleda iga\u00fcks, kes oli neid teoseid lugenud ning tundis endas vajadust ja tahtmist loetute seast (kategooriate kaupa) reastada kolm parimat.<\/p>\n<p>Stalker 2013 suurimaks erisuseks oli vast, et seekordse h\u00e4\u00e4letuse raskuspunkt oli jutukategooriatel. Paljud h\u00e4\u00e4letajad suisa kurtsid, kuidas romaanide seast pole midagi valida jne. 2013. aastal said ka t\u00f5lkelood enesele kaks kategooriat, nii nagu eesti juttudel see juba aastaid on olnud.<\/p>\n<\/div>\n<div class=\"attribute-long\">\n<p>Kuigi auhinna v\u00e4ljakuulutamisel olid kategooriad dramaatilise pinge tekitamiseks teises j\u00e4rjekorras, on siin need t\u00e4pselt nii nagu alati olnud.<\/p>\n<p><a id=\"eztoc174743_1\" name=\"eztoc174743_1\"><\/a><\/p>\n<h2>Parim t\u00f5lkeromaan<\/h2>\n<p>Osales 28 h\u00e4\u00e4letajat. H\u00e4\u00e4li said 17 romaani ning nagu allpool n\u00e4ha toimus p\u00f5hiline rebimine kahe romaani vahel.<\/p>\n<p><b>1. Arkadi Strugatski &#8211; Boriss Strugatski \u00abH\u00e4\u00e4buv linn\u00bb (Fantaasia, t\u00f5lkija Veiko Belials) 61<\/b><br \/>\n2. Vernor Vinge \u00abS\u00fcgavik taevas\u00bb (Fantaasia) 55<br \/>\n3. Mihhail Jelizarov \u00abRaamatuhoidja\u00bb (Varrak) 25<br \/>\n4. Patrick Rothfuss \u00abTarga mehe hirm\u00bb (Varrak) [<i>2 k\u00f6idet<\/i>] 23<br \/>\n5.\u20136. Lois McMaster Bujold \u00abCetaganda\u00bb (Varrak) 18<br \/>\n5.\u20136. Lois McMaster Bujold \u00abRelvavennad\u00bb (Varrak) 18<br \/>\n7. Aleksei Pehhov \u00abD\u017eanga varjudega\u00bb (Varrak) 10<br \/>\n8.\u20139. Terry Pratchett \u00abTubakas\u00bb (Varrak) 8<br \/>\n8.\u20139. Vladimir Sorokin \u00abSuhkrust Kreml\u00bb (Argo) 8<br \/>\n10.\u201311. Catherine Banner \u00abPimeduse h\u00e4\u00e4led\u00bb (Varrak) 5<br \/>\n10.\u201311. Kate DiCamillo \u00abMustkunstniku elevant\u00bb (Draakon &amp; Kuu) 5<br \/>\n12.\u201313. Aleksandr Beljajev \u00abProfessor Dowelli pea\u00bb (Fantaasia) 4<br \/>\n12.\u201313. Paul Hoffman \u00abJumala vasak k\u00e4si\u00bb (Pegasus) 4<br \/>\n14. Roger Zelazny \u00abKaose prints\u00bb (Fantaasia) 3<br \/>\n15.\u201317. Jon Skovron \u00abSobimatu\u00bb (Ajakirjade Kirjastus) 1<br \/>\n15.\u201317. Vladimir Sorokin \u00abTuisk\u00bb (T\u00e4nap\u00e4ev) 1<br \/>\n15.\u201317. Mats Strandberg &#8211; Sara Bergmark Elfgren \u00abTuli\u00bb (Varrak) 1<\/p>\n<p><a id=\"eztoc174743_2\" name=\"eztoc174743_2\"><\/a><\/p>\n<h2>Parim antoloogia v\u00f5i kogumik<\/h2>\n<p>Osales 28 h\u00e4\u00e4letajat. H\u00e4\u00e4li said 8 raamatut.<br \/>\nEsikoht l\u00e4ks jagamisele, sest kaks raamatut said \u00fchepalju punkte. Sellisel juhul oleks v\u00f5it pidanud minema sellele raamatule, millele h\u00e4\u00e4letajad andsid rohkem esikohti. Kuid ka selles k\u00fcsimuses j\u00e4id raamatud viiki, sest m\u00f5lemad said h\u00e4\u00e4letajatelt kaheksa esikohta.<\/p>\n<p><b>1.\u20132. Alastair Reynolds \u00abSuur Marsi m\u00fc\u00fcr\u00bb (Fantaasia) 62<\/b><br \/>\n<b>1.\u20132. Maniakkide T\u00e4nav &#8211; J. J. Metsavana &#8211; Jaagup Mahkra \u00abSaladuslik tsaar\u00bb (Fantaasia) 62<\/b><br \/>\n3. Ursula K. Le Guin \u00abMeremaa jutud\u00bb (Fantaasia) 38<br \/>\n4. Raul Sulbi (koost) \u00abT\u00e4heaeg 11: Viirastuslik r\u00fcgement\u00bb (Fantaasia) 25<br \/>\n5. Kristjan Sander \u00ab\u00d5htu rannal\u00bb (Varrak) 22<br \/>\n6. Gene Wolfe \u00abDoktor Surma saar\u00bb \/ John Varley \u00abBarbiem\u00f5rvad\u00bb (Skarabeus) 21<br \/>\n7. Stephen King \u00abP\u00e4rast p\u00e4ikeseloojangut\u00bb (Pegasus) 15<br \/>\n8. Raul Sulbi (koost) \u00abT\u00e4heaeg 10: Juubeliv\u00e4ljaanne\u00bb (Fantaasia) 7<\/p>\n<p><a id=\"eztoc174743_3\" name=\"eztoc174743_3\"><\/a><\/p>\n<h2>Parim t\u00f5lkel\u00fchiromaan v\u00f5i -jutustus<\/h2>\n<p>Osales 27 h\u00e4\u00e4letajat. H\u00e4\u00e4li said 16 l\u00fchiromani ja jutustust.<\/p>\n<p><b>1. George R. R. Martin \u00ab\u00d6\u00f6lendajad\u00bb (Fantaasia, t\u00f5lkija Tatjana Peetersoo) 48<\/b><br \/>\n2. Alastair Reynolds \u00abSuur Marsi m\u00fc\u00fcr\u00bb (autorikogu \u00abSuur Marsi m\u00fc\u00fcr\u00bb) 41<br \/>\n3. Paolo Bacigalupi \u00abAlkeemik\u00bb (Fantaasia) 36<br \/>\n4. Alastair Reynolds \u00abLiustikuline\u00bb (autorikogu \u00abSuur Marsi m\u00fc\u00fcr\u00bb) 28<br \/>\n5. John Varley \u00abVajuta ENTER \u25a0\u00bb (duubelkogu \u00abDoktor Surma saar\u00bb \/ \u00abBarbiem\u00f5rvad\u00bb) 21<br \/>\n6. George R. R. Martin \u00abTema laste portreed\u00bb (antoloogia \u00abT\u00e4heaeg 10: Juubeliv\u00e4ljaanne\u00bb) 16<br \/>\n7.\u20138. Stanley G. Weinbaum \u00abMarsi od\u00fcsseia\u00bb (\u00abReaktor\u00bb nr 9 (juuni 2012)) 9<br \/>\n7.\u20138. Gene Wolfe \u00abTsikuraat\u00bb (duubelkogu \u00abDoktor Surma saar\u00bb \/ \u00abBarbiem\u00f5rvad\u00bb) 9<br \/>\n9. James Grant \u00abViirastuslik r\u00fcgement\u00bb (antoloogia \u00abT\u00e4heaeg 11: Viirastuslik r\u00fcgement\u00bb) 8<br \/>\n10. Ursula K. Le Guin \u00abLeidja\u00bb (autorikogu \u00abMeremaa jutud\u00bb) 6<br \/>\n11.\u201313. Stephen King \u00abVelotrena\u017e\u00f6\u00f6r\u00bb (autorikogu \u00abP\u00e4rast p\u00e4ikeseloojangut\u00bb) 5<br \/>\n11.\u201313. Ursula K. Le Guin \u00abK\u00f5rgel n\u00f5mmel\u00bb (autorikogu \u00abMeremaa jutud\u00bb) 5<br \/>\n11.\u201313. Ursula K. Le Guin \u00abTumeroos ja teemant\u00bb (autorikogu \u00abMeremaa jutud\u00bb) 5<br \/>\n14. Philip Francis Nowlan \u00abArmaggedon 2419 AD\u00bb (\u00abReaktor\u00bb nr 11 (august 2012)) 3<br \/>\n15. John Varley \u00abBarbiem\u00f5rvad\u00bb (duubelkogu \u00abDoktor Surma saar\u00bb \/ \u00abBarbiem\u00f5rvad\u00bb) 2<br \/>\n16. Stephen King \u00abAsjad, mis j\u00e4id neist maha\u00bb (autorikogu \u00abP\u00e4rast p\u00e4ikeseloojangut\u00bb) 1<\/p>\n<p><a id=\"eztoc174743_4\" name=\"eztoc174743_4\"><\/a><\/p>\n<h2>Parim t\u00f5lkel\u00fchijutt<\/h2>\n<p>Osales 17 h\u00e4\u00e4letajat. H\u00e4\u00e4li said 19 l\u00fchijuttu.<\/p>\n<p><b>1. Ursula K. Le Guin \u00abNimede seadus\u00bb (antoloogia \u00abT\u00e4heaeg 10: Juubeliv\u00e4ljaanne\u00bb, t\u00f5lkija Eva Luts) 24<\/b><br \/>\n2. Gene Wolfe \u00abKaart\u00bb (duubelkogu \u00abDoktor Surma saar\u00bb \/ \u00abBarbiem\u00f5rvad\u00bb) 19<br \/>\n3. Ursula K. Le Guin \u00abMaa luud\u00bb (autorikogu \u00abMeremaa jutud\u00bb) 16<br \/>\n4. H. P. Lovecraft \u00abFestival\u00bb (\u00abReaktor\u00bb nr 6 (m\u00e4rts 2012)) 14<br \/>\n5. Vladimir Arenev \u00abKriitilised p\u00e4evad\u00bb (\u00abReaktor\u00bb nr 7 (aprill 2012)) 13<br \/>\n6. Ursula K. Le Guin \u00abLahtisidumise s\u00f5na\u00bb (antoloogia \u00abT\u00e4heaeg 10: Juubeliv\u00e4ljaanne\u00bb) 12<br \/>\n7. Rafa\u0142 Kosik \u00abMarss\u00bb (\u00abReaktor\u00bb nr 12 (september 2012)) 10<br \/>\n8. Gene Wolfe \u00abPulpkaas\u00bb (duubelkogu \u00abDoktor Surma saar\u00bb \/ \u00abBarbiem\u00f5rvad\u00bb) 9<br \/>\n9. Gene Wolfe \u00abDoktor Surma saar ja teised jutud\u00bb (duubelkogu \u00abDoktor Surma saar\u00bb \/ \u00abBarbiem\u00f5rvad\u00bb) 7<br \/>\n10. Stephen King \u00abPeatuspaik\u00bb (autorikogu \u00abP\u00e4rast p\u00e4ikeseloojangut\u00bb) 5<br \/>\n11.\u201313. A. C. Benson \u00abPunane laager\u00bb (\u00abAlgernon\u00bb 2012; aprill) 4<br \/>\n11.\u201313. Jeff Carlson \u00abSurve\u00bb (\u00abAlgernon\u00bb 2012; detsember) 4<br \/>\n11.\u201313. Stephen King \u00abP\u00f5rgukass\u00bb (autorikogu \u00abP\u00e4rast p\u00e4ikeseloojangut\u00bb) 4<br \/>\n14.\u201316. Stephen King \u00abAyana\u00bb (autorikogu \u00abP\u00e4rast p\u00e4ikeseloojangut\u00bb) 3<br \/>\n14.\u201316. Stephen King \u00abKoolil\u00f5pu p\u00e4rastl\u00f5una\u00bb (autorikogu \u00abP\u00e4rast p\u00e4ikeseloojangut\u00bb) 3<br \/>\n14.\u201316. Stephen King \u00abNew York Times soodushinnaga\u00bb (autorikogu \u00abP\u00e4rast p\u00e4ikeseloojangut\u00bb) 3<br \/>\n17.\u201319. Stephen King \u00abHarvey unen\u00e4gu\u00bb (autorikogu \u00abP\u00e4rast p\u00e4ikeseloojangut\u00bb) 1<br \/>\n17.\u201319. Laura Lee McArdle \u00abTulnukad v\u00f5i?\u00bb (\u00abAlgernon\u00bb 2012; aprill) 1<br \/>\n17.\u201319. Adriana Simon \u00abP\u00e4rast veeuputust\u00bb (\u00abAlgernon\u00bb 2012; aprill) 1<\/p>\n<p><a id=\"eztoc174743_5\" name=\"eztoc174743_5\"><\/a><\/p>\n<h2>Parim eesti autori romaan<\/h2>\n<p>Osales 21 h\u00e4\u00e4letajat. H\u00e4\u00e4li said 11 romaani.<\/p>\n<p><b>1. Tiit Tarlap \u00abL\u00f5hestusjoon\u00bb (Varrak) 54<\/b><br \/>\n2. Tiit Tarlap \u00abRoheliste lippude reservaat\u00bb (Gamma &amp; Ji) 39<br \/>\n3. Siim Veskimees \u00abLahkul\u00f6\u00f6mislahingud: Kuu Ordu 2061. aasta s\u00f5ja teine raamat\u00bb (Fantaasia) 34<br \/>\n4. Kristjan Loorits \u00abLiteristid, ehk Patrik Laurise kummaline elu\u00bb (T\u00e4nap\u00e4ev) 18<br \/>\n5. Siim Veskimees \u00abL\u00f5putu juuni\u00bb (\u00abL\u00e4\u00e4ne Elu\u00bb 2012; &amp; autori koduleht) 13<br \/>\n6. Kadri Pettai \u00abJaanik(a)\u00bb (T\u00e4nap\u00e4ev) 9<br \/>\n7. Leila Tael-Mike\u0161in \u00abLoojate m\u00e4ngud\u00bb (Fantaasia) 6<br \/>\n8. Kent Raju \u00abTuntud Universum: Kadunud Maa\u00bb (Ajakirjade Kirjastus) 5<br \/>\n9.\u201310. Nikolai Baturin \u00abLendav hollandlanna\u00bb (Eesti Raamat) 4<br \/>\n9.\u201310. Riina Pauklin \u00abSuure lohe maa: V\u00e4rava saladus\u00bb (Sinisukk) 4<br \/>\n11. Rein P\u00f5der \u00abLaev\u00bb (Eesti Raamat) 3<\/p>\n<p><a id=\"eztoc174743_6\" name=\"eztoc174743_6\"><\/a><\/p>\n<h2>Parim eesti autori l\u00fchiromaan v\u00f5i jutustus<\/h2>\n<p>Osales 29 h\u00e4\u00e4letajat. H\u00e4\u00e4li said 14 teksti.<\/p>\n<p><b>1. Maniakkide T\u00e4nav &#8211; J. J. Metsavana \u00abKaelani vaakumis\u00bb (antoloogia \u00abT\u00e4heaeg 11: Viirastuslik r\u00fcgement\u00bb) 61<\/b><br \/>\n2. Triinu Meres \u00abKuningate tagasitulek\u00bb (antoloogia \u00abT\u00e4heaeg 11: Viirastuslik r\u00fcgement\u00bb) 58<br \/>\n3. Maniakkide T\u00e4nav \u00abStardiloendus\u00bb (autorikogu \u00abSaladuslik tsaar\u00bb) 39<br \/>\n4. Triinu Meres \u00abSulavesi ja vereside\u00bb (antoloogia \u00abT\u00e4heaeg 10: Juubeliv\u00e4ljaanne\u00bb) 21<br \/>\n5. J. J. Metsavana \u00abPudrum\u00e4gi\u00bb (autorikogu \u00abSaladuslik tsaar\u00bb) 19<br \/>\n6. Siim Veskimees \u00abKerge on olla jumal\u00bb (antoloogia \u00abT\u00e4heaeg 11: Viirastuslik r\u00fcgement\u00bb) 16<br \/>\n7. Jaagup Mahkra \u00abVerepulm vaksalis\u00bb (\u00abReaktor\u00bb nr 4 (jaanuar 2012)) 10<br \/>\n8. \u00dclle L\u00e4tte \u00abPuskarimees\u00bb (antoloogia \u00abT\u00e4heaeg 11: Viirastuslik r\u00fcgement\u00bb) 8<br \/>\n9. Siim Veskimees \u00abPimeduse j\u00e4rv\u00bb (\u00abAlgernon\u00bb 2012; detsember) 7<br \/>\n10.\u201311. Kristjan Sander \u00abGalahar\u00bb (autorikogu \u00ab\u00d5htu rannal\u00bb) 6<br \/>\n10.\u201311. Ahvide Tarzan \u00abSaladuslik saast\u00bb (\u00abAlgernon\u00bb 2012; detsember) 6<br \/>\n12. Heli Illipe-Sootak \u00abP\u00f6rk\u00f6lt\u00bb (Tiritamm) 5<br \/>\n13. Marcus Kaas \u00abMitte millegi prints\u00bb (antoloogia \u00abT\u00e4heaeg 11: Viirastuslik r\u00fcgement\u00bb) 4<br \/>\n14. Maniakkide T\u00e4nav \u00abOrdu ja asum\u00bb (\u00abReaktor\u00bb nr 4 (jaanuar 2012)) 1<\/p>\n<p><a id=\"eztoc174743_7\" name=\"eztoc174743_7\"><\/a><\/p>\n<h2>Parim eesti autori l\u00fchijutt<\/h2>\n<p>Osales 21 h\u00e4\u00e4letajat. H\u00e4\u00e4li said 23 l\u00fchijuttu.<\/p>\n<p><b>1. Veiko Belials \u00abSeal, kus voolab valgus\u00bb (antoloogia \u00abT\u00e4heaeg 11: Viirastuslik r\u00fcgement\u00bb) 25<\/b><br \/>\n2. Maniakkide T\u00e4nav \u00abLahkumiskink\u00bb (autorikogu \u00abSaladuslik tsaar\u00bb) 22<br \/>\n3.\u2013 4. Jaagup Mahkra \u00abV\u00e4ike t\u00e4pp horisondil\u00bb (autorikogu \u00abSaladuslik tsaar\u00bb) 20<br \/>\n3.\u2013 4. J. J. Metsavana \u00abProovis\u00f5it, ehk Kuidas v\u00fcrst kuu peale kippus\u00bb (autorikogu \u00abSaladuslik tsaar\u00bb) 20<br \/>\n5. Maniakkide T\u00e4nav \u00abMust muna\u00bb (antoloogia \u00abT\u00e4heaeg 10: Juubeliv\u00e4ljaanne\u00bb) 17<br \/>\n6.\u20137. Laur Kraft \u00abS\u00fcgelisn\u00f5ia kingitus\u00bb (Nailboard Records) 10<br \/>\n6.\u20137. Tea Roosvald \u00abPime aken\u00bb (antoloogia \u00abT\u00e4heaeg 11: Viirastuslik r\u00fcgement\u00bb) 10<br \/>\n8.\u201310. Kristjan Sander \u00abMere pruut\u00bb (antoloogia \u00abT\u00e4heaeg 10: Juubeliv\u00e4ljaanne\u00bb) 8<br \/>\n8.\u201310. Maniakkide T\u00e4nav \u00abJa rongid peatusid\u00bb (autorikogu \u00abSaladuslik tsaar\u00bb) 8<br \/>\n8.\u201310. Maniakkide T\u00e4nav \u00abP\u00f5rguv\u00e4rav\u00bb (autorikogu \u00abSaladuslik tsaar\u00bb) 8<br \/>\n11.\u201312. J. J. Metsavana \u00abLaenatud elu\u00bb (autorikogu \u00abSaladuslik tsaar\u00bb) 7<br \/>\n11.\u201312. Kristjan Sander \u00abKolmevalitsus\u00bb (autorikogu \u00ab\u00d5htu rannal\u00bb) 7<br \/>\n13. Maniakkide T\u00e4nav \u00abRobonaut\u00bb (autorikogu \u00abSaladuslik tsaar\u00bb) 5<br \/>\n14.\u201315. Toomas Krips \u00abTeene v\u00f5lgu\u00bb (\u00abReaktor\u00bb nr 9 (juuni 2012)) 4<br \/>\n14.\u201315. Rein Raud \u00abV\u00f5imsalt voogab Olemise j\u00f5gi\u00bb (antoloogia \u00abT\u00e4heaeg 11: Viirastuslik r\u00fcgement\u00bb) 4<br \/>\n16.\u201318. Meelis Friedenthal \u00abKass\u00bb (antoloogia \u00abMitte-Tartu\u00bb &amp; \u00abAlgernon\u00bb 2012; detsember) 3<br \/>\n16.\u201318. Krafinna \u00abKasper\u00bb (\u00abReaktor\u00bb nr 11 (august 2012)) 3<br \/>\n16.\u201318. Lee Leithammel \u00abKombinaat\u00bb (\u00abReaktor\u00bb nr 7 (aprill 2012)) 3<br \/>\n19.\u201323. Veiko Belials \u00abKuller Cato: Viimane \u00fclesanne\u00bb (\u00abAlgernon\u00bb 2012; detsember) 1<br \/>\n19.\u201323. T\u00f5nis Andreas Hallaste \u00abKolm t\u00f5de ja Loch Nessi koletis\u00bb (\u00abAlgernon\u00bb 2012; aprill) 1<br \/>\n19.\u201323. J. J. Metsavana \u00abTondilatern\u00bb (\u00abReaktor\u00bb nr 15 (detsember 2012)) 1<br \/>\n19.\u201323. J. J. Metsavana \u00abVasekarva s\u00f5jaj\u00e4rgne\u00bb (\u00abReaktor\u00bb nr 4 (jaanuar 2012)) 1<br \/>\n19.\u201323. Taivo Rist \u00abKolm soovi\u00bb (\u00abAlgernon\u00bb 2012; aprill) 1<\/p>\n<\/div>\n","protected":false},"excerpt":{"rendered":"<p>Laup\u00e4eval, 13. juulil kuulutati Estcon 2013 raames v\u00e4lja Eesti ulmeauhinna Stalker 2013 v\u00f5itjad. Auhinnale kandideerisid 2012. aasta jooksul eesti keeles esmakordselt ilmunud tekstid ja raamatud. H\u00e4\u00e4letuses v\u00f5is osaleda iga\u00fcks, kes oli neid teoseid lugenud ning tundis endas vajadust ja tahtmist &hellip; <a href=\"http:\/\/ulme.ee\/veeb\/?page_id=3888&#038;lang=et\">J\u00e4tka lugemist <span class=\"meta-nav\">&rarr;<\/span><\/a><\/p>\n","protected":false},"author":1,"featured_media":0,"parent":0,"menu_order":0,"comment_status":"closed","ping_status":"closed","template":"","meta":{"footnotes":""},"_links":{"self":[{"href":"http:\/\/ulme.ee\/veeb\/index.php?rest_route=\/wp\/v2\/pages\/3888"}],"collection":[{"href":"http:\/\/ulme.ee\/veeb\/index.php?rest_route=\/wp\/v2\/pages"}],"about":[{"href":"http:\/\/ulme.ee\/veeb\/index.php?rest_route=\/wp\/v2\/types\/page"}],"author":[{"embeddable":true,"href":"http:\/\/ulme.ee\/veeb\/index.php?rest_route=\/wp\/v2\/users\/1"}],"replies":[{"embeddable":true,"href":"http:\/\/ulme.ee\/veeb\/index.php?rest_route=%2Fwp%2Fv2%2Fcomments&post=3888"}],"version-history":[{"count":2,"href":"http:\/\/ulme.ee\/veeb\/index.php?rest_route=\/wp\/v2\/pages\/3888\/revisions"}],"predecessor-version":[{"id":7670,"href":"http:\/\/ulme.ee\/veeb\/index.php?rest_route=\/wp\/v2\/pages\/3888\/revisions\/7670"}],"wp:attachment":[{"href":"http:\/\/ulme.ee\/veeb\/index.php?rest_route=%2Fwp%2Fv2%2Fmedia&parent=3888"}],"curies":[{"name":"wp","href":"https:\/\/api.w.org\/{rel}","templated":true}]}}