{"id":3886,"date":"2016-07-26T13:26:01","date_gmt":"2016-07-26T10:26:01","guid":{"rendered":"http:\/\/esuaxue.havike.eenet.ee\/veeb\/?page_id=3886"},"modified":"2016-08-08T16:15:43","modified_gmt":"2016-08-08T13:15:43","slug":"2013-haaletusnimekiri","status":"publish","type":"page","link":"http:\/\/ulme.ee\/veeb\/?page_id=3886&lang=et","title":{"rendered":"2013 h\u00e4\u00e4letusnimekiri"},"content":{"rendered":"<div class=\"attribute-short\">\n<p>H\u00e4\u00e4letamiseks tuleb reastada igas kategoorias kolm paremat.<\/p>\n<p>Ei ole kohustust h\u00e4\u00e4letada k\u00f5igis kategooriates \u2013 kui mingis kategoorias ei suuda kolme paremat leida, siis v\u00f5ib need kategooriad vahele j\u00e4tta.<\/p>\n<p>Paremusj\u00e4rjestused tuleb saata meiliaadressil stalker@ulme.ee .<\/p>\n<p>H\u00e4\u00e4letus algab 1. mai 2013 (kell 0.00) ja l\u00f5peb 1. juuli 2013 (kell 24.00)!<\/p>\n<\/div>\n<div class=\"attribute-long\">\n<p>H\u00e4\u00e4letusnimekirjad<\/p>\n<p><a id=\"eztoc166640_1\" name=\"eztoc166640_1\"><\/a><\/p>\n<h2><b>Parim t\u00f5lkeromaan<\/b><\/h2>\n<p>Eli <b>Anderson<\/b> \u00abOscar Pill: Meedikuste s\u00f5num\u00bb (Sinisukk)<br \/>\nR. J. <b>Anderson<\/b> \u00abM\u00e4ssavad haldjad\u00bb (Pegasus)<br \/>\nCatherine <b>Banner<\/b> \u00abPimeduse h\u00e4\u00e4led\u00bb (Varrak)<br \/>\nJohn <b>Barrowman<\/b> &#8211; Carole E. <b>Barrowman<\/b> \u00ab\u00d5\u00f5nsa Maa saladus\u00bb (TEA Kirjastus)<br \/>\nAleksandr <b>Beljajev<\/b> \u00abProfessor Dowelli pea\u00bb (Fantaasia)<br \/>\n\u00c1d\u00e1m <b>Bodor<\/b> \u00abSinistra ringkond\u00bb (V\u00f5luri tagasitulek)<br \/>\nLois McMaster <b>Bujold<\/b> \u00abCetaganda\u00bb (Varrak)<br \/>\nLois McMaster <b>Bujold<\/b> \u00abRelvavennad\u00bb (Varrak)<br \/>\nP. C. <b>Cast<\/b> &#8211; Kristin <b>Cast<\/b> \u00abReedetud\u00bb (Pegasus)<br \/>\nP. C. <b>Cast<\/b> &#8211; Kristin <b>Cast<\/b> \u00abV\u00e4ljavalitud\u00bb (Pegasus)<br \/>\nKate <b>DiCamillo<\/b> \u00abMustkunstniku elevant\u00bb (Draakon &amp; Kuu)<br \/>\nLisi <b>Harrison<\/b> \u00abMonster High: K\u00f5rvalmaja koletis\u00bb (Egmont Estonia)<br \/>\nPaul <b>Hoffman<\/b> \u00abJumala vasak k\u00e4si\u00bb (Pegasus)<br \/>\nSyrie <b>James<\/b> &#8211; Ryan <b>James<\/b> \u00abKeelatud elu\u00bb (Sinisukk)<br \/>\nMihhail <b>Jelizarov<\/b> \u00abRaamatuhoidja\u00bb (Varrak)<br \/>\nLauren <b>Kate<\/b> \u00abLangenud\u00bb (Pegasus)<br \/>\nCeline <b>Kiernan<\/b> \u00abM\u00fcrgitroon\u00bb (Tiritamm)<br \/>\nKrystyna <b>Kuhn<\/b> \u00abOrg I: III raamat. Torm\u00bb (Sinisukk)<br \/>\nRichelle <b>Mead<\/b> \u00abVampiiride akadeemia: Varju suudlus\u00bb (Ersen)<br \/>\nBen <b>Okri<\/b> \u00abJumalaid h\u00e4mmastades\u00bb (Allika\u00e4\u00e4rne)<br \/>\nChristopher <b>Paolini<\/b> \u00abP\u00e4rand\u00bb (Pegasus)<br \/>\nJames <b>Patterson<\/b> &#8211; Gabrielle <b>Charbonnet<\/b> \u00abV\u00f5lur ja n\u00f5id\u00bb (Sinisukk)<br \/>\nJames <b>Patterson<\/b> &#8211; Ned <b>Rust<\/b> \u00abV\u00f5lur ja n\u00f5id: Anne\u00bb (Sinisukk)<br \/>\nJames <b>Patterson<\/b> &#8211; Jill <b>Dembowski<\/b> \u00abV\u00f5lur ja n\u00f5id: Tuli\u00bb (Sinisukk)<br \/>\nAleksei <b>Pehhov<\/b> \u00abD\u017eanga varjudega\u00bb (Varrak)<br \/>\nAnne <b>Plichota<\/b> &#8211; Cendrine <b>Wolf<\/b> \u00abOksa Pollock: Kadunute mets\u00bb (TEA Kirjastus)<br \/>\nTerry <b>Pratchett<\/b> \u00abTubakas\u00bb (Varrak)<br \/>\nPatrick <b>Rothfuss<\/b> \u00abTarga mehe hirm\u00bb (Varrak) [<i>2 k\u00f6idet<\/i>]<br \/>\nDavid <b>Safier<\/b> \u00abHalb karma\u00bb (T\u00e4nap\u00e4ev)<br \/>\nMichael <b>Scott<\/b> \u00abSorts\u00bb (Pegasus)<br \/>\nJon <b>Skovron<\/b> \u00abSobimatu\u00bb (Ajakirjade Kirjastus)<br \/>\nL. J. <b>Smith<\/b> \u00abSalaring: Riitus\u00bb (Varrak)<br \/>\nL. J. <b>Smith<\/b> \u00abSalaring: Vang\u00bb (Varrak)<br \/>\nL. J. <b>Smith<\/b> \u00abSalaring: V\u00e4gi\u00bb (Varrak)<br \/>\nL. J. <b>Smith<\/b> \u00abVampiirip\u00e4evikud: Raev\u00bb (Varrak)<br \/>\nL. J. <b>Smith<\/b> \u00abVampiirip\u00e4evikud: Taaskohtumine\u00bb (Varrak)<br \/>\nVladimir <b>Sorokin<\/b> \u00abSuhkrust Kreml\u00bb (Argo)<br \/>\nVladimir <b>Sorokin<\/b> \u00abTuisk\u00bb (T\u00e4nap\u00e4ev)<br \/>\nLili <b>St. Crow<\/b> \u00abVeidrad inglid\u00bb (Pegasus)<br \/>\nMaggie <b>Stiefvater<\/b> \u00abIgavesti\u00bb (T\u00e4nap\u00e4ev)<br \/>\nJoss <b>Stirling<\/b> \u00abMa leian su, Sky\u00bb (Ajakirjade Kirjastus)<br \/>\nMats <b>Strandberg<\/b> &#8211; Sara Bergmark <b>Elfgren<\/b> \u00abRing\u00bb (Varrak)<br \/>\nMats <b>Strandberg<\/b> &#8211; Sara Bergmark <b>Elfgren<\/b> \u00abTuli\u00bb (Varrak)<br \/>\nArkadi <b>Strugatski<\/b> &#8211; Boriss <b>Strugatski<\/b> \u00abH\u00e4\u00e4buv linn\u00bb (Fantaasia)<br \/>\nRoger <b>Zelazny<\/b> \u00abKaose prints\u00bb (Fantaasia)<br \/>\nGuillermo del <b>Toro<\/b> &#8211; Chuck <b>Hogan<\/b> \u00abIgavene \u00f6\u00f6\u00bb (T\u00e4nap\u00e4ev)<br \/>\nVernor <b>Vinge<\/b> \u00abS\u00fcgavik taevas\u00bb (Fantaasia)<br \/>\nJan <b>Wallentin<\/b> \u00abStrindbergi t\u00e4ht\u00bb (Ajakirjade Kirjastus)<br \/>\nScott <b>Westerfeld<\/b> \u00abErilised\u00bb (Varrak)<br \/>\nScott <b>Westerfeld<\/b> \u00abV\u00e4lised\u00bb (Varrak)<\/p>\n<p><a id=\"eztoc166640_2\" name=\"eztoc166640_2\"><\/a><\/p>\n<h2><b>Parim antoloogia v\u00f5i kogumik<\/b><\/h2>\n<p>Meg <b>Cabot<\/b> &#8211; Kim <b>Harrison<\/b> &#8211; Michele <b>Jaffe<\/b> &#8211; Stephenie <b>Meyer<\/b> &#8211; Lauren <b>Myracle<\/b> \u00abP\u00f5rgulikud l\u00f5pu\u00f5htud\u00bb (Pegasus)<br \/>\nUrsula K. <b>Le Guin<\/b> \u00abMeremaa jutud\u00bb (Fantaasia)<br \/>\nStephen <b>King<\/b> \u00abP\u00e4rast p\u00e4ikeseloojangut\u00bb (Pegasus)<br \/>\nAlastair <b>Reynolds<\/b> \u00abSuur Marsi m\u00fc\u00fcr\u00bb (Fantaasia)<br \/>\nKristjan <b>Sander<\/b> \u00ab\u00d5htu rannal\u00bb (Varrak)<br \/>\nRaul <b>Sulbi<\/b> (<i>koost<\/i>) \u00abT\u00e4heaeg 10: Juubeliv\u00e4ljaanne\u00bb (Fantaasia)<br \/>\nRaul <b>Sulbi<\/b> (<i>koost<\/i>) \u00abT\u00e4heaeg 11: Viirastuslik r\u00fcgement\u00bb (Fantaasia)<br \/>\nManiakkide <b>T\u00e4nav<\/b> &#8211; J. J. <b>Metsavana<\/b> &#8211; Jaagup <b>Mahkra<\/b> \u00abSaladuslik tsaar\u00bb (Fantaasia)<br \/>\nGene <b>Wolfe<\/b> \u00abDoktor Surma saar\u00bb \/ John <b>Varley<\/b> \u00abBarbiem\u00f5rvad\u00bb (Skarabeus)<\/p>\n<p><a id=\"eztoc166640_3\" name=\"eztoc166640_3\"><\/a><\/p>\n<h2><b>Parim t\u00f5lkel\u00fchiromaan v\u00f5i -jutustus<\/b><\/h2>\n<p>Paolo <b>Bacigalupi<\/b> \u00abAlkeemik\u00bb (Fantaasia)<br \/>\nMeg <b>Cabot<\/b> \u00abMadison Avery ja hall vikatimees\u00bb (antoloogia \u00abP\u00f5rgulikud l\u00f5pu\u00f5htud\u00bb)<br \/>\nJames <b>Grant<\/b> \u00abViirastuslik r\u00fcgement\u00bb (antoloogia \u00abT\u00e4heaeg 11: Viirastuslik r\u00fcgement\u00bb)<br \/>\nUrsula K. <b>Le Guin<\/b> \u00abKiil\u00bb (autorikogu \u00abMeremaa jutud\u00bb)<br \/>\nUrsula K. <b>Le Guin<\/b> \u00abK\u00f5rgel n\u00f5mmel\u00bb (autorikogu \u00abMeremaa jutud\u00bb)<br \/>\nUrsula K. <b>Le Guin<\/b> \u00abLeidja\u00bb (autorikogu \u00abMeremaa jutud\u00bb)<br \/>\nUrsula K. <b>Le Guin<\/b> \u00abTumeroos ja teemant\u00bb (autorikogu \u00abMeremaa jutud\u00bb)<br \/>\nKim <b>Harrison<\/b> \u00abMadison Avery ja hall vikatimees\u00bb (antoloogia \u00abP\u00f5rgulikud l\u00f5pu\u00f5htud\u00bb)<br \/>\nMichele <b>Jaffe<\/b> \u00abSada suudlust\u00bb (antoloogia \u00abP\u00f5rgulikud l\u00f5pu\u00f5htud\u00bb)<br \/>\nStephen <b>King<\/b> \u00abAsjad, mis j\u00e4id neist maha\u00bb (autorikogu \u00abP\u00e4rast p\u00e4ikeseloojangut\u00bb)<br \/>\nStephen <b>King<\/b> \u00abKakukeset\u00fcdruk\u00bb (autorikogu \u00abP\u00e4rast p\u00e4ikeseloojangut\u00bb)<br \/>\nStephen <b>King<\/b> \u00abN\u00bb (autorikogu \u00abP\u00e4rast p\u00e4ikeseloojangut\u00bb)<br \/>\nStephen <b>King<\/b> \u00abTumm\u00bb (autorikogu \u00abP\u00e4rast p\u00e4ikeseloojangut\u00bb)<br \/>\nStephen <b>King<\/b> \u00abVelotrena\u017e\u00f6\u00f6r\u00bb (autorikogu \u00abP\u00e4rast p\u00e4ikeseloojangut\u00bb)<br \/>\nStephen <b>King<\/b> \u00abV\u00e4ga kitsas koht\u00bb (autorikogu \u00abP\u00e4rast p\u00e4ikeseloojangut\u00bb)<br \/>\nStephen <b>King<\/b> \u00abWilla\u00bb (autorikogu \u00abP\u00e4rast p\u00e4ikeseloojangut\u00bb)<br \/>\nGeorge R. R. <b>Martin<\/b> \u00abTema laste portreed\u00bb (antoloogia \u00abT\u00e4heaeg 10: Juubeliv\u00e4ljaanne\u00bb)<br \/>\nGeorge R. R. <b>Martin<\/b> \u00ab\u00d6\u00f6lendajad\u00bb (Fantaasia)<br \/>\nStephenie <b>Meyer<\/b> \u00abP\u00f5rgu maa peal\u00bb (antoloogia \u00abP\u00f5rgulikud l\u00f5pu\u00f5htud\u00bb)<br \/>\nLauren <b>Myracle<\/b> \u00abLillekimp\u00bb (antoloogia \u00abP\u00f5rgulikud l\u00f5pu\u00f5htud\u00bb)<br \/>\nPhilip Francis <b>Nowlan<\/b> \u00abArmaggedon 2419 AD\u00bb (\u00abReaktor\u00bb nr 11 (august 2012))<br \/>\nAlastair <b>Reynolds<\/b> \u00abLiustikuline\u00bb (autorikogu \u00abSuur Marsi m\u00fc\u00fcr\u00bb)<br \/>\nAlastair <b>Reynolds<\/b> \u00abSuur Marsi m\u00fc\u00fcr\u00bb (autorikogu \u00abSuur Marsi m\u00fc\u00fcr\u00bb)<br \/>\nJohn <b>Varley<\/b> \u00abBarbiem\u00f5rvad\u00bb (duubelkogu \u00abDoktor Surma saar\u00bb \/ \u00abBarbiem\u00f5rvad\u00bb)<br \/>\nJohn <b>Varley<\/b> \u00abVajuta ENTER \u25a0\u00bb (duubelkogu \u00abDoktor Surma saar\u00bb \/ \u00abBarbiem\u00f5rvad\u00bb)<br \/>\nStanley G. <b>Weinbaum<\/b> \u00abMarsi od\u00fcsseia\u00bb (\u00abReaktor\u00bb nr 9 (juuni 2012))<br \/>\nGene <b>Wolfe<\/b> \u00abTsikuraat\u00bb (duubelkogu \u00abDoktor Surma saar\u00bb \/ \u00abBarbiem\u00f5rvad\u00bb)<\/p>\n<p><a id=\"eztoc166640_4\" name=\"eztoc166640_4\"><\/a><\/p>\n<h2><b>Parim t\u00f5lkel\u00fchijutt<\/b><\/h2>\n<p>Vladimir <b>Arenev<\/b> \u00abKriitilised p\u00e4evad\u00bb (\u00abReaktor\u00bb nr 7 (aprill 2012))<br \/>\nA. C. <b>Benson<\/b> \u00abPunane laager\u00bb (\u00abAlgernon\u00bb 2012; aprill)<br \/>\nJeff <b>Carlson<\/b> \u00abSurve\u00bb (\u00abAlgernon\u00bb 2012; detsember)<br \/>\nStephen <b>King<\/b> \u00abAyana\u00bb (autorikogu \u00abP\u00e4rast p\u00e4ikeseloojangut\u00bb)<br \/>\nStephen <b>King<\/b> \u00abHarvey unen\u00e4gu\u00bb (autorikogu \u00abP\u00e4rast p\u00e4ikeseloojangut\u00bb)<br \/>\nStephen <b>King<\/b> \u00abKoolil\u00f5pu p\u00e4rastl\u00f5una\u00bb (autorikogu \u00abP\u00e4rast p\u00e4ikeseloojangut\u00bb)<br \/>\nStephen <b>King<\/b> \u00abNew York Times soodushinnaga\u00bb (autorikogu \u00abP\u00e4rast p\u00e4ikeseloojangut\u00bb)<br \/>\nStephen <b>King<\/b> \u00abPeatuspaik\u00bb (autorikogu \u00abP\u00e4rast p\u00e4ikeseloojangut\u00bb)<br \/>\nStephen <b>King<\/b> \u00abP\u00f5rgukass\u00bb (autorikogu \u00abP\u00e4rast p\u00e4ikeseloojangut\u00bb)<br \/>\nRafa\u0142 <b>Kosik<\/b> \u00abMarss\u00bb (\u00abReaktor\u00bb nr 12 (september 2012))<br \/>\nUrsula K. <b>Le Guin<\/b> \u00abLahtisidumise s\u00f5na\u00bb (antoloogia \u00abT\u00e4heaeg 10: Juubeliv\u00e4ljaanne\u00bb)<br \/>\nUrsula K. <b>Le Guin<\/b> \u00abMaa luud\u00bb (autorikogu \u00abMeremaa jutud\u00bb)<br \/>\nUrsula K. <b>Le Guin<\/b> \u00abNimede seadus\u00bb (antoloogia \u00abT\u00e4heaeg 10: Juubeliv\u00e4ljaanne\u00bb)<br \/>\nH. P. <b>Lovecraft<\/b> \u00abFestival\u00bb (\u00abReaktor\u00bb nr 6 (m\u00e4rts 2012))<br \/>\nLaura Lee <b>McArdle<\/b> \u00abTulnukad v\u00f5i?\u00bb (\u00abAlgernon\u00bb 2012; aprill)<br \/>\nAdriana <b>Simon<\/b> \u00abP\u00e4rast veeuputust\u00bb (\u00abAlgernon\u00bb 2012; aprill)<br \/>\nGene <b>Wolfe<\/b> \u00abDoktor Surma saar ja teised jutud\u00bb (duubelkogu \u00abDoktor Surma saar\u00bb \/ \u00abBarbiem\u00f5rvad\u00bb)<br \/>\nGene <b>Wolfe<\/b> \u00abKaart\u00bb (duubelkogu \u00abDoktor Surma saar\u00bb \/ \u00abBarbiem\u00f5rvad\u00bb)<br \/>\nGene <b>Wolfe<\/b> \u00abPulpkaas\u00bb (duubelkogu \u00abDoktor Surma saar\u00bb \/ \u00abBarbiem\u00f5rvad\u00bb)<\/p>\n<p><a id=\"eztoc166640_5\" name=\"eztoc166640_5\"><\/a><\/p>\n<h2><b>Parim eesti autori romaan<\/b><\/h2>\n<p>Nikolai <b>Baturin<\/b> \u00abLendav hollandlanna\u00bb (Eesti Raamat)<br \/>\nMarje <b>Ernits<\/b> \u00abKuukerijad\u00bb (Randvelt)<br \/>\nUlis <b>Guth<\/b> \u00ab\u00c4rap\u00f6\u00f6ratud\u00bb (Grenader Grupp)<br \/>\nAirika <b>Harrik<\/b> \u00ab\u00d5nnistatud needus\u00bb (Randvelt)<br \/>\nKristjan <b>Loorits<\/b> \u00abLiteristid, ehk Patrik Laurise kummaline elu\u00bb (T\u00e4nap\u00e4ev)<br \/>\nRiina <b>Pauklin<\/b> \u00abSuure lohe maa: V\u00e4rava saladus\u00bb (Sinisukk)<br \/>\nKadri <b>Pettai<\/b> \u00abJaanik(a)\u00bb (T\u00e4nap\u00e4ev)<br \/>\nRein <b>P\u00f5der<\/b> \u00abLaev\u00bb (Eesti Raamat)<br \/>\nHeidi <b>Raba<\/b> \u00abLili Remma ja unehiilija\u00bb (Kentaur)<br \/>\nKent <b>Raju<\/b> \u00abTuntud Universum: Kadunud Maa\u00bb (Ajakirjade Kirjastus)<br \/>\nLeila <b>Tael-Mike\u0161in<\/b> \u00abLoojate m\u00e4ngud\u00bb (Fantaasia)<br \/>\nTiit <b>Sepa<\/b> \u00abEelsoodumus armastada 3\u00bb (Ersen)<br \/>\nTiit <b>Tarlap<\/b> \u00abL\u00f5hestusjoon\u00bb (Varrak)<br \/>\nTiit <b>Tarlap<\/b> \u00abRoheliste lippude reservaat\u00bb (Gamma &amp; Ji)<br \/>\nSiim <b>Veskimees<\/b> \u00abL\u00f5putu juuni\u00bb (\u00abL\u00e4\u00e4ne Elu\u00bb 2012; &amp; autori koduleht)<br \/>\nSiim <b>Veskimees<\/b> \u00abLahkul\u00f6\u00f6mislahingud: Kuu Ordu 2061. aasta s\u00f5ja teine raamat\u00bb (Fantaasia)<\/p>\n<p><a id=\"eztoc166640_6\" name=\"eztoc166640_6\"><\/a><\/p>\n<h2><b>Parim eesti autori l\u00fchiromaan v\u00f5i jutustus<\/b><\/h2>\n<p><b>1695<\/b> \u00abV\u00f5\u00f5rad suled\u00bb (\u00abReaktor\u00bb nr 11 (august 2012))<br \/>\nAarne <b>Anmann<\/b> \u00abSturmwaldide m\u00f5isa saladused\u00bb (Aarne Anmann)<br \/>\nHeli <b>Illipe-Sootak<\/b> \u00abP\u00f6rk\u00f6lt\u00bb (Tiritamm)<br \/>\nMarcus <b>Kaas<\/b> \u00abMitte millegi prints\u00bb (antoloogia \u00abT\u00e4heaeg 11: Viirastuslik r\u00fcgement\u00bb)<br \/>\nMarcus <b>Kaas<\/b> \u00abViimane vahetus\u00bb (antoloogia \u00abT\u00e4heaeg 10: Juubeliv\u00e4ljaanne\u00bb)<br \/>\nSiiri <b>Laidla<\/b> \u00abToometondu\u00bb (T\u00e4nap\u00e4ev)<br \/>\n\u00dclle <b>L\u00e4tte<\/b> \u00abPuskarimees\u00bb (antoloogia \u00abT\u00e4heaeg 11: Viirastuslik r\u00fcgement\u00bb)<br \/>\nJaagup <b>Mahkra<\/b> \u00abVerepulm vaksalis\u00bb (\u00abReaktor\u00bb nr 4 (jaanuar 2012))<br \/>\nTriinu <b>Meres<\/b> \u00abKuningate tagasitulek\u00bb (antoloogia \u00abT\u00e4heaeg 11: Viirastuslik r\u00fcgement\u00bb)<br \/>\nTriinu <b>Meres<\/b> \u00abSulavesi ja vereside\u00bb (antoloogia \u00abT\u00e4heaeg 10: Juubeliv\u00e4ljaanne\u00bb)<br \/>\nJ. J. <b>Metsavana<\/b> \u00abPudrum\u00e4gi\u00bb (autorikogu \u00abSaladuslik tsaar\u00bb)<br \/>\nKristjan <b>Sander<\/b> \u00abGalahar\u00bb (autorikogu \u00ab\u00d5htu rannal\u00bb)<br \/>\nKristjan <b>Sander<\/b> \u00abLoodimine\u00bb (autorikogu \u00ab\u00d5htu rannal\u00bb)<br \/>\nOsvald <b>Soobel<\/b> \u00abPiiririkkumine\u00bb (\u00abReaktor\u00bb nr 9 (juuni 2012))<br \/>\nAhvide <b>Tarzan<\/b> \u00abSaladuslik saast\u00bb (\u00abAlgernon\u00bb 2012; detsember)<br \/>\nManiakkide <b>T\u00e4nav<\/b> \u00abOrdu ja asum\u00bb (\u00abReaktor\u00bb nr 4 (jaanuar 2012))<br \/>\nManiakkide <b>T\u00e4nav<\/b> \u00abStardiloendus\u00bb (autorikogu \u00abSaladuslik tsaar\u00bb)<br \/>\nManiakkide <b>T\u00e4nav<\/b> &#8211; J. J. <b>Metsavana<\/b> \u00abKaelani vaakumis\u00bb (antoloogia \u00abT\u00e4heaeg 11: Viirastuslik r\u00fcgement\u00bb)<br \/>\nSiim <b>Veskimees<\/b> \u00abKerge on olla jumal\u00bb (antoloogia \u00abT\u00e4heaeg 11: Viirastuslik r\u00fcgement\u00bb)<br \/>\nSiim <b>Veskimees<\/b> \u00abPimeduse j\u00e4rv\u00bb (\u00abAlgernon\u00bb 2012; detsember)<\/p>\n<p><a id=\"eztoc166640_7\" name=\"eztoc166640_7\"><\/a><\/p>\n<h2><b>Parim eesti autori l\u00fchijutt<\/b><\/h2>\n<p><b>( : )kivisildnik<\/b> \u00abK\u00f5ik vihkavad arvosid\u00bb (\u00abReaktor\u00bb nr 11 (august 2012))<br \/>\nRaido <b>Alberg<\/b> \u00abHirmul on halb hinge\u00f5hk\u00bb (\u00abV\u00e4rske R\u00f5hk\u00bb nr 29 (I\/2012))<br \/>\nAnett <b>Aniott<\/b> \u00abKollased lilled\u00bb (\u00abReaktor\u00bb nr 10 (juuli 2012))<br \/>\nVincent <b>Arckharum<\/b> \u00abOrkisepp\u00bb (\u00abReaktor\u00bb nr 4 (jaanuar 2012))<br \/>\nTriinu <b>Avans<\/b> \u00abP\u00e4\u00e4stjad\u00bb (\u00abReaktor\u00bb nr 10 (juuli 2012))<br \/>\nAleksander <b>Batanov<\/b> \u00abDahlbergide aed\u00bb (antoloogia \u00abT\u00e4heaeg 10: Juubeliv\u00e4ljaanne\u00bb)<br \/>\nVeiko <b>Belials<\/b> \u00abKuller Cato: Viimane \u00fclesanne\u00bb (\u00abAlgernon\u00bb 2012; detsember)<br \/>\nVeiko <b>Belials<\/b> \u00abSeal, kus voolab valgus\u00bb (antoloogia \u00abT\u00e4heaeg 11: Viirastuslik r\u00fcgement\u00bb)<br \/>\n<b>Demon<\/b> \u00abVarjud ja kutse\u00bb (\u00abReaktor\u00bb nr 6 (m\u00e4rts 2012))<br \/>\nMeelis <b>Friedenthal<\/b> \u00abKass\u00bb (antoloogia \u00abMitte-Tartu\u00bb &amp; \u00abAlgernon\u00bb 2012; detsember)<br \/>\nSippie <b>Guth<\/b> \u00abRobot\u00f5petaja\u00bb (\u00abReaktor\u00bb nr 8 (mai 2012))<br \/>\nT\u00f5nis Andreas <b>Hallaste<\/b> \u00abKolm t\u00f5de ja Loch Nessi koletis\u00bb (\u00abAlgernon\u00bb 2012; aprill)<br \/>\nT\u00f5nis Andreas <b>Hallaste<\/b> \u00abTeistmoodi tehing\u00bb (\u00abAlgernon\u00bb 2012; detsember)<br \/>\nT\u00f5nis Andreas <b>Hallaste<\/b> \u00abViikingir\u00fcnnak\u00bb (\u00abReaktor\u00bb nr 13 (oktoober 2012))<br \/>\nT\u00f5nis Andreas <b>Hallaste<\/b> \u00abViimane soov\u00bb (\u00abAlgernon\u00bb 2012; aprill)<br \/>\nIndrek <b>Hargla<\/b> \u00abOsariigi presidendi kohtumine\u00bb (\u00abEesti P\u00e4evaleht\u00bb 2012; 28. detsember)<br \/>\nPeeter <b>Helme<\/b> \u00abJ\u00f5ulud A. D. 3000\u00bb (\u00abEesti Ekspress\u00bb 2012; 24. detsember)<br \/>\nRaivo <b>Ird<\/b> \u00abN\u00f5iaring\u00bb (\u00abReaktor\u00bb nr 5 (veebruar 2012))<br \/>\nMaarja-Liis <b>J\u00e4nes<\/b> \u00abMarama\u00bb (\u00abReaktor\u00bb nr 10 (juuli 2012))<br \/>\nManfred <b>Kalmsten<\/b> \u00abLoheisand\u00bb (\u00abReaktor\u00bb nr 12 (september 2012))<br \/>\nManfred <b>Kalmsten<\/b> \u00abMina, kass ja avakosmos\u00bb (\u00abReaktor\u00bb nr 11 (august 2012))<br \/>\nManfred <b>Kalmsten<\/b> \u00abTsombiholokaust\u00bb (\u00abReaktor\u00bb nr 8 (mai 2012))<br \/>\nManfred <b>Kalmsten<\/b> \u00abV\u00e4ljalaenatud valitsusaeg\u00bb (\u00abReaktor\u00bb nr 7 (aprill 2012))<br \/>\nTaavi <b>Kangur<\/b> \u00abKirjutatud elu\u00bb (antoloogia \u00abT\u00e4heaeg 10: Juubeliv\u00e4ljaanne\u00bb)<br \/>\nMartin <b>Kirotar<\/b> \u00abCartigani seiklused\u00bb (\u00abReaktor\u00bb nr 10 (juuli 2012))<br \/>\nMartin <b>Kirotar<\/b> \u00abKohvik maailma l\u00f5pus\u00bb (\u00abReaktor\u00bb nr 15 (detsember 2012))<br \/>\nMartin <b>Kirotar<\/b> \u00abPudelipost\u00bb (\u00abReaktor\u00bb nr 7 (aprill 2012))<br \/>\nMartin <b>Kirotar<\/b> \u00abSurnud mehe kirjad\u00bb (\u00abReaktor\u00bb nr 5 (veebruar 2012))<br \/>\n<b>Krafinna<\/b> \u00abKasper\u00bb (\u00abReaktor\u00bb nr 11 (august 2012))<br \/>\n<b>Krafinna<\/b> \u00abLihtsalt lima\u00bb (\u00abReaktor\u00bb nr 5 (veebruar 2012))<br \/>\n<b>Krafinna<\/b> \u00abValguse rottimine\u00bb (\u00abReaktor\u00bb nr 12 (september 2012))<br \/>\nLaur <b>Kraft<\/b> \u00abS\u00fcgelisn\u00f5ia kingitus\u00bb (Nailboard Records)<br \/>\nToomas <b>Krips<\/b> \u00abTeene v\u00f5lgu\u00bb (\u00abReaktor\u00bb nr 9 (juuni 2012))<br \/>\nRobert <b>Kuuba<\/b> \u00abGalaktikas\u00f5jad\u00bb (\u00abReaktor\u00bb nr 9 (juuni 2012))<br \/>\nTiina <b>Laanem<\/b> \u00abM\u00f5ni m\u00f5is\u00bb (\u00abLooming\u00bb 2012; nr 5)<br \/>\nTiina <b>Laanem<\/b> \u00ab\u00d5nnelik j\u00e4\u00e4\u00bb (\u00abLooming\u00bb 2012; nr 5 &amp; autorikogu \u00ab\u00d5nnelik j\u00e4\u00e4\u00bb)<br \/>\nKristjan <b>Laats<\/b> \u00abElevant Pillega Elephandias\u00bb (\u00abReaktor\u00bb nr 9 (juuni 2012))<br \/>\nLiina <b>Laks<\/b> \u00abV\u00e4ike needus\u00bb (antoloogia \u00abT\u00e4heaeg 10: Juubeliv\u00e4ljaanne\u00bb)<br \/>\nTea <b>Lall<\/b> \u00ab21. detsember\u00bb (\u00abReaktor\u00bb nr 14 (november 2012))<br \/>\nMirjam <b>Leesalu<\/b> \u00abAtlantis ja Nereidas\u00bb (\u00abReaktor\u00bb nr 10 (juuli 2012))<br \/>\nLee <b>Leithammel<\/b> \u00abKombinaat\u00bb (\u00abReaktor\u00bb nr 7 (aprill 2012))<br \/>\nLee <b>Leithammel<\/b> \u00abK\u00f5rgem seltskond\u00bb (\u00abReaktor\u00bb nr 15 (detsember 2012))<br \/>\nAlari <b>Liik<\/b> \u00abAstraalkaravan\u00bb (\u00abReaktor\u00bb nr 12 (september 2012))<br \/>\nJaneli <b>Luts<\/b> \u00abAjamasinaga reisimas\u00bb (\u00abReaktor\u00bb nr 9 (juuni 2012))<br \/>\nJaagup <b>Mahkra<\/b> \u00abV\u00e4ike t\u00e4pp horisondil\u00bb (autorikogu \u00abSaladuslik tsaar\u00bb)<br \/>\nJaagup <b>Mahkra<\/b> &#8211; Martin <b>Kirotar<\/b> \u00abRaudkull\u00bb (\u00abReaktor\u00bb nr 6 (m\u00e4rts 2012))<br \/>\nTriinu <b>Meres<\/b> \u00abNagu nuga v\u00f6\u00f6l\u00bb (\u00abReaktor\u00bb nr 10 (juuli 2012))<br \/>\nMirjam Meerit <b>Mets<\/b> \u00abJuhtum kosmoselaevas\u00bb (\u00abReaktor\u00bb nr 9 (juuni 2012))<br \/>\nJ. J. <b>Metsavana<\/b> \u00abKolm v\u00f5tit\u00bb (\u00abReaktor\u00bb nr 7 (aprill 2012))<br \/>\nJ. J. <b>Metsavana<\/b> \u00abLaenatud elu\u00bb (autorikogu \u00abSaladuslik tsaar\u00bb)<br \/>\nJ. J. <b>Metsavana<\/b> \u00abMust muna\u00bb (autorikogu \u00abSaladuslik tsaar\u00bb)<br \/>\nJ. J. <b>Metsavana<\/b> \u00abPimeduse poolel\u00bb (\u00abReaktor\u00bb nr 14 (november 2012))<br \/>\nJ. J. <b>Metsavana<\/b> \u00abPlagiaator\u00bb (\u00abReaktor\u00bb nr 5 (veebruar 2012))<br \/>\nJ. J. <b>Metsavana<\/b> \u00abProovis\u00f5it, ehk Kuidas v\u00fcrst kuu peale kippus\u00bb (autorikogu \u00abSaladuslik tsaar\u00bb)<br \/>\nJ. J. <b>Metsavana<\/b> \u00abPutuk\u00bb (\u00abReaktor\u00bb nr 6 (m\u00e4rts 2012))<br \/>\nJ. J. <b>Metsavana<\/b> \u00abSaladuslik tsaar\u00bb (autorikogu \u00abSaladuslik tsaar\u00bb)<br \/>\nJ. J. <b>Metsavana<\/b> \u00abTondilatern\u00bb (\u00abReaktor\u00bb nr 15 (detsember 2012))<br \/>\nJ. J. <b>Metsavana<\/b> \u00abVasekarva s\u00f5jaj\u00e4rgne\u00bb (\u00abReaktor\u00bb nr 4 (jaanuar 2012))<br \/>\nElin <b>Nj\u00e4u<\/b> \u00abLugu Annarisest\u00bb (\u00abReaktor\u00bb nr 4 (jaanuar 2012))<br \/>\nHeino <b>N\u00f5ps<\/b> \u00abH\u00fcsteeriav\u00e4rinad\u00bb (\u00abReaktor\u00bb nr 10 (juuli 2012))<br \/>\nHeino <b>N\u00f5ps<\/b> \u00abL\u00f5pp tuli ootamatult\u00bb (\u00abReaktor\u00bb nr 5 (veebruar 2012))<br \/>\nDiana <b>Ostrat<\/b> \u00abMa olen elus\u00bb (\u00abReaktor\u00bb nr 13 (oktoober 2012))<br \/>\nDiana <b>Ostrat<\/b> \u00abLohe s\u00fcnnib\u00bb (\u00abReaktor\u00bb nr 12 (september 2012))<br \/>\n<b>Paadikapten<\/b> \u00abVaimusk\u00e4nner\u00bb (\u00abReaktor\u00bb nr 7 (aprill 2012))<br \/>\nKevin <b>Palm<\/b> \u00abV\u00e4ike ufo\u00bb (\u00abReaktor\u00bb nr 8 (mai 2012))<br \/>\nBix <b>Pokupoeg<\/b> \u00abAidanaine\u00bb (\u00abReaktor\u00bb nr 9 (juuni 2012))<br \/>\nSiim Ghert <b>Preiman<\/b> \u00abIdeaalne koerust\u00fckk\u00bb (\u00abV\u00e4rske R\u00f5hk\u00bb nr 30 (II\/2012))<br \/>\nRein <b>Raud<\/b> \u00abV\u00f5imsalt voogab Olemise j\u00f5gi\u00bb (antoloogia \u00abT\u00e4heaeg 11: Viirastuslik r\u00fcgement\u00bb)<br \/>\nTaivo <b>Rist<\/b> \u00abKolm soovi\u00bb (\u00abAlgernon\u00bb 2012; aprill)<br \/>\nTea <b>Roosvald<\/b> \u00abNeljatuulek\u00f5lad\u00bb (\u00abReaktor\u00bb nr 4 (jaanuar 2012))<br \/>\nTea <b>Roosvald<\/b> \u00abPime aken\u00bb (antoloogia \u00abT\u00e4heaeg 11: Viirastuslik r\u00fcgement\u00bb)<br \/>\nTea <b>Roosvald<\/b> \u00ab\u00d6\u00f6siti ma nutan\u00bb (antoloogia \u00abT\u00e4heaeg 10: Juubeliv\u00e4ljaanne\u00bb)<br \/>\nKristjan <b>Sander<\/b> \u00abMere pruut\u00bb (antoloogia \u00abT\u00e4heaeg 10: Juubeliv\u00e4ljaanne\u00bb)<br \/>\nKristjan <b>Sander<\/b> \u00abKolmevalitsus\u00bb (autorikogu \u00ab\u00d5htu rannal\u00bb)<br \/>\nLauri <b>Sommer<\/b> \u00abIkoonir\u00f6\u00f6vlid\u00bb (\u00abSirp\u00bb 2012; 23. veebruar)<br \/>\nLeila <b>Tael<\/b> \u00abRoxanne\u00bb (antoloogia \u00abT\u00e4heaeg 10: Juubeliv\u00e4ljaanne\u00bb)<br \/>\nLeila <b>Tael<\/b> \u00abTa n\u00e4eb sind, kui sa magad\u00bb (\u00abReaktor\u00bb nr 11 (august 2012))<br \/>\nKristiina Kaili <b>Timmi<\/b> \u00abOlen k\u00f5igest nukk\u00bb (\u00abReaktor\u00bb nr 8 (mai 2012))<br \/>\nTriinu <b>Tuvike<\/b> \u00abEurod h\u00e4das\u00bb (\u00abReaktor\u00bb nr 8 (mai 2012))<br \/>\nKalev <b>T\u00f5ll<\/b> \u00abRongiga\u00bb (\u00abReaktor\u00bb nr 13 (oktoober 2012))<br \/>\nManiakkide <b>T\u00e4nav<\/b> \u00abJa rongid peatusid\u00bb (autorikogu \u00abSaladuslik tsaar\u00bb)<br \/>\nManiakkide <b>T\u00e4nav<\/b> \u00abLahkumiskink\u00bb (autorikogu \u00abSaladuslik tsaar\u00bb)<br \/>\nManiakkide <b>T\u00e4nav<\/b> \u00abMust muna\u00bb (antoloogia \u00abT\u00e4heaeg 10: Juubeliv\u00e4ljaanne\u00bb)<br \/>\nManiakkide <b>T\u00e4nav<\/b> \u00abP\u00f5rguv\u00e4rav\u00bb (autorikogu \u00abSaladuslik tsaar\u00bb)<br \/>\nManiakkide <b>T\u00e4nav<\/b> \u00abRobonaut\u00bb (autorikogu \u00abSaladuslik tsaar\u00bb)<br \/>\nManiakkide <b>T\u00e4nav<\/b> \u00abValuhoidjad\u00bb (\u00abReaktor\u00bb nr 13 (oktoober 2012))<br \/>\nManiakkide <b>T\u00e4nav<\/b> \u00abVanemate nimel\u00bb (\u00abReaktor\u00bb nr 5 (veebruar 2012) &amp; autorikogu \u00abSaladuslik tsaar\u00bb)<br \/>\nAnu <b>Varik<\/b> \u00abPaul ja k\u00fc\u00fclik\u00bb (\u00abV\u00e4rske R\u00f5hk\u00bb nr 30 (II\/2012))<br \/>\nSeili <b>\u00dclper<\/b> \u00abT\u00f5use ja k\u00f5nni\u00bb (\u00abReaktor\u00bb nr 4 (jaanuar 2012))<\/p>\n<\/div>\n","protected":false},"excerpt":{"rendered":"<p>H\u00e4\u00e4letamiseks tuleb reastada igas kategoorias kolm paremat. Ei ole kohustust h\u00e4\u00e4letada k\u00f5igis kategooriates \u2013 kui mingis kategoorias ei suuda kolme paremat leida, siis v\u00f5ib need kategooriad vahele j\u00e4tta. Paremusj\u00e4rjestused tuleb saata meiliaadressil stalker@ulme.ee . H\u00e4\u00e4letus algab 1. mai 2013 (kell &hellip; <a href=\"http:\/\/ulme.ee\/veeb\/?page_id=3886&#038;lang=et\">J\u00e4tka lugemist <span class=\"meta-nav\">&rarr;<\/span><\/a><\/p>\n","protected":false},"author":1,"featured_media":0,"parent":0,"menu_order":0,"comment_status":"closed","ping_status":"closed","template":"","meta":{"footnotes":""},"_links":{"self":[{"href":"http:\/\/ulme.ee\/veeb\/index.php?rest_route=\/wp\/v2\/pages\/3886"}],"collection":[{"href":"http:\/\/ulme.ee\/veeb\/index.php?rest_route=\/wp\/v2\/pages"}],"about":[{"href":"http:\/\/ulme.ee\/veeb\/index.php?rest_route=\/wp\/v2\/types\/page"}],"author":[{"embeddable":true,"href":"http:\/\/ulme.ee\/veeb\/index.php?rest_route=\/wp\/v2\/users\/1"}],"replies":[{"embeddable":true,"href":"http:\/\/ulme.ee\/veeb\/index.php?rest_route=%2Fwp%2Fv2%2Fcomments&post=3886"}],"version-history":[{"count":2,"href":"http:\/\/ulme.ee\/veeb\/index.php?rest_route=\/wp\/v2\/pages\/3886\/revisions"}],"predecessor-version":[{"id":7669,"href":"http:\/\/ulme.ee\/veeb\/index.php?rest_route=\/wp\/v2\/pages\/3886\/revisions\/7669"}],"wp:attachment":[{"href":"http:\/\/ulme.ee\/veeb\/index.php?rest_route=%2Fwp%2Fv2%2Fmedia&parent=3886"}],"curies":[{"name":"wp","href":"https:\/\/api.w.org\/{rel}","templated":true}]}}