{"id":3880,"date":"2016-07-26T13:25:30","date_gmt":"2016-07-26T10:25:30","guid":{"rendered":"http:\/\/esuaxue.havike.eenet.ee\/veeb\/?page_id=3880"},"modified":"2016-08-08T13:16:19","modified_gmt":"2016-08-08T10:16:19","slug":"2011-tulemused","status":"publish","type":"page","link":"http:\/\/ulme.ee\/veeb\/?page_id=3880&lang=et","title":{"rendered":"2011 tulemused"},"content":{"rendered":"<div class=\"attribute-short\">\n<p>Eesti ulmef\u00e4nnide iga-aastane kokkusaamine Estcon toimus 2011. aastal 22.\u201324. juulil Saarj\u00e4rvel.<\/p>\n<p>\u00dcrituse kulminatsiooniks oli kindlasti ulmeauhinna Stalker 2011 v\u00f5itjate v\u00e4ljakuuulutamine laup\u00e4eval 23. juulil.<\/p>\n<\/div>\n<div class=\"attribute-long\">\n<p>2010. aastal eesti keeles ilmunud parimad ulmeteosed ja auhinna Stalker 2010 v\u00f5itjad on:<\/p>\n<p><a id=\"eztoc97329_0_1\" name=\"eztoc97329_0_1\"><\/a><\/p>\n<h3><b>Parim t\u00f5lkeromaan <\/b><\/h3>\n<p><i>Osales 71 romaani, neist h\u00e4\u00e4li said 35. H\u00e4\u00e4letajaid oli 38.<\/i><\/p>\n<p><i>V\u00f5iduromaani t\u00f5lkis <b>Liisi Ojamaa<\/b>.<\/i><\/p>\n<p><b>1. Vernor Vinge \u00abLeek s\u00fcgaviku kohal\u00bb (<i>A Fire Upon the Deep<\/i>, 1992) (kirjastus Fantaasia) 40<\/b><\/p>\n<p>2. F\u00e9lix J. Palma \u00abAjakaart\u00bb (<i>El mapa del tiempo<\/i>, 2008) (Fookus Meedia) 33<\/p>\n<p>3. Alfred Bester \u00abTiiger! Tiiger!\u00bb (<i>Tiger! Tiger!<\/i>, 1956) (Varrak) 25<\/p>\n<p>4. Lois McMaster Bujold \u00abS\u00f5duri \u00f5pilane\u00bb (<i>The Warrior&#8217;s Apprentice<\/i>, 1986) (Varrak) 24<\/p>\n<p>5. Sergei Lukjanenko &#8211; Vladimir Vassiljev \u00abP\u00e4evane Vahtkond\u00bb (<i>\u0414\u043d\u0435\u0432\u043d\u043e\u0439 \u0414\u043e\u0437\u043e\u0440<\/i>, 2000) (Varrak) 23<\/p>\n<p>6. Peter V. Brett \u00abMaalingutega mees\u00bb (<i>The Painted Man<\/i>, 2008) (Varrak) 18<\/p>\n<p>7. Neil Gaiman \u00abT\u00e4hetolm\u00bb (<i>Stardust<\/i>, 1998) (Tiritamm) 17<\/p>\n<p>8.\u20139. Robert A. Heinlein \u00abV\u00f5\u00f5rana v\u00f5\u00f5ral maal\u00bb (<i>Stranger in a Strange Land<\/i>, 1961) (Eesti Raamat) 15<\/p>\n<p>8.\u20139. Kirill Jeskov \u00abViimane s\u00f5rmusekandja\u00bb (<i>\u041f\u043e\u0441\u043b\u0435\u0434\u043d\u0438\u0439 \u043a\u043e\u043b\u044c\u0446\u0435\u043d\u043e\u0441\u0435\u0446<\/i>, 1999) (Fantaasia) 15<\/p>\n<p>10. Isaac Asimov \u00abRobotid ja impeerium\u00bb (<i>Robots and Empire<\/i>, 1985) (Fantaasia) 14<\/p>\n<p>11. Stephen King \u00abTume torn VII: Tume torn\u00bb (<i>The Dark Tower VII: The Dark Tower<\/i>, 2004) (Pegasus) 10<\/p>\n<p>12.\u201314. Michael Crichton \u00abJ\u00e4rgmiseks\u00bb (<i>Next<\/i>, 2006) (Fantaasia) 9<\/p>\n<p>12.\u201314. Terry Pratchett \u00abN\u00e4htamatud akadeemikud\u00bb (<i>Unseen Academicals<\/i>, 2009) (Varrak) 9<\/p>\n<p>12.\u201314. Norman Spinrad \u00abTorgi Jack Barronit\u00bb (<i>Bug Jack Barron<\/i>, 1969) (Fantaasia) 9<\/p>\n<p>15.\u201317. Nancy Farmer \u00abTrollide meri\u00bb (<i>The Sea of Trolls<\/i>, 2004) (Tiritamm) 8<\/p>\n<p>15.\u201317. Frank Sch\u00e4tzing \u00abParv\u00bb (<i>Der Schwarm<\/i>, 2004) (Varrak) 8<\/p>\n<p>15.\u201317. Carlos Ruiz Zaf\u00f3n \u00abIngli m\u00e4ng\u00bb (<i>El juego del \u00e1ngel<\/i>, 2008) (Varrak) 8<\/p>\n<p>18. Jerry Pournelle \u00abFalkenbergi leegion\u00bb (<i>Falkenberg&#8217;s Legion<\/i>, 1990) (Fantaasia) 7<\/p>\n<p>19. Guillermo del Toro &#8211; Chuck Hogan \u00abT\u00f5bi\u00bb (<i>The Strain<\/i>, 2009) (T\u00e4nap\u00e4ev) 6<\/p>\n<p>20.\u201323. Doris Lessing \u00abShikasta\u00bb (<i>Shikasta<\/i>, 1979) (Varrak) 5<\/p>\n<p>20.\u201323. Arto Paasilinna \u00abTule taevas appi\u00bb (<i>Herranen aika<\/i>, 1980) (T\u00e4nap\u00e4ev) 5<\/p>\n<p>20.\u201323. Aleksei Pehhov \u00abVarjus hiilija\u00bb (<i>\u041a\u0440\u0430\u0434\u0443\u0449\u0438\u0439\u0441\u044f \u0432 \u0442\u0435\u043d\u0438<\/i>, 2009) (Varrak) 5<\/p>\n<p>20.\u201323. Michael Scott \u00abN\u00f5id\u00bb (<i>The Sorceress<\/i>, 2009) (Pegasus) 5<\/p>\n<p>24.\u201325. Isaac Asimov \u00abKoidu robotid\u00bb (<i>The Robots of Dawn<\/i>, 1983) (Fantaasia) 4<\/p>\n<p>24.\u201325. Philip Reeve \u00abP\u00f5rgulikuid leiutised\u00bb (<i>Infernal Devices<\/i>, 2005) (Tiritamm) 4<\/p>\n<p>26.\u201328. Suzanne Collins \u00abLahvatab leek\u00bb (<i>Catching Fire<\/i>, 2009) (T\u00e4nap\u00e4ev) 3<\/p>\n<p>26.\u201328. Naomi Novik \u00abTema Majesteedi lohe\u00bb (<i>His Majesty&#8217;s Dragon<\/i>, 2006) (Pegasus) 3<\/p>\n<p>26.\u201328. John Twelve Hawks \u00abKuldne linn\u00bb (<i>The Golden City<\/i>, 2009) (Ersen) 3<\/p>\n<p>29.\u201335. Margaret Atwood \u00abUputuse aasta\u00bb (<i>The Year of the Flood<\/i>, 2009) (Eesti Raamat) 1<\/p>\n<p>29.\u201335. Charlaine Harris \u00abSurnud, kuni j\u00f5uab \u00f6\u00f6\u00bb (<i>Dead Until Dark<\/i>, 2001) (Kirjastuskeskus) 1<\/p>\n<p>29.\u201335. Henri L\u0153venbruck \u00abEmahundi \u00f6\u00f6\u00bb (<i>La nuit de la louve<\/i>, 2002) (Pegasus) 1<\/p>\n<p>29.\u201335. Terry Pratchett \u00abRahategu\u00bb (<i>Making Money<\/i>, 2007) (Varrak) 1<\/p>\n<p>29.\u201335. Angie Sage \u00abW\u00f5lukunst\u00bb (<i>Magyk<\/i>, 2005) (Pegasus) 1<\/p>\n<p>29.\u201335. Paul Sussmann \u00abKadunud oaas\u00bb (<i>The Hidden Oasis<\/i>, 2008) (Varrak) 1<\/p>\n<p>29.\u201335. Roger Zelazny \u00abAmberi veri\u00bb (<i>Blood of Amber<\/i>, 1986) (Fantaasia) 1<\/p>\n<p>&nbsp;<\/p>\n<p><a id=\"eztoc97329_0_2\" name=\"eztoc97329_0_2\"><\/a><\/p>\n<h3>Parim antoloogia v\u00f5i kogumik<\/h3>\n<p><i>Osales 5 antoloogiat ja autorikogu &#8211; h\u00e4\u00e4li said neist k\u00f5ik. H\u00e4\u00e4letajaid oli 15.<\/i><\/p>\n<p><b>1. Raul Sulbi (<i>koost<\/i>) \u00abT\u00e4heaeg 7: Ingel ja kvantkristall\u00bb (kirjastus Fantaasia) 50<\/b><\/p>\n<p>2. Kir Bul\u00f5t\u0161ov \u00abPerpendikulaarne maailm\u00bb (Skarabeus) 49<\/p>\n<p>3. Mehis Heinsaar \u00abEbatavaline ja \u00e4hvardav loodus\u00bb (Menu) 15<\/p>\n<p>4. August Gailit \u00abSaatana karussell\u00bb (Kunst) 14<\/p>\n<p>5. Gustav Meyrink \u00abMilleks on \u00f5igupoolest hea valge koerasitt?\u00bb (Eesti Keele Sihtasutus) 7<\/p>\n<p>&nbsp;<\/p>\n<p><a id=\"eztoc97329_0_3\" name=\"eztoc97329_0_3\"><\/a><\/p>\n<h3>Parim t\u00f5lkejutt<\/h3>\n<p><i>Osales 21 juttu, jutustust ja l\u00fchiromaani &#8230; h\u00e4\u00e4li said 14.<\/i><i> H\u00e4\u00e4letajaid oli 24.<\/i><\/p>\n<p><i>V\u00f5idujutu t\u00f5lkis <b>Arvi Nikkarev<\/b>.<\/i><\/p>\n<p><b>1. Kir Bul\u00f5t\u0161ov \u00abM\u00e4ekuru\u00bb (<i>\u041f\u0435\u0440\u0435\u0432\u0430\u043b<\/i>, 1980) (autorikogu \u00abPerpendikulaarne maailm\u00bb, kirjastus Skarabeus) 63<\/b><\/p>\n<p>2. Charles Stross \u00abHulkurfarm\u00bb (<i>Rogue Farm<\/i>, 2003) (antoloogia \u00abT\u00e4heaeg 7: Ingel ja kvantkristall\u00bb) 54<\/p>\n<p>3. Kir Bul\u00f5t\u0161ov \u00abT\u00f5rge-67\u00bb (<i>\u041e\u0441\u0435\u0447\u043a\u0430-67<\/i>, 1993) (autorikogu \u00abPerpendikulaarne maailm\u00bb) 36<\/p>\n<p>4. Jeff Carlson \u00abSugarloafi lemmikloomatoidu- ja topisepoes l\u00e4ks tulevahetuseks\u00bb (<i>Gunfight at the Sugarloaf Pet Food &amp; Taxidermy<\/i>, 2007) (antoloogia \u00abT\u00e4heaeg 7: Ingel ja kvantkristall\u00bb) 25<\/p>\n<p>5. Jeff Carlson \u00abV\u00e4ike armas j\u00f5ulutuli\u00bb (<i>A Lovely Little Christmas Fire<\/i>, 2009) (antoloogia \u00abT\u00e4heaeg 7: Ingel ja kvantkristall\u00bb) 11<\/p>\n<p>6. Kir Bul\u00f5t\u0161ov \u00abPerpendikulaarne maailm\u00bb (<i>\u041f\u0435\u0440\u043f\u0435\u043d\u0434\u0438\u043a\u0443\u043b\u044f\u0440\u043d\u044b\u0439 \u043c\u0438\u0440<\/i>, 1989) (autorikogu \u00abPerpendikulaarne maailm\u00bb) 9<\/p>\n<p>7. Roald Dahl \u00abWilliam ja Mary\u00bb (<i>William and Mary<\/i>, 1959) (autorikogu \u00abKiisu-kiisu\u00bb) 5<\/p>\n<p>8. Stephenie Meyer \u00abBree Tanneri l\u00fchike teine elu\u00bb (<i>The Short Second Life of Bree Tanner<\/i>, 2010) (kirjastus Pegasus) 4<\/p>\n<p>9. Roald Dahl \u00abSiga\u00bb (<i>Pig<\/i>, 1959) (autorikogu \u00abKiisu-kiisu\u00bb) 3<\/p>\n<p>10. Jeff Carlson \u00abV\u00e4ljap\u00e4\u00e4s\u00bb (<i>Exit<\/i>, 2003) (\u00abAlgernon\u00bb 2010; september) 2<\/p>\n<p>11.\u201314. Charles Coleman \u00abFinlay Lucy, tema hiilguses\u00bb (<i>Lucy, In Her Splendor<\/i>, 2003) (\u00abAlgernon\u00bb 2010; detsember) 1<\/p>\n<p>11.\u201314. Csilla Kleinheincz \u00abPiisk vaarikat\u00bb (<i>Egy csepp m\u00e1lna<\/i>, 2007) (\u00abAlgernon\u00bb 2010; aprill) 1<\/p>\n<p>11.\u201314. Gustav Meyrink \u00abKuum s\u00f5dur\u00bb (<i>Der hei\u00dfe Soldat<\/i>, 1901) (autorikogu \u00abMilleks on \u00f5igupoolest hea valge koerasitt?\u00bb) 1<\/p>\n<p>11.\u201314. A. C. Swinburne \u00abSurnuarmastus\u00bb (<i>Dead Love<\/i>, 1862) (antoloogia \u00abMona Lisa abielu\u00bb) 1<\/p>\n<p>&nbsp;<\/p>\n<p><a id=\"eztoc97329_0_4\" name=\"eztoc97329_0_4\"><\/a><\/p>\n<h3>Parim eesti autori romaan<\/h3>\n<p><i>Osales 14 romaani, h\u00e4\u00e4li said 9. H\u00e4\u00e4letajaid oli 25.<\/i><\/p>\n<p><b>1. Leo Kunnas \u00abGort Ashryn III: Rahu\u00bb (kirjastus Eesti P\u00e4evaleht) 86<\/b><\/p>\n<p>2. Tiit Tarlap \u00abTuleriitade \u00f6\u00f6\u00bb (Fantaasia) 67<\/p>\n<p>3. Siim Veskimees \u00abS\u00fcmfoonia katkenud keelele\u00bb (Fantaasia) 42<\/p>\n<p>4. Tamur Kusnets \u00abHundip\u00e4ikese aeg III: Hullud on hundid ja hullud on hagijad\u00bb (Pegasus) 19<\/p>\n<p>5. Heiki Vilep \u00abHirm\u00bb (A Disain) 6<\/p>\n<p>6. Wimberg \u00abKutsutud k\u00fclaline\u00bb (Pegasus) 2<\/p>\n<p>7.\u20139. Rein Kull \u00abSeinad\u00bb (Ersen) 1<\/p>\n<p>7.\u20139. Reeli Reinaus \u00abN\u00f5idkapteni needus\u00bb (T\u00e4nap\u00e4ev) 1<\/p>\n<p>7.\u20139. Raivo Tihanov \u00abT\u00e4iega p\u00f6\u00f6rdes\u00bb (Koolibri) 1<\/p>\n<p>&nbsp;<\/p>\n<p><a id=\"eztoc97329_0_5\" name=\"eztoc97329_0_5\"><\/a><\/p>\n<h3>Parim eesti autori l\u00fchiromaan v\u00f5i jutustus<\/h3>\n<p><i>Osales viis teksti, h\u00e4\u00e4li said k\u00f5ik. H\u00e4\u00e4letajaid oli 25.<\/i><\/p>\n<p><b>1. Siim Veskimees \u00abKuldhordi teine tulek\u00bb (antoloogia \u00abT\u00e4heaeg 7: Ingel ja kvantkristall\u00bb, kirjastus Fantaasia) 78 <\/b><\/p>\n<p>2. Indrek Hargla \u00abIngel ja kvantkristall\u00bb (antoloogia \u00abT\u00e4heaeg 7: Ingel ja kvantkristall\u00bb) 59<\/p>\n<p>3. Indrek Hargla \u00abRaudhammas\u00bb (\u00abLooming\u00bb 2010; nr 6) 42<\/p>\n<p>4. Taivo Rist \u00abK\u00f5ige t\u00e4htsam on silmale n\u00e4htamatu\u00bb (antoloogia \u00abT\u00e4heaeg 7: Ingel ja kvantkristall\u00bb) 41<\/p>\n<p>5. Mehis Heinsaar \u00ab\u00dclej\u00e4\u00e4nud elu \u00f5nnenatuke\u00bb (\u00abLooming\u00bb 2010; nr 5) 5<\/p>\n<p>&nbsp;<\/p>\n<p><a id=\"eztoc97329_0_6\" name=\"eztoc97329_0_6\"><\/a><\/p>\n<h3>Parim eesti autori l\u00fchijutt<\/h3>\n<p><i>Osales 27 juttu, h\u00e4\u00e4li said 12. H\u00e4\u00e4letajaid oli 19.<\/i><\/p>\n<p><b>1. Siim Veskimees \u00abKaugete p\u00e4evade valgus\u00bb (v\u00f5rguajakiri \u00abAlgernon\u00bb 2010; detsember) 50 <\/b><\/p>\n<p>2. Indrek Hargla \u00abApteeker Melchior ja katustel tantsija\u00bb (\u00abEesti Ekspress\u00bb 2010; nr 51 (23. detsember)) 33<\/p>\n<p>3. Veiko Belials \u00abN\u00e4e, kala!\u00bb (antoloogia \u00abT\u00e4heaeg 7: Ingel ja kvantkristall\u00bb) 29<\/p>\n<p>4. Marcus Kaas \u00abP\u00f5genemine\u00bb (antoloogia \u00abT\u00e4heaeg 7: Ingel ja kvantkristall\u00bb) 17<\/p>\n<p>5. Kersti Kivir\u00fc\u00fct \u00abJaani\u00f6\u00f6 r\u00f6\u00f6vlim\u00e4el\u00bb (\u00abAlgernon\u00bb 2010; detsember) 9<\/p>\n<p>6. Mehis Heinsaar \u00abPilet Kalaabriasse\u00bb (autorikogu \u00abEbatavaline ja \u00e4hvardav loodus\u00bb) 8<\/p>\n<p>7. Andrus Kivir\u00e4hk \u00abLaps ja kana\u00bb (\u00abLooming\u00bb 2010; nr 4) 6<\/p>\n<p>8.\u201310. Taavi Kangur \u00abIlmamees\u00bb (\u00abAlgernon\u00bb 2010; aprill) 5<\/p>\n<p>8.\u201310. Andrus Kivir\u00e4hk \u00abIlus loom\u00bb (\u00abLooming\u00bb 2010; nr 4) 5<\/p>\n<p>8.\u201310. Kersti Kivir\u00fc\u00fct \u00abValget daami otsimas\u00bb (\u00abAlgernon\u00bb 2010; detsember) 5<\/p>\n<p>11. Mehis Heinsaar \u00abEndel Lippmaa lahkumine\u00bb (\u00abVikerkaar\u00bb 2010; nr 9\/10 &amp; autorikogu \u00abEbatavaline ja \u00e4hvardav loodus\u00bb) 3<\/p>\n<p>12. Aili Raud \u00abT\u00e4iskuu\u00f6\u00f6l\u00bb (autorikogu \u00abKaev keldris\u00bb) 1<\/p>\n<\/div>\n","protected":false},"excerpt":{"rendered":"<p>Eesti ulmef\u00e4nnide iga-aastane kokkusaamine Estcon toimus 2011. aastal 22.\u201324. juulil Saarj\u00e4rvel. \u00dcrituse kulminatsiooniks oli kindlasti ulmeauhinna Stalker 2011 v\u00f5itjate v\u00e4ljakuuulutamine laup\u00e4eval 23. juulil. 2010. aastal eesti keeles ilmunud parimad ulmeteosed ja auhinna Stalker 2010 v\u00f5itjad on: Parim t\u00f5lkeromaan Osales 71 &hellip; <a href=\"http:\/\/ulme.ee\/veeb\/?page_id=3880&#038;lang=et\">J\u00e4tka lugemist <span class=\"meta-nav\">&rarr;<\/span><\/a><\/p>\n","protected":false},"author":1,"featured_media":0,"parent":0,"menu_order":0,"comment_status":"closed","ping_status":"closed","template":"","meta":{"footnotes":""},"_links":{"self":[{"href":"http:\/\/ulme.ee\/veeb\/index.php?rest_route=\/wp\/v2\/pages\/3880"}],"collection":[{"href":"http:\/\/ulme.ee\/veeb\/index.php?rest_route=\/wp\/v2\/pages"}],"about":[{"href":"http:\/\/ulme.ee\/veeb\/index.php?rest_route=\/wp\/v2\/types\/page"}],"author":[{"embeddable":true,"href":"http:\/\/ulme.ee\/veeb\/index.php?rest_route=\/wp\/v2\/users\/1"}],"replies":[{"embeddable":true,"href":"http:\/\/ulme.ee\/veeb\/index.php?rest_route=%2Fwp%2Fv2%2Fcomments&post=3880"}],"version-history":[{"count":2,"href":"http:\/\/ulme.ee\/veeb\/index.php?rest_route=\/wp\/v2\/pages\/3880\/revisions"}],"predecessor-version":[{"id":7664,"href":"http:\/\/ulme.ee\/veeb\/index.php?rest_route=\/wp\/v2\/pages\/3880\/revisions\/7664"}],"wp:attachment":[{"href":"http:\/\/ulme.ee\/veeb\/index.php?rest_route=%2Fwp%2Fv2%2Fmedia&parent=3880"}],"curies":[{"name":"wp","href":"https:\/\/api.w.org\/{rel}","templated":true}]}}