{"id":3872,"date":"2016-07-26T13:24:34","date_gmt":"2016-07-26T10:24:34","guid":{"rendered":"http:\/\/esuaxue.havike.eenet.ee\/veeb\/?page_id=3872"},"modified":"2016-08-08T11:33:58","modified_gmt":"2016-08-08T08:33:58","slug":"2009-tulemused","status":"publish","type":"page","link":"http:\/\/ulme.ee\/veeb\/?page_id=3872&lang=et","title":{"rendered":"2009 tulemused"},"content":{"rendered":"<div class=\"attribute-short\">\n<p>Estcon 2009 toimus 17.\u201319. juulil Taevaskoja Puhkemajas.<\/p>\n<p>\u00dcrituse \u00fcheks kulminatsioonipunktiks oli kindlasti parimate 2008. aastal eesti keeles ilmunud ulmeteoste selgitamine, ehk siis ulmeauhinna Stalker 2009 v\u00f5itjate v\u00e4ljakuuulutamine.<\/p>\n<\/div>\n<div class=\"attribute-long\">\n<p>L\u00f5plik paremusj\u00e4rjestus selgus 32 inimese abil, sest m\u00f5ned h\u00e4\u00e4letajad ei olnud h\u00e4\u00e4letusjuhendit korralikult l\u00e4bi lugenud ning seet\u00f5ttu ei saanud nende h\u00e4\u00e4li ka arvesse v\u00f5tta.<\/p>\n<p>\u00dcldiselt oli pilt siiski parem kui paaril viimasel aastal, sest h\u00e4\u00e4letajaid oli rohkem ning oma tegevust v\u00f5tsid nad ka t\u00f5sisemalt.<\/p>\n<p><i>Tabeli veerud:<\/i> koht, autor, pealkiri, kirjastus v\u00f5i ilmumiskoht ning punktid.<\/p>\n<p>V\u00f5rdse punktisumma korral reastatakse teosed autori perekonnanime j\u00e4rgi.<\/p>\n<p><a id=\"eztoc36449_1\" name=\"eztoc36449_1\"><\/a><\/p>\n<h2>Parim t\u00f5lkeromaan<\/h2>\n<p>Osales 45 romaani, h\u00e4\u00e4li said neist 22. H\u00e4\u00e4letas 27 inimest.<\/p>\n<p><b>1. Sergei Lukjanenko \u00ab\u00d6ine vahtkond\u00bb (<i>Varrak<\/i>) 53<\/b><br \/>\n2. Lois McMaster Bujold \u00abAu riismed\u00bb (<i>Varrak<\/i>) 36<br \/>\n3.\u20134. Isaac Asimov \u00abTeraskoopad\u00bb (<i>Fantaasia<\/i>) 18<br \/>\n3.\u20134. Haruki Murakami \u00abKafka mererannas\u00bb (<i>Varrak<\/i>) 18<br \/>\n5.\u20136. Stephen King \u00abUdu\u00bb (<i>Fantaasia<\/i>) 17<br \/>\n5.\u20136. Bruce Sterling \u00abSkismaatriks\u00bb (<i>autorikogu \u00abSkismaatriks +\u00bb<\/i>) 17<br \/>\n7. Susanna Clarke \u00abJonathan Strange ja h\u00e4rra Norrell\u00bb (<i>Pegasus<\/i>) 11<br \/>\n8. Stephen King \u00abV\u00f5lur ja klaas\u00bb (<i>Pegasus<\/i>) 10<br \/>\n9.\u201310. Daniel Kehlmann \u00abMaailma m\u00f5\u00f5tmine\u00bb (<i>Atlex<\/i>) 8<br \/>\n9.\u201310. Cormac McCarthy \u00abTee\u00bb (<i>Varrak<\/i>) 8<br \/>\n11.\u201313. Terry Pratchett \u00abKoletislik r\u00fcgement\u00bb (<i>Varrak<\/i>) 6<br \/>\n11.\u201313. Robert Shea &#8211; Robert Anton Wilson \u00abSilm p\u00fcramiidis\u00bb (<i>Kirjastuskeskus<\/i>) 6<br \/>\n11.\u201313. J. R. R. Tolkien \u00abH\u00farini lapsed\u00bb (<i>Tiritamm<\/i>) 6<br \/>\n14. Stephen King \u00abMobla\u00bb (<i>Pegasus<\/i>) 5<br \/>\n15.\u201318. Richard Bach \u00abIllusioonid: Trotsliku messia seiklused\u00bb (<i>Kuldsulg<\/i>) 4<br \/>\n15.\u201318. Michel Houellebecq \u00abElementaarosakesed\u00bb (<i>Varrak<\/i>) 4<br \/>\n15.\u201318. Terry Pratchett \u00ab\u00d6\u00f6vahtkond\u00bb (<i>Varrak<\/i>) 4<br \/>\n15.\u201318. Kurt Vonnegut \u00abKullisilm\u00bb (<i>T\u00e4nap\u00e4ev<\/i>) 4<br \/>\n19.\u201320. Peter H\u00f8eg \u00abVaikne t\u00fcdruk\u00bb (<i>Eesti Raamat<\/i>) 3<br \/>\n19.\u201320. T. H. White \u00abN\u00f5id metsas\u00bb (<i>autorikogu \u00abKunagine ja tulevane kuningas\u00bb<\/i>) 3<br \/>\n21.\u201322. J. M. Rose \u00abTaaskehastuja\u00bb (<i>Ersen<\/i>) 1<br \/>\n21.\u201322. Stephenie Meyer \u00abVidevik\u00bb (<i>Pegasus<\/i>) 1<\/p>\n<p><a id=\"eztoc36449_2\" name=\"eztoc36449_2\"><\/a><\/p>\n<h2>Parim antoloogia v\u00f5i kogumik<\/h2>\n<p>Osales 11 \u00fchikut. H\u00e4\u00e4li said 9. H\u00e4\u00e4letas 22 inimest.<\/p>\n<p><b>1. Poul Anderson \u00abTaevarahvas: Poul Andersoni parimad jutud\u00bb (<\/b><b><i>Fantaasia<\/i><\/b><b>) 60<\/b><br \/>\n2. Arvi Nikkarev (<i>koost<\/i>) \u00abSoome ulme\u00bb (<i>Skarabeus<\/i>) 35<br \/>\n3. Bruce Sterling \u00abSkismaatriks +\u00bb (<i>Fantaasia<\/i>) 33<br \/>\n4. Raul Sulbi (<i>koost<\/i>) \u00abT\u00e4heaeg 4: Fl\u00f6\u00f6dit\u00fcdruk\u00bb (<i>Fantaasia<\/i>) 25<br \/>\n5. Kristjan Sander \u00ab13 talvist hetke\u00bb (<i>Varrak<\/i>) 17<br \/>\n6. Robert E. Howard \u00abSolomon Kane&#8217;i lood\u00bb (<i>Fantaasia<\/i>) 15<br \/>\n7. T. H. White \u00abKunagine ja tulevane kuningas\u00bb (<i>Varrak<\/i>) 8<br \/>\n8. Robert E. Howard \u00abKuningas Kull ja Bran Mak Morn\u00bb (<i>Fantaasia<\/i>) 4<br \/>\n9. Aime Maripuu \u00abMaarjam\u00e4e lossi kummitused ja teised kummalised lood\u00bb (<i>Eesti Raamat<\/i>) 1<\/p>\n<p><a id=\"eztoc36449_3\" name=\"eztoc36449_3\"><\/a><\/p>\n<h2>Parim t\u00f5lkejutt<\/h2>\n<p>Osales 56 juttu, jutustust ja l\u00fchiromaani. H\u00e4\u00e4li said neist 29. H\u00e4\u00e4letas 21 inimest.<\/p>\n<p><b>1. Paolo Bacigalupi \u00abFl\u00f6\u00f6dit\u00fcdruk\u00bb (<\/b><b><i>antoloogia \u00abT\u00e4heaeg 4: Fl\u00f6\u00f6dit\u00fcdruk\u00bb<\/i><\/b><b>) 27<\/b><br \/>\n2. Bruce Sterling \u00abS\u00fclem\u00bb (<i>autorikogu \u00abSkismaatriks +\u00bb<\/i>) 18<br \/>\n3. Poul Anderson \u00abTaevarahvas\u00bb (<i>autorikogu \u00abTaevarahvas: Poul Andersoni parimad jutud\u00bb<\/i>) 16<br \/>\n4. Poul Anderson \u00abMees, kes tuli liiga vara\u00bb (<i>autorikogu \u00abTaevarahvas: Poul Andersoni parimad jutud\u00bb<\/i>) 12<br \/>\n5. Poul Anderson \u00abMu k\u00f5rgeim siht\u00bb (<i>autorikogu \u00abTaevarahvas: Poul Andersoni parimad jutud\u00bb<\/i>) 11<br \/>\n6. Poul Anderson \u00ab\u00d5hu Ja \u00d6\u00f6 Kuninganna\u00bb (<i>autorikogu \u00abTaevarahvas: Poul Andersoni parimad jutud\u00bb<\/i>) 10<br \/>\n7.\u20138. Poul Anderson \u00abSam Hall\u00bb (<i>autorikogu \u00abTaevarahvas: Poul Andersoni parimad jutud\u00bb<\/i>) 9<br \/>\n7.\u20138. Bruce Sterling \u00abRoos\u00e4mblik\u00bb (<i>autorikogu \u00abSkismaatriks +\u00bb<\/i>) 9<br \/>\n9.\u201311. Poul Anderson \u00abEutoopia\u00bb (<i>autorikogu \u00abTaevarahvas: Poul Andersoni parimad jutud\u00bb<\/i>) 8<br \/>\n9.\u201311. Poul Anderson \u00abKuningatega vaherahu ei s\u00f5lmita\u00bb (<i>autorikogu \u00abTaevarahvas: Poul Andersoni parimad jutud\u00bb<\/i>) 8<br \/>\n9.\u201311. Poul Anderson \u00abT\u00e4idel\u00e4inud saatus\u00bb (<i>autorikogu \u00abTaevarahvas: Poul Andersoni parimad jutud\u00bb<\/i>) 8<br \/>\n12.\u201313. Poul Anderson \u00abK\u00fclm v\u00f5it\u00bb (<i>autorikogu \u00abTaevarahvas: Poul Andersoni parimad jutud\u00bb<\/i>) 6<br \/>\n12.\u201313. Susi Vaasjoki \u00abJutumeister\u00bb (<i>antoloogia \u00abSoome ulme\u00bb<\/i>) 6<br \/>\n14.\u201316. Robert Hugh Benson \u00abJ\u00e4lgija\u00bb (<i>\u00abAlgernon\u00bb 2008; detsember<\/i>) 5<br \/>\n14.\u201316. Anne Leinonen \u00abTeislane\u00bb (<i>antoloogia \u00abSoome ulme\u00bb<\/i>) 5<br \/>\n14.\u201316. Bruce Sterling \u00abTsikaadikuninganna\u00bb (<i>autorikogu \u00abSkismaatriks +\u00bb<\/i>) 5<br \/>\n17.\u201318. Poul Anderson \u00abAjasarve h\u00fc\u00fcd\u00bb (<i>autorikogu \u00abTaevarahvas: Poul Andersoni parimad jutud\u00bb<\/i>) 4<br \/>\n17.\u201318. Poul Anderson \u00abOperatsioon Ifriit\u00bb (<i>autorikogu \u00abTaevarahvas: Poul Andersoni parimad jutud\u00bb<\/i>) 4<br \/>\n19.\u201321. Johann August Apel \u00abSurmatants\u00bb (<i>\u00abAlgernon\u00bb 2008; detsember<\/i>) 3<br \/>\n19.\u201321. Ambrose Bierce \u00abTeisel pool seina\u00bb (<i>\u00abAlgernon\u00bb 2008; aprill<\/i>) 3<br \/>\n19.\u201321. Robert E. Howard \u00abSammud hauakambris\u00bb (<i>autorikogu \u00abSolomon Kane&#8217;i lood\u00bb<\/i>) 3<br \/>\n22. Johanna Sinisalo \u00abBaby Doll\u00bb (<i>antoloogia \u00abSoome ulme\u00bb<\/i>) 2<br \/>\n23.\u201329. Poul Anderson \u00abDuell Syrtisel\u00bb (<i>autorikogu \u00abTaevarahvas: Poul Andersoni parimad jutud\u00bb<\/i>) 1<br \/>\n23.\u201329. Robert E. Howard \u00abPunased varjud\u00bb (<i>autorikogu \u00abSolomon Kane&#8217;i lood\u00bb<\/i>) 1<br \/>\n23.\u201329. Leena Krohn \u00abN\u00f5ia k\u00e4tki\u00bb (<i>autorikogu \u00abMatemaatilised olendid, ehk Jagatud unen\u00e4od\u00bb<\/i>) 1<br \/>\n23.\u201329. Anne Leinonen \u00abTss, tss! tegid need\u00bb (<i>antoloogia \u00abSoome ulme\u00bb<\/i>) 1<br \/>\n23.\u201329. Petri Salin \u00ab(Kui) Zirma on olemas\u00bb (<i>antoloogia \u00abSoome ulme\u00bb<\/i>) 1<br \/>\n23.\u201329. Johanna Sinisalo \u00abLendav Hollandlane\u00bb (<i>antoloogia \u00abSoome ulme\u00bb<\/i>) 1<br \/>\n23.\u201329. Jeff VanderMeer \u00abBalzaci s\u00f5da\u00bb (<i>antoloogia \u00abT\u00e4heaeg 4: Fl\u00f6\u00f6dit\u00fcdruk\u00bb<\/i>) 1<\/p>\n<p><a id=\"eztoc36449_4\" name=\"eztoc36449_4\"><\/a><\/p>\n<h2>Parim eesti autori romaan<\/h2>\n<p>Osales 11 romaani, h\u00e4\u00e4li said neist k\u00f5ik. H\u00e4\u00e4letas 19 inimest.<\/p>\n<p><b>1. Leo Kunnas \u00abGort Ashryn: I osa. Enne viimast s\u00f5da\u00bb (<\/b><b><i>Eesti P\u00e4evaleht<\/i><\/b><b>) 38<\/b><br \/>\n2. Siim Veskimees \u00abTaevatagune suurem ilm: Z\u00e4tereiti lood: Tau S\u00f5rmuse operatsioon\u00bb (<i>Fantaasia<\/i>) 31<br \/>\n3. Kristjan Sander \u00abKolmteist talvist hetke\u00bb (<i>autorikogu \u00ab13 talvist hetke\u00bb<\/i>) 29<br \/>\n4. Tamur Kusnets \u00abHundip\u00e4ikese aeg: Metsiku jahi algus\u00bb (<i>Pegasus<\/i>) 28<br \/>\n5.\u20136. Marion Andra \u00abPimend\u00bb (<i>Varrak<\/i>) 13<br \/>\n5.\u20136.Kaupo P\u00e4hkel \u00abEhat\u00e4he r\u00fc\u00fctel\u00bb (<i>Varrak<\/i>) 13<br \/>\n7. Rein P\u00f5der \u00abJuba olnud\u00bb (<i>Eesti Raamat<\/i>) 9<br \/>\n8. Alo Paju \u00abAare\u00bb (<i>Kirjastuskeskus<\/i>) 5<br \/>\n9. Heiki Vilep \u00abHorlok ja \u00dcrgv\u00e4rava v\u00f5ti\u00bb (<i>A-Disain<\/i>) 3<br \/>\n10.\u201311. Helga N\u00f5u \u00abPeaaegu geenius, ehk Schr\u00f6dingeri kassi otsimas\u00bb (<i>Atlex<\/i>) 1<br \/>\n10.\u201311. Ketlin Priilinn \u00abVaim\u00bb (<i>T\u00e4nap\u00e4ev<\/i>) 1<\/p>\n<p><a id=\"eztoc36449_5\" name=\"eztoc36449_5\"><\/a><\/p>\n<h2>Parim eesti autori l\u00fchiromaan v\u00f5i jutustus<\/h2>\n<p>Kandideeris 8 teksti, k\u00f5ik neist said ka h\u00e4\u00e4li. H\u00e4\u00e4letas 13 inimest.<\/p>\n<p><b>1. Indrek Hargla \u00abMinu p\u00e4evad Liinaga\u00bb (<\/b><b><i>\u00abLooming\u00bb 2008; nr 8<\/i><\/b><b>) 33<\/b><br \/>\n2. Kristjan Sander \u00abPikk tee\u00bb (<i>autorikogu \u00ab13 talvist hetke\u00bb<\/i>) 31<br \/>\n3. Kristjan Sander \u00abReisija juhtum\u00bb (<i>autorikogu \u00ab13 talvist hetke\u00bb<\/i>) 28<br \/>\n4. Urmas Lennuk \u00abFrankensteinim\u00e4ng\u00bb (<i>\u00abAlgernon\u00bb 2008; aprill<\/i>) 11<br \/>\n5. Dani Adler \u00abValutuli\u00bb (<i>antoloogia \u00abT\u00e4heaeg 4: Fl\u00f6\u00f6dit\u00fcdruk\u00bb<\/i>) 8<br \/>\n6. Aime Maripuu \u00abMaarjam\u00e4e lossi kummitused\u00bb (<i>autorikogu \u00abMaarjam\u00e4e lossi kummitused ja teised kummalised lood\u00bb<\/i>) 3<br \/>\n7. Aime Maripuu \u00abSee teine elu\u00bb (<i>autorikogu \u00abMaarjam\u00e4e lossi kummitused ja teised kummalised lood\u00bb<\/i>) 2<br \/>\n8. Ketlin Priilinn \u00abHirm pole t\u00e4htis\u00bb (<i>Kentaur<\/i>) 1<\/p>\n<p><a id=\"eztoc36449_6\" name=\"eztoc36449_6\"><\/a><\/p>\n<h2>Parim eesti autori l\u00fchijutt<\/h2>\n<p>Kandideeris 58 teksti, h\u00e4\u00e4li said neist 20. H\u00e4\u00e4letas 18 inimest.<\/p>\n<p><b>1. Laur Kraft \u00abUltima Cthule\u00bb (<\/b><b><i>\u00abAlgernon\u00bb 2008; aprill<\/i><\/b><b>) 32<\/b><br \/>\n2. Indrek Hargla \u00abTontla metsas\u00bb (<i>antoloogia \u00abT\u00e4heaeg 4: Fl\u00f6\u00f6dit\u00fcdruk\u00bb<\/i>) 20<br \/>\n3. Kristjan Sander \u00abEi puhka sinus\u00bb (<i>antoloogia \u00abT\u00e4heaeg 4: Fl\u00f6\u00f6dit\u00fcdruk\u00bb<\/i>) 17<br \/>\n4. Kristjan Sander \u00ab\u00d5htu rannal\u00bb (<i>antoloogia \u00abT\u00e4heaeg 4: Fl\u00f6\u00f6dit\u00fcdruk\u00bb<\/i>) 14<br \/>\n5. Veiko Belials \u00abK\u00fcbaramoor\u00bb (<i>antoloogia \u00abT\u00e4heaeg 4: Fl\u00f6\u00f6dit\u00fcdruk\u00bb<\/i>) 13<br \/>\n6. Meelis Friedenthal \u00abEesti keel\u00bb (<i>\u00abAlgernon\u00bb 2008; detsember<\/i>) 11<br \/>\n7. Xavier Yzz \u00abArvutamine teises k\u00fcmnes\u00bb (<i>\u00abAlgernon\u00bb 2008; aprill<\/i>) 10<br \/>\n8. Taivo Rist \u00abS\u00f5naga tapetakse enam kui m\u00f5\u00f5gaga\u00bb (<i>antoloogia \u00abT\u00e4heaeg 4: Fl\u00f6\u00f6dit\u00fcdruk\u00bb<\/i>) 8<br \/>\n9.\u201312. Mehis Heinsaar \u00abIdioodi elu\u00bb (<i>\u00abVikerkaar\u00bb 2008; nr 1\/2<\/i>) 5<br \/>\n9.\u201312. Mehis Heinsaar \u00abRebased ja koerad\u00bb (<i>\u00abVikerkaar\u00bb 2008; nr 1\/2<\/i>) 5<br \/>\n9.\u201312. Bix Pokupoeg \u00abPuuslik\u00bb (<i>\u00abAlgernon\u00bb 2008; juuli<\/i>) 5<br \/>\n9.\u201312. Arvo Valton \u00abPrints\u00bb (<i>\u00abLooming\u00bb 2008; nr 10<\/i>) 5<br \/>\n13. Maniakkide T\u00e4nav \u00abMusta mantliga mees\u00bb (<i>\u00abOma Saar\u00bb 2008; nr 35 (16. veebruar) \u2013 nr 44 (27. veebruar)<\/i>) 4<br \/>\n14.\u201316. Toomas Raudam \u00abRapuntsel\u00bb (<i>\u00abVikerkaar\u00bb 2008; nr 10\/11<\/i>) 3<br \/>\n14.\u201316. Maniakkide T\u00e4nav \u00abKallis, sa oled nii hale, nii et miks ei v\u00f5iks ma su piinad l\u00f5petada?\u00bb (<i>antoloogia \u00abT\u00e4heaeg 4: Fl\u00f6\u00f6dit\u00fcdruk\u00bb<\/i>) 3<br \/>\n14.\u201316. Maniakkide T\u00e4nav \u00abOmadega kuival\u00bb (<i>\u00abAlgernon\u00bb 2008; juuli<\/i>) 3<br \/>\n17.\u201320. Mart Kivastik \u00abOrdnung macht frei!\u00bb (<i>\u00abSirp\u00bb 2008; nr 38 (10. oktoober)<\/i>) 1<br \/>\n17.\u201320. Armin K\u00f5om\u00e4gi \u00abKatastroof\u00bb (<i>\u00abVikerkaar\u00bb 2008; nr 6<\/i>) 1<br \/>\n17.\u201320. Artur R\u00e4pp \u00abLugu lusikast ja kiikhobusest\u00bb (<i>\u00abAlgernon\u00bb 2008; aprill<\/i>) 1<br \/>\n17.\u201320. Juhan Voolaid \u00abHabemik peaaegu l\u00e4mbus hirmu k\u00e4tte\u00bb (<i>autorikogu \u00abErakordne info Maa elanikele\u00bb<\/i>) 1<\/p>\n<\/div>\n","protected":false},"excerpt":{"rendered":"<p>Estcon 2009 toimus 17.\u201319. juulil Taevaskoja Puhkemajas. \u00dcrituse \u00fcheks kulminatsioonipunktiks oli kindlasti parimate 2008. aastal eesti keeles ilmunud ulmeteoste selgitamine, ehk siis ulmeauhinna Stalker 2009 v\u00f5itjate v\u00e4ljakuuulutamine. L\u00f5plik paremusj\u00e4rjestus selgus 32 inimese abil, sest m\u00f5ned h\u00e4\u00e4letajad ei olnud h\u00e4\u00e4letusjuhendit korralikult &hellip; <a href=\"http:\/\/ulme.ee\/veeb\/?page_id=3872&#038;lang=et\">J\u00e4tka lugemist <span class=\"meta-nav\">&rarr;<\/span><\/a><\/p>\n","protected":false},"author":1,"featured_media":0,"parent":0,"menu_order":0,"comment_status":"closed","ping_status":"closed","template":"","meta":{"footnotes":""},"_links":{"self":[{"href":"http:\/\/ulme.ee\/veeb\/index.php?rest_route=\/wp\/v2\/pages\/3872"}],"collection":[{"href":"http:\/\/ulme.ee\/veeb\/index.php?rest_route=\/wp\/v2\/pages"}],"about":[{"href":"http:\/\/ulme.ee\/veeb\/index.php?rest_route=\/wp\/v2\/types\/page"}],"author":[{"embeddable":true,"href":"http:\/\/ulme.ee\/veeb\/index.php?rest_route=\/wp\/v2\/users\/1"}],"replies":[{"embeddable":true,"href":"http:\/\/ulme.ee\/veeb\/index.php?rest_route=%2Fwp%2Fv2%2Fcomments&post=3872"}],"version-history":[{"count":2,"href":"http:\/\/ulme.ee\/veeb\/index.php?rest_route=\/wp\/v2\/pages\/3872\/revisions"}],"predecessor-version":[{"id":7657,"href":"http:\/\/ulme.ee\/veeb\/index.php?rest_route=\/wp\/v2\/pages\/3872\/revisions\/7657"}],"wp:attachment":[{"href":"http:\/\/ulme.ee\/veeb\/index.php?rest_route=%2Fwp%2Fv2%2Fmedia&parent=3872"}],"curies":[{"name":"wp","href":"https:\/\/api.w.org\/{rel}","templated":true}]}}