{"id":3870,"date":"2016-07-26T13:24:25","date_gmt":"2016-07-26T10:24:25","guid":{"rendered":"http:\/\/esuaxue.havike.eenet.ee\/veeb\/?page_id=3870"},"modified":"2016-08-08T11:33:34","modified_gmt":"2016-08-08T08:33:34","slug":"2009-haaletusnimekiri","status":"publish","type":"page","link":"http:\/\/ulme.ee\/veeb\/?page_id=3870&lang=et","title":{"rendered":"2009 h\u00e4\u00e4letusnimekiri"},"content":{"rendered":"<div class=\"attribute-short\">\n<p>Altpoolt leiad Stalker 2009 h\u00e4\u00e4letusnimekirjad. Sel aastal tuleb h\u00e4\u00e4letamiseks reastada igas kategoorias <b>KOLM<\/b> paremat. Ei ole vaja tingimata h\u00e4\u00e4letada k\u00f5igis kategooriates \u2013 kui mingis kategoorias ei suuda kolme paremat leida, v\u00f5ib need kategooriad vahele j\u00e4tta.<\/p>\n<p>Paremusj\u00e4rjestused tuleb saata aadressil <b>stalker@ulme.ee<\/b>.<\/p>\n<p>Arvesse l\u00e4hevad <b>12. juulini 2009<\/b> (kaasa arvatud) laekunud h\u00e4\u00e4led.<\/p>\n<\/div>\n<div class=\"attribute-long\">\n<p>2009. aastal toimub h\u00e4\u00e4letus kuues kategoorias.<\/p>\n<p><a id=\"eztoc29453_0_1\" name=\"eztoc29453_0_1\"><\/a><\/p>\n<h3><b>Parim t\u00f5lkeromaan<\/b><\/h3>\n<p>Isaac <b>Asimov<\/b> \u00abTeraskoopad\u00bb (Fantaasia)<br \/>\nRichard <b>Bach<\/b> \u00abIllusioonid: Trotsliku messia seiklused\u00bb (Kuldsulg)<br \/>\nLois McMaster <b>Bujold<\/b> \u00abAu riismed\u00bb (Varrak)<br \/>\nMaite <b>Carranza<\/b> \u00abEmahundi klann\u00bb (Varrak)<br \/>\nMaite <b>Carranza<\/b> \u00abJ\u00e4ine k\u00f5rb\u00bb (Varrak)<br \/>\nMaite <b>Carranza<\/b> \u00abOdi needus\u00bb (Varrak)<br \/>\nLars Saabye <b>Christensen<\/b> \u00abModell\u00bb (Eesti Raamat)<br \/>\nSusanna <b>Clarke<\/b> \u00abJonathan Strange ja h\u00e4rra Norrell\u00bb [3 k\u00f6idet] (Pegasus)<br \/>\nSam <b>Enthoven<\/b> \u00abMustad haarmed\u00bb (Pegasus)<br \/>\nCharlie <b>Fletcher<\/b> \u00abKivis\u00fcda\u00bb (Koolibri)<br \/>\nJan <b>Guillou<\/b> \u00abMadam Terror\u00bb (Hotger)<br \/>\nLian <b>Hearn<\/b> \u00abTaeva v\u00f5rk on lai\u00bb (Varrak)<br \/>\nJoe <b>Hill<\/b> \u00abS\u00fcdamekujuline karp\u00bb (Varrak)<br \/>\nPeter <b>H\u00f8eg<\/b> \u00abVaikne t\u00fcdruk\u00bb (Eesti Raamat)<br \/>\nNick <b>Hornby<\/b> \u00abMaoli\u00bb (Varrak)<br \/>\nMichel <b>Houellebecq<\/b> \u00abElementaarosakesed\u00bb (Varrak)<br \/>\nDaniel <b>Kehlmann<\/b> \u00abMaailma m\u00f5\u00f5tmine\u00bb (Atlex)<br \/>\nStephen <b>King<\/b> \u00abMobla\u00bb (Pegasus)<br \/>\nStephen <b>King<\/b> \u00abUdu\u00bb (Fantaasia)<br \/>\nStephen <b>King<\/b> \u00abV\u00f5lur ja klaas\u00bb (Pegasus)<br \/>\nHenri <b>Loevenbruck<\/b> \u00abEmahunt ja t\u00fcdruk\u00bb (Pegasus)<br \/>\nHenri <b>Loevenbruck<\/b> \u00abKoperniku s\u00fcndroom\u00bb (Kunst)<br \/>\nSergei <b>Lukjanenko<\/b> \u00ab\u00d6ine vahtkond\u00bb (Varrak)<br \/>\nCormac <b>McCarthy<\/b> \u00abTee\u00bb (Varrak)<br \/>\nStephenie <b>Meyer<\/b> \u00abNoorkuu\u00bb (Pegasus)<br \/>\nStephenie <b>Meyer<\/b> \u00abVidevik\u00bb (Pegasus)<br \/>\nHaruki <b>Murakami<\/b> \u00abKafka mererannas\u00bb (Varrak)<br \/>\nTerry <b>Pratchett<\/b> \u00abAutojuhid\u00bb (Varrak)<br \/>\nTerry <b>Pratchett<\/b> \u00abKaevajad\u00bb (Varrak)<br \/>\nTerry <b>Pratchett<\/b> \u00abKoletislik r\u00fcgement\u00bb (Varrak)<br \/>\nTerry <b>Pratchett<\/b> \u00abTiivad\u00bb (Varrak)<br \/>\nTerry <b>Pratchett<\/b> \u00ab\u00d6\u00f6vahtkond\u00bb (Varrak)<br \/>\nNora <b>Roberts<\/b> \u00abHollow\u00bb (Ersen)<br \/>\nNora <b>Roberts<\/b> \u00abVerevennad\u00bb (Ersen)<br \/>\nJ. M. <b>Rose<\/b> \u00abTaaskehastuja\u00bb (Ersen)<br \/>\nRobert <b>Shea<\/b> &#8211; Robert Anton <b>Wilson<\/b> \u00abSilm p\u00fcramiidis\u00bb (Kirjastuskeskus)<br \/>\nBruce <b>Sterling<\/b> \u00abSkismaatriks\u00bb (autorikogu \u00abSkismaatriks +\u00bb)<br \/>\nJ. R. R. <b>Tolkien<\/b> \u00abH\u00farini lapsed\u00bb (Tiritamm)<br \/>\nKurt <b>Vonnegut<\/b> \u00abKullisilm\u00bb (T\u00e4nap\u00e4ev)<br \/>\nHorace <b>Walpole<\/b> \u00abOtranto loss\u00bb (Eesti Raamat)<br \/>\nBernard <b>Werber<\/b> \u00abMeie isade isa\u00bb (Varrak)<br \/>\nT. H. <b>White<\/b> \u00abKunnatu r\u00fc\u00fctel\u00bb (autorikogu \u00abKunagine ja tulevane kuningas\u00bb)<br \/>\nT. H. <b>White<\/b> \u00abK\u00fc\u00fcnal tuules\u00bb (autorikogu \u00abKunagine ja tulevane kuningas\u00bb)<br \/>\nT. H. <b>White<\/b> \u00abM\u00f5\u00f5k kivis\u00bb (autorikogu \u00abKunagine ja tulevane kuningas\u00bb)<br \/>\nT. H. <b>White<\/b> \u00abN\u00f5id metsas\u00bb (autorikogu \u00abKunagine ja tulevane kuningas\u00bb)<\/p>\n<p><a id=\"eztoc29453_0_2\" name=\"eztoc29453_0_2\"><\/a><\/p>\n<h3><b>Parim antoloogia v\u00f5i kogumik<\/b><\/h3>\n<p>Poul <b>Anderson<\/b> \u00abTaevarahvas: Poul Andersoni parimad jutud\u00bb (Fantaasia)<br \/>\nRobert E. <b>Howard<\/b> \u00abKuningas Kull ja Bran Mak Morn\u00bb (Fantaasia)<br \/>\nRobert E. <b>Howard<\/b> \u00abSolomon Kane&#8217;i lood\u00bb (Fantaasia)<br \/>\nLeena <b>Krohn<\/b> \u00abMatemaatilised olendid, ehk Jagatud unen\u00e4od\u00bb (Eesti P\u00e4evaleht)<br \/>\nAime <b>Maripuu<\/b> \u00abMaarjam\u00e4e lossi kummitused ja teised kummalised lood\u00bb (Eesti Raamat)<br \/>\nArvi <b>Nikkarev<\/b> (<i>koost.<\/i>) \u00abSoome ulme\u00bb (Skarabeus)<br \/>\nKristjan <b>Sander<\/b> \u00ab13 talvist hetke\u00bb (Varrak)<br \/>\nBruce <b>Sterling<\/b> \u00abSkismaatriks +\u00bb (Fantaasia)<br \/>\nRaul <b>Sulbi<\/b> (<i>koost.<\/i>) \u00abT\u00e4heaeg 4: Fl\u00f6\u00f6dit\u00fcdruk\u00bb (Fantaasia)<br \/>\nJuhan <b>Voolaid<\/b> \u00abErakordne info Maa elanikele\u00bb (Habemega Naine)<br \/>\nT. H. <b>White<\/b> \u00abKunagine ja tulevane kuningas\u00bb (Varrak)<\/p>\n<p><a id=\"eztoc29453_0_3\" name=\"eztoc29453_0_3\"><\/a><\/p>\n<h3><b>Parim t\u00f5lkejutt<\/b><\/h3>\n<p>Poul <b>Anderson<\/b> \u00abAjasarve h\u00fc\u00fcd\u00bb (autorikogu \u00abTaevarahvas: Poul Andersoni parimad jutud\u00bb)<br \/>\nPoul <b>Anderson<\/b> \u00abDuell Syrtisel\u00bb (autorikogu \u00abTaevarahvas: Poul Andersoni parimad jutud\u00bb)<br \/>\nPoul <b>Anderson<\/b> \u00abEutoopia\u00bb (autorikogu \u00abTaevarahvas: Poul Andersoni parimad jutud\u00bb)<br \/>\nPoul <b>Anderson<\/b> \u00abKuningatega vaherahu ei s\u00f5lmita\u00bb (autorikogu \u00abTaevarahvas: Poul Andersoni parimad jutud\u00bb)<br \/>\nPoul <b>Anderson<\/b> \u00abK\u00fclm v\u00f5it\u00bb (autorikogu \u00abTaevarahvas: Poul Andersoni parimad jutud\u00bb)<br \/>\nPoul <b>Anderson<\/b> \u00abMees, kes tuli liiga vara\u00bb (autorikogu \u00abTaevarahvas: Poul Andersoni parimad jutud\u00bb)<br \/>\nPoul <b>Anderson<\/b> \u00abMu k\u00f5rgeim siht\u00bb (autorikogu \u00abTaevarahvas: Poul Andersoni parimad jutud\u00bb)<br \/>\nPoul <b>Anderson<\/b> \u00abOperatsioon Ifriit\u00bb (autorikogu \u00abTaevarahvas: Poul Andersoni parimad jutud\u00bb)<br \/>\nPoul <b>Anderson<\/b> \u00abSam Hall\u00bb (autorikogu \u00abTaevarahvas: Poul Andersoni parimad jutud\u00bb)<br \/>\nPoul <b>Anderson<\/b> \u00abTaevarahvas\u00bb (autorikogu \u00abTaevarahvas: Poul Andersoni parimad jutud\u00bb)<br \/>\nPoul <b>Anderson<\/b> \u00abT\u00e4idel\u00e4inud saatus\u00bb (autorikogu \u00abTaevarahvas: Poul Andersoni parimad jutud\u00bb)<br \/>\nPoul <b>Anderson<\/b> \u00ab\u00d5hu Ja \u00d6\u00f6 Kuninganna\u00bb (autorikogu \u00abTaevarahvas: Poul Andersoni parimad jutud\u00bb)<br \/>\nJohann August <b>Apel<\/b> \u00abSurmatants\u00bb (\u00abAlgernon\u00bb 2008; detsember)<br \/>\nPaolo <b>Bacigalupi<\/b> \u00abFl\u00f6\u00f6dit\u00fcdruk\u00bb (antoloogia \u00abT\u00e4heaeg 4: Fl\u00f6\u00f6dit\u00fcdruk\u00bb)<br \/>\nRobert Hugh <b>Benson<\/b> \u00abJ\u00e4lgija\u00bb (\u00abAlgernon\u00bb 2008; detsember)<br \/>\nAmbrose <b>Bierce<\/b> \u00abTeisel pool seina\u00bb (\u00abAlgernon\u00bb 2008; aprill)<br \/>\nRobert E. <b>Howard<\/b> \u00abKadunud rahvas\u00bb (autorikogu \u00abKuningas Kull ja Bran Mak Morn\u00bb)<br \/>\nRobert E. <b>Howard<\/b> \u00abKolbad t\u00e4htede keskel\u00bb (autorikogu \u00abSolomon Kane&#8217;i lood\u00bb)<br \/>\nRobert E. <b>Howard<\/b> \u00abKolpade kuu\u00bb (autorikogu \u00abSolomon Kane&#8217;i lood\u00bb)<br \/>\nRobert E. <b>Howard<\/b> \u00abKontide ragin\u00bb (autorikogu \u00abSolomon Kane&#8217;i lood\u00bb)<br \/>\nRobert E. <b>Howard<\/b> \u00abPunased varjud\u00bb (autorikogu \u00abSolomon Kane&#8217;i lood\u00bb)<br \/>\nRobert E. <b>Howard<\/b> \u00abR\u00fc\u00fctlid \u00f6\u00f6s\u00bb (autorikogu \u00abKuningas Kull ja Bran Mak Morn\u00bb)<br \/>\nRobert E. <b>Howard<\/b> \u00abSammud hauakambris\u00bb (autorikogu \u00abSolomon Kane&#8217;i lood\u00bb)<br \/>\nRobert E. <b>Howard<\/b> \u00abSurnuk\u00fcnkad\u00bb (autorikogu \u00abSolomon Kane&#8217;i lood\u00bb)<br \/>\nRobert E. <b>Howard<\/b> \u00abUssid maa sees\u00bb (autorikogu \u00abKuningas Kull ja Bran Mak Morn\u00bb)<br \/>\nRobert E. <b>Howard<\/b> \u00abVarjude kuningriik\u00bb (autorikogu \u00abKuningas Kull ja Bran Mak Morn\u00bb)<br \/>\nM. R. <b>James<\/b> \u00abKirikaia k\u00f5rval elas \u00fcks mees\u00bb (\u00abAlgernon\u00bb 2008; juuli)<br \/>\nJenny <b>Kangasvuo<\/b> \u00abIgas lihat\u00fckis on tahe\u00bb (antoloogia \u00abSoome ulme\u00bb)<br \/>\nJenny <b>Kangasvuo<\/b> \u00abMerelaine naha all\u00bb (antoloogia \u00abSoome ulme\u00bb)<br \/>\nMary-Jane <b>Knight<\/b> \u00abVampiir: Dr Cornelius Van Helsingi hirmu\u00e4ratav kadunud p\u00e4evik\u00bb (Pegasus)<br \/>\nLeena <b>Krohn<\/b> \u00abCerro el Plomo inkaprintsile\u00bb (autorikogu \u00abMatemaatilised olendid, ehk Jagatud unen\u00e4od\u00bb)<br \/>\nLeena <b>Krohn<\/b> \u00abEsiklapse s\u00f5rmed\u00bb (autorikogu \u00abMatemaatilised olendid, ehk Jagatud unen\u00e4od\u00bb)<br \/>\nLeena <b>Krohn<\/b> \u00abGorgonoidid\u00bb (autorikogu \u00abMatemaatilised olendid, ehk Jagatud unen\u00e4od\u00bb)<br \/>\nLeena <b>Krohn<\/b> \u00abJ\u00e4relpidi h\u00f5\u00f5g\u00bb (autorikogu \u00abMatemaatilised olendid, ehk Jagatud unen\u00e4od\u00bb)<br \/>\nLeena <b>Krohn<\/b> \u00abLucilia illustris\u00bb (autorikogu \u00abMatemaatilised olendid, ehk Jagatud unen\u00e4od\u00bb)<br \/>\nLeena <b>Krohn<\/b> \u00abMind te k\u00fcll ei peta!\u00bb (autorikogu \u00abMatemaatilised olendid, ehk Jagatud unen\u00e4od\u00bb)<br \/>\nLeena <b>Krohn<\/b> \u00abN\u00f5ia k\u00e4tki\u00bb (autorikogu \u00abMatemaatilised olendid, ehk Jagatud unen\u00e4od\u00bb)<br \/>\nLeena <b>Krohn<\/b> \u00abPulmav\u00f5\u00f5rad\u00bb (autorikogu \u00abMatemaatilised olendid, ehk Jagatud unen\u00e4od\u00bb)<br \/>\nLeena <b>Krohn<\/b> \u00abSee, kelle k\u00e4tes on su surm\u00bb (autorikogu \u00abMatemaatilised olendid, ehk Jagatud unen\u00e4od\u00bb)<br \/>\nLeena <b>Krohn<\/b> \u00abSest k\u00f5ik elavad\u00bb (autorikogu \u00abMatemaatilised olendid, ehk Jagatud unen\u00e4od\u00bb)<br \/>\nLeena <b>Krohn<\/b> \u00abSoolakaevandus\u00bb (autorikogu \u00abMatemaatilised olendid, ehk Jagatud unen\u00e4od\u00bb)<br \/>\nLeena <b>Krohn<\/b> \u00abValgustunud\u00bb (autorikogu \u00abMatemaatilised olendid, ehk Jagatud unen\u00e4od\u00bb)<br \/>\nAnne <b>Leinonen<\/b> \u00abTeislane\u00bb (antoloogia \u00abSoome ulme\u00bb)<br \/>\nAnne <b>Leinonen<\/b> \u00abTss, tss! tegid need\u00bb (antoloogia \u00abSoome ulme\u00bb)<br \/>\nPetri <b>Salin<\/b> \u00ab(Kui) Zirma on olemas\u00bb (antoloogia \u00abSoome ulme\u00bb)<br \/>\nPetri <b>Salin<\/b> \u00abKuninga kogutud hullused\u00bb (antoloogia \u00abSoome ulme\u00bb)<br \/>\nJohanna <b>Sinisalo<\/b> \u00abBaby Doll\u00bb (antoloogia \u00abSoome ulme\u00bb)<br \/>\nJohanna <b>Sinisalo<\/b> \u00abLendav Hollandlane\u00bb (antoloogia \u00abSoome ulme\u00bb)<br \/>\nM. G. <b>Soikkeli<\/b> \u00abBerliini n\u00e4itelavad\u00bb (antoloogia \u00abSoome ulme\u00bb)<br \/>\nBruce <b>Sterling<\/b> \u00abKaksk\u00fcmmend meeldetuletust\u00bb (autorikogu \u00abSkismaatriks +\u00bb)<br \/>\nBruce <b>Sterling<\/b> \u00abRoos\u00e4mblik\u00bb (autorikogu \u00abSkismaatriks +\u00bb)<br \/>\nBruce <b>Sterling<\/b> \u00abS\u00fclem\u00bb (autorikogu \u00abSkismaatriks +\u00bb)<br \/>\nBruce <b>Sterling<\/b> \u00abS\u00fcvaaiad\u00bb (autorikogu \u00abSkismaatriks +\u00bb)<br \/>\nBruce <b>Sterling<\/b> \u00abTsikaadikuninganna\u00bb (autorikogu \u00abSkismaatriks +\u00bb)<br \/>\nSusi <b>Vaasjoki<\/b> \u00abJutumeister\u00bb (antoloogia \u00abSoome ulme\u00bb)<br \/>\nJeff <b>VanderMeer<\/b> \u00abBalzaci s\u00f5da\u00bb (antoloogia \u00abT\u00e4heaeg 4: Fl\u00f6\u00f6dit\u00fcdruk\u00bb)<\/p>\n<p><a id=\"eztoc29453_0_4\" name=\"eztoc29453_0_4\"><\/a><\/p>\n<h3><b>Parim eesti autori romaan<\/b><\/h3>\n<p>Marion <b>Andra<\/b> \u00abPimend\u00bb (Varrak)<br \/>\nLeo <b>Kunnas<\/b> \u00abGort Ashryn: I osa. Enne viimast s\u00f5da\u00bb (Eesti P\u00e4evaleht)<br \/>\nTamur <b>Kusnets<\/b> \u00abHundip\u00e4ikese aeg: Metsiku jahi algus\u00bb (Pegasus)<br \/>\nHelga <b>N\u00f5u<\/b> \u00abPeaaegu geenius, ehk Schr\u00f6dingeri kassi otsimas\u00bb (Atlex)<br \/>\nAlo <b>Paju<\/b> \u00abAare\u00bb (Kirjastuskeskus)<br \/>\nKetlin <b>Priilinn<\/b> \u00abVaim\u00bb (T\u00e4nap\u00e4ev)<br \/>\nRein <b>P\u00f5der<\/b> \u00abJuba olnud\u00bb (Eesti Raamat)<br \/>\nKaupo <b>P\u00e4hkel<\/b> \u00abEhat\u00e4he r\u00fc\u00fctel\u00bb (Varrak)<br \/>\nKristjan <b>Sander<\/b> \u00abKolmteist talvist hetke\u00bb (autorikogu \u00ab13 talvist hetke\u00bb)<br \/>\nSiim <b>Veskimees<\/b> \u00abTaevatagune suurem ilm: Z\u00e4tereiti lood: Tau S\u00f5rmuse operatsioon\u00bb (Fantaasia)<br \/>\nHeiki <b>Vilep<\/b> \u00abHorlok ja \u00dcrgv\u00e4rava v\u00f5ti\u00bb (A-Disain)<\/p>\n<p><a id=\"eztoc29453_0_5\" name=\"eztoc29453_0_5\"><\/a><\/p>\n<h3><b>Parim eesti autori l\u00fchiromaan v\u00f5i jutustus<\/b><\/h3>\n<p>Dani <b>Adler<\/b> \u00abValutuli\u00bb (antoloogia \u00abT\u00e4heaeg 4: Fl\u00f6\u00f6dit\u00fcdruk\u00bb)<br \/>\nIndrek <b>Hargla<\/b> \u00abMinu p\u00e4evad Liinaga\u00bb (\u00abLooming\u00bb 2008; nr 8)<br \/>\nAime <b>Maripuu<\/b> \u00abMaarjam\u00e4e lossi kummitused\u00bb (autorikogu \u00abMaarjam\u00e4e lossi kummitused ja teised kummalised lood\u00bb)<br \/>\nAime <b>Maripuu<\/b> \u00abSee teine elu\u00bb (autorikogu \u00abMaarjam\u00e4e lossi kummitused ja teised kummalised lood\u00bb)<br \/>\nUrmas <b>Lennuk<\/b> \u00abFrankensteinim\u00e4ng\u00bb (\u00abAlgernon\u00bb 2008; aprill)<br \/>\nKetlin <b>Priilinn<\/b> \u00abHirm pole t\u00e4htis\u00bb (Kentaur)<br \/>\nKristjan <b>Sander<\/b> \u00abPikk tee\u00bb (autorikogu \u00ab13 talvist hetke\u00bb)<br \/>\nKristjan <b>Sander<\/b> \u00abReisija juhtum\u00bb (autorikogu \u00ab13 talvist hetke\u00bb)<\/p>\n<p><a id=\"eztoc29453_0_6\" name=\"eztoc29453_0_6\"><\/a><\/p>\n<h3><b>Parim eesti autori l\u00fchijutt<\/b><\/h3>\n<p>Edvin <b>Aedma<\/b> \u00abRobot \u00fcksikul planeedil\u00bb (antoloogia \u00abTule, ma jutustan sulle loo\u00bb)<br \/>\nEdvin <b>Aedma<\/b> \u00abRobotid kosmoselaevas\u00bb (\u00abV\u00e4rske R\u00f5hk\u00bb nr 13 (veebruar 2008))<br \/>\nEdvin <b>Aedma<\/b> \u00abV\u00e4ikesed robotid\u00bb (\u00abV\u00e4rske R\u00f5hk\u00bb nr 13 (veebruar 2008))<br \/>\nEdvin <b>Aedma<\/b> \u00abRott ja kutsu arutavad maailma asju\u00bb (\u00abV\u00e4rske R\u00f5hk\u00bb nr 13 (veebruar 2008))<br \/>\nJaan <b>Aps<\/b> \u00abVale valik\u00bb (\u00abV\u00e4rske R\u00f5hk\u00bb nr 13 (veebruar 2008))<br \/>\nJaanus <b>Aua<\/b> \u00abAjatuul\u00bb (\u00abAlgernon\u00bb 2008; aprill)<br \/>\nVeiko <b>Belials<\/b> \u00abK\u00fcbaramoor\u00bb (antoloogia \u00abT\u00e4heaeg 4: Fl\u00f6\u00f6dit\u00fcdruk\u00bb)<br \/>\nMeelis <b>Friedenthal<\/b> \u00abEesti keel\u00bb (\u00abAlgernon\u00bb 2008; detsember)<br \/>\nIndrek <b>Hargla<\/b> \u00abTontla metsas\u00bb (antoloogia \u00abT\u00e4heaeg 4: Fl\u00f6\u00f6dit\u00fcdruk\u00bb)<br \/>\nMehis <b>Heinsaar<\/b> \u00abEesti loodus\u00bb (\u00abVikerkaar\u00bb 2008; nr 1\/2)<br \/>\nMehis <b>Heinsaar<\/b> \u00abIdioodi elu\u00bb (\u00abVikerkaar\u00bb 2008; nr 1\/2)<br \/>\nMehis <b>Heinsaar<\/b> \u00abKohutav k\u00e4ttemaks\u00bb (\u00abVikerkaar\u00bb 2008; nr 1\/2)<br \/>\nMehis <b>Heinsaar<\/b> \u00abRebased ja koerad\u00bb (\u00abVikerkaar\u00bb 2008; nr 1\/2)<br \/>\nMehis <b>Heinsaar<\/b> \u00abRebased ja linnud\u00bb (\u00abVikerkaar\u00bb 2008; nr 1\/2)<br \/>\nMehis <b>Heinsaar<\/b> \u00abTiit Aaviksoo kolm elu\u00bb (\u00abVikerkaar\u00bb 2008; nr 1\/2)<br \/>\nAivar <b>J\u00fcrgenson<\/b> \u00abT\u00e4iuslik rattas\u00f5it\u00bb (\u00abLooming\u00bb 2008; nr 2)<br \/>\nTaavi <b>Kangur<\/b> \u00abG3. Hope\u00bb (\u00abAlgernon\u00bb 2008; aprill)<br \/>\nTaavi <b>Kangur<\/b> \u00ab\u00dcksindus\u00bb (\u00abAlgernon\u00bb 2008; aprill)<br \/>\nMart <b>Kivastik<\/b> \u00abOrdnung macht frei!\u00bb (\u00abSirp\u00bb 2008; nr 38 (10. oktoober))<br \/>\nLaur <b>Kraft<\/b> \u00abUltima Cthule\u00bb (\u00abAlgernon\u00bb 2008; aprill)<br \/>\nArmin <b>K\u00f5om\u00e4gi<\/b> \u00abKatastroof\u00bb (\u00abVikerkaar\u00bb 2008; nr 6)<br \/>\nMalcolm <b>Lincoln<\/b> \u00abSuitsupakk ja masinav\u00e4rk\u00bb (\u00abAlgernon\u00bb 2008; juuli)<br \/>\nUrmas <b>Nimetu<\/b> \u00abKuidas dinosaurused v\u00e4lja surid\u00bb (\u00abV\u00e4rske R\u00f5hk\u00bb nr 15 (september 2008))<br \/>\nBix <b>Pokupoeg<\/b> \u00abPuuslik\u00bb (\u00abAlgernon\u00bb 2008; juuli)<br \/>\nToomas <b>Raudam<\/b> \u00abHans ja Grete\u00bb (\u00abVikerkaar\u00bb 2008; nr 10\/11)<br \/>\nToomas <b>Raudam<\/b> \u00abRapuntsel\u00bb (\u00abVikerkaar\u00bb 2008; nr 10\/11)<br \/>\nTaivo <b>Rist<\/b> \u00abS\u00f5naga tapetakse enam kui m\u00f5\u00f5gaga\u00bb (antoloogia \u00abT\u00e4heaeg 4: Fl\u00f6\u00f6dit\u00fcdruk\u00bb)<br \/>\nArtur <b>R\u00e4pp<\/b> \u00abLugu lusikast ja kiikhobusest\u00bb (\u00abAlgernon\u00bb 2008; aprill)<br \/>\nKristjan <b>Sander<\/b> \u00abEi puhka sinus\u00bb (antoloogia \u00abT\u00e4heaeg 4: Fl\u00f6\u00f6dit\u00fcdruk\u00bb)<br \/>\nKristjan <b>Sander<\/b> \u00ab\u00d5htu rannal\u00bb (antoloogia \u00abT\u00e4heaeg 4: Fl\u00f6\u00f6dit\u00fcdruk\u00bb)<br \/>\nLauri <b>Sommer<\/b> \u00abK\u00fclask\u00e4ik\u00bb (\u00abVikerkaar\u00bb 2008; nr 6)<br \/>\nMare <b>Tralla<\/b> \u00abSuitsupekk\u00bb (antoloogia \u00abIhakeha ja lihakeha: Valik esseid ja arutlusi kehast\u00bb)<br \/>\nManiakkide <b>T\u00e4nav<\/b> \u00abKallis, sa oled nii hale, nii et miks ei v\u00f5iks ma su piinad l\u00f5petada?\u00bb (antoloogia \u00abT\u00e4heaeg 4: Fl\u00f6\u00f6dit\u00fcdruk\u00bb)<br \/>\nManiakkide <b>T\u00e4nav<\/b> \u00abMusta mantliga mees\u00bb (\u00abOma Saar\u00bb 2008; nr 35 (16. veebruar) \u2013 nr 44 (27. veebruar))<br \/>\nManiakkide <b>T\u00e4nav<\/b> \u00abOmadega kuival\u00bb (\u00abAlgernon\u00bb 2008; juuli)<br \/>\nManiakkide <b>T\u00e4nav<\/b> \u00abUnistus\u00bb (\u00abAlgernon\u00bb 2008; juuli)<br \/>\nArvo <b>Valton<\/b> \u00abPrints\u00bb (\u00abLooming\u00bb 2008; nr 10)<br \/>\nJuhan <b>Voolaid<\/b> \u00abErakordne info Maa elanikele\u00bb (autorikogu \u00abErakordne info Maa elanikele\u00bb)<br \/>\nJuhan <b>Voolaid<\/b> \u00abHabemik peaaegu l\u00e4mbus hirmu k\u00e4tte\u00bb (autorikogu \u00abErakordne info Maa elanikele\u00bb)<br \/>\nJuhan <b>Voolaid<\/b> \u00abIdeaalse keha otsinguil\u00bb (autorikogu \u00abErakordne info Maa elanikele\u00bb)<br \/>\nJuhan <b>Voolaid<\/b> \u00abIlmutustrummel\u00bb (autorikogu \u00abErakordne info Maa elanikele\u00bb)<br \/>\nJuhan <b>Voolaid<\/b> \u00abInimese tegeliku mina otsinguil\u00bb (autorikogu \u00abErakordne info Maa elanikele\u00bb)<br \/>\nJuhan <b>Voolaid<\/b> \u00abJa pooled ufud v\u00e4rviti lillaks\u00bb (autorikogu \u00abErakordne info Maa elanikele\u00bb)<br \/>\nJuhan <b>Voolaid<\/b> \u00abJaht suurtele lollidele imetajatele\u00bb (autorikogu \u00abErakordne info Maa elanikele\u00bb)<br \/>\nJuhan <b>Voolaid<\/b> \u00abKas iga\u00fche jaoks on maailmas keegi?\u00bb (autorikogu \u00abErakordne info Maa elanikele\u00bb)<br \/>\nJuhan <b>Voolaid<\/b> \u00abKas me oleme \u00fcle astunud\u00bb (autorikogu \u00abErakordne info Maa elanikele\u00bb)<br \/>\nJuhan <b>Voolaid<\/b> \u00abKontakt t\u00f5ukudega\u00bb (autorikogu \u00abErakordne info Maa elanikele\u00bb)<br \/>\nJuhan <b>Voolaid<\/b> \u00abLaboratoorselt maailma parim jooksja\u00bb (autorikogu \u00abErakordne info Maa elanikele\u00bb)<br \/>\nJuhan <b>Voolaid<\/b> \u00abL\u00f5hnukufude eba\u00f5nnestunud kontakt\u00bb (autorikogu \u00abErakordne info Maa elanikele\u00bb)<br \/>\nJuhan <b>Voolaid<\/b> \u00abMaad oli tabanud hirmus sinikatk\u00bb (autorikogu \u00abErakordne info Maa elanikele\u00bb)<br \/>\nJuhan <b>Voolaid<\/b> \u00abMajanurga tagune JUBEDIK\u00bb (autorikogu \u00abErakordne info Maa elanikele\u00bb)<br \/>\nJuhan <b>Voolaid<\/b> \u00abMiski oli mu huvi lapse juures haiglaselt \u00fcles k\u00fctnud\u00bb (autorikogu \u00abErakordne info Maa elanikele\u00bb)<br \/>\nJuhan <b>Voolaid<\/b> \u00abMullaelustikurahvaste osakaal\u00bb (autorikogu \u00abErakordne info Maa elanikele\u00bb)<br \/>\nJuhan <b>Voolaid<\/b> \u00abTaldrikuaknast vilksatas kellegi habemiku n\u00e4gu\u00bb (autorikogu \u00abErakordne info Maa elanikele\u00bb)<br \/>\nJuhan <b>Voolaid<\/b> \u00abUfud t\u00f5id oma j\u00e4\u00e4tmed Kukerpilu sohu, sest seal oli ruumi k\u00fcllalt\u00bb (autorikogu \u00abErakordne info Maa elanikele\u00bb)<br \/>\nJuhan <b>Voolaid<\/b> \u00abUfud vajasid h\u00e4dasti maavarasid\u00bb (autorikogu \u00abErakordne info Maa elanikele\u00bb)<br \/>\nJuhan <b>Voolaid<\/b> \u00abUuring eelmisest elust\u00bb (autorikogu \u00abErakordne info Maa elanikele\u00bb)<br \/>\nXavier <b>Yzz<\/b> \u00abArvutamine teises k\u00fcmnes\u00bb (\u00abAlgernon\u00bb 2008; aprill)<\/p>\n<\/div>\n","protected":false},"excerpt":{"rendered":"<p>Altpoolt leiad Stalker 2009 h\u00e4\u00e4letusnimekirjad. Sel aastal tuleb h\u00e4\u00e4letamiseks reastada igas kategoorias KOLM paremat. Ei ole vaja tingimata h\u00e4\u00e4letada k\u00f5igis kategooriates \u2013 kui mingis kategoorias ei suuda kolme paremat leida, v\u00f5ib need kategooriad vahele j\u00e4tta. Paremusj\u00e4rjestused tuleb saata aadressil stalker@ulme.ee. &hellip; <a href=\"http:\/\/ulme.ee\/veeb\/?page_id=3870&#038;lang=et\">J\u00e4tka lugemist <span class=\"meta-nav\">&rarr;<\/span><\/a><\/p>\n","protected":false},"author":1,"featured_media":0,"parent":0,"menu_order":0,"comment_status":"closed","ping_status":"closed","template":"","meta":{"footnotes":""},"_links":{"self":[{"href":"http:\/\/ulme.ee\/veeb\/index.php?rest_route=\/wp\/v2\/pages\/3870"}],"collection":[{"href":"http:\/\/ulme.ee\/veeb\/index.php?rest_route=\/wp\/v2\/pages"}],"about":[{"href":"http:\/\/ulme.ee\/veeb\/index.php?rest_route=\/wp\/v2\/types\/page"}],"author":[{"embeddable":true,"href":"http:\/\/ulme.ee\/veeb\/index.php?rest_route=\/wp\/v2\/users\/1"}],"replies":[{"embeddable":true,"href":"http:\/\/ulme.ee\/veeb\/index.php?rest_route=%2Fwp%2Fv2%2Fcomments&post=3870"}],"version-history":[{"count":2,"href":"http:\/\/ulme.ee\/veeb\/index.php?rest_route=\/wp\/v2\/pages\/3870\/revisions"}],"predecessor-version":[{"id":7656,"href":"http:\/\/ulme.ee\/veeb\/index.php?rest_route=\/wp\/v2\/pages\/3870\/revisions\/7656"}],"wp:attachment":[{"href":"http:\/\/ulme.ee\/veeb\/index.php?rest_route=%2Fwp%2Fv2%2Fmedia&parent=3870"}],"curies":[{"name":"wp","href":"https:\/\/api.w.org\/{rel}","templated":true}]}}