{"id":3866,"date":"2016-07-26T12:22:28","date_gmt":"2016-07-26T09:22:28","guid":{"rendered":"http:\/\/esuaxue.havike.eenet.ee\/veeb\/?page_id=3866"},"modified":"2016-08-08T11:31:41","modified_gmt":"2016-08-08T08:31:41","slug":"2008-haaletusnimekiri","status":"publish","type":"page","link":"http:\/\/ulme.ee\/veeb\/?page_id=3866&lang=et","title":{"rendered":"2008 h\u00e4\u00e4letusnimekiri"},"content":{"rendered":"<div class=\"attribute-short\">\n<p>Altpoolt leiad Stalker 2008 h\u00e4\u00e4letusnimekirjad. Sel aastal tuleb h\u00e4\u00e4letamiseks reastada igas kategoorias <b>KOLM<\/b> paremat. Ei ole vaja tingimata h\u00e4\u00e4letada k\u00f5igis kategooriates \u2013 kui mingis kategoorias ei suuda kolme paremat leida, v\u00f5ib need kategooriad vahele j\u00e4tta.<\/p>\n<p>Paremusj\u00e4rjestused tuleb saata aadressil <b>stalker@ulme.ee<\/b>.<\/p>\n<p>Arvesse l\u00e4hevad <b>14. juulini 2008<\/b> (kaasa arvatud) laekunud h\u00e4\u00e4led.<\/p>\n<\/div>\n<div class=\"attribute-long\">\n<p><b>Parim t\u00f5lkeromaan v\u00f5i -kogumik<\/b><\/p>\n<p>Dino <b>Buzzati<\/b> \u00abKoer, kes oli n\u00e4inud Jumalat\u00bb ( <i>Koolibri<\/i>)<br \/>\nMichael <b>Cunningham<\/b> \u00abErilised p\u00e4evad\u00bb ( <i>Eesti Raamat<\/i>)<br \/>\nTrudi <b>Canavan<\/b> \u00abV\u00f5lurite Gild\u00bb ( <i>Pegasus<\/i>)<br \/>\nTrudi <b>Canavan<\/b> \u00ab\u00d5pilane\u00bb ( <i>Pegasus<\/i>)<br \/>\nMark <b>Frost<\/b> \u00abSeitse nime\u00bb ( <i>Ersen<\/i>)<br \/>\nHeather <b>Graham<\/b> \u00abN\u00e4gemine\u00bb ( <i>Ersen<\/i>)<br \/>\nLian <b>Hearn<\/b> \u00abHaigru k\u00e4he huige\u00bb ( <i>Varrak<\/i>)<br \/>\nFrank <b>Herbert<\/b> \u00abD\u00fc\u00fcn \u2013 kapiitlisaal\u00bb ( <i>Varrak<\/i>)<br \/>\nRisto <b>Isom\u00e4ki<\/b> \u00abSarasvati liiv\u00bb ( <i>Kunst<\/i>)<br \/>\nJerome K. <b>Jerome<\/b> \u00ab\u00d5dusad \u00f5htujutud\u00bb ( <i>Fantaasia<\/i>)<br \/>\nStephen <b>King<\/b> \u00abAhermaad\u00bb ( <i>Pegasus<\/i>)<br \/>\nStephen <b>King<\/b> \u00abKolm saatusekaarti\u00bb ( <i>Pegasus<\/i>)<br \/>\nAlfred <b>Kubin<\/b> \u00abTeisel pool\u00bb ( <i>Eesti P\u00e4evaleht<\/i>)<br \/>\nMartin <b>Langfield<\/b> \u00abKurjuselaegas\u00bb ( <i>Ersen<\/i>)<br \/>\nHenri <b>L\u0153venbruck<\/b> \u00abSajandite testament\u00bb ( <i>Kunst<\/i>)<br \/>\nAlexander <b>McCall Smith<\/b> \u00abUnen\u00e4gude Angus\u00bb ( <i>Eesti P\u00e4evaleht<\/i>)<br \/>\nGeorge <b>MacDonald<\/b> \u00abPrintsess ja m\u00e4ekoll\u00bb ( <i>Fantaasia<\/i>)<br \/>\nGeorge R. R. <b>Martin<\/b> \u00abTroonide m\u00e4ng. Esimene ja teine raamat\u00bb ( <i>Varrak<\/i>)<br \/>\nReijo <b>M\u00e4ki<\/b> \u00abHard Luck Caf\u00e9\u00bb ( <i>Eesti Raamat<\/i>)<br \/>\nArvi <b>Nikkarev<\/b> ( <i>koost.<\/i>) \u201ePilet utoopiasse\u201c ( <i>Skarabeus<\/i>)<br \/>\nTerry <b>Pratchett<\/b> \u00abAjavaras\u00bb ( <i>Varrak<\/i>)<br \/>\nTerry <b>Pratchett<\/b> \u00abJohnny ja pomm\u00bb ( <i>Varrak<\/i>)<br \/>\nTerry <b>Pratchett<\/b> \u00abJohnny ja surnud\u00bb ( <i>Varrak<\/i>)<br \/>\nTerry <b>Pratchett<\/b> \u00abT\u00f5de\u00bb ( <i>Varrak<\/i>)<br \/>\nTerry <b>Pratchett<\/b> \u00abVaid sina suudad inimkonna p\u00e4\u00e4sta\u00bb ( <i>Varrak<\/i>)<br \/>\nIlka <b>Remes<\/b> \u00ab\u00dcrg\u00f6\u00f6\u00bb ( <i>Varrak<\/i>)<br \/>\nNora <b>Roberts<\/b> \u00abJumalate tants\u00bb ( <i>Ersen<\/i>)<br \/>\nNora <b>Roberts<\/b> \u00abMorrigani rist\u00bb ( <i>Ersen<\/i>)<br \/>\nNora <b>Roberts<\/b> \u00abVaikuse org\u00bb ( <i>Ersen<\/i>)<br \/>\nJ. K. <b>Rowling<\/b> \u00abHarry Potter ja surma v\u00e4gised\u00bb ( <i>Varrak<\/i>)<br \/>\nAlbert <b>S\u00e1nchez Pi\u00f1ol<\/b> \u00abK\u00fclm nahk\u00bb ( <i>Pegasus<\/i>)<br \/>\nJos\u00e9 <b>Saramago<\/b> \u00abPimedus\u00bb ( <i>Eesti Raamat<\/i>)<br \/>\nDarren <b>Shan<\/b> \u00abCirque du Freak\u00bb ( <i>Tiritamm<\/i>)<br \/>\nLynn <b>Sholes<\/b> &#8211; Joe <b>Moore<\/b> \u00abHadese projekt\u00bb ( <i>Ersen<\/i>)<br \/>\nLynn <b>Sholes<\/b> &#8211; Joe <b>Moore<\/b> \u00abViimane saladus\u00bb ( <i>Ersen<\/i>)<br \/>\nClifford D. <b>Simak<\/b> \u00abN\u00f5iutud palver\u00e4nnak\u00bb ( <i>Fantaasia<\/i>)<br \/>\nClifford D. <b>Simak<\/b> \u00abTalismani vennaskond\u00bb ( <i>Fantaasia<\/i>)<br \/>\nJonathan <b>Stroud<\/b> \u00abPtolemaiose v\u00e4rav\u00bb ( <i>Pegasus<\/i>)<br \/>\nErik <b>Wahlstr\u00f6m<\/b> \u00abJumal\u00bb ( <i>Ny Norden<\/i>)<br \/>\nAndreas <b>Wilhelm<\/b> \u00abSakkara projekt\u00bb ( <i>Ersen<\/i>)<\/p>\n<p><b>Parim t\u00f5lkejutt<\/b><\/p>\n<p>Robert <b>Bloch<\/b> \u00abHeitlik \u00f5nn\u00bb ( <i>\u00abP\u00f5hjarannik\u00bb 2007; 27. veebruar \u2013 10. m\u00e4rts<\/i>)<br \/>\nDino <b>Buzzati<\/b> \u00abDraakonitapp\u00bb ( <i>Dino Buzzati \u00abKoer, kes oli n\u00e4inud Jumalat\u00bb<\/i>)<br \/>\nDino <b>Buzzati<\/b> \u00abKoer, kes oli n\u00e4inud Jumalat\u00bb ( <i>Dino Buzzati \u00abKoer, kes oli n\u00e4inud Jumalat\u00bb<\/i>)<br \/>\nDino <b>Buzzati<\/b> \u00abKohtumine lendava taldrikuga\u00bb ( <i>Dino Buzzati \u00abKoer, kes oli n\u00e4inud Jumalat\u00bb<\/i>)<br \/>\nDino <b>Buzzati<\/b> \u00abMuna\u00bb ( <i>Dino Buzzati \u00abKoer, kes oli n\u00e4inud Jumalat\u00bb<\/i>)<br \/>\nDino <b>Buzzati<\/b> \u00abSeitse korrust\u00bb ( <i>Dino Buzzati \u00abKoer, kes oli n\u00e4inud Jumalat\u00bb<\/i>)<br \/>\nDino <b>Buzzati<\/b> \u00abSeitse saadikut\u00bb ( <i>Dino Buzzati \u00abKoer, kes oli n\u00e4inud Jumalat\u00bb<\/i>)<br \/>\nDino <b>Buzzati<\/b> \u00abSinel\u00bb ( <i>Dino Buzzati \u00abKoer, kes oli n\u00e4inud Jumalat\u00bb<\/i>)<br \/>\nDino <b>Buzzati<\/b> \u00abS\u00f5durilaul\u00bb ( <i>Dino Buzzati \u00abKoer, kes oli n\u00e4inud Jumalat\u00bb<\/i>)<br \/>\nOrson Scott <b>Card<\/b> \u00abKuninglik liha\u00bb ( <i>antoloogia \u00abPilet utoopiasse\u00bb<\/i>)<br \/>\nOrson Scott <b>Card<\/b> \u00abSilm silma vastu\u00bb ( <i>antoloogia \u00abPilet utoopiasse\u00bb<\/i>)<br \/>\nTony <b>DiTerlizzi<\/b> &#8211; Holly <b>Black<\/b> \u00abSpiderwicki kroonika. Viies raamat: Mulgarathi raev\u00bb ( <i>Festart<\/i>)<br \/>\nHarlan <b>Ellison<\/b> \u00abKlaasikillud\u00bb ( <i>antoloogia \u00abPilet utoopiasse\u00bb<\/i>)<br \/>\nHarlan <b>Ellison<\/b> \u00abKummaline vein\u00bb ( <i>antoloogia \u00abPilet utoopiasse\u00bb<\/i>)<br \/>\nMary E. Wilkins <b>Freeman<\/b> \u00abT\u00fchi krunt\u00bb ( <i>\u00abAlgernon\u00bb 2007; aprill<\/i>)<br \/>\nElizabeth <b>Gaskell<\/b> \u00abVana lapsehoidja jutustus\u00bb ( <i>\u00abAlgernon\u00bb 2007; juuli<\/i>)<br \/>\nJerome K. <b>Jerome<\/b> \u00abFilosoofi nali\u00bb ( <i>Jerome K. Jerome \u00ab\u00d5dusad \u00f5htujutud\u00bb<\/i>)<br \/>\nJerome K. <b>Jerome<\/b> \u00abNicholas Snydersi hing, ehk Zandami ihnuskoi\u00bb ( <i>Jerome K. Jerome \u00ab\u00d5dusad \u00f5htujutud\u00bb<\/i>)<br \/>\nJerome K. <b>Jerome<\/b> \u00ab\u00d5dusad \u00f5htujutud\u00bb ( <i>Jerome K. Jerome \u00ab\u00d5dusad \u00f5htujutud\u00bb<\/i>)<br \/>\nGeoffrey A. <b>Landis<\/b> \u00abLugu Marsist\u00bb ( <i>antoloogia \u00abPilet utoopiasse\u00bb<\/i>)<br \/>\nDavid <b>Langford<\/b> \u00abTeistsugune pimedus\u00bb ( <i>antoloogia \u00abPilet utoopiasse\u00bb<\/i>)<br \/>\nGeorge <b>MacDonald<\/b> \u00ab\u00d5hkkerge printsess\u00bb ( <i>Fantaasia<\/i>)<br \/>\nMaureen F. <b>McHugh<\/b> \u00abLincolni rong\u00bb ( <i>antoloogia \u00abPilet utoopiasse\u00bb<\/i>)<br \/>\nEdith <b>Nesbit<\/b> \u00abMarmorist ja elusuuruses\u00bb ( <i>\u00abAlgernon\u00bb 2007; detsember<\/i>)<br \/>\nMeg <b>Rosoff<\/b> \u00abNii ma n\u00fc\u00fcd elan\u00bb ( <i>Varrak<\/i>)<br \/>\nCharlotte Perkins <b>Stetson<\/b> \u00abKollane tapeet\u00bb ( <i>\u00abAlgernon\u00bb 2007; aprill<\/i>)<br \/>\nRainer Maria <b>Rilke<\/b> \u00abLohetapja\u00bb ( <i>Rainer Maria<\/i> <i> Rilke \u00abArmastusest\u00bb<\/i>)<br \/>\nBruce Holland <b>Rogers<\/b> \u00abDon Ysidro\u00bb ( <i>antoloogia \u00abPilet utoopiasse\u00bb<\/i>)<br \/>\nBruce Holland <b>Rogers<\/b> \u00abSurnud poiss teie akna taga\u00bb ( <i>antoloogia \u00abPilet utoopiasse\u00bb<\/i>)<br \/>\nBruce Holland <b>Rogers<\/b> \u00abV\u00e4ikevend TM\u00bb ( <i>antoloogia \u00abPilet utoopiasse\u00bb<\/i>)<br \/>\nRobert <b>Sheckley<\/b> \u00abPilet Tranaile\u00bb ( <i>antoloogia \u00abPilet utoopiasse\u00bb<\/i>)<br \/>\nRobert <b>Sheckley<\/b> \u00abSeitsmes ohver\u00bb ( <i>antoloogia \u00abPilet utoopiasse\u00bb<\/i>)<br \/>\nCharles <b>Sheffield<\/b> \u00abGeorgia mu s\u00fcdames\u00bb ( <i>antoloogia \u00abPilet utoopiasse\u00bb<\/i>)<br \/>\nKate <b>Wilhelm<\/b> \u00abIgavesti Sinu, Anna\u00bb ( <i>antoloogia \u00abPilet utoopiasse\u00bb<\/i>)<\/p>\n<p><b>Parim eesti autori romaan v\u00f5i kogumik<\/b><\/p>\n<p>Jaan <b>Aps<\/b> \u00abHingel\u00f5\u00f5m\u00bb ( <i>Varrak<\/i>)<br \/>\nIndrek <b>Hargla<\/b> \u00abFrench ja Koulu Tarbatus\u00bb ( <i>Varrak<\/i>)<br \/>\nMehis <b>Heinsaar<\/b> \u00abR\u00e4ndaja \u00f5nn\u00bb ( <i>verb<\/i>)<br \/>\nDora May <b>Henner<\/b> \u00abNimetu\u00bb ( <i>Tormikiri<\/i>)<br \/>\nAndrus <b>Kivir\u00e4hk<\/b> \u00abMees, kes teadis ussis\u00f5nu\u00bb ( <i>Eesti Keele Sihtasutus<\/i>)<br \/>\nUrmas <b>Nimetu<\/b> \u00abLangemine alla nulli\u00bb ( <i>Omakirjastus<\/i>)<br \/>\nSiim <b>Veskimees<\/b> \u00abPoolel teel\u00bb ( <i>Varrak<\/i>)<br \/>\nElme <b>V\u00e4ljaste<\/b> \u00abWebby\u00bb ( <i>T\u00e4nap\u00e4ev<\/i>)<\/p>\n<p><b>Parim eesti autori l\u00fchiromaan v\u00f5i jutustus<\/b><\/p>\n<p>Epp <b>Annus<\/b> \u00abSina, Matilda\u00bb ( <i>Tuum<\/i>)<br \/>\nK\u00e4rt <b>Hellermaa<\/b> \u00abHunt\u00bb ( <i>K\u00e4rt Hellermaa \u00abMa armastasin David Copperfieldi\u00bb<\/i>)<br \/>\nUrmas <b>Nimetu<\/b> \u00abMaa-alused\u00bb ( <i>Urmas Nimetu \u00abLangemine alla nulli\u00bb<\/i>)<br \/>\nBix <b>Pokupoeg<\/b> \u00abDeus ex machina\u00bb ( <i>\u00abAlgernon\u00bb 2007; juuli<\/i>)<br \/>\nTaivo <b>Rist<\/b> \u00abM\u00f5istatus\u00bb ( <i>\u00abAlgernon\u00bb 2007; detsember<\/i>)<br \/>\nMats <b>Traat<\/b> \u00abTuulekotid\u00bb ( <i>\u00abLooming\u00bb 2007; nr 9 (september)<\/i>)<br \/>\nSiim <b>Veskimees<\/b> \u00abKeskp\u00e4evapimedus\u00bb ( <i>Fantaasia<\/i>)<\/p>\n<p><b>Parim eesti autori l\u00fchijutt<\/b><\/p>\n<p>Edvin <b>Aedma<\/b> \u00abH\u00e4\u00e4ltep\u00fc\u00fcdjad\u00bb ( <i>Edvin Aedma \u00abInimene ja draakon\u00bb<\/i>)<br \/>\nEdvin <b>Aedma<\/b> \u00abInimene ja draakon\u00bb ( <i>Edvin Aedma \u00abInimene ja draakon\u00bb<\/i>)<br \/>\nEdvin <b>Aedma<\/b> \u00abKangelaste hukk\u00bb ( <i>Edvin Aedma \u00abInimene ja draakon\u00bb<\/i>)<br \/>\nEdvin <b>Aedma<\/b> \u00abKartulimees\u00bb ( <i>Edvin Aedma \u00abInimene ja draakon\u00bb<\/i>)<br \/>\nEdvin <b>Aedma<\/b> \u00abMeister metamorfist\u00bb ( <i>Edvin Aedma \u00abInimene ja draakon\u00bb<\/i>)<br \/>\nEdvin <b>Aedma<\/b> \u00abM\u00e4ngija\u00bb ( <i>\u00abV\u00e4rske R\u00f5hk\u00bb nr 10 (mai 2007)<\/i>)<br \/>\nEdvin <b>Aedma<\/b> \u00abN\u00f5ia mees\u00bb ( <i>Edvin Aedma \u00abInimene ja draakon\u00bb<\/i>)<br \/>\nEdvin <b>Aedma<\/b> \u00abR\u00e4pakass\u00bb ( <i>\u00abV\u00e4rske R\u00f5hk\u00bb nr 10 (mai 2007)<\/i>)<br \/>\nEdvin <b>Aedma<\/b> \u00abTagasisaabuja\u00bb ( <i>Edvin Aedma \u00abInimene ja draakon\u00bb<\/i>)<br \/>\nMaimu <b>Berg<\/b> \u00abPresidendi pisarad\u00bb ( <i>Maimu Berg \u00abUnustatud inimesed\u00bb<\/i>)<br \/>\nMaimu <b>Berg<\/b> \u00abReekviem presidendile\u00bb ( <i>Maimu Berg \u00abUnustatud inimesed\u00bb<\/i>)<br \/>\nMaimu <b>Berg<\/b> \u00abUnistus Alhambrast\u00bb ( <i>Maimu Berg \u00abUnustatud inimesed\u00bb<\/i>)<br \/>\nAbec <b>Def<\/b> \u00abArvumaagia\u00bb ( <i>\u00abAlgernon\u00bb 2007; aprill<\/i>)<br \/>\nMehis <b>Heinsaar<\/b> \u00abJustus ja L\u00e4\u00e4netuul\u00bb ( <i>Mehis Heinsaar \u00abR\u00e4ndaja \u00f5nn\u00bb<\/i>)<br \/>\nMehis <b>Heinsaar<\/b> \u00abKannatuskunstnik Taaniel Kuuskemaa elu\u00bb ( <i>\u00abLooming\u00bb 2007; nr 12 (detsember)<\/i>)<br \/>\nMehis <b>Heinsaar<\/b> \u00abKuller\u00bb ( <i>Mehis Heinsaar \u00abR\u00e4ndaja \u00f5nn\u00bb<\/i>)<br \/>\nMehis <b>Heinsaar<\/b> \u00abR\u00e4ndaja \u00f5nn\u00bb ( <i>Mehis Heinsaar \u00abR\u00e4ndaja \u00f5nn\u00bb<\/i>)<br \/>\nMehis <b>Heinsaar<\/b> \u00abTeekond maailma l\u00f5ppu\u00bb ( <i>Mehis Heinsaar \u00abR\u00e4ndaja \u00f5nn\u00bb<\/i>)<br \/>\nMehis <b>Heinsaar<\/b> \u00abVihmategija Aspendal\u00bb ( <i>Mehis Heinsaar \u00abR\u00e4ndaja \u00f5nn\u00bb<\/i>)<br \/>\nUrmas <b>Nimetu<\/b> \u00abK\u00e4rbeste planeet\u00bb ( <i>Urmas Nimetu \u00abLangemine alla nulli\u00bb<\/i>)<br \/>\nHeino <b>Nudel<\/b> \u00abRaam\u00bb ( <i>\u00abAlgernon\u00bb 2007; juuli<\/i>)<br \/>\nKristiina <b>Remmel<\/b> \u00abIgavik\u00bb ( <i>\u00abV\u00e4rske R\u00f5hk\u00bb nr 12 (november 2007)<\/i>)<br \/>\nKristiina <b>Remmel<\/b> \u00abHaldjas\u00bb ( <i>\u00abV\u00e4rske R\u00f5hk\u00bb nr 12 (november 2007)<\/i>)<br \/>\nTaivo <b>Rist<\/b> \u00abLaatsaruse rahamasin\u00bb ( <i>\u00abAlgernon\u00bb 2007; aprill<\/i>)<br \/>\nAin <b>S\u00e4rg<\/b> \u00abT\u00f5idase juhtum\u00bb ( <i>Ain S\u00e4rg \u00abMaailmal\u00f5pp\u00bb<\/i>)<br \/>\nSven <b>Vabar<\/b> \u00abInimkonna tulevik\u00bb ( <i>\u00abVihik\u00bb nr 12 (kevad 2007)<\/i>)<br \/>\nJuhan <b>Voolaid<\/b> \u00abPaul Antoni andekustamine\u00bb ( <i>\u00abAlgernon\u00bb 2007; aprill<\/i>)<\/p>\n<\/div>\n","protected":false},"excerpt":{"rendered":"<p>Altpoolt leiad Stalker 2008 h\u00e4\u00e4letusnimekirjad. Sel aastal tuleb h\u00e4\u00e4letamiseks reastada igas kategoorias KOLM paremat. Ei ole vaja tingimata h\u00e4\u00e4letada k\u00f5igis kategooriates \u2013 kui mingis kategoorias ei suuda kolme paremat leida, v\u00f5ib need kategooriad vahele j\u00e4tta. Paremusj\u00e4rjestused tuleb saata aadressil stalker@ulme.ee. &hellip; <a href=\"http:\/\/ulme.ee\/veeb\/?page_id=3866&#038;lang=et\">J\u00e4tka lugemist <span class=\"meta-nav\">&rarr;<\/span><\/a><\/p>\n","protected":false},"author":1,"featured_media":0,"parent":0,"menu_order":0,"comment_status":"closed","ping_status":"closed","template":"","meta":{"footnotes":""},"_links":{"self":[{"href":"http:\/\/ulme.ee\/veeb\/index.php?rest_route=\/wp\/v2\/pages\/3866"}],"collection":[{"href":"http:\/\/ulme.ee\/veeb\/index.php?rest_route=\/wp\/v2\/pages"}],"about":[{"href":"http:\/\/ulme.ee\/veeb\/index.php?rest_route=\/wp\/v2\/types\/page"}],"author":[{"embeddable":true,"href":"http:\/\/ulme.ee\/veeb\/index.php?rest_route=\/wp\/v2\/users\/1"}],"replies":[{"embeddable":true,"href":"http:\/\/ulme.ee\/veeb\/index.php?rest_route=%2Fwp%2Fv2%2Fcomments&post=3866"}],"version-history":[{"count":2,"href":"http:\/\/ulme.ee\/veeb\/index.php?rest_route=\/wp\/v2\/pages\/3866\/revisions"}],"predecessor-version":[{"id":7653,"href":"http:\/\/ulme.ee\/veeb\/index.php?rest_route=\/wp\/v2\/pages\/3866\/revisions\/7653"}],"wp:attachment":[{"href":"http:\/\/ulme.ee\/veeb\/index.php?rest_route=%2Fwp%2Fv2%2Fmedia&parent=3866"}],"curies":[{"name":"wp","href":"https:\/\/api.w.org\/{rel}","templated":true}]}}