{"id":3864,"date":"2016-07-26T12:20:44","date_gmt":"2016-07-26T09:20:44","guid":{"rendered":"http:\/\/esuaxue.havike.eenet.ee\/veeb\/?page_id=3864"},"modified":"2016-08-08T11:29:38","modified_gmt":"2016-08-08T08:29:38","slug":"2007-tulemused","status":"publish","type":"page","link":"http:\/\/ulme.ee\/veeb\/?page_id=3864&lang=et","title":{"rendered":"2007 tulemused"},"content":{"rendered":"<div class=\"attribute-short\">\n<p>13.\u201315. juuli 2007 toimus P\u00f5lvamaal, Valgemetsa Puhkemajas eesti ulmef\u00e4nnide igasuvine kokkutulek Estcon. Traditsiooniliselt kuulutati ka v\u00e4lja ulmeauhinna Stalker v\u00f5itjad&#8230; sedapuhku siis 2006. aastal eesti keeles ilmunud ulme alal.<\/p>\n<\/div>\n<div class=\"attribute-long\">\n<p>2006. aasta oli t\u00f5en\u00e4oliselt \u00fcks viletsamaid aastaid eestikeelses ulmes. \u00dcldisest madalseisust tingituna oli v\u00e4ike ka h\u00e4\u00e4letajate arv&#8230; ilmselt \u00fcks v\u00e4iksemaid ulmeauhinna Stalker ajaloos, sest osales vaid 19 (\u00fcheksateist!) inimest.<\/p>\n<p>\u00dche h\u00e4\u00e4letaja kommentaar: \u00ab\u00dcldiselt on see nimekiri t\u00e4iesti masendav.\u00bb<\/p>\n<p>Algselt tekkiski plaan h\u00e4\u00e4letus kehtetuks kuulutada, aga et inimesed olid lugenud ja pingeridade s\u00e4ttimisega vaeva n\u00e4inud, siis tundus kehtetukskuulutamine vastanute suhtes ebaaus.<\/p>\n<p>Allj\u00e4rgnevalt tabelid k\u00f5ikide punktesaanud raamatute ja juttudega.<\/p>\n<p><i>Tabeli veerud:<\/i> koht, autor, pealkiri, kirjastus v\u00f5i ilmumiskoht ning punktid.<\/p>\n<p><b>Parim t\u00f5lkeraamat<\/b><\/p>\n<p>2006. aasta polnud kuigi hea aasta isegi t\u00f5lkekirjanduse alal, sest t\u00f5lkeromaani ning t\u00f5lkekogu\/antoloogia kategooria tuli \u00fcheks liita, sest t\u00f5lkekogu\/antoloogia kategoorias ilmunud raamatute hulk polnud piisav eraldi kategooriaks.<\/p>\n<p>Ajastule omaselt oli nimekirjas palju laste- ja noorteulmet ning ulmelise varjundiga tavakirjandust.<\/p>\n<p>Kandideeris 45 raamatut&#8230; h\u00e4\u00e4li sai sai neist vaid 24. Selles kategoorias h\u00e4\u00e4letas 16 inimest.<\/p>\n<p>Arvi Nikkarev ja kirjastus \u00abSkarabeus\u00bb tegid ajalugu, sest esmakordselt auhinna k\u00fcmneaastases ajaloos ei v\u00f5itnud selles kategoorias kirjastus \u00abVarrak\u00bb. Mitte et antud kirjastuse v\u00f5idus midagi halba oleks, aga kuidagi \u00fche\u00fclbaliseks kujunes&#8230;<\/p>\n<table class=\"renderedtable\" border=\"1\" cellspacing=\"0\" cellpadding=\"2\">\n<tbody>\n<tr>\n<td valign=\"top\"><b>1.<\/b><\/td>\n<td valign=\"top\">Arvi <b>Nikkarev<\/b> ( <i>koost.<\/i>)<\/td>\n<td valign=\"top\">Muumia: Vene ulme antoloogia<\/td>\n<td valign=\"top\"><i>Skarabeus<\/i><\/td>\n<td valign=\"top\"><b>34<\/b><\/td>\n<\/tr>\n<tr class=\"bglight\">\n<td valign=\"top\"><b>2.<\/b><\/td>\n<td valign=\"top\">Dan <b>Simmons<\/b><\/td>\n<td valign=\"top\">Endymioni t\u00f5us<\/td>\n<td valign=\"top\"><i>Varrak<\/i><\/td>\n<td valign=\"top\"><b>31<\/b><\/td>\n<\/tr>\n<tr class=\"bgdark\">\n<td valign=\"top\"><b>3.<\/b><\/td>\n<td valign=\"top\">Carl <b>Sagan<\/b><\/td>\n<td valign=\"top\">Kontakt<\/td>\n<td valign=\"top\"><i>Varrak<\/i><\/td>\n<td valign=\"top\"><b>28<\/b><\/td>\n<\/tr>\n<tr class=\"bglight\">\n<td valign=\"top\"><b>4.<\/b><\/td>\n<td valign=\"top\">Stephen <b>King<\/b><\/td>\n<td valign=\"top\">Laskur<\/td>\n<td valign=\"top\"><i>Pegasus<\/i><\/td>\n<td valign=\"top\"><b>25<\/b><\/td>\n<\/tr>\n<tr class=\"bgdark\">\n<td valign=\"top\"><b>5.<\/b><\/td>\n<td valign=\"top\">S. <b>Vititski<\/b><\/td>\n<td valign=\"top\">Selle ilma v\u00e4etid<\/td>\n<td valign=\"top\"><i>Varrak<\/i><\/td>\n<td valign=\"top\"><b>21<\/b><\/td>\n<\/tr>\n<tr class=\"bglight\">\n<td valign=\"top\"><b>6.<\/b><\/td>\n<td valign=\"top\">Frank <b>Herbert<\/b><\/td>\n<td valign=\"top\">D\u00fc\u00fcni ketserid<\/td>\n<td valign=\"top\"><i>Varrak<\/i><\/td>\n<td valign=\"top\"><b>13<\/b><\/td>\n<\/tr>\n<tr class=\"bgdark\">\n<td valign=\"top\"><b>7.<\/b><\/td>\n<td valign=\"top\">Isaac <b>Asimov<\/b><\/td>\n<td valign=\"top\">Enne Asumit<\/td>\n<td valign=\"top\"><i>Eesti Raamat<\/i><\/td>\n<td valign=\"top\"><b>12<\/b><\/td>\n<\/tr>\n<tr class=\"bglight\">\n<td rowspan=\"3\" valign=\"top\"><b>8.-10.<\/b><\/td>\n<td valign=\"top\">Philip <b>Reeve<\/b><\/td>\n<td valign=\"top\">Kuldseeklid<\/td>\n<td valign=\"top\"><i>Tiritamm<\/i><\/td>\n<td rowspan=\"3\" valign=\"top\"><b>9<\/b><\/td>\n<\/tr>\n<tr class=\"bgdark\">\n<td valign=\"top\">Philip <b>Reeve<\/b><\/td>\n<td valign=\"top\">Surelikud masinad<\/td>\n<td valign=\"top\"><i>Tiritamm<\/i><\/td>\n<\/tr>\n<tr class=\"bglight\">\n<td valign=\"top\">Raul <b>Sulbi<\/b> ( <i>koost.<\/i>)<\/td>\n<td valign=\"top\">T\u00e4heaeg 3: Kauge lahingu kaja<\/td>\n<td valign=\"top\"><i>Fantaasia<\/i><\/td>\n<\/tr>\n<tr class=\"bgdark\">\n<td rowspan=\"2\" valign=\"top\"><b>11.-12.<\/b><\/td>\n<td valign=\"top\">Audrey <b>Niffenegger<\/b><\/td>\n<td valign=\"top\">Ajar\u00e4nduri naine<\/td>\n<td valign=\"top\">Varrak<\/td>\n<td rowspan=\"2\" valign=\"top\"><b>8<\/b><\/td>\n<\/tr>\n<tr class=\"bglight\">\n<td valign=\"top\">Arturo <b>P\u00e9rez-Reverte<\/b><\/td>\n<td valign=\"top\">Dumas&#8217; klubi, ehk Richeliu vari<\/td>\n<td valign=\"top\">Varrak<\/td>\n<\/tr>\n<tr class=\"bgdark\">\n<td valign=\"top\"><b>13.<\/b><\/td>\n<td valign=\"top\">Jonathan <b>Stroud<\/b><\/td>\n<td valign=\"top\">Golemi silm<\/td>\n<td valign=\"top\"><i>Pegasus<\/i><\/td>\n<td valign=\"top\"><b>6<\/b><\/td>\n<\/tr>\n<tr class=\"bglight\">\n<td valign=\"top\"><b>14.<\/b><\/td>\n<td valign=\"top\">Jevgeni <b>Zamjatin<\/b><\/td>\n<td valign=\"top\">Meie<\/td>\n<td valign=\"top\"><i>T\u00e4nap\u00e4ev<\/i><\/td>\n<td valign=\"top\"><b>5<\/b><\/td>\n<\/tr>\n<tr class=\"bgdark\">\n<td rowspan=\"2\" valign=\"top\"><b>15.-16.<\/b><\/td>\n<td valign=\"top\">Gohar <b>Markosjan-K\u00e4sper<\/b><\/td>\n<td valign=\"top\">Teekond s\u00e4ravatele tippudele<\/td>\n<td valign=\"top\"><i>\u00ab\u00abLoomingu\u00bb Raamatukogu\u00bb 2006; nr. 26<\/i><\/td>\n<td rowspan=\"2\" valign=\"top\"><b>4<\/b><\/td>\n<\/tr>\n<tr class=\"bglight\">\n<td valign=\"top\">David <b>Mitchell<\/b><\/td>\n<td valign=\"top\">Pilveatlas<\/td>\n<td valign=\"top\"><i>Varrak<\/i><\/td>\n<\/tr>\n<tr class=\"bgdark\">\n<td rowspan=\"2\" valign=\"top\"><b>17.-18.<\/b><\/td>\n<td valign=\"top\">Terry <b>Pratchett<\/b><\/td>\n<td valign=\"top\">K\u00fcbarat\u00e4is taevast<\/td>\n<td valign=\"top\"><i>Varrak<\/i><\/td>\n<td rowspan=\"2\" valign=\"top\"><b>3<\/b><\/td>\n<\/tr>\n<tr class=\"bglight\">\n<td valign=\"top\">Jeanette <b>Winterson<\/b><\/td>\n<td valign=\"top\">Taak<\/td>\n<td valign=\"top\"><i>Eesti P\u00e4evalehe Kirjastus<\/i><\/td>\n<\/tr>\n<tr class=\"bgdark\">\n<td rowspan=\"2\" valign=\"top\"><b>19.-20.<\/b><\/td>\n<td valign=\"top\">Henry <b>James<\/b><\/td>\n<td valign=\"top\">\u00dcleloomulikud lood<\/td>\n<td valign=\"top\"><i>Eesti Raamat<\/i><\/td>\n<td rowspan=\"2\" valign=\"top\"><b>2<\/b><\/td>\n<\/tr>\n<tr class=\"bglight\">\n<td valign=\"top\">Terry <b>Pratchett<\/b><\/td>\n<td valign=\"top\">Viimane manner<\/td>\n<td valign=\"top\"><i>Varrak<\/i><\/td>\n<\/tr>\n<tr class=\"bgdark\">\n<td rowspan=\"4\" valign=\"top\"><b>21.-24.<\/b><\/td>\n<td valign=\"top\">Dan <b>Brown<\/b><\/td>\n<td valign=\"top\">Pettepunkt<\/td>\n<td valign=\"top\"><i>Ersen<\/i><\/td>\n<td rowspan=\"4\" valign=\"top\"><b>1<\/b><\/td>\n<\/tr>\n<tr class=\"bglight\">\n<td valign=\"top\">Christopher <b>Paolini<\/b><\/td>\n<td valign=\"top\">Vanem<\/td>\n<td valign=\"top\"><i>Pegasus<\/i><\/td>\n<\/tr>\n<tr class=\"bgdark\">\n<td valign=\"top\">Lynn <b>Sholes<\/b><\/p>\n<p>Joe <b>Moore<\/b><\/td>\n<td valign=\"top\">Graali vanden\u00f5u<\/td>\n<td valign=\"top\"><i>Ersen<\/i><\/td>\n<\/tr>\n<tr class=\"bglight\">\n<td valign=\"top\">Kurt <b>Vonnegut<\/b><\/td>\n<td valign=\"top\">Hookuspookus<\/td>\n<td valign=\"top\"><i>T\u00e4nap\u00e4ev<\/i><\/td>\n<\/tr>\n<\/tbody>\n<\/table>\n<p><b>Parim t\u00f5lkejutt<\/b><\/p>\n<p>T\u00f5lkejutu kategoorias kandideeris 33 erinevas pikkuses teksti, millest h\u00e4\u00e4li sai 18. H\u00e4\u00e4letajaid oli 13.<\/p>\n<p>Tekstid olid t\u00f5esti v\u00e4gagi erineva pikkusega, sest omavahel kandideerisid nii sajalehek\u00fcljeline l\u00fchiroman, kui poolelehek\u00fcljeline laast. Eks pisut veider see ole, aga kahe erineva t\u00f5lkejutu kategooria tegemine oleks praegustes oludes katastroofih\u00f5nguline priiskamine.<\/p>\n<p>Aleksandr Gromovi l\u00fchiromaani \u00abArvestaja\u00bb v\u00f5it oli selle aasta \u00fclekaalukaim ning pole halb saavutus ka paremate aastatega v\u00f5rreldes.<\/p>\n<table class=\"renderedtable\" border=\"1\" cellspacing=\"0\" cellpadding=\"2\">\n<tbody>\n<tr>\n<td valign=\"top\"><b>1.<\/b><\/td>\n<td valign=\"top\">Aleksandr <b>Gromov<\/b><\/td>\n<td valign=\"top\">Arvestaja<\/td>\n<td valign=\"top\"><i>\u00abMuumia: Vene ulme antoloogia\u00bb<\/i><\/td>\n<td valign=\"top\"><b>50<\/b><\/td>\n<\/tr>\n<tr class=\"bglight\">\n<td valign=\"top\"><b>2.<\/b><\/td>\n<td valign=\"top\">Andrei <b>Lazart\u0161uk<\/b><\/td>\n<td valign=\"top\">Muumia<\/td>\n<td valign=\"top\"><i>\u00abMuumia: Vene ulme antoloogia\u00bb<\/i><\/td>\n<td valign=\"top\"><b>21<\/b><\/td>\n<\/tr>\n<tr class=\"bgdark\">\n<td valign=\"top\"><b>3.<\/b><\/td>\n<td valign=\"top\">Gregory <b>Benford<\/b><\/td>\n<td valign=\"top\">Lunastaja<\/td>\n<td valign=\"top\"><i>\u00abT\u00e4heaeg 3: Kauge lahingu kaja\u00bb<\/i><\/td>\n<td valign=\"top\"><b>15<\/b><\/td>\n<\/tr>\n<tr class=\"bglight\">\n<td valign=\"top\"><b>4.<\/b><\/td>\n<td valign=\"top\">Jayme Lynn <b>Blaschke<\/b><\/td>\n<td valign=\"top\">Tolm<\/td>\n<td valign=\"top\"><i>\u00abT\u00e4heaeg 3: Kauge lahingu kaja\u00bb<\/i><\/td>\n<td valign=\"top\"><b>14<\/b><\/td>\n<\/tr>\n<tr class=\"bgdark\">\n<td valign=\"top\"><b>5.<\/b><\/td>\n<td valign=\"top\">Marina <b>Djat\u0161enko<\/b><\/p>\n<p>Sergei <b>Djat\u0161enko<\/b><\/td>\n<td valign=\"top\">Zoo<\/td>\n<td valign=\"top\"><i>\u00abMuumia: Vene ulme antoloogia\u00bb<\/i><\/td>\n<td valign=\"top\"><b>13<\/b><\/td>\n<\/tr>\n<tr class=\"bglight\">\n<td rowspan=\"2\" valign=\"top\"><b>6.-7.<\/b><\/td>\n<td valign=\"top\">Kir <b>Bul\u00f5t\u0161ov<\/b><\/td>\n<td valign=\"top\">Hirmust<\/td>\n<td valign=\"top\"><i>\u00abMuumia: Vene ulme antoloogia\u00bb<\/i><\/td>\n<td rowspan=\"2\" valign=\"top\"><b>12<\/b><\/td>\n<\/tr>\n<tr class=\"bgdark\">\n<td valign=\"top\">Mihhail <b>Veller<\/b><\/td>\n<td valign=\"top\">Tahan Pariisi<\/td>\n<td valign=\"top\"><i>\u00abMuumia: Vene ulme antoloogia\u00bb<\/i><\/td>\n<\/tr>\n<tr class=\"bglight\">\n<td rowspan=\"3\" valign=\"top\"><b>8.-10.<\/b><\/td>\n<td valign=\"top\">Kir <b>Bul\u00f5t\u0161ov<\/b><\/td>\n<td valign=\"top\">XX sajandi hingepalve<\/td>\n<td valign=\"top\"><i>\u00abMuumia: Vene ulme antoloogia\u00bb<\/i><\/td>\n<td rowspan=\"3\" valign=\"top\"><b>9<\/b><\/td>\n<\/tr>\n<tr class=\"bgdark\">\n<td valign=\"top\">Stephen <b>Dedman<\/b><\/td>\n<td valign=\"top\">Juhuslik m\u00e4rklaud<\/td>\n<td valign=\"top\"><i>\u00abT\u00e4heaeg 3: Kauge lahingu kaja\u00bb<\/i><\/td>\n<\/tr>\n<tr class=\"bglight\">\n<td valign=\"top\">Geoffrey A. <b>Landis<\/b><\/td>\n<td valign=\"top\">Emmata erinevat<\/td>\n<td valign=\"top\"><i>\u00abT\u00e4heaeg 3: Kauge lahingu kaja\u00bb<\/i><\/td>\n<\/tr>\n<tr class=\"bgdark\">\n<td valign=\"top\"><b>11.<\/b><\/td>\n<td valign=\"top\">Paul J. <b>McAuley<\/b><\/td>\n<td valign=\"top\">17<\/td>\n<td valign=\"top\"><i>\u00abT\u00e4heaeg 3: Kauge lahingu kaja\u00bb<\/i><\/td>\n<td valign=\"top\"><b>8<\/b><\/td>\n<\/tr>\n<tr class=\"bglight\">\n<td rowspan=\"4\" valign=\"top\"><b>12.-15.<\/b><\/td>\n<td valign=\"top\">Arthur Conan <b>Doyle<\/b><\/td>\n<td valign=\"top\">John Barrington Cowles<\/td>\n<td valign=\"top\"><i>Arthur Conan Doyle \u00abSuur Keinplatzi eksperiment\u00bb<\/i><\/td>\n<td rowspan=\"4\" valign=\"top\"><b>4<\/b><\/td>\n<\/tr>\n<tr class=\"bgdark\">\n<td valign=\"top\">Karen <b>Haber<\/b><\/td>\n<td valign=\"top\">Allavoolu m\u00f6\u00f6da aega<\/td>\n<td valign=\"top\"><i>\u00abT\u00e4heaeg 3: Kauge lahingu kaja\u00bb<\/i><\/td>\n<\/tr>\n<tr class=\"bglight\">\n<td valign=\"top\">Henry <b>James<\/b><\/td>\n<td valign=\"top\">Veider nurgake<\/td>\n<td valign=\"top\"><i>Henry James \u00ab\u00dcleloomulikud lood\u00bb<\/i><\/td>\n<\/tr>\n<tr class=\"bgdark\">\n<td valign=\"top\">Jevgeni <b>Lukin<\/b><\/td>\n<td valign=\"top\">Loojuva p\u00e4ikese maal<\/td>\n<td valign=\"top\"><i>\u00abMuumia: Vene ulme antoloogia\u00bb<\/i><\/td>\n<\/tr>\n<tr class=\"bglight\">\n<td rowspan=\"2\" valign=\"top\"><b>16.-17.<\/b><\/td>\n<td valign=\"top\">Henry <b>James<\/b><\/td>\n<td valign=\"top\">Viirastuslik \u00fc\u00fcriraha<\/td>\n<td valign=\"top\"><i>Henry James \u00ab\u00dcleloomulikud lood\u00bb<\/i><\/td>\n<td rowspan=\"2\" valign=\"top\"><b>3<\/b><\/td>\n<\/tr>\n<tr class=\"bgdark\">\n<td valign=\"top\">Jevgeni <b>Lukin<\/b><\/td>\n<td valign=\"top\">Vana asi<\/td>\n<td valign=\"top\"><i>\u00abMuumia: Vene ulme antoloogia\u00bb<\/i><\/td>\n<\/tr>\n<tr class=\"bglight\">\n<td valign=\"top\"><b>18.<\/b><\/td>\n<td valign=\"top\">J. W. <b>Polidori<\/b><\/td>\n<td valign=\"top\">Vampiir<\/td>\n<td valign=\"top\"><i>\u00abAlgernon\u00bb 2006; detsember<\/i><\/td>\n<td valign=\"top\"><b>1<\/b><\/td>\n<\/tr>\n<\/tbody>\n<\/table>\n<p><b>Parim eesti autori raamat<\/b><\/p>\n<p>Kuna ulme avaldamine pole hetkel Eestis k\u00f5ige paremal j\u00e4rjel, siis pole midagi imestamisv\u00e4\u00e4rset t\u00f5siasjas, et selles kategoorias kandideeris vaid seitse raamatut. Positiivsema poole pealt m\u00e4rgiks, et v\u00e4hemasti said k\u00f5ik seitse ka h\u00e4\u00e4li.<\/p>\n<p>H\u00e4\u00e4letas vaid viis inimest ning selle tulemusena oli antud kategooria k\u00f5ige v\u00e4iksema osav\u00f5tuga \u00fcldse.<\/p>\n<p>\u00dcks h\u00e4\u00e4letaja kommenteeris olukorda n\u00f5nda: \u00ab&#8230; ei suuda valida v\u00e4lja seitsmest viit paremat.\u00bb<\/p>\n<table class=\"renderedtable\" border=\"1\" cellspacing=\"0\" cellpadding=\"2\">\n<tbody>\n<tr>\n<td valign=\"top\"><b>1.<\/b><\/td>\n<td valign=\"top\">Indrek <b>Hargla<\/b><\/td>\n<td valign=\"top\">Roos ja lumekristall<\/td>\n<td valign=\"top\"><i>Fantaasia<\/i><\/td>\n<td valign=\"top\"><b>17<\/b><\/td>\n<\/tr>\n<tr class=\"bglight\">\n<td valign=\"top\"><b>2.<\/b><\/td>\n<td valign=\"top\">Veiko <b>Belials<\/b><\/td>\n<td valign=\"top\">Jumalate vanden\u00f5u<\/td>\n<td valign=\"top\"><i>Varrak<\/i><\/td>\n<td valign=\"top\"><b>16<\/b><\/td>\n<\/tr>\n<tr class=\"bgdark\">\n<td valign=\"top\"><b>3.<\/b><\/td>\n<td valign=\"top\">Herta <b>Laipaik<\/b><\/td>\n<td valign=\"top\">Kurjasadu<\/td>\n<td valign=\"top\"><i>Varrak<\/i><\/td>\n<td valign=\"top\"><b>15<\/b><\/td>\n<\/tr>\n<tr class=\"bglight\">\n<td valign=\"top\"><b>4.<\/b><\/td>\n<td valign=\"top\">Nikolai <b>Baturin<\/b><\/td>\n<td valign=\"top\">S\u00f5najalg kivis<\/td>\n<td valign=\"top\"><i>Eesti Raamat<\/i><\/td>\n<td valign=\"top\"><b>14<\/b><\/td>\n<\/tr>\n<tr class=\"bgdark\">\n<td valign=\"top\"><b>5.<\/b><\/td>\n<td valign=\"top\">Helga <b>N\u00f5u<\/b><\/td>\n<td valign=\"top\">Ood lastud rebasele<\/td>\n<td valign=\"top\"><i>Eesti Keele Sihtasutus<\/i><\/td>\n<td valign=\"top\"><b>10<\/b><\/td>\n<\/tr>\n<tr class=\"bglight\">\n<td valign=\"top\"><b>6.<\/b><\/td>\n<td valign=\"top\">Mehis <b>Heinsaar<\/b><\/td>\n<td valign=\"top\">Artur Sandmani lugu, ehk Teekond iseenda teise otsa<\/td>\n<td valign=\"top\"><i>Tuum<\/i><\/td>\n<td valign=\"top\"><b>2<\/b><\/td>\n<\/tr>\n<tr class=\"bgdark\">\n<td valign=\"top\"><b>7.<\/b><\/td>\n<td valign=\"top\">Aidi <b>Vallik<\/b><\/td>\n<td valign=\"top\">Narkohollo, ehk Florese vabastamine<\/td>\n<td valign=\"top\"><i>Lugu-Loo<\/i><\/td>\n<td valign=\"top\"><b>1<\/b><\/td>\n<\/tr>\n<\/tbody>\n<\/table>\n<p><b>Parim eesti autori l\u00fchiromaan v\u00f5i jutustus<\/b><\/p>\n<p>Kandideeris kaheksa teksti, mis k\u00f5ik ka h\u00e4\u00e4li said.<\/p>\n<p>H\u00e4\u00e4letas \u00fcheksa inimest.<\/p>\n<p>Indrek Hargla v\u00f5idus ei kahelnud ilmselt keegi, k\u00fcsimus oli pigem selles, et milline neljast l\u00fchiromaanist..?<\/p>\n<p>H\u00e4mmastas Jaan Kaplinski allaj\u00e4\u00e4mine Mehis Heinsaarele ja Bix Pokupoja s\u00fcdi esinemine.<\/p>\n<p>Samas ei maksaks sedav\u00f5rd v\u00e4ikese h\u00e4\u00e4letajate hulga pealt teha mingeid kaugeleulatuvaid j\u00e4reldusi&#8230; kindel on vaid see, et Hargla v\u00f5it oli \u00fclekaalukas.<\/p>\n<table class=\"renderedtable\" border=\"1\" cellspacing=\"0\" cellpadding=\"2\">\n<tbody>\n<tr>\n<td valign=\"top\"><b>1.<\/b><\/td>\n<td valign=\"top\">Indrek <b>Hargla<\/b><\/td>\n<td valign=\"top\">Ingellik olevus<\/td>\n<td valign=\"top\"><i>Indrek Hargla \u00abRoos ja lumekristall\u00bb<\/i><\/td>\n<td valign=\"top\"><b>39<\/b><\/td>\n<\/tr>\n<tr class=\"bglight\">\n<td valign=\"top\"><b>2.<\/b><\/td>\n<td valign=\"top\">Indrek <b>Hargla<\/b><\/td>\n<td valign=\"top\">Roos ja lumekristall<\/td>\n<td valign=\"top\"><i>Indrek Hargla \u00abRoos ja lumekristall\u00bb<\/i><\/td>\n<td valign=\"top\"><b>30<\/b><\/td>\n<\/tr>\n<tr class=\"bgdark\">\n<td rowspan=\"2\" valign=\"top\"><b>3.-4.<\/b><\/td>\n<td valign=\"top\">Indrek <b>Hargla<\/b><\/td>\n<td valign=\"top\">Dom Ram\u00f3n<\/td>\n<td valign=\"top\"><i>Indrek Hargla \u00abRoos ja lumekristall\u00bb<\/i><\/td>\n<td rowspan=\"2\" valign=\"top\"><b>15<\/b><\/td>\n<\/tr>\n<tr class=\"bglight\">\n<td valign=\"top\">Indrek <b>Hargla<\/b><\/td>\n<td valign=\"top\">Truuta<\/td>\n<td valign=\"top\"><i>\u00abT\u00e4heaeg 3: Kauge lahingu kaja\u00bb<\/i><\/td>\n<\/tr>\n<tr class=\"bgdark\">\n<td valign=\"top\"><b>5.<\/b><\/td>\n<td valign=\"top\">Mehis <b>Heinsaar<\/b><\/td>\n<td valign=\"top\">\u00dclikond<\/td>\n<td valign=\"top\"><i>\u00abLooming\u00bb 2006; nr. 8 (august)<\/i><\/td>\n<td valign=\"top\"><b>13<\/b><\/td>\n<\/tr>\n<tr class=\"bglight\">\n<td valign=\"top\"><b>6.<\/b><\/td>\n<td valign=\"top\">Jaan <b>Kaplinski<\/b><\/td>\n<td valign=\"top\">Achilles<\/td>\n<td valign=\"top\"><i>\u00abLooming\u00bb 2006; nr. 10 (oktoober)<\/i><\/td>\n<td valign=\"top\"><b>9<\/b><\/td>\n<\/tr>\n<tr class=\"bgdark\">\n<td valign=\"top\"><b>7.<\/b><\/td>\n<td valign=\"top\">Bix <b>Pokupoeg<\/b><\/td>\n<td valign=\"top\">\u00d5ndsaks saamine<\/td>\n<td valign=\"top\"><i>\u00abAlgernon\u00bb 2006; detsember<\/i><\/td>\n<td valign=\"top\"><b>8<\/b><\/td>\n<\/tr>\n<tr class=\"bglight\">\n<td valign=\"top\"><b>8.<\/b><\/td>\n<td valign=\"top\">Bix <b>Pokupoeg<\/b><\/td>\n<td valign=\"top\">Kuidas k\u00e4ib teie k\u00e4si?<\/td>\n<td valign=\"top\"><i>\u00abAlgernon\u00bb 2006; juuni<\/i><\/td>\n<td valign=\"top\"><b>5<\/b><\/td>\n<\/tr>\n<\/tbody>\n<\/table>\n<p><b>Parim eesti autori l\u00fchijutt<\/b><\/p>\n<p>Kandideeris 25 l\u00fchijuttu, h\u00e4\u00e4li sai neist 15.<\/p>\n<p>H\u00e4\u00e4letas seitse inimest.<\/p>\n<p>Kaheksas h\u00e4\u00e4letaja esitas vigase nimekirja ning ei l\u00e4inud seet\u00f5ttu arvesse. Kui oleks isegi l\u00e4inud, poleks esikoht muutunud&#8230;<\/p>\n<p>\u00dche h\u00e4\u00e4letaja kommentaar: \u00abEesti l\u00fchijutud olid minu meelest k\u00f5igi aegade viletsaimad. \/&#8230;\/ See-eest leidsin \u00abV\u00e4rskes R\u00f5hus\u00bb ulmejutte, mis polnud nimekirjas.\u00bb<\/p>\n<p>\u00dcks teine h\u00e4\u00e4letaja oli aga veelgi resoluutsem: \u00ab&#8230; pole ka mingit tahtmist hakata lugema l\u00fchijutte, mille algus on (isegi vaatamata l\u00fchidusele) enne meelest l\u00e4inud kui l\u00f5pp k\u00e4tte j\u00f5uab&#8230;\u00bb<\/p>\n<table class=\"renderedtable\" border=\"1\" cellspacing=\"0\" cellpadding=\"2\">\n<tbody>\n<tr>\n<td valign=\"top\"><b>1.<\/b><\/td>\n<td valign=\"top\">Indrek <b>Hargla<\/b><\/td>\n<td valign=\"top\">Emaj\u00f5e \u00e4\u00e4res<\/td>\n<td valign=\"top\"><i>Indrek Hargla \u00abRoos ja lumekristall\u00bb<\/i><\/td>\n<td valign=\"top\"><b>18<\/b><\/td>\n<\/tr>\n<tr class=\"bglight\">\n<td rowspan=\"2\" valign=\"top\"><b>2.-3.<\/b><\/td>\n<td valign=\"top\">Indrek <b>Hargla<\/b><\/td>\n<td valign=\"top\">H\u00fcvastij\u00e4tt Annaga<\/td>\n<td valign=\"top\"><i>Indrek Hargla \u00abRoos ja lumekristall\u00bb<\/i><\/td>\n<td rowspan=\"2\" valign=\"top\"><b>14<\/b><\/td>\n<\/tr>\n<tr class=\"bgdark\">\n<td valign=\"top\">Bix <b>Pokupoeg<\/b><\/td>\n<td valign=\"top\">Silmad kinni<\/td>\n<td valign=\"top\"><i>\u00abAlgernon\u00bb 2006; jaanuar<\/i><\/td>\n<\/tr>\n<tr class=\"bglight\">\n<td rowspan=\"2\" valign=\"top\"><b>4.-5.<\/b><\/td>\n<td valign=\"top\">Marcus <b>Kaas<\/b><\/td>\n<td valign=\"top\">Koletised<\/td>\n<td valign=\"top\"><i>\u00abAlgernon\u00bb 2006; juuni<\/i><\/td>\n<td rowspan=\"2\" valign=\"top\"><b>9<\/b><\/td>\n<\/tr>\n<tr class=\"bgdark\">\n<td valign=\"top\"><b>Nirti<\/b><\/td>\n<td valign=\"top\">Viies ratsanik<\/td>\n<td valign=\"top\"><i>\u00abV\u00e4rske R\u00f5hk\u00bb nr. 4 (aprill 2006)<\/i><\/td>\n<\/tr>\n<tr class=\"bglight\">\n<td valign=\"top\"><b>6.<\/b><\/td>\n<td valign=\"top\">Katariina <b>Kihv<\/b><\/td>\n<td valign=\"top\">Ter ja Ae<\/td>\n<td valign=\"top\"><i>\u00abAlgernon\u00bb 2006; aprill<\/i><\/td>\n<td valign=\"top\"><b>8<\/b><\/td>\n<\/tr>\n<tr class=\"bgdark\">\n<td valign=\"top\"><b>7.<\/b><\/td>\n<td valign=\"top\">Taap <b>Hannok<\/b><\/td>\n<td valign=\"top\">Inimv\u00f5imete piirid<\/td>\n<td valign=\"top\"><i>\u00abAlgernon\u00bb 2006; detsember<\/i><\/td>\n<td valign=\"top\"><b>5<\/b><\/td>\n<\/tr>\n<tr class=\"bglight\">\n<td rowspan=\"2\" valign=\"top\"><b>8.-9.<\/b><\/td>\n<td valign=\"top\">Jaan J. <b>Leppik<\/b><\/td>\n<td valign=\"top\">H\u00f5bedane aken Elisioni<\/td>\n<td valign=\"top\"><i>\u00abM\u00f5te\u00bb 2006; kevad<\/i><\/td>\n<td rowspan=\"2\" valign=\"top\"><b>4<\/b><\/td>\n<\/tr>\n<tr class=\"bgdark\">\n<td valign=\"top\">Mikk <b>P\u00e4rnits<\/b><\/td>\n<td valign=\"top\">N\u00e4gemine<\/td>\n<td valign=\"top\"><i>Mikk P\u00e4rnits \u00abN\u00e4iv on j\u00e4\u00e4v\u00bb<\/i><\/td>\n<\/tr>\n<tr class=\"bglight\">\n<td rowspan=\"6\" valign=\"top\"><b>10.-15.<\/b><\/td>\n<td valign=\"top\">Edvin <b>Aedma<\/b><\/td>\n<td valign=\"top\">Tuumapommi-reisijad<\/td>\n<td valign=\"top\"><i>\u00abV\u00e4rske R\u00f5hk\u00bb nr. 5 (juuni 2006)<\/i><\/td>\n<td rowspan=\"6\" valign=\"top\"><b>3<\/b><\/td>\n<\/tr>\n<tr class=\"bgdark\">\n<td valign=\"top\">Janusz A. <b>Grinewski<\/b><\/td>\n<td valign=\"top\">Kauge lahingu kaja<\/td>\n<td valign=\"top\"><i>\u00abT\u00e4heaeg 3: Kauge lahingu kaja\u00bb<\/i><\/td>\n<\/tr>\n<tr class=\"bglight\">\n<td valign=\"top\">Jaan J. <b>Leppik<\/b><\/td>\n<td valign=\"top\">Kuninglik karp<\/td>\n<td valign=\"top\"><i>\u00abM\u00f5te\u00bb 2006; talv<\/i><\/td>\n<\/tr>\n<tr class=\"bgdark\">\n<td valign=\"top\">Urmas <b>Nimetu<\/b><\/td>\n<td valign=\"top\">15 aastat<\/td>\n<td valign=\"top\"><i>\u00abAlgernon\u00bb 2006; aprill<\/i><\/td>\n<\/tr>\n<tr class=\"bglight\">\n<td valign=\"top\">Urmas <b>Nimetu<\/b><\/td>\n<td valign=\"top\">Onu Jaani eras\u00f5it<\/td>\n<td valign=\"top\"><i>\u00abV\u00e4rske R\u00f5hk\u00bb nr. 4 (aprill 2006)<\/i><\/td>\n<\/tr>\n<tr class=\"bgdark\">\n<td valign=\"top\">Mikk <b>P\u00e4rnits<\/b><\/td>\n<td valign=\"top\">\u00d6\u00f6bik<\/td>\n<td valign=\"top\"><i>Mikk P\u00e4rnits \u00abN\u00e4iv on j\u00e4\u00e4v\u00bb<\/i><\/td>\n<\/tr>\n<\/tbody>\n<\/table>\n<p><b><i>Tuleb vaid loota, et aastad pole vennad ning et j\u00e4rgmine aasta on parem!<\/i><\/b><\/p>\n<\/div>\n","protected":false},"excerpt":{"rendered":"<p>13.\u201315. juuli 2007 toimus P\u00f5lvamaal, Valgemetsa Puhkemajas eesti ulmef\u00e4nnide igasuvine kokkutulek Estcon. Traditsiooniliselt kuulutati ka v\u00e4lja ulmeauhinna Stalker v\u00f5itjad&#8230; sedapuhku siis 2006. aastal eesti keeles ilmunud ulme alal. 2006. aasta oli t\u00f5en\u00e4oliselt \u00fcks viletsamaid aastaid eestikeelses ulmes. \u00dcldisest madalseisust tingituna &hellip; <a href=\"http:\/\/ulme.ee\/veeb\/?page_id=3864&#038;lang=et\">J\u00e4tka lugemist <span class=\"meta-nav\">&rarr;<\/span><\/a><\/p>\n","protected":false},"author":1,"featured_media":0,"parent":0,"menu_order":0,"comment_status":"closed","ping_status":"closed","template":"","meta":{"footnotes":""},"_links":{"self":[{"href":"http:\/\/ulme.ee\/veeb\/index.php?rest_route=\/wp\/v2\/pages\/3864"}],"collection":[{"href":"http:\/\/ulme.ee\/veeb\/index.php?rest_route=\/wp\/v2\/pages"}],"about":[{"href":"http:\/\/ulme.ee\/veeb\/index.php?rest_route=\/wp\/v2\/types\/page"}],"author":[{"embeddable":true,"href":"http:\/\/ulme.ee\/veeb\/index.php?rest_route=\/wp\/v2\/users\/1"}],"replies":[{"embeddable":true,"href":"http:\/\/ulme.ee\/veeb\/index.php?rest_route=%2Fwp%2Fv2%2Fcomments&post=3864"}],"version-history":[{"count":2,"href":"http:\/\/ulme.ee\/veeb\/index.php?rest_route=\/wp\/v2\/pages\/3864\/revisions"}],"predecessor-version":[{"id":7651,"href":"http:\/\/ulme.ee\/veeb\/index.php?rest_route=\/wp\/v2\/pages\/3864\/revisions\/7651"}],"wp:attachment":[{"href":"http:\/\/ulme.ee\/veeb\/index.php?rest_route=%2Fwp%2Fv2%2Fmedia&parent=3864"}],"curies":[{"name":"wp","href":"https:\/\/api.w.org\/{rel}","templated":true}]}}