{"id":3862,"date":"2016-07-26T12:20:34","date_gmt":"2016-07-26T09:20:34","guid":{"rendered":"http:\/\/esuaxue.havike.eenet.ee\/veeb\/?page_id=3862"},"modified":"2016-08-08T11:29:06","modified_gmt":"2016-08-08T08:29:06","slug":"2007-haaletusnimekiri","status":"publish","type":"page","link":"http:\/\/ulme.ee\/veeb\/?page_id=3862&lang=et","title":{"rendered":"2007 h\u00e4\u00e4letusnimekiri"},"content":{"rendered":"<div class=\"attribute-short\">\n<p>Sellised on siis Stalker 2007 l\u00f5plikud h\u00e4\u00e4letusnimekirjad.<\/p>\n<p>Eraldi t\u00e4nud: Veiko Belials, Indrek Hargla, Netcat, Kristjan R\u00e4tsep, Tiina Sulg ja Silver S\u00e4ra!<\/p>\n<\/div>\n<div class=\"attribute-long\">\n<p><b>&#8211; Parim t\u00f5lkeraamat<\/b><br \/>\nEdwin A. <b>Abbott<\/b> \u00abLapikmaa: Mitmem\u00f5\u00f5tmeline lugu\u00bb ( <i>\u00ab\u00abLoomingu\u00bb Raamatukogu\u00bb 2006; nr. 9\/10<\/i>)<br \/>\nIsaac <b>Asimov<\/b> \u00abEnne Asumit\u00bb ( <i>Eesti Raamat<\/i>)<br \/>\nMargaret <b>Atwood<\/b> \u00abPenelopeia\u00bb ( <i>Eesti P\u00e4evalehe Kirjastus<\/i>)<br \/>\nWilliam <b>Beckford<\/b> \u00abLugu kaliif Vathekist\u00bb ( <i>Fantaasia<\/i>)<br \/>\nHerbie <b>Brennan<\/b> \u00abHaldjas\u00f5jad\u00bb ( <i>Varrak<\/i>)<br \/>\nHerbie <b>Brennan<\/b> \u00abPurpurkeiser\u00bb ( <i>Varrak<\/i>)<br \/>\nDan <b>Brown<\/b> \u00abPettepunkt\u00bb ( <i>Ersen<\/i>)<br \/>\nClive <b>Cussler<\/b> \u00abInkade kuld\u00bb ( <i>Olion<\/i>)<br \/>\nArthur Conan <b>Doyle<\/b> \u00abSuur Keinplatzi eksperiment\u00bb ( <i>Fantaasia<\/i>)<br \/>\nLian <b>Hearn<\/b> \u00abKuu hele valgus\u00bb ( <i>Varrak<\/i>)<br \/>\nFrank <b>Herbert<\/b> \u00abD\u00fc\u00fcni ketserid\u00bb ( <i>Varrak<\/i>)<br \/>\nHenry <b>James<\/b> \u00ab\u00dcleloomulikud lood\u00bb ( <i>Eesti Raamat<\/i>)<br \/>\nSusan <b>Kay<\/b> \u00abFantoom\u00bb ( <i>Eesti Raamat<\/i>)<br \/>\nStephen <b>King<\/b> \u00abLaskur\u00bb ( <i>Pegasus<\/i>)<br \/>\nElizabeth <b>Kostova<\/b> \u00abAjaloolane\u00bb ( <i>Ersen<\/i>)<br \/>\nC. S. <b>Lewis<\/b> \u00abH\u00f5betool\u00bb ( <i>Pegasus<\/i>)<br \/>\nC. S. <b>Lewis<\/b> \u00abKoidur\u00e4nduri teekond\u00bb ( <i>Pegasus<\/i>)<br \/>\nC. S. <b>Lewis<\/b> \u00abViimane lahing\u00bb ( <i>Pegasus<\/i>)<br \/>\nGohar <b>Markosjan-K\u00e4sper<\/b> \u00abTeekond s\u00e4ravatele tippudele\u00bb ( <i>\u00ab\u00abLoomingu\u00bb Raamatukogu\u00bb 2006; nr. 26<\/i>)<br \/>\nDavid <b>Mitchell<\/b> \u00abPilveatlas\u00bb ( <i>Varrak<\/i>)<br \/>\nAudrey <b>Niffenegger<\/b> \u00abAjar\u00e4nduri naine\u00bb ( <i>Varrak<\/i>)<br \/>\nArvi <b>Nikkarev<\/b> ( <i>koost.<\/i>) \u00abMuumia: Vene ulme antoloogia\u00bb ( <i>Skarabeus<\/i>)<br \/>\nChristopher <b>Paolini<\/b> \u00abVanem\u00bb ( <i>Pegasus<\/i>)<br \/>\nViktor <b>Pelevin<\/b> \u00ab\u00d5uduse kiiver\u00bb ( <i>Eesti P\u00e4evalehe Kirjastus<\/i>)<br \/>\nArturo <b>P\u00e9rez-Reverte<\/b> \u00abDumas&#8217; klubi, ehk Richeliu vari\u00bb ( <i>Varrak<\/i>)<br \/>\nTerry <b>Pratchett<\/b> \u00abCarpe jugulum\u00bb ( <i>Varrak<\/i>)<br \/>\nTerry <b>Pratchett<\/b> \u00abK\u00fcbarat\u00e4is taevast\u00bb ( <i>Varrak<\/i>)<br \/>\nTerry <b>Pratchett<\/b> \u00abViies elevant\u00bb ( <i>Varrak<\/i>)<br \/>\nTerry <b>Pratchett<\/b> \u00abViimane manner\u00bb ( <i>Varrak<\/i>)<br \/>\nPhilip <b>Reeve<\/b> \u00abKuldseeklid\u00bb ( <i>Tiritamm<\/i>)<br \/>\nPhilip <b>Reeve<\/b> \u00abSurelikud masinad\u00bb ( <i>Tiritamm<\/i>)<br \/>\nNora <b>Roberts<\/b> \u00abPunane liilia\u00bb ( <i>Ersen<\/i>)<br \/>\nCarl <b>Sagan<\/b> \u00abKontakt\u00bb ( <i>Varrak<\/i>)<br \/>\nAndreas <b>Schl\u00fcter<\/b> \u00abTagasi \u00abLaste linna\u00bb\u00bb ( <i>Tormikiri<\/i>)<br \/>\nLynn <b>Sholes<\/b> &#8211; Joe <b>Moore<\/b> \u00abGraali vanden\u00f5u\u00bb ( <i>Ersen<\/i>)<br \/>\nDan <b>Simmons<\/b> \u00abEndymioni t\u00f5us\u00bb ( <i>Varrak<\/i>)<br \/>\nJonathan <b>Stroud<\/b> \u00abGolemi silm\u00bb ( <i>Pegasus<\/i>)<br \/>\nRaul <b>Sulbi<\/b> ( <i>koost.<\/i>) \u00abT\u00e4heaeg 3: Kauge lahingu kaja\u00bb ( <i>Fantaasia<\/i>)<br \/>\nJevgeni <b>Zamjatin<\/b> \u00abMeie\u00bb ( <i>T\u00e4nap\u00e4ev<\/i>)<br \/>\nJ. R. R. <b>Tolkien<\/b> \u00abL\u00f5petamata lood\u00bb ( <i>Tiritamm<\/i>)<br \/>\nS. <b>Vititski<\/b> \u00abSelle ilma v\u00e4etid\u00bb ( <i>Varrak<\/i>)<br \/>\nKurt <b>Vonnegut<\/b> \u00abHookuspookus\u00bb ( <i>T\u00e4nap\u00e4ev<\/i>)<br \/>\nBernhard <b>Werber<\/b> \u00abInglite impeerium\u00bb ( <i>Olion<\/i>)<br \/>\nAndreas <b>Wilhelm<\/b> \u00abPaabeli projekt\u00bb ( <i>Ersen<\/i>)<br \/>\nJeanette <b>Winterson<\/b> \u00abTaak\u00bb ( <i>Eesti P\u00e4evalehe Kirjastus<\/i>)<\/p>\n<p><b>&#8211; Parim t\u00f5lkejutt<\/b><br \/>\nGregory <b>Benford<\/b> \u00abLunastaja\u00bb ( <i>antoloogia \u00abT\u00e4heaeg 3: Kauge lahingu kaja\u00bb<\/i>)<br \/>\nJayme Lynn <b>Blaschke<\/b> \u00abTolm\u00bb ( <i>antoloogia \u00abT\u00e4heaeg 3: Kauge lahingu kaja\u00bb<\/i>)<br \/>\nKir <b>Bul\u00f5t\u0161ov<\/b> \u00abHirmust\u00bb ( <i>antoloogia \u00abMuumia: Vene ulme antoloogia\u00bb<\/i>)<br \/>\nKir <b>Bul\u00f5t\u0161ov<\/b> \u00abXX sajandi hingepalve\u00bb ( <i>antoloogia \u00abMuumia: Vene ulme antoloogia\u00bb<\/i>)<br \/>\nStephen <b>Dedman<\/b> \u00abJuhuslik m\u00e4rklaud\u00bb ( <i>antoloogia \u00abT\u00e4heaeg 3: Kauge lahingu kaja\u00bb<\/i>)<br \/>\nMarina <b>Djat\u0161enko<\/b> &#8211; Sergei <b>Djat\u0161enko<\/b> \u00abZoo\u00bb ( <i>antoloogia \u00abMuumia: Vene ulme antoloogia\u00bb<\/i>)<br \/>\nArthur Conan <b>Doyle<\/b> \u00abBrowni ja Pericordi kuulus mootor\u00bb ( <i>Arthur Conan Doyle \u00abSuur Keinplatzi eksperiment\u00bb<\/i>)<br \/>\nArthur Conan <b>Doyle<\/b> \u00abJohn Barrington Cowles\u00bb ( <i>Arthur Conan Doyle \u00abSuur Keinplatzi eksperiment\u00bb<\/i>)<br \/>\nArthur Conan <b>Doyle<\/b> \u00abSuur Keinplatzi eksperiment\u00bb ( <i>Arthur Conan Doyle \u00abSuur Keinplatzi eksperiment\u00bb<\/i>)<br \/>\nJeremias <b>Gotthelf<\/b> \u00abMust \u00e4mblik\u00bb ( <i>\u00ab\u00abLoomingu\u00bb Raamatukogu\u00bb 2006; nr. 11\/12 <\/i>)<br \/>\nAleksandr <b>Gromov<\/b> \u00abArvestaja\u00bb ( <i>antoloogia \u00abMuumia: Vene ulme antoloogia\u00bb<\/i>)<br \/>\nKaren <b>Haber<\/b> \u00abAllavoolu m\u00f6\u00f6da aega\u00bb ( <i>antoloogia \u00abT\u00e4heaeg 3: Kauge lahingu kaja\u00bb<\/i>)<br \/>\nHenry <b>James<\/b> \u00abDe Grey romanss\u00bb ( <i>Henry James \u00ab\u00dcleloomulikud lood\u00bb<\/i>)<br \/>\nHenry <b>James<\/b> \u00abVanade riiete romanss\u00bb ( <i>Henry James \u00ab\u00dcleloomulikud lood\u00bb<\/i>)<br \/>\nHenry <b>James<\/b> \u00abVeider nurgake\u00bb ( <i>Henry James \u00ab\u00dcleloomulikud lood\u00bb<\/i>)<br \/>\nHenry <b>James<\/b> \u00abViirastuslik \u00fc\u00fcriraha\u00bb ( <i>Henry James \u00ab\u00dcleloomulikud lood\u00bb<\/i>)<br \/>\nGeoffrey A. <b>Landis<\/b> \u00abEmmata erinevat\u00bb ( <i>antoloogia \u00abT\u00e4heaeg 3: Kauge lahingu kaja\u00bb<\/i>)<br \/>\nAndrei <b>Lazart\u0161uk<\/b> \u00abMuumia\u00bb ( <i>antoloogia \u00abMuumia: Vene ulme antoloogia\u00bb<\/i>)<br \/>\nJevgeni <b>Lukin<\/b> \u00abLoojuva p\u00e4ikese maal\u00bb ( <i>antoloogia \u00abMuumia: Vene ulme antoloogia\u00bb<\/i>)<br \/>\nJevgeni <b>Lukin<\/b> \u00abVana asi\u00bb ( <i>antoloogia \u00abMuumia: Vene ulme antoloogia\u00bb<\/i>)<br \/>\nLjubov <b>Lukina<\/b> &#8211; Jevgeni <b>Lukin<\/b> \u00abChercher la vanaema\u00bb ( <i>antoloogia \u00abMuumia: Vene ulme antoloogia\u00bb<\/i>)<br \/>\nLjubov <b>Lukina<\/b> &#8211; Jevgeni <b>Lukin<\/b> \u00abK\u00fcsi Caesarilt\u00bb ( <i>antoloogia \u00abMuumia: Vene ulme antoloogia\u00bb<\/i>)<br \/>\nLjubov <b>Lukina<\/b> &#8211; Jevgeni <b>Lukin<\/b> \u00abRumal komme\u00bb ( <i>antoloogia \u00abMuumia: Vene ulme antoloogia\u00bb<\/i>)<br \/>\nGohar <b>Markosjan-K\u00e4sper<\/b> \u00abAmneesia\u00bb ( <i>Gohar Markosjan-K\u00e4sper \u00abTeekond s\u00e4ravatele tippudele\u00bb<\/i>)<br \/>\nGohar <b>Markosjan-K\u00e4sper<\/b> \u00abArarat kadus \u00e4ra\u00bb ( <i>Gohar Markosjan-K\u00e4sper \u00abTeekond s\u00e4ravatele tippudele\u00bb<\/i>)<br \/>\nGohar <b>Markosjan-K\u00e4sper<\/b> \u00abEdu saladus\u00bb ( <i>Gohar Markosjan-K\u00e4sper \u00abTeekond s\u00e4ravatele tippudele\u00bb<\/i>)<br \/>\nGohar <b>Markosjan-K\u00e4sper<\/b> \u00abRotid\u00bb ( <i>Gohar Markosjan-K\u00e4sper \u00abTeekond s\u00e4ravatele tippudele\u00bb<\/i>)<br \/>\nGohar <b>Markosjan-K\u00e4sper<\/b> \u00abTeekond s\u00e4ravatele tippudele\u00bb ( <i>Gohar Markosjan-K\u00e4sper \u00abTeekond s\u00e4ravatele tippudele\u00bb<\/i>)<br \/>\nGohar <b>Markosjan-K\u00e4sper<\/b> \u00abUnen\u00e4gu\u00bb ( <i>Gohar Markosjan-K\u00e4sper \u00abTeekond s\u00e4ravatele tippudele\u00bb<\/i>)<br \/>\nPaul J. <b>McAuley<\/b> \u00ab17\u00bb ( <i>antoloogia \u00abT\u00e4heaeg 3: Kauge lahingu kaja\u00bb<\/i>)<br \/>\nJ. W. <b>Polidori<\/b> \u00abVampiir\u00bb ( <i>\u00abAlgernon\u00bb 2006; detsember<\/i>)<br \/>\nMihhail <b>Veller<\/b> \u00abTahan Pariisi\u00bb ( <i>antoloogia \u00abMuumia: Vene ulme antoloogia\u00bb<\/i>)<br \/>\nJules <b>Verne<\/b> \u00abReis \u00f5hupallis\u00bb ( <i>antoloogia \u00abMontezuma smaragd\u00bb<\/i>)<\/p>\n<p><b>&#8211; Parim eesti autori raamat<\/b><br \/>\nNikolai <b>Baturin<\/b> \u00abS\u00f5najalg kivis\u00bb ( <i>Eesti Raamat<\/i>)<br \/>\nVeiko <b>Belials<\/b> \u00abJumalate vanden\u00f5u\u00bb ( <i>Varrak<\/i>)<br \/>\nIndrek <b>Hargla<\/b> \u00abRoos ja lumekristall\u00bb ( <i>Fantaasia<\/i>)<br \/>\nMehis <b>Heinsaar<\/b> \u00abArtur Sandmani lugu, ehk Teekond iseenda teise otsa\u00bb ( <i>Tuum<\/i>)<br \/>\nHerta <b>Laipaik<\/b> \u00abKurjasadu\u00bb ( <i>Varrak<\/i>)<br \/>\nHelga <b>N\u00f5u<\/b> \u00abOod lastud rebasele\u00bb ( <i>Eesti Keele Sihtasutus<\/i>)<br \/>\nAidi <b>Vallik<\/b> \u00abNarkohollo, ehk Florese vabastamine\u00bb ( <i>Lugu-Loo<\/i>)<\/p>\n<p><b>&#8211; Parim eesti autori l\u00fchiromaan v\u00f5i jutustus<\/b><br \/>\nIndrek <b>Hargla<\/b> \u00abDom Ram\u00f3n\u00bb ( <i>Indrek Hargla \u00abRoos ja lumekristall\u00bb<\/i>)<br \/>\nIndrek <b>Hargla<\/b> \u00abIngellik olevus\u00bb ( <i>Indrek Hargla \u00abRoos ja lumekristall\u00bb<\/i>)<br \/>\nIndrek <b>Hargla<\/b> \u00abRoos ja lumekristall\u00bb ( <i>Indrek Hargla \u00abRoos ja lumekristall\u00bb<\/i>)<br \/>\nIndrek <b>Hargla<\/b> \u00abTruuta\u00bb ( <i>antoloogia \u00abT\u00e4heaeg 3: Kauge lahingu kaja\u00bb<\/i>)<br \/>\nMehis <b>Heinsaar<\/b> \u00ab\u00dclikond\u00bb ( <i>\u00abLooming\u00bb 2006; nr. 8 (august)<\/i>)<br \/>\nJaan <b>Kaplinski<\/b> \u00abAchilles\u00bb ( <i>\u00abLooming\u00bb 2006; nr. 10 (oktoober)<\/i>)<br \/>\nBix <b>Pokupoeg<\/b> \u00abKuidas k\u00e4ib teie k\u00e4si?\u00bb ( <i>\u00abAlgernon\u00bb 2006; juuni<\/i>)<br \/>\nBix <b>Pokupoeg<\/b> \u00ab\u00d5ndsaks saamine\u00bb ( <i>\u00abAlgernon\u00bb 2006; detsember<\/i>)<\/p>\n<p><b>&#8211; Parim eesti autori l\u00fchijutt<\/b><br \/>\nEdvin <b>Aedma<\/b> \u00abTuumapommireisijad\u00bb ( <i>\u00abV\u00e4rske R\u00f5hk\u00bb nr. 5 (juuni 2006)<\/i>)<br \/>\nJanusz A. <b>Grinewski<\/b> \u00abKauge lahingu kaja\u00bb ( <i>antoloogia \u00abT\u00e4heaeg 3: Kauge lahingu kaja\u00bb<\/i>)<br \/>\nTaap <b>Hannok<\/b> \u00abInimv\u00f5imete piirid\u00bb ( <i>\u00abAlgernon\u00bb 2006; detsember<\/i>)<br \/>\nIndrek <b>Hargla<\/b> \u00abEmaj\u00f5e \u00e4\u00e4res\u00bb ( <i>Indrek Hargla \u00abRoos ja lumekristall\u00bb<\/i>)<br \/>\nIndrek <b>Hargla<\/b> \u00abH\u00fcvastij\u00e4tt Annaga\u00bb ( <i>Indrek Hargla \u00abRoos ja lumekristall\u00bb<\/i>)<br \/>\nMarcus <b>Kaas<\/b> \u00abKoletised\u00bb ( <i>\u00abAlgernon\u00bb 2006; juuni<\/i>)<br \/>\nKatariina <b>Kihv<\/b> \u00abTer ja Ae\u00bb ( <i>\u00abAlgernon\u00bb 2006; aprill<\/i>)<br \/>\nJaan J. <b>Leppik<\/b> \u00abH\u00f5bedane aken Elisioni\u00bb ( <i>\u00abM\u00f5te\u00bb 2006; kevad<\/i>)<br \/>\nJaan J. <b>Leppik<\/b> \u00abKuninglik karp\u00bb ( <i>\u00abM\u00f5te\u00bb 2006; talv<\/i>)<br \/>\nBarthol <b>Lo Mejor<\/b> \u00abKetlin 42.02.2006\u00bb ( <i>\u00abV\u00e4rske R\u00f5hk\u00bb nr. 4 (aprill 2006)<\/i>)<br \/>\nUrmas <b>Nimetu<\/b> \u00abOnu Jaani eras\u00f5it\u00bb ( <i>\u00abV\u00e4rske R\u00f5hk\u00bb nr. 4 (aprill 2006)<\/i>)<br \/>\n<b>Nirti<\/b> \u00abViies ratsanik\u00bb ( <i>\u00abV\u00e4rske R\u00f5hk\u00bb nr. 4 (aprill 2006)<\/i>)<br \/>\nBix <b>Pokupoeg<\/b> \u00abSilmad kinni\u00bb ( <i>\u00abAlgernon\u00bb 2006; jaanuar<\/i>)<br \/>\nMikk <b>P\u00e4rnits<\/b> \u00abHarakad\u00bb ( <i>Mikk P\u00e4rnits \u00abN\u00e4iv on j\u00e4\u00e4v\u00bb<\/i>)<br \/>\nMikk <b>P\u00e4rnits<\/b> \u00abKoerte jumal\u00bb ( <i>Mikk P\u00e4rnits \u00abN\u00e4iv on j\u00e4\u00e4v\u00bb<\/i>)<br \/>\nMikk <b>P\u00e4rnits<\/b> \u00abKurat seisis ukse taga\u00bb ( <i>Mikk P\u00e4rnits \u00abN\u00e4iv on j\u00e4\u00e4v\u00bb<\/i>)<br \/>\nMikk <b>P\u00e4rnits<\/b> \u00abMinemine\u00bb ( <i>Mikk P\u00e4rnits \u00abN\u00e4iv on j\u00e4\u00e4v\u00bb<\/i>)<br \/>\nMikk <b>P\u00e4rnits<\/b> \u00abN\u00e4gemine\u00bb ( <i>Mikk P\u00e4rnits \u00abN\u00e4iv on j\u00e4\u00e4v\u00bb<\/i>)<br \/>\nMikk <b>P\u00e4rnits<\/b> \u00abRasedad naised\u00bb ( <i>Mikk P\u00e4rnits \u00abN\u00e4iv on j\u00e4\u00e4v\u00bb<\/i>)<br \/>\nMikk <b>P\u00e4rnits<\/b> \u00abRikkus\u00bb ( <i>Mikk P\u00e4rnits \u00abN\u00e4iv on j\u00e4\u00e4v\u00bb<\/i>)<br \/>\nMikk <b>P\u00e4rnits<\/b> \u00abRo\u017einski meetod\u00bb ( <i>Mikk P\u00e4rnits \u00abN\u00e4iv on j\u00e4\u00e4v\u00bb<\/i>)<br \/>\nMikk <b>P\u00e4rnits<\/b> \u00abUppumine\u00bb ( <i>Mikk P\u00e4rnits \u00abN\u00e4iv on j\u00e4\u00e4v\u00bb<\/i>)<br \/>\nMikk <b>P\u00e4rnits<\/b> \u00ab\u00d6\u00f6bik\u00bb ( <i>Mikk P\u00e4rnits \u00abN\u00e4iv on j\u00e4\u00e4v\u00bb<\/i>)<br \/>\nIvar <b>Ravi<\/b> \u00abSohva\u00bb ( <i>\u00abVikerkaar\u00bb 2006; nr. 7\/8<\/i>)<br \/>\nUrmas <b>Nimetu<\/b> \u00ab15 aastat\u00bb ( <i>\u00abAlgernon\u00bb 2006; aprill<\/i>)<\/p>\n<\/div>\n","protected":false},"excerpt":{"rendered":"<p>Sellised on siis Stalker 2007 l\u00f5plikud h\u00e4\u00e4letusnimekirjad. Eraldi t\u00e4nud: Veiko Belials, Indrek Hargla, Netcat, Kristjan R\u00e4tsep, Tiina Sulg ja Silver S\u00e4ra! &#8211; Parim t\u00f5lkeraamat Edwin A. Abbott \u00abLapikmaa: Mitmem\u00f5\u00f5tmeline lugu\u00bb ( \u00ab\u00abLoomingu\u00bb Raamatukogu\u00bb 2006; nr. 9\/10) Isaac Asimov \u00abEnne Asumit\u00bb &hellip; <a href=\"http:\/\/ulme.ee\/veeb\/?page_id=3862&#038;lang=et\">J\u00e4tka lugemist <span class=\"meta-nav\">&rarr;<\/span><\/a><\/p>\n","protected":false},"author":1,"featured_media":0,"parent":0,"menu_order":0,"comment_status":"closed","ping_status":"closed","template":"","meta":{"footnotes":""},"_links":{"self":[{"href":"http:\/\/ulme.ee\/veeb\/index.php?rest_route=\/wp\/v2\/pages\/3862"}],"collection":[{"href":"http:\/\/ulme.ee\/veeb\/index.php?rest_route=\/wp\/v2\/pages"}],"about":[{"href":"http:\/\/ulme.ee\/veeb\/index.php?rest_route=\/wp\/v2\/types\/page"}],"author":[{"embeddable":true,"href":"http:\/\/ulme.ee\/veeb\/index.php?rest_route=\/wp\/v2\/users\/1"}],"replies":[{"embeddable":true,"href":"http:\/\/ulme.ee\/veeb\/index.php?rest_route=%2Fwp%2Fv2%2Fcomments&post=3862"}],"version-history":[{"count":2,"href":"http:\/\/ulme.ee\/veeb\/index.php?rest_route=\/wp\/v2\/pages\/3862\/revisions"}],"predecessor-version":[{"id":7650,"href":"http:\/\/ulme.ee\/veeb\/index.php?rest_route=\/wp\/v2\/pages\/3862\/revisions\/7650"}],"wp:attachment":[{"href":"http:\/\/ulme.ee\/veeb\/index.php?rest_route=%2Fwp%2Fv2%2Fmedia&parent=3862"}],"curies":[{"name":"wp","href":"https:\/\/api.w.org\/{rel}","templated":true}]}}