{"id":3782,"date":"2016-07-25T16:46:32","date_gmt":"2016-07-25T13:46:32","guid":{"rendered":"http:\/\/esuaxue.havike.eenet.ee\/veeb\/?page_id=3782"},"modified":"2017-01-27T13:14:34","modified_gmt":"2017-01-27T11:14:34","slug":"stalker-2014","status":"publish","type":"page","link":"http:\/\/ulme.ee\/veeb\/?page_id=3782&lang=et","title":{"rendered":"Stalker 2014"},"content":{"rendered":"<div class=\"content-view-children\">\n<div class=\"content-view-line\">\n<div class=\"class-article float-break\">\n<h2><a href=\"http:\/\/ulme.ee\/veeb\/?page_id=3890&amp;lang=et\">Stalker 2014 h\u00e4\u00e4letusnimekiri<\/a><\/h2>\n<div class=\"attribute-short\">\n<p>H\u00e4\u00e4letamiseks tuleb reastada igas kategoorias kolm paremat.<\/p>\n<p>Ei ole kohustust h\u00e4\u00e4letada k\u00f5igis kategooriates \u2013 kui mingis kategoorias ei suuda kolme paremat leida, siis v\u00f5ib need kategooriad vahele j\u00e4tta.<\/p>\n<p>Paremusj\u00e4rjestused tuleb saata meiliaadressil stalker@ulme.ee .<\/p>\n<p>H\u00e4\u00e4letus algab 22. mail 2014 (kell 21.00) ja l\u00f5peb 10. juulil 2014 (kell 24.00)!<\/p>\n<\/div>\n<\/div>\n<\/div>\n<div class=\"content-view-line\">\n<div class=\"class-article float-break\">\n<h2><a href=\"http:\/\/ulme.ee\/veeb\/?page_id=3892&amp;lang=et\">Stalker 2014 tulemused<\/a><\/h2>\n<div class=\"attribute-short\">\n<p>Laup\u00e4eval, 19. juulil kuulutati Estcon 2014 raames v\u00e4lja Eesti ulmeauhinna Stalker 2014 v\u00f5itjad.<\/p>\n<p>Auhinnale kandideerisid 2014. aasta jooksul eesti keeles esmakordselt ilmunud tekstid ja raamatud. H\u00e4\u00e4letuses v\u00f5is osaleda iga\u00fcks, kes oli neid teoseid lugenud ning tundis endas vajadust ja tahtmist loetute seast (kategooriate kaupa) reastada kolm parimat.<\/p>\n<p>Kui varasemalt oli jutukategooriad n-\u00f6 murelapsed, siis juba teist aastat j\u00e4rjest pole sel teemal virisemiseks p\u00f5hjust \u2013 jutte loetakse ja hinnatakse.<\/p>\n<p>V\u00e4\u00e4rib ka m\u00e4rkimist, et Stalker 2014 v\u00f5itjad said reeglina oma v\u00f5idu \u00fclisuure edumaaga.<\/p>\n<\/div>\n<\/div>\n<\/div>\n<\/div>\n","protected":false},"excerpt":{"rendered":"<p>Stalker 2014 h\u00e4\u00e4letusnimekiri H\u00e4\u00e4letamiseks tuleb reastada igas kategoorias kolm paremat. Ei ole kohustust h\u00e4\u00e4letada k\u00f5igis kategooriates \u2013 kui mingis kategoorias ei suuda kolme paremat leida, siis v\u00f5ib need kategooriad vahele j\u00e4tta. Paremusj\u00e4rjestused tuleb saata meiliaadressil stalker@ulme.ee . H\u00e4\u00e4letus algab 22. &hellip; <a href=\"http:\/\/ulme.ee\/veeb\/?page_id=3782&#038;lang=et\">J\u00e4tka lugemist <span class=\"meta-nav\">&rarr;<\/span><\/a><\/p>\n","protected":false},"author":1,"featured_media":0,"parent":0,"menu_order":0,"comment_status":"closed","ping_status":"closed","template":"","meta":{"footnotes":""},"_links":{"self":[{"href":"http:\/\/ulme.ee\/veeb\/index.php?rest_route=\/wp\/v2\/pages\/3782"}],"collection":[{"href":"http:\/\/ulme.ee\/veeb\/index.php?rest_route=\/wp\/v2\/pages"}],"about":[{"href":"http:\/\/ulme.ee\/veeb\/index.php?rest_route=\/wp\/v2\/types\/page"}],"author":[{"embeddable":true,"href":"http:\/\/ulme.ee\/veeb\/index.php?rest_route=\/wp\/v2\/users\/1"}],"replies":[{"embeddable":true,"href":"http:\/\/ulme.ee\/veeb\/index.php?rest_route=%2Fwp%2Fv2%2Fcomments&post=3782"}],"version-history":[{"count":3,"href":"http:\/\/ulme.ee\/veeb\/index.php?rest_route=\/wp\/v2\/pages\/3782\/revisions"}],"predecessor-version":[{"id":8213,"href":"http:\/\/ulme.ee\/veeb\/index.php?rest_route=\/wp\/v2\/pages\/3782\/revisions\/8213"}],"wp:attachment":[{"href":"http:\/\/ulme.ee\/veeb\/index.php?rest_route=%2Fwp%2Fv2%2Fmedia&parent=3782"}],"curies":[{"name":"wp","href":"https:\/\/api.w.org\/{rel}","templated":true}]}}