{"id":3778,"date":"2016-07-25T16:46:15","date_gmt":"2016-07-25T13:46:15","guid":{"rendered":"http:\/\/esuaxue.havike.eenet.ee\/veeb\/?page_id=3778"},"modified":"2017-01-27T13:17:29","modified_gmt":"2017-01-27T11:17:29","slug":"stalker-2012","status":"publish","type":"page","link":"http:\/\/ulme.ee\/veeb\/?page_id=3778&lang=et","title":{"rendered":"Stalker 2012"},"content":{"rendered":"<div class=\"attribute-short\">\n<h2><b><a href=\"http:\/\/ulme.ee\/veeb\/?page_id=3884&amp;lang=et\" target=\"_self\">Stalker 2012 h\u00e4\u00e4letustulemused<\/a><\/b><\/h2>\n<p>H\u00e4\u00e4letamiseks tuli reastada <a href=\"http:\/\/ulme.ee\/veeb\/?page_id=3882&amp;lang=et\" target=\"_self\">nimekirja<\/a> igas kategoorias kolm paremat. Ei ole kohustust h\u00e4\u00e4letada k\u00f5igis kategooriates \u2013 kui mingis kategoorias ei suuda kolme paremat leida, siis v\u00f5ib need kategooriad vahele j\u00e4tta. Paremusj\u00e4rjestused tuli saata meiliaadressil stalker@ulme.ee. Arvesse l\u00e4ksid kuni 9. juulini 2012 (kaasa arvatud) laekunud h\u00e4\u00e4led.<\/p>\n<p>H\u00e4\u00e4letuses osalejate vahel loositi ka m\u00f5ned <a href=\"http:\/\/ulme.ee\/Stalker\/2012\/Haeaeletajatele\" target=\"_self\">auhinnad<\/a>.Suur t\u00e4nu kirjastustele Varrak, Fantaasia ja Tiritamm!<\/p>\n<p><i>Meediakaja<\/i>: <a href=\"http:\/\/www.postimees.ee\/908336\/indrek-hargla-noppis-taas-ulmeauhinnad\/\" target=\"_self\">Postimees online<\/a>, <a href=\"http:\/\/uudised.err.ee\/index.php?06257294\" target=\"_self\">ERR uudised<\/a><\/p>\n<\/div>\n","protected":false},"excerpt":{"rendered":"<p>Stalker 2012 h\u00e4\u00e4letustulemused H\u00e4\u00e4letamiseks tuli reastada nimekirja igas kategoorias kolm paremat. Ei ole kohustust h\u00e4\u00e4letada k\u00f5igis kategooriates \u2013 kui mingis kategoorias ei suuda kolme paremat leida, siis v\u00f5ib need kategooriad vahele j\u00e4tta. Paremusj\u00e4rjestused tuli saata meiliaadressil stalker@ulme.ee. Arvesse l\u00e4ksid kuni &hellip; <a href=\"http:\/\/ulme.ee\/veeb\/?page_id=3778&#038;lang=et\">J\u00e4tka lugemist <span class=\"meta-nav\">&rarr;<\/span><\/a><\/p>\n","protected":false},"author":1,"featured_media":0,"parent":0,"menu_order":0,"comment_status":"closed","ping_status":"closed","template":"","meta":{"footnotes":""},"_links":{"self":[{"href":"http:\/\/ulme.ee\/veeb\/index.php?rest_route=\/wp\/v2\/pages\/3778"}],"collection":[{"href":"http:\/\/ulme.ee\/veeb\/index.php?rest_route=\/wp\/v2\/pages"}],"about":[{"href":"http:\/\/ulme.ee\/veeb\/index.php?rest_route=\/wp\/v2\/types\/page"}],"author":[{"embeddable":true,"href":"http:\/\/ulme.ee\/veeb\/index.php?rest_route=\/wp\/v2\/users\/1"}],"replies":[{"embeddable":true,"href":"http:\/\/ulme.ee\/veeb\/index.php?rest_route=%2Fwp%2Fv2%2Fcomments&post=3778"}],"version-history":[{"count":4,"href":"http:\/\/ulme.ee\/veeb\/index.php?rest_route=\/wp\/v2\/pages\/3778\/revisions"}],"predecessor-version":[{"id":8216,"href":"http:\/\/ulme.ee\/veeb\/index.php?rest_route=\/wp\/v2\/pages\/3778\/revisions\/8216"}],"wp:attachment":[{"href":"http:\/\/ulme.ee\/veeb\/index.php?rest_route=%2Fwp%2Fv2%2Fmedia&parent=3778"}],"curies":[{"name":"wp","href":"https:\/\/api.w.org\/{rel}","templated":true}]}}