{"id":3776,"date":"2016-07-25T16:46:02","date_gmt":"2016-07-25T13:46:02","guid":{"rendered":"http:\/\/esuaxue.havike.eenet.ee\/veeb\/?page_id=3776"},"modified":"2017-01-27T13:18:59","modified_gmt":"2017-01-27T11:18:59","slug":"stalker-2011","status":"publish","type":"page","link":"http:\/\/ulme.ee\/veeb\/?page_id=3776&lang=et","title":{"rendered":"Stalker 2011"},"content":{"rendered":"<div class=\"content-view-children\">\n<div class=\"content-view-line\">\n<div class=\"class-article float-break\">\n<h2><a href=\"http:\/\/ulme.ee\/veeb\/?page_id=3878&amp;lang=et\">Stalker 2011 h\u00e4\u00e4letusnimekiri<\/a><\/h2>\n<div class=\"attribute-short\">\n<p>H\u00e4\u00e4letamiseks tuli reastada igas kategoorias kolm paremat, kuid polnud vaja tingimata k\u00f5igis kategooriates h\u00e4\u00e4letada. Arvesse l\u00e4ksid k\u00f5ik kuni 18. juulini laekunud tulemused. H\u00e4\u00e4letajaid oli kokku 45 (lisaks laekusid m\u00f5ned tingimustele mitte vastavad h\u00e4\u00e4letused, mis ei l\u00e4inud arvesse).<\/p>\n<p>V\u00e4ljatr\u00fckkimiseks sobivad nimekirjad: 4lk A4 2lk 2 poolne A4 voldik,<\/p>\n<\/div>\n<\/div>\n<\/div>\n<div class=\"content-view-line\">\n<div class=\"class-article float-break\">\n<h2><a href=\"http:\/\/ulme.ee\/veeb\/?page_id=3880&amp;lang=et\">2011 tulemused<\/a><\/h2>\n<div class=\"attribute-short\">\n<p>Eesti ulmef\u00e4nnide iga-aastane kokkusaamine Estcon toimus 2011. aastal 22.\u201324. juulil Saarj\u00e4rvel.<\/p>\n<p>\u00dcrituse kulminatsiooniks oli kindlasti ulmeauhinna Stalker 2011 v\u00f5itjate v\u00e4ljakuuulutamine laup\u00e4eval 23. juulil.<\/p>\n<\/div>\n<\/div>\n<\/div>\n<div class=\"content-view-line\">\n<div class=\"class-article float-break\">\n<h2>Meediakaja<\/h2>\n<div class=\"attribute-short\">\n<p>Stalker 2011 leidis kajastamist ka ajakirjanduses.<\/p>\n<h2><a href=\"http:\/\/www.postimees.ee\/507792\/kunnas-voitis-kolmandat-korda-ulmeauhinna-stalker\/\" target=\"_self\">Kunnas v\u00f5itis kolmandat korda ulmeauhinna Stalker<\/a><\/h2>\n<\/div>\n<\/div>\n<\/div>\n<\/div>\n","protected":false},"excerpt":{"rendered":"<p>Stalker 2011 h\u00e4\u00e4letusnimekiri H\u00e4\u00e4letamiseks tuli reastada igas kategoorias kolm paremat, kuid polnud vaja tingimata k\u00f5igis kategooriates h\u00e4\u00e4letada. Arvesse l\u00e4ksid k\u00f5ik kuni 18. juulini laekunud tulemused. H\u00e4\u00e4letajaid oli kokku 45 (lisaks laekusid m\u00f5ned tingimustele mitte vastavad h\u00e4\u00e4letused, mis ei l\u00e4inud arvesse). &hellip; <a href=\"http:\/\/ulme.ee\/veeb\/?page_id=3776&#038;lang=et\">J\u00e4tka lugemist <span class=\"meta-nav\">&rarr;<\/span><\/a><\/p>\n","protected":false},"author":1,"featured_media":0,"parent":0,"menu_order":0,"comment_status":"closed","ping_status":"closed","template":"","meta":{"footnotes":""},"_links":{"self":[{"href":"http:\/\/ulme.ee\/veeb\/index.php?rest_route=\/wp\/v2\/pages\/3776"}],"collection":[{"href":"http:\/\/ulme.ee\/veeb\/index.php?rest_route=\/wp\/v2\/pages"}],"about":[{"href":"http:\/\/ulme.ee\/veeb\/index.php?rest_route=\/wp\/v2\/types\/page"}],"author":[{"embeddable":true,"href":"http:\/\/ulme.ee\/veeb\/index.php?rest_route=\/wp\/v2\/users\/1"}],"replies":[{"embeddable":true,"href":"http:\/\/ulme.ee\/veeb\/index.php?rest_route=%2Fwp%2Fv2%2Fcomments&post=3776"}],"version-history":[{"count":5,"href":"http:\/\/ulme.ee\/veeb\/index.php?rest_route=\/wp\/v2\/pages\/3776\/revisions"}],"predecessor-version":[{"id":8217,"href":"http:\/\/ulme.ee\/veeb\/index.php?rest_route=\/wp\/v2\/pages\/3776\/revisions\/8217"}],"wp:attachment":[{"href":"http:\/\/ulme.ee\/veeb\/index.php?rest_route=%2Fwp%2Fv2%2Fmedia&parent=3776"}],"curies":[{"name":"wp","href":"https:\/\/api.w.org\/{rel}","templated":true}]}}