{"id":3774,"date":"2016-07-25T16:45:49","date_gmt":"2016-07-25T13:45:49","guid":{"rendered":"http:\/\/esuaxue.havike.eenet.ee\/veeb\/?page_id=3774"},"modified":"2017-01-27T13:20:01","modified_gmt":"2017-01-27T11:20:01","slug":"stalker-2010","status":"publish","type":"page","link":"http:\/\/ulme.ee\/veeb\/?page_id=3774&lang=et","title":{"rendered":"Stalker 2010"},"content":{"rendered":"<div class=\"content-view-children\">\n<div class=\"content-view-line\">\n<div class=\"class-article float-break\">\n<h2><a href=\"http:\/\/ulme.ee\/veeb\/?page_id=3874&amp;lang=et\">2010 h\u00e4\u00e4letusnimekiri<\/a><\/h2>\n<div class=\"attribute-short\">\n<p>Altpoolt leiad Stalker 2010 h\u00e4\u00e4letusnimekirjad. H\u00e4\u00e4letamiseks tuli reastada igas kategoorias kolm paremat. Ei olnud kohustust h\u00e4\u00e4letada k\u00f5igis kategooriates \u2013 kui mingis kategoorias ei suutnud kolme paremat leida, v\u00f5is need kategooriad vahele j\u00e4tta.<\/p>\n<p>Paremusj\u00e4rjestused tuli saata aadressil <b>stalker@ulme.ee<\/b> .<\/p>\n<p>Arvesse l\u00e4ksid <b>kuni 11. juulini 2010<\/b> (kaasa arvatud) laekunud h\u00e4\u00e4led.<\/p>\n<p>K\u00fcsimused, kommentaarid: J\u00fcri Kallas ulmeguru@gmail.com , telefon 53813006.<\/p>\n<\/div>\n<\/div>\n<\/div>\n<div class=\"content-view-line\">\n<div class=\"class-article float-break\">\n<h2><a href=\"http:\/\/ulme.ee\/veeb\/?page_id=3876&amp;lang=et\">Stalker 2010 \u2013 tulemused<\/a><\/h2>\n<div class=\"attribute-short\">\n<p>Eesti ulmef\u00e4nnide iga-aastane kokkusaamine Estcon toimus 2010. aastal 16.\u201318. juuli Saarj\u00e4rvel.<\/p>\n<p>\u00dcrituse kulminatsiooniks oli kindlasti ulmeauhinna Stalker 2010 v\u00f5itjate v\u00e4ljakuuulutamine laup\u00e4eval 17. juuli \u00f5htul.<\/p>\n<p>2010. aastal toimus oluline muudatus ulmeauhinna Stalker ajaloos: t\u00f5lkeraamatute ja -juttude puhul hakati eraldi \u00e4ra m\u00e4rkima t\u00f5lkijad, kes said Eesti Ulme\u00fchingu diplomi. Diplomi sai ka v\u00f5iduantoloogia koostanu.<\/p>\n<\/div>\n<\/div>\n<\/div>\n<div class=\"content-view-line\">\n<div class=\"class-article float-break\">\n<h2><a href=\"http:\/\/ulme.ee\/Stalker\/2010\/Meediakaja\">Stalker 2010 meediakajastus<\/a><\/h2>\n<div class=\"attribute-short\">\n<p>Stalker 2010 leidis kajastamist nii blogides kui ajakirjanduses.<\/p>\n<\/div>\n<\/div>\n<\/div>\n<\/div>\n","protected":false},"excerpt":{"rendered":"<p>2010 h\u00e4\u00e4letusnimekiri Altpoolt leiad Stalker 2010 h\u00e4\u00e4letusnimekirjad. H\u00e4\u00e4letamiseks tuli reastada igas kategoorias kolm paremat. Ei olnud kohustust h\u00e4\u00e4letada k\u00f5igis kategooriates \u2013 kui mingis kategoorias ei suutnud kolme paremat leida, v\u00f5is need kategooriad vahele j\u00e4tta. Paremusj\u00e4rjestused tuli saata aadressil stalker@ulme.ee . &hellip; <a href=\"http:\/\/ulme.ee\/veeb\/?page_id=3774&#038;lang=et\">J\u00e4tka lugemist <span class=\"meta-nav\">&rarr;<\/span><\/a><\/p>\n","protected":false},"author":1,"featured_media":0,"parent":0,"menu_order":0,"comment_status":"closed","ping_status":"closed","template":"","meta":{"footnotes":""},"_links":{"self":[{"href":"http:\/\/ulme.ee\/veeb\/index.php?rest_route=\/wp\/v2\/pages\/3774"}],"collection":[{"href":"http:\/\/ulme.ee\/veeb\/index.php?rest_route=\/wp\/v2\/pages"}],"about":[{"href":"http:\/\/ulme.ee\/veeb\/index.php?rest_route=\/wp\/v2\/types\/page"}],"author":[{"embeddable":true,"href":"http:\/\/ulme.ee\/veeb\/index.php?rest_route=\/wp\/v2\/users\/1"}],"replies":[{"embeddable":true,"href":"http:\/\/ulme.ee\/veeb\/index.php?rest_route=%2Fwp%2Fv2%2Fcomments&post=3774"}],"version-history":[{"count":4,"href":"http:\/\/ulme.ee\/veeb\/index.php?rest_route=\/wp\/v2\/pages\/3774\/revisions"}],"predecessor-version":[{"id":8218,"href":"http:\/\/ulme.ee\/veeb\/index.php?rest_route=\/wp\/v2\/pages\/3774\/revisions\/8218"}],"wp:attachment":[{"href":"http:\/\/ulme.ee\/veeb\/index.php?rest_route=%2Fwp%2Fv2%2Fmedia&parent=3774"}],"curies":[{"name":"wp","href":"https:\/\/api.w.org\/{rel}","templated":true}]}}