{"id":3769,"date":"2016-07-25T16:45:15","date_gmt":"2016-07-25T13:45:15","guid":{"rendered":"http:\/\/esuaxue.havike.eenet.ee\/veeb\/?page_id=3769"},"modified":"2017-01-27T13:22:02","modified_gmt":"2017-01-27T11:22:02","slug":"stalker-2008","status":"publish","type":"page","link":"http:\/\/ulme.ee\/veeb\/?page_id=3769&lang=et","title":{"rendered":"Stalker 2008"},"content":{"rendered":"<div class=\"content-view-children\">\n<div class=\"content-view-line\">\n<div class=\"class-article float-break\">\n<h2><a href=\"http:\/\/ulme.ee\/veeb\/?page_id=3866&amp;lang=et\">2008 h\u00e4\u00e4letusnimekiri<\/a><\/h2>\n<div class=\"attribute-short\">\n<p>Altpoolt leiad Stalker 2008 h\u00e4\u00e4letusnimekirjad. Sel aastal tuleb h\u00e4\u00e4letamiseks reastada igas kategoorias <b>KOLM<\/b> paremat. Ei ole vaja tingimata h\u00e4\u00e4letada k\u00f5igis kategooriates \u2013 kui mingis kategoorias ei suuda kolme paremat leida, v\u00f5ib need kategooriad vahele j\u00e4tta.<\/p>\n<p>Paremusj\u00e4rjestused tuleb saata aadressil <b>stalker@ulme.ee<\/b>.<\/p>\n<p>Arvesse l\u00e4hevad <b>14. juulini 2008<\/b> (kaasa arvatud) laekunud h\u00e4\u00e4led.<\/p>\n<\/div>\n<\/div>\n<\/div>\n<div class=\"content-view-line\">\n<div class=\"class-article float-break\">\n<h2><a href=\"http:\/\/ulme.ee\/veeb\/?page_id=3868&amp;lang=et\">2008 tulemused<\/a><\/h2>\n<div class=\"attribute-short\">\n<p>18.\u201320. juuli 2008 toimus P\u00f5lvamaal, Mesikam\u00e4e puhkemajas eesti ulmef\u00e4nnide igasuvine kokkutulek Estcon. Traditsiooniliselt kuulutati ka v\u00e4lja ulmeauhinna Stalker v\u00f5itjad&#8230; sedapuhku siis 2007. aastal eesti keeles ilmunud ulme alal.<\/p>\n<\/div>\n<\/div>\n<\/div>\n<\/div>\n","protected":false},"excerpt":{"rendered":"<p>2008 h\u00e4\u00e4letusnimekiri Altpoolt leiad Stalker 2008 h\u00e4\u00e4letusnimekirjad. Sel aastal tuleb h\u00e4\u00e4letamiseks reastada igas kategoorias KOLM paremat. Ei ole vaja tingimata h\u00e4\u00e4letada k\u00f5igis kategooriates \u2013 kui mingis kategoorias ei suuda kolme paremat leida, v\u00f5ib need kategooriad vahele j\u00e4tta. Paremusj\u00e4rjestused tuleb saata &hellip; <a href=\"http:\/\/ulme.ee\/veeb\/?page_id=3769&#038;lang=et\">J\u00e4tka lugemist <span class=\"meta-nav\">&rarr;<\/span><\/a><\/p>\n","protected":false},"author":1,"featured_media":0,"parent":0,"menu_order":0,"comment_status":"closed","ping_status":"closed","template":"","meta":{"footnotes":""},"_links":{"self":[{"href":"http:\/\/ulme.ee\/veeb\/index.php?rest_route=\/wp\/v2\/pages\/3769"}],"collection":[{"href":"http:\/\/ulme.ee\/veeb\/index.php?rest_route=\/wp\/v2\/pages"}],"about":[{"href":"http:\/\/ulme.ee\/veeb\/index.php?rest_route=\/wp\/v2\/types\/page"}],"author":[{"embeddable":true,"href":"http:\/\/ulme.ee\/veeb\/index.php?rest_route=\/wp\/v2\/users\/1"}],"replies":[{"embeddable":true,"href":"http:\/\/ulme.ee\/veeb\/index.php?rest_route=%2Fwp%2Fv2%2Fcomments&post=3769"}],"version-history":[{"count":3,"href":"http:\/\/ulme.ee\/veeb\/index.php?rest_route=\/wp\/v2\/pages\/3769\/revisions"}],"predecessor-version":[{"id":8220,"href":"http:\/\/ulme.ee\/veeb\/index.php?rest_route=\/wp\/v2\/pages\/3769\/revisions\/8220"}],"wp:attachment":[{"href":"http:\/\/ulme.ee\/veeb\/index.php?rest_route=%2Fwp%2Fv2%2Fmedia&parent=3769"}],"curies":[{"name":"wp","href":"https:\/\/api.w.org\/{rel}","templated":true}]}}