{"id":3763,"date":"2016-07-25T16:44:42","date_gmt":"2016-07-25T13:44:42","guid":{"rendered":"http:\/\/esuaxue.havike.eenet.ee\/veeb\/?page_id=3763"},"modified":"2017-01-27T13:26:22","modified_gmt":"2017-01-27T11:26:22","slug":"stalker-2005","status":"publish","type":"page","link":"http:\/\/ulme.ee\/veeb\/?page_id=3763&lang=et","title":{"rendered":"Stalker 2005"},"content":{"rendered":"<div class=\"attribute-header\">\n<h1><\/h1>\n<\/div>\n<div class=\"content-view-children\">\n<div class=\"content-view-line\">\n<div class=\"class-article float-break\">\n<h2><a href=\"http:\/\/ulme.ee\/veeb\/?page_id=3854&amp;lang=et\">2005 h\u00e4\u00e4letusnimekiri<\/a><\/h2>\n<div class=\"attribute-short\">\n<p>Sellised on siis <b>Stalker 2005<\/b> l\u00f5plikud h\u00e4\u00e4letusnimekirjad.<\/p>\n<p>Eraldi tahaks t\u00e4nada Indrek Harglat, Tiina Sulge ja Silver S\u00e4ra, kelle abiga sai antud nimekiri tunduvalt t\u00e4ielikum.<\/p>\n<\/div>\n<\/div>\n<\/div>\n<div class=\"content-view-line\">\n<div class=\"class-article float-break\">\n<h2><a href=\"http:\/\/ulme.ee\/veeb\/?page_id=3856&amp;lang=et\">2005 tulemused<\/a><\/h2>\n<div class=\"attribute-short\">\n<p>23. juulil kuulutati eesti ulmef\u00e4nnide aastakokkutulekul Estconil v\u00e4lja ulmeauhinna Stalker selleaastased v\u00f5itjad.<\/p>\n<\/div>\n<\/div>\n<\/div>\n<\/div>\n","protected":false},"excerpt":{"rendered":"<p>2005 h\u00e4\u00e4letusnimekiri Sellised on siis Stalker 2005 l\u00f5plikud h\u00e4\u00e4letusnimekirjad. Eraldi tahaks t\u00e4nada Indrek Harglat, Tiina Sulge ja Silver S\u00e4ra, kelle abiga sai antud nimekiri tunduvalt t\u00e4ielikum. 2005 tulemused 23. juulil kuulutati eesti ulmef\u00e4nnide aastakokkutulekul Estconil v\u00e4lja ulmeauhinna Stalker selleaastased v\u00f5itjad.<\/p>\n","protected":false},"author":1,"featured_media":0,"parent":0,"menu_order":0,"comment_status":"closed","ping_status":"closed","template":"","meta":{"footnotes":""},"_links":{"self":[{"href":"http:\/\/ulme.ee\/veeb\/index.php?rest_route=\/wp\/v2\/pages\/3763"}],"collection":[{"href":"http:\/\/ulme.ee\/veeb\/index.php?rest_route=\/wp\/v2\/pages"}],"about":[{"href":"http:\/\/ulme.ee\/veeb\/index.php?rest_route=\/wp\/v2\/types\/page"}],"author":[{"embeddable":true,"href":"http:\/\/ulme.ee\/veeb\/index.php?rest_route=\/wp\/v2\/users\/1"}],"replies":[{"embeddable":true,"href":"http:\/\/ulme.ee\/veeb\/index.php?rest_route=%2Fwp%2Fv2%2Fcomments&post=3763"}],"version-history":[{"count":3,"href":"http:\/\/ulme.ee\/veeb\/index.php?rest_route=\/wp\/v2\/pages\/3763\/revisions"}],"predecessor-version":[{"id":8223,"href":"http:\/\/ulme.ee\/veeb\/index.php?rest_route=\/wp\/v2\/pages\/3763\/revisions\/8223"}],"wp:attachment":[{"href":"http:\/\/ulme.ee\/veeb\/index.php?rest_route=%2Fwp%2Fv2%2Fmedia&parent=3763"}],"curies":[{"name":"wp","href":"https:\/\/api.w.org\/{rel}","templated":true}]}}