{"id":3761,"date":"2016-07-25T16:44:33","date_gmt":"2016-07-25T13:44:33","guid":{"rendered":"http:\/\/esuaxue.havike.eenet.ee\/veeb\/?page_id=3761"},"modified":"2016-07-25T17:09:52","modified_gmt":"2016-07-25T14:09:52","slug":"stalker-2004","status":"publish","type":"page","link":"http:\/\/ulme.ee\/veeb\/?page_id=3761&lang=et","title":{"rendered":"Stalker 2004"},"content":{"rendered":"<div class=\"attribute-short\">\n<p>Eesti Ulme\u00fching andis 2004. aastal Stalkeri v\u00e4lja seitsmendat korda. Auhinnakategooriaid oli kuus ja need j\u00e4id eelmise aastaga v\u00f5rreldes samaks.<\/p>\n<p>Kandideerisid k\u00f5ik 2003. aasta jooksul ilmunud ulmekirjanduse hulka kuuluvad teosed. K\u00fcsitluses osalejad pidid igas kategoorias reastama 5 paremat. Esimeseks m\u00e4rgitu sai 5 punkti, teise koha omanik 4, kolmas 3, neljas 2 ja viiendale positsioonile asetatu 1 punkti.<\/p>\n<p>H\u00e4\u00e4letusest v\u00f5ttis osa kokku 37 ulmehuvilist, kellest osa andis h\u00e4\u00e4li ainult \u00fcksikute kategooriate raames. Allj\u00e4rgnevalt on toodud teoste l\u00f5plik paremusj\u00e4rjestus koos punktide arvuga.<\/p>\n<\/div>\n<div class=\"attribute-long\"><a id=\"eztoc62528_0_1\" name=\"eztoc62528_0_1\"><\/a><\/p>\n<h3>Parim t\u00f5lkeromaan<\/h3>\n<p>Kandideeris 42 romaani, neist h\u00e4\u00e4li sai 28. H\u00e4\u00e4letajaid oli 32. V\u00f5iduteose t\u00f5lkis Juhan Habicht.<\/p>\n<p><b>1.<\/b><b>Neal Stephenson \u00abLumevaring\u00bb (Varrak) 84 punkti<\/b><br \/>\n2. Philip <b>Pullman<\/b> \u00abTema tumedad ained. Esimene raamat: Kuldne kompass\u00bb (Tiritamm) 53<br \/>\n3. Larry <b>Niven<\/b> \u00abR\u00f5ngasplaneet\u00bb (Varrak) 50<br \/>\n4. Robert A. <b>Heinlein<\/b> \u00abT\u00e4hes\u00f5dalased\u00bb (Elmatar) 35<br \/>\n5. Neil <b>Gaiman<\/b> \u00abAmeerika jumalad\u00bb (T\u00e4nap\u00e4ev) 27<br \/>\n6. Frank <b>Herbert<\/b> \u00abD\u00fc\u00fcni messias\u00bb (Varrak) 25<br \/>\n7. Marion Zimmer <b>Bradley<\/b> \u00abAvaloni udud\u00bb (Fantaasia) 22<br \/>\n8. Robert <b>Asprin<\/b> \u00abJ\u00e4lle \u00fcks m\u00f5nus m\u00fc\u00fct\u00bb (autorikogu \u00abJ\u00e4lle \u00fcks m\u00f5nus m\u00fc\u00fct. M\u00fc\u00fct ja eksiarvamused\u00bb) 21<br \/>\n9. Arto <b>Paasilinna<\/b> \u00abMaailma parim k\u00fcla\u00bb (Varrak) 19<br \/>\n10. Larry <b>Niven<\/b> \u00abR\u00f5ngasplaneedi ehitajad\u00bb (Varrak) 18<br \/>\n11. Eoin <b>Colfer<\/b> \u00abArtemis Fowl\u00bb (Hotger) 17<br \/>\n12. Robert A. <b>Heinlein<\/b> \u00abFriday\u00bb (Eesti Raamat) 15<br \/>\n13.-15. Douglas <b>Adams<\/b> \u00abN\u00e4gemiseni, ja ait\u00e4h kala eest\u00bb (Olion) 14<br \/>\n13.-15. Umberto <b>Eco<\/b> \u00abBaudolino\u00bb (Varrak) 14<br \/>\n13.-15. Terry <b>Pratchett<\/b> \u00abN\u00f5iad v\u00f5\u00f5rsil\u00bb (Varrak) 14<br \/>\n16. Michael <b>Moorcock<\/b> \u00abSaatusemerel purjetaja\u00bb (Fantaasia) 9<br \/>\n17.-18. Robert <b>Asprin<\/b> \u00abM\u00fc\u00fct ja eksiarvamused\u00bb (autorikogu \u00abJ\u00e4lle \u00fcks m\u00f5nus m\u00fc\u00fct. M\u00fc\u00fct ja eksiarvamused\u00bb) 8<br \/>\n17.-18. Terry <b>Pratchett<\/b> \u00abH\u00e4mmastav Maurice ja tema \u00f5petatud n\u00e4rilised\u00bb (Varrak) 8<br \/>\n19. Umberto <b>Eco<\/b> \u00abEilse p\u00e4eva saar\u00bb (Eesti Raamat) 7<br \/>\n20. Samuel <b>Butler<\/b> \u00abEikugasil\u00bb (\u00ab\u00abLoomingu\u00bb Raamatukogu\u00bb nr. 11-14) 6<br \/>\n21.-22. Denis <b>Marquet<\/b> \u00abViha\u00bb (Olion) 3<br \/>\n21.-22. Terry <b>Pratchett<\/b> \u00abV\u00e4ikesed jumalad\u00bb (Varrak) 3<br \/>\n23.-24. Gustav <b>Meyrink<\/b> \u00abValge Dominiiklane: N\u00e4htamatu mehe p\u00e4evikust\u00bb (Monokkel) 2<br \/>\n23.-24. J. K. <b>Rowling<\/b> \u00abHarry Potter ja F\u00f6\u00f6niksi ordu\u00bb (Varrak) 2<br \/>\n25.-28. Dan <b>Brown<\/b> \u00abDa Vinci kood\u00bb (Ersen) 1<br \/>\n25.-28. Doug <b>Naylor<\/b> \u00abPunane K\u00e4\u00e4bus: Viimane inimene\u00bb (T\u00e4nap\u00e4ev) 1<br \/>\n25.-28. Grant <b>Naylor<\/b> \u00abPunane K\u00e4\u00e4bus: Parem kui elu\u00bb (T\u00e4nap\u00e4ev) 1<br \/>\n25.-28. Terry <b>Pratchett<\/b> \u00abRelvis mehed\u00bb (Varrak) 1<br \/>\nLloyd <b>Alexander<\/b> \u00abK\u00f5rge kuningas\u00bb (Tiritamm)<br \/>\nJ. G. <b>Ballard<\/b> \u00abUnen\u00e4gude t\u00e4is\u00fching\u00bb (Varrak)<br \/>\nSerge <b>Brussolo<\/b> \u00abPeggy Sue ja vaimud: S\u00fcgaviku liblikas\u00bb (Olion)<br \/>\nCathy East <b>Dubowski<\/b> \u00abSabrina, teismeline n\u00f5id, ehk Armetu elu\u00bb (Ersen)<br \/>\nDiana G. <b>Gallagher<\/b> \u00abSabrina, teismeline n\u00f5id, ehk Muutmisvoli\u00bb (Ersen)<br \/>\nDiana G. <b>Gallagher<\/b> \u00abSabrina, teismeline n\u00f5id, ehk \u00c4ratuspidu\u00bb (Ersen)<br \/>\nMichael <b>Gerber<\/b> \u00abBarry Totter ja h\u00e4bematu paroodia\u00bb (Pegasus)<br \/>\nGeorge <b>MacDonald<\/b> \u00abP\u00f5hjatuule selja taga\u00bb (Huma)<br \/>\nGustav <b>Meyrink<\/b> \u00abRoheline n\u00e4gu: Okultistlik romaan\u00bb (Monokkel)<br \/>\nMel <b>Odom<\/b> \u00abSabrina, teismeline n\u00f5id, ehk Merer\u00f6\u00f6vlim\u00f6ll\u00bb (Ersen)<br \/>\nJan <b>Potocki<\/b> \u00abZaragozast leitud k\u00e4sikiri\u00bb (Eesti Raamat)<br \/>\nTerry <b>Pratchett<\/b> \u00abH\u00e4rrasrahvas\u00bb (Varrak)<br \/>\nDaniel <b>Quinn<\/b> \u00abIshmael: M\u00f5tte ja meele r\u00e4nnak\u00bb (Varrak)<br \/>\nJohn <b>Vornholt<\/b> \u00abSabrina, teismeline n\u00f5id, ehk Koputa vastu puud\u00bb (Ersen)<\/p>\n<p><a id=\"eztoc62528_0_2\" name=\"eztoc62528_0_2\"><\/a><\/p>\n<h3>Parim antoloogia v\u00f5i t\u00f5lkekogu<\/h3>\n<p>Kandideeris 12 kogumikku, neist h\u00e4\u00e4li sai 11. H\u00e4\u00e4letajaid oli 23. V\u00f5iduteose koostajaks on Arvi Nikkarev.<\/p>\n<p><b>1.<\/b><b>Robert Silverberg \u00abMeid ootab Pimedus\u00bb (Skarabeus) 81 punkti<\/b><br \/>\n2. J\u00fcri <b>Kallas<\/b> (<b>koost<\/b>.) \u00abStalker 2002: Eesti ulmeauhinna Stalker laureaadid ja nominandid\u00bb (Fantaasia) 56<br \/>\n3. Mario <b>Kivistik<\/b> (<b>koost<\/b>.) \u00abRetk h\u00e4marusse\u00bb (Salas\u00f5na) 51<br \/>\n4. Robert <b>Asprin<\/b> \u00abJ\u00e4lle \u00fcks m\u00f5nus m\u00fc\u00fct. M\u00fc\u00fct ja eksiarvamused\u00bb (Festart) 37<br \/>\n5.-6. Robert E. <b>Howard<\/b> \u00abAed t\u00e4is hirmu\u00bb (Fantaasia) 32<br \/>\n5.-6. Mario <b>Kivistik<\/b> (koost.) \u00abVaade pimedusse\u00bb (Salas\u00f5na) 32<br \/>\n7. Stephen <b>King<\/b> \u00abK\u00f5ik on m\u00f5eldav: 14 s\u00fcnget lugu\u00bb (Pegasus) 30<br \/>\n8. Raul <b>Sulbi<\/b> (koost.) \u00abT\u00e4heaeg 2: Doominosillad\u00bb (Fantaasia) 29<br \/>\n9. Stanislaw <b>Lem<\/b> \u00abIjon Tichy kosmoser\u00e4ndude p\u00e4evikud. Ijon Tichy m\u00e4lestused\u00bb (Vagabund) 18<br \/>\n10. Edgar Allan <b>Poe<\/b> \u00abPunase Surma mask\u00bb (Fantaasia) 7<br \/>\n11. Rudyard <b>Kipling<\/b> \u00abViirastuslik rik\u0161a\u00bb (Fantaasia) 2<br \/>\nArthur Conan <b>Doyle<\/b> \u00abKui maailm karjus\u00bb (Fantaasia)<\/p>\n<p><a id=\"eztoc62528_0_3\" name=\"eztoc62528_0_3\"><\/a><\/p>\n<h3>Parim t\u00f5lkejutt<\/h3>\n<p>Kandideeris 47 juttu, neist h\u00e4\u00e4li sai 26. H\u00e4\u00e4letajaid oli 21. V\u00f5idujutu t\u00f5lkis Mario Kivistik.<\/p>\n<p><b>1.<\/b><b>George R. R. Martin \u00abLiivakuningad\u00bb (antoloogia \u00abRetk h\u00e4marusse\u00bb) 67 punkti<\/b><br \/>\n2. Robert <b>Silverberg<\/b> \u00abTeekond B\u00fctsantsi\u00bb (autorikogu \u00abMeid ootab Pimedus\u00bb) 40<br \/>\n3. Tony <b>Daniel<\/b> \u00abKuiv ja vaikne s\u00f5da\u00bb (antoloogia \u00abT\u00e4heaeg 2: Doominosillad\u00bb) 31<br \/>\n4. Aleksei <b>Kalugin<\/b> \u00abMona Lisa portree juhtum\u00bb (antoloogia \u00abRetk h\u00e4marusse\u00bb) 24<br \/>\n5.-7. Robert <b>Silverberg<\/b> \u00abKodutee\u00bb (autorikogu \u00abMeid ootab Pimedus\u00bb) 18<br \/>\n5.-7. 18 Robert <b>Silverberg<\/b> \u00abMeid ootab Pimedus\u00bb (autorikogu \u00abMeid ootab Pimedus\u00bb) 18<br \/>\n5.-7. 18 Robert <b>Silverberg<\/b> \u00abSalajane reisija\u00bb (autorikogu \u00abMeid ootab Pimedus\u00bb) 18<br \/>\n8. Tony <b>DiTerlizzi<\/b> &amp; Holly <b>Black<\/b> \u00abSpiderwicki kroonika. Esimene raamat: V\u00e4lim\u00e4\u00e4raja\u00bb (Festart) 12<br \/>\n9. Stephen <b>King<\/b> \u00abEluuria v\u00e4ikesed \u00f5ed\u00bb (autorikogu \u00abK\u00f5ik on m\u00f5eldav: 14 s\u00fcnget lugu\u00bb) 11<br \/>\n10.-11. Robert E. <b>Howard<\/b> \u00abMereneedus\u00bb (autorikogu \u00abAed t\u00e4is hirmu\u00bb) 8<br \/>\n10.-11. Boriss <b>Rudenko<\/b> \u00abRaske juhtum\u00bb (antoloogia \u00abVaade pimedusse\u00bb) 8<br \/>\n12.-14. Gardner <b>Dozois<\/b> \u00abKuningriik mere \u00e4\u00e4res\u00bb (antoloogia \u00abVaade pimedusse\u00bb) 7<br \/>\n12.-14. Robert E. <b>Howard<\/b> \u00abR\u00f6\u00f6viku org\u00bb (autorikogu \u00abAed t\u00e4is hirmu\u00bb) 7<br \/>\n12.-14. J. R. R. <b>Tolkien<\/b> \u00abRoverandom\u00bb (Tiritamm) 7<br \/>\n15. Stanislaw <b>Lem<\/b> \u00abSeitsmes reis\u00bb (autorikogu \u00abIjon Tichy kosmoser\u00e4ndude p\u00e4evikud. Ijon Tichy m\u00e4lestused\u00bb) 6<br \/>\n16.-17. Edgar Allan <b>Poe<\/b> \u00abArnheimi valdus\u00bb (autorikogu \u00abPunase Surma mask\u00bb) 5<br \/>\n16.-17. Edgar Allan <b>Poe<\/b> \u00abMellonta tauta\u00bb (autorikogu \u00abPunase Surma mask\u00bb) 5<br \/>\n18.-19. Robert E. <b>Howard<\/b> \u00abAed t\u00e4is hirmu\u00bb (autorikogu \u00abAed t\u00e4is hirmu\u00bb) 4<br \/>\n18.-19. Stephen <b>King<\/b> \u00abK\u00f5ik on m\u00f5eldav\u00bb (autorikogu \u00abK\u00f5ik on m\u00f5eldav: 14 s\u00fcnget lugu\u00bb) 4<br \/>\n20.-22. R. Chetwynd-<b>Hayes<\/b> \u00abElementaarolend\u00bb (antoloogia \u00abVaade pimedusse\u00bb) 3<br \/>\n20.-22. Robert E. <b>Howard<\/b> \u00abHauakambri \u00f5udus\u00bb (autorikogu \u00abAed t\u00e4is hirmu\u00bb) 3<br \/>\n20.-22. Edgar Allan <b>Poe<\/b> \u00abKummalise Kaitseingel: Jantlik jutt\u00bb (autorikogu \u00abPunase Surma mask\u00bb) 3<br \/>\n23.-24. Stanislaw <b>Lem<\/b> \u00abDoktor Vliperdiuse sanatoorium\u00bb (autorikogu \u00abIjon Tichy kosmoser\u00e4ndude p\u00e4evikud. Ijon Tichy m\u00e4lestused\u00bb) 2<br \/>\n23.-24. Harry <b>Turtledove<\/b> \u00abSaared meres\u00bb (antoloogia \u00abT\u00e4heaeg 2: Doominosillad\u00bb) 2<br \/>\n25.-26. Rudyard <b>Kipling<\/b> \u00abKauneim lugu maailmas\u00bb (autorikogu \u00abViirastuslik rik\u0161a\u00bb) 1<br \/>\n25.-26. Rudyard <b>Kipling<\/b> \u00abMorrowbie Jukes&#8217;i kummaline ratsas\u00f5it\u00bb (autorikogu \u00abViirastuslik rik\u0161a\u00bb) 1<br \/>\nAmbrose <b>Bierce<\/b> \u00abChickamauga\u00bb (autorikogu \u00abTeadmata kadunud\u00bb)<br \/>\nAmbrose <b>Bierce<\/b> \u00abJuhtum Owl Creeki sillal\u00bb (autorikogu \u00abTeadmata kadunud\u00bb)<br \/>\nAmbrose <b>Bierce<\/b> \u00abRatsanik taevas\u00bb (autorikogu \u00abTeadmata kadunud\u00bb)<br \/>\nAmbrose <b>Bierce<\/b> \u00abTeadmata kadunud\u00bb (autorikogu \u00abTeadmata kadunud\u00bb)<br \/>\nArthur Conan <b>Doyle<\/b> \u00abKui maailm karjus\u00bb (autorikogu \u00abKui maailm karjus\u00bb)<br \/>\nArthur Conan <b>Doyle<\/b> \u00abL\u00f5hustamismasin\u00bb (autorikogu \u00abKui maailm karjus\u00bb)<br \/>\nRobert E. <b>Howard<\/b> \u00abOda ja kihv\u00bb (autorikogu \u00abAed t\u00e4is hirmu\u00bb)<br \/>\nStephen <b>King<\/b> \u00ab1408\u00bb (autorikogu \u00abK\u00f5ik on m\u00f5eldav: 14 s\u00fcnget lugu\u00bb)<br \/>\nStephen <b>King<\/b> \u00abKuulis\u00f5it\u00bb (autorikogu \u00abK\u00f5ik on m\u00f5eldav: 14 s\u00fcnget lugu\u00bb)<br \/>\nStephen <b>King<\/b> \u00abLahkamispalat nr. 4\u00bb (autorikogu \u00abK\u00f5ik on m\u00f5eldav: 14 s\u00fcnget lugu\u00bb)<br \/>\nStephen <b>King<\/b> \u00abMaanteeviirus suundub p\u00f5hja poole\u00bb (autorikogu \u00abK\u00f5ik on m\u00f5eldav: 14 s\u00fcnget lugu\u00bb)<br \/>\nStephen <b>King<\/b> \u00abMusta \u00fclikonnaga mees\u00bb (autorikogu \u00abK\u00f5ik on m\u00f5eldav: 14 s\u00fcnget lugu\u00bb)<br \/>\nStephen <b>King<\/b> \u00abSee tunne, mida saab v\u00e4ljendada ainult prantsuse keeles\u00bb (autorikogu \u00abK\u00f5ik on m\u00f5eldav: 14 s\u00fcnget lugu\u00bb)<br \/>\nStephen <b>King<\/b> \u00ab\u00d5nneraha\u00bb (autorikogu \u00abK\u00f5ik on m\u00f5eldav: 14 s\u00fcnget lugu\u00bb)<br \/>\nRudyard <b>Kipling<\/b> \u00abMu enda t\u00f5estis\u00fcndinud vaimulugu\u00bb (autorikogu \u00abViirastuslik rik\u0161a\u00bb)<br \/>\nRudyard <b>Kipling<\/b> \u00abViirastuslik rik\u0161a\u00bb (autorikogu \u00abViirastuslik rik\u0161a\u00bb)<br \/>\nMiklos <b>Latkovits<\/b> \u00abIngel\u00bb (\u00abLooming\u00bb 2003; nr. 5 (mai))<br \/>\nEdgar Allan <b>Poe<\/b> \u00abKitsikus\u00bb (autorikogu \u00abPunase Surma mask\u00bb)<br \/>\nEdgar Allan <b>Poe<\/b> \u00abKohtumine\u00bb (autorikogu \u00abPunase Surma mask\u00bb)<br \/>\nJon <b>Scieszka<\/b> \u00abAjak\u00f5vera kolmik: K\u00f6\u00f6gilauar\u00fc\u00fctlid\u00bb (Draakon ja Kuu)<br \/>\nMary Wollstonecraft <b>Shelley<\/b> \u00abUnen\u00e4gu\u00bb (autorikogu \u00abUnen\u00e4gu\u00bb)<\/p>\n<p><a id=\"eztoc62528_0_4\" name=\"eztoc62528_0_4\"><\/a><\/p>\n<h3>Parim algup\u00e4rane raamat<\/h3>\n<p>Kandideeris 13 romaani, neist h\u00e4\u00e4li sai 10. H\u00e4\u00e4letajaid oli 20.<\/p>\n<p><b>1.<\/b><b>Veiko Belials \u00abHelesiniste Liivade laul\u00bb (Fantaasia) 63 punkti<\/b><br \/>\n2. Siim <b>Veskimees<\/b> \u00abKuu Ordu\u00bb (Fantaasia) 55<br \/>\n3. Maniakkide <b>T\u00e4nav<\/b> \u00abMu aknad on puust ja seinad paistavad l\u00e4bi\u00bb (Fantaasia) 43<br \/>\n4. Kristjan <b>Sander<\/b> \u00abValguse nimel\u00bb (Fantaasia) 41<br \/>\n5. Indrek <b>Hargla<\/b> \u00abPalver\u00e4nd uude maailma\u00bb (Varrak) 36<br \/>\n6. Indrek <b>Hargla<\/b> \u00abVabaduse k\u00f5rgeim m\u00e4\u00e4r\u00bb (Varrak) 21<br \/>\n7. Indrek <b>Hargla<\/b> \u00abMaris Stella\u00bb (Salas\u00f5na) 17<br \/>\n8. Karl <b>Ristikivi<\/b> \u00abViikingite j\u00e4lgedes\u00bb (Fantaasia) 14<br \/>\n9. Nikolai <b>Baturin<\/b> \u00abKentaur\u00bb (Eesti Raamat) 9<br \/>\n10. Tiit <b>Sepa<\/b> \u00abThori p\u00e4ev\u00bb (Ersen)<br \/>\n1 Holger <b>Kaints<\/b> \u00abTeekond m\u00e4etipu poole\u00bb (Eesti Raamat)<br \/>\nTiit <b>Sepa<\/b> \u00abNeitsi\u00bb (Ersen)<br \/>\nTiit <b>Sepa<\/b> \u00abVana Henri lood, ehk Pikk-pikk suvevaheaeg\u00bb (Ersen)<\/p>\n<p><a id=\"eztoc62528_0_5\" name=\"eztoc62528_0_5\"><\/a><\/p>\n<h3>Parim algup\u00e4rane jutustus<\/h3>\n<p>Kandideeris 16 jutustust, k\u00f5ik said ka h\u00e4\u00e4li. Hindajaid oli 21.<\/p>\n<p><b>1.<\/b><b>Andr\u00e9 Trinity \u00abT\u00e4htede seis\u00bb (antoloogia \u00abT\u00e4heaeg 2: Doominosillad\u00bb) 46 punkti<\/b><br \/>\n2. Kristjan <b>Sander<\/b> \u00ab\u00dcmberistumine\u00bb (\u00abAlgernon\u00bb 2003; detsember) 38<br \/>\n3. Indrek <b>Hargla<\/b> \u00abTagasi tulevikku IV\u00bb (\u00abAlgernon\u00bb 2003; november) 37<br \/>\n4. Veiko <b>Belials<\/b> \u00abYamura mustad sambad\u00bb (autorikogu \u00abHelesiniste Liivade laul\u00bb) 34<br \/>\n5. Veiko <b>Belials<\/b> \u00abNeli, mis varjul\u00bb (autorikogu \u00abHelesiniste Liivade laul\u00bb) 32<br \/>\n6. Siim <b>Veskimees<\/b> \u00abSaared kui s\u00e4ravad kalliskivid\u00bb (autorikogu \u00abKuu Ordu\u00bb) 24<br \/>\n7.-8. Matt <b>Barker<\/b> \u00abVarjud seinal\u00bb (antoloogia \u00abT\u00e4heaeg 2: Doominosillad\u00bb) 21<br \/>\n7.-8. Karen <b>Orlau<\/b> \u00abKelmid ja kangelased\u00bb (antoloogia \u00abRetk h\u00e4marusse\u00bb) 21<br \/>\n9. Veiko <b>Belials<\/b> \u00abKolmas udu\u00bb (autorikogu \u00abHelesiniste Liivade laul\u00bb) 16<br \/>\n10. Siim <b>Veskimees<\/b> \u00abKui Maa \u00e4rkab\u00bb (\u00abAlgernon\u00bb 2003; detsember) 15<br \/>\n11. Siim <b>Veskimees<\/b> \u00abVesiv\u00f5su\u00bb (autorikogu \u00abKuu Ordu\u00bb) 14<br \/>\n12. Siim <b>Veskimees<\/b> \u00abHiidude liiga m\u00e4ngud\u00bb (autorikogu \u00abKuu Ordu\u00bb) 13<br \/>\n13. Lew R. <b>Berg<\/b> \u00abNaine Morooviast\u00bb (antoloogia \u00abVaade pimedusse\u00bb) 9<br \/>\n14. Veiko <b>Belials<\/b> \u00abValdjate And\u00bb (antoloogia \u00abVaade pimedusse\u00bb) 6<br \/>\n15.-16. Mari <b>Budasen<\/b> \u00abMust ja valge\u00bb (\u00abAlgernon\u00bb 2003; november) 2<br \/>\n15.-16. M\u00e4rt <b>Laur<\/b> \u00abDoominosillad\u00bb (antoloogia \u00abT\u00e4heaeg 2: Doominosillad\u00bb) 2<\/p>\n<p><a id=\"eztoc62528_0_6\" name=\"eztoc62528_0_6\"><\/a><\/p>\n<h3>Parim algup\u00e4rane l\u00fchijutt<\/h3>\n<p>Kandideeris 46 l\u00fchijuttu, neist h\u00e4\u00e4li sai 32. H\u00e4\u00e4letajaid oli 21.<\/p>\n<p><b>1.<\/b><b>Indrek Hargla \u00abVlad\u00bb (antoloogia \u00abT\u00e4heaeg 2: Doominosillad\u00bb) 46 punkti<\/b><br \/>\n2. Veiko <b>Belials<\/b> \u00abH\u00e4llilaul\u00bb (autorikogu \u00abHelesiniste Liivade laul\u00bb) 35<br \/>\n3. Cathleen Q. <b>Brookland<\/b> \u00abLoojangulaul\u00bb (antoloogia \u00abT\u00e4heaeg 2: Doominosillad\u00bb) 30<br \/>\n4. Veiko <b>Belials<\/b> \u00abTeraapia\u00bb (autorikogu \u00abHelesiniste Liivade laul\u00bb) 20<br \/>\n5.-6. Karen <b>Orlau<\/b> \u00ab\u00d5pilane\u00bb (antoloogia \u00abVaade pimedusse\u00bb) 19<br \/>\n5.-6. Karen <b>Orlau<\/b> \u00abTont taevav\u00e4raval\u00bb (\u00abAlgernon\u00bb 2003; november) 19<br \/>\n7. Veiko <b>Belials<\/b> \u00abLunastaja\u00bb (autorikogu \u00abHelesiniste Liivade laul\u00bb) 18<br \/>\n8. Abel <b>Cain<\/b> \u00abUisom\u00e4e\u00bb (antoloogia \u00abVaade pimedusse\u00bb) 17<br \/>\n9. Matt <b>Barker<\/b> \u00abMalmkurat\u00bb (\u00abVikerkaar\u00bb 2003; nr. 9) 14<br \/>\n10. Veiko <b>Belials<\/b> \u00abMetsavaim\u00bb (autorikogu \u00abHelesiniste Liivade laul\u00bb) 11<br \/>\n11.-13. Mehis <b>Heinsaar<\/b> \u00abVennad uneluses\u00bb (\u00abVikerkaar\u00bb 2003; nr. 9) 9<br \/>\n11.-13. Andrus <b>Kivir\u00e4hk<\/b> \u00abRetk l\u00e4bi Euroopa\u00bb (\u00abLooming\u00bb 2003; nr. 8 (august)) 9<br \/>\n11.-13. Kaimar <b>Palts<\/b> \u00abKuidas luuletada\u00bb (\u00abAlgernon\u00bb 2003; juuni) 9<br \/>\n14. Kalju <b>Maapoeg<\/b> \u00abHerilase laul\u00bb (\u00abAlgernon\u00bb 2003; jaanuar) 7<br \/>\n15.-17. <b>Hiram<\/b> \u00abMilleri silmaring avardub\u00bb (\u00abVikerkaar\u00bb 2003; nr. 3) 5<br \/>\n15.-17. Andrus <b>Kivir\u00e4hk<\/b> \u00abOlen Jumal!\u00bb (\u00abLooming\u00bb 2003; nr. 4 (aprill)) 5<br \/>\n15.-17. Karmo <b>Talts<\/b> \u00abKuningas on surnud\u00bb (\u00abAlgernon\u00bb 2003; september) 5<br \/>\n18.-20. Kalju <b>Maapoeg<\/b> \u00abHauakivi\u00bb (\u00abAlgernon\u00bb 2003; m\u00e4rts) 4<br \/>\n18.-20. Marek <b>Simpson<\/b> \u00abLugu viimasest draakonist\u00bb (antoloogia \u00abT\u00e4heaeg 2: Doominosillad\u00bb) 4<br \/>\n18.-20. Marek <b>Simpson<\/b> \u00abMe eilsete p\u00e4evade hetked\u00bb (\u00abAlgernon\u00bb 2003; juuni) 4<br \/>\n21.-25. <b>Leon<\/b> \u00abValge laev, ehk Valimised Toompeal\u00bb (\u00abLooming\u00bb 2003; nr. 9 (september)) 3<br \/>\n21.-25. Taivo <b>Rist<\/b> \u00abPetukaup\u00bb (\u00abAlgernon\u00bb 2003; mai) 3<br \/>\n21.-25. Karmo <b>Talts<\/b> \u00abSaak\u00bb (\u00abAlgernon\u00bb 2003; jaanuar) 3<br \/>\n21.-25. Kuldar <b>Traks<\/b> \u00abViimane kahing 2: Ultimaatne v\u00e4ljakutse\u00bb (\u00abAlgernon\u00bb 2003; september) 3<br \/>\n21.-25. Tinuviel <b>Wood<\/b> \u00abDwini prillid\u00bb (\u00abAlgernon\u00bb 2003; m\u00e4rts) 3<br \/>\n26.-28. Ene <b>Kallas<\/b> &amp; J\u00fcri <b>Kallas<\/b> \u00abJa valgust ja selgust\u00bb (\u00abAlgernon\u00bb 2003; detsember) 2<br \/>\n26.-28. Kaimar <b>Palts<\/b> \u00abMonday\u00bb (\u00abAlgernon\u00bb 2003; mai) 2<br \/>\n26.-28. Karmo <b>Talts<\/b> \u00abK\u00f5rtsus kisub asi k\u00fcberpungiks\u00bb (\u00abAlgernon\u00bb 2003; mai) 2<br \/>\n29.-32. Priit <b>Kenkmann<\/b> \u00abTeadmata kadunud\u00bb (\u00abAlgernon\u00bb 2003; september) 1<br \/>\n29.-32. Miikael <b>Lotman<\/b> \u00abJeremei maailm\u00bb (\u00abLooming\u00bb 2003; nr. 6 (juuni)) 1<br \/>\n29.-32 Kaimar <b>Palts<\/b> \u00ab19 ja homme\u00bb (\u00abAlgernon\u00bb 2003; m\u00e4rts) 1<br \/>\n29.-32. Marek <b>Simpson<\/b> \u00abKuidas kiriku\u00f5petaja Madis taevasse ei saanud\u00bb (antoloogia \u00abVaade pimedusse\u00bb) 1<br \/>\nMaiken <b>Arutalu<\/b> \u00abV\u00f5luri saatus\u00bb (\u00abAlgernon\u00bb 2003; jaanuar)<br \/>\nMarcus <b>Kaas<\/b> \u00abLeping\u00bb (\u00abAlgernon\u00bb 2003; oktoober)<br \/>\nMarcus <b>Kaas<\/b> \u00abLiiga hilja\u00bb (\u00abAlgernon\u00bb 2003; mai)<br \/>\nLeea <b>Pajuvillem<\/b> \u00abReedene vahetus\u00bb (\u00abAlgernon\u00bb 2003; m\u00e4rts)<br \/>\nKaimar <b>Palts<\/b> \u00abAugud\u00bb (\u00abAlgernon\u00bb 2003; november)<br \/>\nKaimar <b>Palts<\/b> \u00abEileen\u00bb (\u00abAlgernon\u00bb 2003; september)<br \/>\nKaimar <b>Palts<\/b> \u00abMaruviha\u00bb (\u00abAlgernon\u00bb 2003; oktoober)<br \/>\nKaimar <b>Palts<\/b> \u00abM\u00e4en\u00f5lvakul\u00bb (\u00abAlgernon\u00bb 2003; mai)<br \/>\nMarek <b>Simpson<\/b> \u00abKuidas Gustav hea maagi \u00f5pilaseks sai\u00bb (\u00abAlgernon\u00bb 2003; detsember)<br \/>\nOsvald <b>Soobel<\/b> \u00abPiiririkkumine\u00bb (\u00abAlgernon\u00bb 2003; mai)<br \/>\nOsvald <b>Soobel<\/b> \u00abSoojuse toomine\u00bb (\u00abAlgernon\u00bb 2003; m\u00e4rts)<br \/>\nQ. <b>Tantsija<\/b> \u00abKas roosid higistavad verd?\u00bb (\u00abAlgernon\u00bb 2003; mai)<br \/>\nVille <b>V\u00e4\u00e4r<\/b> \u00abL\u00f5plikkuse passiivne pool\u00bb (\u00abAlgernon\u00bb 2003; m\u00e4rts)<br \/>\nHal <b>X<\/b> \u00ab\u00d6ine n\u00e4gemus\u00bb (\u00abAlgernon\u00bb 2003; jaanuar) Taavi Tuvikene 26. juuli 2004<\/p>\n<\/div>\n","protected":false},"excerpt":{"rendered":"<p>Eesti Ulme\u00fching andis 2004. aastal Stalkeri v\u00e4lja seitsmendat korda. Auhinnakategooriaid oli kuus ja need j\u00e4id eelmise aastaga v\u00f5rreldes samaks. Kandideerisid k\u00f5ik 2003. aasta jooksul ilmunud ulmekirjanduse hulka kuuluvad teosed. K\u00fcsitluses osalejad pidid igas kategoorias reastama 5 paremat. Esimeseks m\u00e4rgitu sai &hellip; <a href=\"http:\/\/ulme.ee\/veeb\/?page_id=3761&#038;lang=et\">J\u00e4tka lugemist <span class=\"meta-nav\">&rarr;<\/span><\/a><\/p>\n","protected":false},"author":1,"featured_media":0,"parent":0,"menu_order":0,"comment_status":"closed","ping_status":"closed","template":"","meta":{"footnotes":""},"_links":{"self":[{"href":"http:\/\/ulme.ee\/veeb\/index.php?rest_route=\/wp\/v2\/pages\/3761"}],"collection":[{"href":"http:\/\/ulme.ee\/veeb\/index.php?rest_route=\/wp\/v2\/pages"}],"about":[{"href":"http:\/\/ulme.ee\/veeb\/index.php?rest_route=\/wp\/v2\/types\/page"}],"author":[{"embeddable":true,"href":"http:\/\/ulme.ee\/veeb\/index.php?rest_route=\/wp\/v2\/users\/1"}],"replies":[{"embeddable":true,"href":"http:\/\/ulme.ee\/veeb\/index.php?rest_route=%2Fwp%2Fv2%2Fcomments&post=3761"}],"version-history":[{"count":2,"href":"http:\/\/ulme.ee\/veeb\/index.php?rest_route=\/wp\/v2\/pages\/3761\/revisions"}],"predecessor-version":[{"id":3813,"href":"http:\/\/ulme.ee\/veeb\/index.php?rest_route=\/wp\/v2\/pages\/3761\/revisions\/3813"}],"wp:attachment":[{"href":"http:\/\/ulme.ee\/veeb\/index.php?rest_route=%2Fwp%2Fv2%2Fmedia&parent=3761"}],"curies":[{"name":"wp","href":"https:\/\/api.w.org\/{rel}","templated":true}]}}