{"id":3757,"date":"2016-07-25T16:44:15","date_gmt":"2016-07-25T13:44:15","guid":{"rendered":"http:\/\/esuaxue.havike.eenet.ee\/veeb\/?page_id=3757"},"modified":"2016-07-25T17:05:07","modified_gmt":"2016-07-25T14:05:07","slug":"stalker-2002","status":"publish","type":"page","link":"http:\/\/ulme.ee\/veeb\/?page_id=3757&lang=et","title":{"rendered":"Stalker 2002"},"content":{"rendered":"<div class=\"attribute-short\">\n<p>Eesti Ulme\u00fching andis 2002. aastal Stalkeri v\u00e4lja viiendat korda. Seekord oli auhinnakategooriaid kuus, uuteks kategooriateks olid parim t\u00f5lkeromaan ja parim algup\u00e4rane raamat. Kandideerisid k\u00f5ik 2001. aasta jooksul ilmunud v\u00e4hegi ulmevalda kuuluvad teosed.<\/p>\n<p>K\u00fcsitluses osalejad pidid igas kategoorias reastama 5 paremat. Esimeseks m\u00e4rgitu sai 5 punkti, teise koha omanik 4, kolmas 3, neljas 2 ja viiendale positsioonile asetatu 1 punkti.<\/p>\n<p>H\u00e4\u00e4letusest v\u00f5ttis osa kokku 48 ulmehuvilist, kellest osa andis h\u00e4\u00e4li ainult \u00fcksikute kategooriate raames. Allj\u00e4rgnevalt on toodud l\u00f5plik j\u00e4rjestus.<\/p>\n<p>Eesti Ulme\u00fching t\u00e4nab Stalkeri v\u00e4ljaandmise toetuseks tehtud annetuste eest:<\/p>\n<ul>\n<li>Taivo Rist<\/li>\n<li>Ants Miller<\/li>\n<li>Olari Meriniit<\/li>\n<li>Veiko Belials<\/li>\n<li>M\u00e4rt Laur<\/li>\n<li>Margus Makke<\/li>\n<li>Annika Ennok<\/li>\n<\/ul>\n<\/div>\n<div class=\"attribute-long\"><a id=\"eztoc62542_0_1\" name=\"eztoc62542_0_1\"><\/a><\/p>\n<h3>Parim romaan<\/h3>\n<p>Kandideeris 40 romaani, neist h\u00e4\u00e4li sai 22. H\u00e4\u00e4letajaid oli 44. V\u00f5iduromaani t\u00f5lkis Juhan Habicht.<\/p>\n<p><b>1. <\/b><b>Roger Zelazny \u00ab\u00dcksildane oktoobri\u00f6\u00f6\u00bb (Varrak) 119 punkti<\/b><br \/>\n2. Philip K. <b>Dick<\/b> \u00abBladerunner: Kas androidid unistavad elektrilammastest?\u00bb (T\u00e4nap\u00e4ev) 67<br \/>\n3. Charles de <b>Lint<\/b> \u00abKusagil lennata\u00bb (Varrak) 65<br \/>\n4.-5. Arkadi <b>Strugatski<\/b> &amp; Boriss <b>Strugatski<\/b> \u00abP\u00f5rnikas sipelgapesas\u00bb (Varrak) 41<br \/>\n4.-5. Roger <b>Zelazny<\/b> \u00ab\u00dckssarviku m\u00e4rk\u00bb (Varrak) 41<br \/>\n6. Terry <b>Pratchett<\/b> &amp; Neil <b>Gaiman<\/b> \u00abHead ended\u00bb (T\u00e4nap\u00e4ev) 38<br \/>\n7. Anthony <b>Burgess<\/b> \u00abKellav\u00e4rgiga apelsin\u00bb (Varrak) 36<br \/>\n8. Poul <b>Anderson<\/b> \u00abJumalate s\u00f5da\u00bb (Fantaasia) 30<br \/>\n9. Iain M. <b>Banks<\/b> \u00abRelvade kasutus\u00bb (Varrak) 27<br \/>\n10.-11. Michael <b>Moorcock<\/b> \u00abMusta m\u00f5\u00f5ga needus\u00bb (Fantaasia) 26<br \/>\n10.-11. Viktor <b>Pelevin<\/b> \u00abTshapajev ja Pustota\u00bb (Varrak) 26<br \/>\n12. Anne <b>McCaffrey<\/b> \u00abLohelaul\u00bb (Varrak) 25<br \/>\n13. Jan <b>Siegel<\/b> \u00abProspero lapsed\u00bb (Varrak) 24<br \/>\n14.-15. Arkadi <b>Strugatski<\/b> &amp; Boriss <b>Strugatski<\/b> \u00abSuur Ilmutus\u00bb (Varrak) 22<br \/>\n14.-15. Kurt <b>Vonnegut<\/b> \u00abKassikangas\u00bb (T\u00e4nap\u00e4ev) 22<br \/>\n16. Terry <b>Pratchett<\/b> \u00ab\u00d5ed n\u00f5iduses\u00bb (Varrak) 17<br \/>\n17. Bernard <b>Werber<\/b> \u00abSipelgad\u00bb (Olion) 11<br \/>\n18. Terry <b>Pratchett<\/b> \u00abP\u00fcramiidid\u00bb (Varrak) 9<br \/>\n19. Terry <b>Pratchett<\/b> \u00ab\u00dcrgsorts\u00bb (Varrak) 7<br \/>\n20. Lloyd <b>Alexander<\/b> \u00abLlyri loss\u00bb (Tiritamm) 3<br \/>\n21.-22. Barbara <b>Erskine<\/b> \u00abKesk\u00f6\u00f6 \u00fcksildane paik\u00bb (Varrak) 2<br \/>\n21.-22. Boris <b>Vian<\/b> \u00abP\u00e4evade vaht\u00bb (Varrak) 2<br \/>\nDavid Cody <b>Weiss<\/b> &amp; Bobby J. G. <b>Weiss<\/b> \u00abSabrina, teismeline n\u00f5id, ehk Akvaariumide aeg\u00bb (Ersen)<br \/>\nDavid Cody <b>Weiss<\/b> &amp; Bobby J. G. <b>Weiss<\/b> \u00abSabrina, teismeline n\u00f5id, ehk Kevadpidu\u00bb (Ersen)<br \/>\nDavid Cody <b>Weiss<\/b> &amp; Bobby J. G. <b>Weiss<\/b> \u00abSabrina, teismeline n\u00f5id, ehk Nabi kinni!\u00bb (Ersen)<br \/>\nDean <b>Koontz<\/b> \u00abHirmu pale\u00bb (Katariina)<br \/>\nDiana G. <b>Gallagher<\/b> \u00abSabrina, teismeline n\u00f5id, ehk Oli siin, kuid enam pole\u00bb (Ersen)<br \/>\nDiana G. <b>Gallagher<\/b> \u00abSabrina, teismeline n\u00f5id, ehk Ristikheinakoerused\u00bb (Ersen)<br \/>\nE. T. A. <b>Hoffmann<\/b> \u00abKuradi eliksiirid\u00bb (Monokkel)<br \/>\nIra <b>Levin<\/b> \u00abSaatuslikud poisid\u00bb (Ersen)<br \/>\nJ. D. <b>Robb<\/b> \u00abSurma ees alasti\u00bb (Ersen)<br \/>\nJ. D. <b>Robb<\/b> \u00abSurma hiilgus\u00bb (Ersen)<br \/>\nJ. D. <b>Robb<\/b> \u00abSurmas surematu\u00bb (Ersen)<br \/>\nJohn <b>Vornholt<\/b> \u00abSabrina, teismeline n\u00f5id, ehk \u00abSortsopol\u00bb\u00bb (Ersen)<br \/>\nKaren <b>Robards<\/b> \u00abJalutamas p\u00e4rast s\u00fcda\u00f6\u00f6d\u00bb (Olion)<br \/>\nLloyd <b>Alexander<\/b> \u00abR\u00e4ndur Taran\u00bb (Tiritamm)<br \/>\nMel <b>Odom<\/b> \u00abSabrina, teismeline n\u00f5id, ehk Kirke taskumaailm\u00bb (Ersen)<br \/>\nMel <b>Odom<\/b> \u00abSabrina, teismeline n\u00f5id, ehk S\u00fcgispidu\u00bb (Ersen)<br \/>\nMolly <b>Brown<\/b> \u00abViirus\u00bb (Tiritamm)<br \/>\nNancy <b>Holder<\/b> \u00abSabrina, teismeline n\u00f5id, ehk Luurav pilk\u00bb (Ersen)<\/p>\n<p><a id=\"eztoc62542_0_2\" name=\"eztoc62542_0_2\"><\/a><\/p>\n<h3>Parim kogumik<\/h3>\n<p>Kandideeris 9 kogumikku, neist h\u00e4\u00e4li sai 8. H\u00e4\u00e4letajaid oli 22. V\u00f5idukogumiku koostas Arvi Nikkarev.<\/p>\n<p><b>1.<\/b><b>Norman Spinrad \u00abSuur l\u00f5\u00f5sk\u00bb (Skarabeus) 68 punkti<\/b><br \/>\n2. Raul <b>Sulbi<\/b> (<b>koost<\/b>.) \u00abS\u00fcnged varjud\u00bb (Fantaasia) 64<br \/>\n3. Mario <b>Kivistik<\/b> (<b>koost<\/b>.) \u00abMardus: Juubeliv\u00e4ljaanne\u00bb (Salas\u00f5na) 62<br \/>\n4. Robert W. <b>Chambers<\/b> \u00abKuningas Kollases R\u00fc\u00fcs\u00bb (Salas\u00f5na) 49<br \/>\n5. Mario <b>Kivistik<\/b> (koost.) \u00abVereta jaht\u00bb (Salas\u00f5na) 43<br \/>\n6. Jorge Luis <b>Borges<\/b> \u00abFiktsioonid. Aleph\u00bb (Varrak) 32<br \/>\n7. Prosper <b>M\u00e9rim\u00e9e<\/b> \u00abLokis. Ille&#8217;i Veenus\u00bb (Eesti Raamat) 7<br \/>\n8. E. T. A. <b>Hoffmann<\/b> \u00abUneliivamees. T\u00f5otus\u00bb (Eesti Raamat) 5<br \/>\n<b>Anonymous<\/b> (<b>koost<\/b>.) \u00abSabrina, teismeline n\u00f5id, ehk Kaheksa loitsu n\u00e4dalas\u00bb (Ersen)<\/p>\n<p><a id=\"eztoc62542_0_3\" name=\"eztoc62542_0_3\"><\/a><\/p>\n<h3>Parim t\u00f5lkejutt<\/h3>\n<p>Kandideeris 56 juttu, neist h\u00e4\u00e4li sai 37. H\u00e4\u00e4letajaid oli 30. V\u00f5idujutu t\u00f5lkis Arvi Nikkarev.<\/p>\n<p><b>1. <\/b><b>Norman Spinrad \u00abKatkuaastate p\u00e4evikud\u00bb (Norman Spinrad \u00abSuur l\u00f5\u00f5sk\u00bb) 48 punkti<\/b><br \/>\n2. H. P. <b>Lovecraft<\/b> \u00abVari Innsmouthi kohal\u00bb (antoloogia \u00abS\u00fcnged varjud\u00bb) 41<br \/>\n3. Aleksandr <b>Gromov<\/b> \u00abMuinasjutt v\u00e4kesest kosmoselaevast\u00bb (\u00abAlgernon\u00bb 2001; juuli) 31<br \/>\n4. Nick <b>Perumov<\/b> \u00abTagasiv\u00f5etud sau\u00bb (antoloogia \u00abMardus: Juubeliv\u00e4ljaanne\u00bb) 29<br \/>\n5. Philip K. <b>Dick<\/b> \u00abKoloonia\u00bb (antoloogia \u00abMardus: Juubeliv\u00e4ljaanne\u00bb) 28<br \/>\n6. Joe <b>Haldeman<\/b> \u00abPimedusega l\u00f6\u00f6dud\u00bb (antoloogia \u00abMardus: Juubeliv\u00e4ljaanne\u00bb) 26<br \/>\n7. Fritz <b>Leiber<\/b> \u00abSuitsutont\u00bb (antoloogia \u00abS\u00fcnged varjud\u00bb) 24<br \/>\n8.-9. Jorge Luis <b>Borges<\/b> \u00abJumala kiri\u00bb (Jorge Luis Borges \u00abFiktsioonid. Aleph\u00bb) 20<br \/>\n8.-9. Robert J. <b>Sawyer<\/b> \u00abJust nagu varemalt\u00bb (antoloogia \u00abVereta jaht\u00bb) 20<br \/>\n10. Kari <b>Nenonen<\/b> \u00abSugulastega kimpus\u00bb (antoloogia \u00abVereta jaht\u00bb) 18<br \/>\n11. Michael <b>Swanwick<\/b> \u00abEt on \u00fcks masin see maailm\u00bb (antoloogia \u00abMardus: Juubeliv\u00e4ljaanne\u00bb) 12<br \/>\n12. Norman <b>Spinrad<\/b> \u00abT\u00e4navaliha\u00bb (Norman Spinrad \u00abSuur l\u00f5\u00f5sk\u00bb) 11<br \/>\n13.-15. Robert W. <b>Chambers<\/b> \u00abKollane M\u00e4rk\u00bb (autorikogus) 10<br \/>\n13.-15. Norman <b>Spinrad<\/b> \u00abKehastunud ilu\u00bb (Norman Spinrad \u00abSuur l\u00f5\u00f5sk\u00bb) 10<br \/>\n13.-15. Norman <b>Spinrad<\/b> \u00abSuur l\u00f5\u00f5sk\u00bb (Norman Spinrad \u00abSuur l\u00f5\u00f5sk\u00bb) 10<br \/>\n16.-18. Jorge Luis <b>Borges<\/b> \u00abMees l\u00e4vepakul\u00bb (Jorge Luis Borges \u00abFiktsioonid. Aleph\u00bb) 9<br \/>\n16.-18. Robert W. <b>Chambers<\/b> \u00abPreili D&#8217;Ys\u00bb (autorikogus) 9<br \/>\n16.-18. M. R. <b>James<\/b> \u00abVilista vaid, ja ma tulen su juurde, mu poiss\u00bb (\u00abL\u00e4\u00e4ne Elu\u00bb 2001; 22. m\u00e4rts &#8211; 21. aprill) 9<br \/>\n19. Thomas <b>Ligotti<\/b> \u00abBangalo\u00bb (antoloogia \u00abS\u00fcnged varjud\u00bb) 9<br \/>\n20.-22. Robert W. <b>Chambers<\/b> \u00abMaineparandaja\u00bb (autorikogus) 7<br \/>\n20.-22. H. P. <b>Lovecraft<\/b> \u00abUlthari kassid\u00bb (\u00abAlgernon\u00bb 2001; november) 7<br \/>\n20.-22. Brian <b>Stableford<\/b> \u00abJutuvestja lugu\u00bb (antoloogia \u00abVereta jaht\u00bb) 7<br \/>\n23.-25. Terry <b>Lamsley<\/b> \u00abKaks tagasitulekut\u00bb (antoloogia \u00abS\u00fcnged varjud\u00bb) 6<br \/>\n23.-25. Brian <b>Lumley<\/b> \u00abHaggopian\u00bb (antoloogia \u00abS\u00fcnged varjud\u00bb) 6<br \/>\n23.-25. Norman <b>Spinrad<\/b> \u00abAja umbrohi\u00bb (Norman Spinrad \u00abSuur l\u00f5\u00f5sk\u00bb) 6<br \/>\n26.-30. Robert W. <b>Chambers<\/b> \u00abMask\u00bb (autorikogus) 5<br \/>\n26.-30. Douglas <b>Clegg<\/b> \u00abKus k\u00e4rbsed s\u00fcnivad\u00bb (antoloogia \u00abS\u00fcnged varjud\u00bb) 5<br \/>\n26.-30. Graham <b>Joyce<\/b> \u00abMasti all\u00bb (antoloogia \u00abS\u00fcnged varjud\u00bb) 5<br \/>\n26.-30. Norman <b>Spinrad<\/b> \u00abSurivoodil\u00bb (Norman Spinrad \u00abSuur l\u00f5\u00f5sk\u00bb) 5<br \/>\n26.-30. Norman <b>Spinrad<\/b> \u00abKuldhordi viimane lahinguh\u00fc\u00fcd\u00bb (Norman Spinrad \u00abSuur l\u00f5\u00f5sk\u00bb) 4<br \/>\n31.-32. Prosper <b>M\u00e9rim\u00e9e<\/b> \u00abIlle&#8217;i Veenus\u00bb (Prosper M\u00e9rim\u00e9e \u00abLokis. Ille&#8217;i Veenus\u00bb) 3<br \/>\n31.-32. Lisa <b>Tuttle<\/b> \u00abKus kivid kasvavad\u00bb (antoloogia \u00abS\u00fcnged varjud\u00bb) 3<br \/>\n33.-35. Aleksandr <b>Grin<\/b> \u00abJuhtum Peni uulitsas\u00bb (antoloogia \u00abVereta jaht\u00bb) 2<br \/>\n33.-35. Norman <b>Spinrad<\/b> \u00ab\u00d6\u00f6 Haldjam\u00e4el\u00bb (Norman Spinrad \u00abSuur l\u00f5\u00f5sk\u00bb) 2<br \/>\n33.-35. Scott <b>Thomas<\/b> \u00abMemento mori\u00bb (antoloogia \u00abS\u00fcnged varjud\u00bb) 2<br \/>\n36.-37. Kim <b>Newman<\/b> \u00abKuhu laibad on maetud\u00bb (antoloogia \u00abS\u00fcnged varjud\u00bb) 1<br \/>\n36.-37. Anna <b>Stefany<\/b> \u00abMetsikud n\u00f5iad\u00bb (Odamees) 1<br \/>\nAnne <b>Alexander<\/b> \u00abM\u00f5rvarlik malepartii\u00bb (Odamees)<br \/>\nChaz <b>Brenchley<\/b> \u00abJa beebi tantsis\u00bb (antoloogia \u00abS\u00fcnged varjud\u00bb)<br \/>\nRamsey <b>Campbell<\/b> \u00abRing t\u00f5mbub koomale\u00bb (antoloogia \u00abS\u00fcnged varjud\u00bb)<br \/>\nRobert W. <b>Chambers<\/b> \u00abNelja Tuule t\u00e4nav\u00bb (autorikogus)<br \/>\nArthur Conan <b>Doyle<\/b> \u00abM\u00fcrgine v\u00f6\u00f6\u00bb (Fantaasia)<br \/>\nCathy East <b>Dubowski<\/b> \u00abM\u00e4ng on m\u00e4ng\u00bb (antoloogia \u00abSabrina, teismeline n\u00f5id, ehk Kaheksa loitsu n\u00e4dalas\u00bb)<br \/>\nMark <b>Dubowski<\/b> \u00abNeljap\u00e4evalaps on leivateenija\u00bb (antoloogia \u00abSabrina, teismeline n\u00f5id, ehk Kaheksa loitsu n\u00e4dalas\u00bb)<br \/>\nDiana G. <b>Gallagher<\/b> \u00abIntervjuu\u00bb (antoloogia \u00abSabrina, teismeline n\u00f5id, ehk Kaheksa loitsu n\u00e4dalas\u00bb)<br \/>\nRay <b>Garton<\/b> \u00abArmuvalu\u00bb (antoloogia \u00abSabrina, teismeline n\u00f5id, ehk Kaheksa loitsu n\u00e4dalas\u00bb)<br \/>\nE. T. A. <b>Hoffmann<\/b> \u00abT\u00f5otus\u00bb (E. T. A. Hoffmann \u00abUneliivamees. T\u00f5otus\u00bb)<br \/>\nNancy <b>Holder<\/b> \u00abPeegel purunes\u00bb (antoloogia \u00abSabrina, teismeline n\u00f5id, ehk Kaheksa loitsu n\u00e4dalas\u00bb)<br \/>\nMel <b>Odom<\/b> \u00abArmastuse kanal\u00bb (antoloogia \u00abSabrina, teismeline n\u00f5id, ehk Kaheksa loitsu n\u00e4dalas\u00bb)<br \/>\nNorman <b>Spinrad<\/b> \u00abHiire aasta\u00bb (Norman Spinrad \u00abSuur l\u00f5\u00f5sk\u00bb)<br \/>\nNorman <b>Spinrad<\/b> \u00abM\u00f5istuse laps\u00bb (Norman Spinrad \u00abSuur l\u00f5\u00f5sk\u00bb)<br \/>\nNorman <b>Spinrad<\/b> \u00abRahvuslik ajaviide\u00bb (Norman Spinrad \u00abSuur l\u00f5\u00f5sk\u00bb)<br \/>\nNorman <b>Spinrad<\/b> \u00abSee on lind, see on lennuk!\u00bb (Norman Spinrad \u00abSuur l\u00f5\u00f5sk\u00bb)<br \/>\nDel <b>Stone<\/b>, <b>Jr<\/b>. \u00abKaaslased\u00bb (antoloogia \u00abS\u00fcnged varjud\u00bb)<br \/>\nDavid Cody <b>Weiss<\/b> &amp; Bobby J. G. <b>Weiss<\/b> \u00abEma v\u00f5i n\u00f5iakunst\u00bb (antoloogia \u00abSabrina, teismeline n\u00f5id, ehk Kaheksa loitsu n\u00e4dalas\u00bb)<br \/>\nDavid Cody <b>Weiss<\/b> &amp; Bobby J. G. <b>Weiss<\/b> \u00abKatkise peegli m\u00f5lgutused\u00bb (antoloogia \u00abSabrina, teismeline n\u00f5id, ehk Kaheksa loitsu n\u00e4dalas\u00bb)<\/p>\n<p><a id=\"eztoc62542_0_4\" name=\"eztoc62542_0_4\"><\/a><\/p>\n<h3>Parim algup\u00e4rane raamat<\/h3>\n<p>K\u00f5ik nominendid said h\u00e4\u00e4li. H\u00e4\u00e4letajaid oli 30.<\/p>\n<p><b>1.<\/b><b> Indrek Hargla \u00abPan Grpowski \u00fcheksa juhtumit\u00bb (Kuldsulg) 104 punkti<\/b><br \/>\n2. Siim <b>Veskimees<\/b> \u00abOperatsioon \u00abOgaline P\u00e4ike\u00bb\u00bb (Fantaasia) 74<br \/>\n3. Indrek <b>Hargla<\/b> \u00abBaiita needus\u00bb (Varrak) 66<br \/>\n4. Tiit <b>Tarlap<\/b> \u00abViiking, kes armastas haisid\u00bb (Omakirjastus) 61<br \/>\n5. Matt <b>Barker<\/b> \u00abLeegitsev t\u00e4iskuu\u00bb (Varrak) 44<br \/>\n6. Lew R. <b>Berg<\/b> \u00abTempel selvas\u00bb (Salas\u00f5na) 31<br \/>\n7. Mehis <b>Heinsaar<\/b> \u00abVanameeste n\u00e4ppaja\u00bb (Tuum) 28<br \/>\n8. Mehis <b>Heinsaar<\/b> \u00abH\u00e4rra Pauli kroonikad\u00bb (\u00ab\u00abLoomingu\u00bb Raamatukogu\u00bb 2001; nr. 31\/32) 16<br \/>\n9. Enn <b>Vetemaa<\/b> \u00abNeitsist s\u00fcdinud\u00bb (T\u00e4nap\u00e4ev) 11<br \/>\n10.-11. Matt <b>Barker<\/b> \u00abHaripunkt\u00bb (Virgela) 7<br \/>\n10.-11. Maarja <b>Oder<\/b> \u00abInglin\u00e4gu\u00bb (Kuldsulg) 7<br \/>\n12. Uido <b>Truija<\/b> \u00abElu planeedil Maa\u00bb (Estada) 1<\/p>\n<p><a id=\"eztoc62542_0_5\" name=\"eztoc62542_0_5\"><\/a><\/p>\n<h3>Parim algup\u00e4rane jutustus<\/h3>\n<p>Kandideeris 20 jutustust, k\u00f5igi poolt h\u00e4\u00e4letati. H\u00e4\u00e4letajaid oli 30.<\/p>\n<p><b>1.<\/b><b>Marat Faizijev \u00abV\u00e4endru\u00bb (\u00abAlgernon\u00bb 2001; detsember) 62 punkti <\/b><br \/>\n2. Ell\u00e4i <b>Tuulep\u00e4\u00e4lse<\/b> \u00abH\u00fcpe \u00fcle draakoni silma\u00bb (\u00abAlgernon\u00bb 2001; veebruar) 47<br \/>\n3. Indrek <b>Hargla<\/b> \u00abMees Assisi linnast\u00bb (Indrek Hargla \u00abPan Grpowski \u00fcheksa juhtumit\u00bb) 44<br \/>\n4. Meelis <b>Friedenthal<\/b> \u00ab\u00ab\u00dcht teistsugust algust\u00bb\u00bb (\u00abAlgernon\u00bb 2001; september) 41<br \/>\n5. Indrek <b>Hargla<\/b> \u00abSindbadi \u00fcheksas reis\u00bb (\u00abAlgernon\u00bb 2001; detsember) 39<br \/>\n6. Karen <b>Orlau<\/b> \u00abErak ja n\u00f5id\u00bb (\u00abAlgernon\u00bb 2001; aprill) 33<br \/>\n7. M\u00e4rt <b>Laur<\/b> \u00abSiesta\u00bb (\u00abAlgernon\u00bb 2001; september) 29<br \/>\n8. Andr\u00e9 <b>Trinity<\/b> \u00abGlorie igavene kohalolek\u00bb (\u00abAlgernon\u00bb 2001; september) 27<br \/>\n9. Indrek <b>Hargla<\/b> \u00abMees, kes ei joonud viskit\u00bb (Indrek Hargla \u00abPan Grpowski \u00fcheksa juhtumit\u00bb) 24<br \/>\n10. Tiit <b>Tarlap<\/b> \u00abLiivakella kael\u00bb (\u00abL\u00e4\u00e4ne Elu\u00bb 2001; 4. oktoober &#8211; 2002; 12. jaanuar &amp; Tiit Tarlap \u00abViiking, kes armastas haisid\u00bb) 21<br \/>\n11.-12. Lew R. <b>Berg<\/b> \u00abTempel selvas\u00bb (Lew R. Berg \u00abTempel selvas\u00bb) 18<br \/>\n11.-12. Lew R. <b>Berg<\/b> \u00ab\u00dcle piiri\u00bb (Lew R. Berg \u00abTempel selvas\u00bb) 18<br \/>\n13. Indrek Hargla \u00abKevade tulek\u00bb (\u00abAlgernon\u00bb 2001; mai) 14<br \/>\n14. Lew R. <b>Berg<\/b> \u00abTeras ja t\u00e4hevalgus\u00bb (antoloogia \u00abMardus: Juubeliv\u00e4ljaanne\u00bb) 11<br \/>\n15. Sean F. <b>Wryter<\/b> \u00abLahing Pilvelinnas\u00bb (\u00abAlgernon\u00bb 2001; detsember) 8<br \/>\n16.-17. Veikko <b>Vangonen<\/b> \u00abV\u00e4ike romaan surnur\u00fcvetajast\u00bb (\u00abLooming\u00bb 2001; nr. 5 (mai)) 4<br \/>\n16.-17. Heini <b>Viiber<\/b> \u00abUnistus\u00bb (\u00abAlgernon\u00bb 2001; november) 4<br \/>\n18. Lew R. <b>Berg<\/b> \u00abHalli taeva all\u00bb (\u00abAlgernon\u00bb 2001; m\u00e4rts) 3<br \/>\n19. Lew R. <b>Berg<\/b> \u00abR\u00fcnnak pilvede alla\u00bb (\u00abAlgernon\u00bb 2001; oktoober) 2<br \/>\n20. Mattias <b>Rosenbaum<\/b> \u00ab1000 ahvi\u00bb (\u00abAlgernon\u00bb 2001; m\u00e4rts) 1<\/p>\n<p><a id=\"eztoc62542_0_6\" name=\"eztoc62542_0_6\"><\/a><\/p>\n<h3>Parim algup\u00e4rane l\u00fchijutt<\/h3>\n<p>Kandideeris 66 juttu, neist h\u00e4\u00e4li sai 40. H\u00e4\u00e4letajaid oli 27.<\/p>\n<p><b>1.<\/b><b> Erkki K\u00f5lu \u00ab\u00d5nn kaalule, vana!\u00bb (\u00abAlgernon\u00bb 2001; detsember) 39 punkti <\/b><br \/>\n2. Indrek <b>Hargla<\/b> \u00abFusion\u00bb (\u00abLooming\u00bb 2001; aprill) 31<br \/>\n3. Indrek <b>Hargla<\/b> \u00abVeneetsia peeglite m\u00f5istatus\u00bb (Indrek Hargla \u00abPan Grpowski \u00fcheksa juhtumit\u00bb) 23<br \/>\n4.-5. Veiko <b>Belials<\/b> &amp; Indrek <b>Hargla<\/b> \u00abParoodiad\u00bb (\u00abAlgernon\u00bb 2001; oktoober) 21<br \/>\n4.-5. Abel <b>Cain<\/b> \u00abMees, kes avas v\u00e4ravad\u00bb (antoloogia \u00abMardus: Juubeliv\u00e4ljaanne\u00bb) 21<br \/>\n6. Andr\u00e9 <b>Trinity<\/b> \u00abLahkumine paradiisist\u00bb (antoloogia \u00abVereta jaht\u00bb) 19<br \/>\n7. Siim <b>Veskimees<\/b> \u00abTee p\u00fcsti ees\u00bb (\u00abAlgernon\u00bb 2001; aprill) 18<br \/>\n8.-9. Indrek <b>Hargla<\/b> \u00abIsa s\u00fcda\u00bb (antoloogia \u00abMardus: Juubeliv\u00e4ljaanne\u00bb) 17<br \/>\n8.-9. Indrek <b>Hargla<\/b> \u00abVereta jaht\u00bb (antoloogia \u00abVereta jaht\u00bb) 17<br \/>\n10.-11. Veiko <b>Belials<\/b> \u00abJa \u00f6\u00f6 t\u00f5usis k\u00f5ige \u00fcle\u00bb (antoloogia \u00abMardus: Juubeliv\u00e4ljaanne\u00bb) 16<br \/>\n10.-11. Indrek <b>Hargla<\/b> \u00abLiiga hilja\u00bb (Indrek Hargla \u00abPan Grpowski \u00fcheksa juhtumit\u00bb) 16<br \/>\n12.-13. <b>Hiram<\/b> \u00abTuhkhall\u00bb (\u00abVikerkaar\u00bb 2001; nr. 10) 15<br \/>\n12.-13. Kristjan <b>Sander<\/b> \u00abPuruvana p\u00e4ev\u00bb (\u00abAlgernon\u00bb 2001; september) 15<br \/>\n14. M\u00e4rt <b>Laur<\/b> \u00abInkubaator \u00abDekadents\u00bb\u00bb (antoloogia \u00abMardus: Juubeliv\u00e4ljaanne\u00bb) 12<br \/>\n15. Marat <b>Faizijev<\/b> \u00abTerve maailm\u00bb (\u00abAlgernon\u00bb 2001; aprill) 10<br \/>\n16.-17. Mehis <b>Heinsaar<\/b> \u00abIlus Armin\u00bb (\u00abLooming\u00bb 2001; nr. 10 (oktoober)) 9<br \/>\n16.-17. Mehis <b>Heinsaar<\/b> \u00abKuidas surm Mirabeli juurde tuli\u00bb (Mehis Heinsaar \u00abVanameeste n\u00e4ppaja\u00bb) 9<br \/>\n18.-19. Veiko <b>Belials<\/b> \u00abVanaema, miks sul nii suured silmad on?\u00bb (antoloogia \u00abMardus: Juubeliv\u00e4ljaanne\u00bb) 8<br \/>\n18.-19. Karen <b>Orlau<\/b> \u00abSealtmaalt\u00bb (antoloogia \u00abMardus: Juubeliv\u00e4ljaanne\u00bb) 8<br \/>\n20.-21. Urmas <b>Nimetu<\/b> \u00abN\u00f5ia tapmine\u00bb (\u00abAlgernon\u00bb 2001; juuli) 7<br \/>\n20.-21. Andr\u00e9 <b>Trinity<\/b> \u00abKroaanlased\u00bb (antoloogia \u00abMardus: Juubeliv\u00e4ljaanne\u00bb) 7<br \/>\n22.-24. M\u00e4rt <b>Laur<\/b> \u00abIn memoriam Al-Dhiyad\u00bb (antoloogia \u00abVereta jaht\u00bb) 6<br \/>\n22.-24. Maria <b>Perner<\/b> \u00abSikkude org\u00bb (\u00abAlgernon\u00bb 2001; juuli) 6<br \/>\n22.-24. <b>Pronto<\/b> \u00abX\u00bb (\u00abAlgernon\u00bb 2001; mai) 6<br \/>\n25.-27. Veiko <b>Belials<\/b> \u00abIngel\u00bb (\u00abLooming\u00bb 2001; mai) 5<br \/>\n25.-27. Mehis <b>Heinsaar<\/b> \u00ab1976\u00bb (Mehis Heinsaar \u00abVanameeste n\u00e4ppaja\u00bb) 5<br \/>\n25.-27. Mehis <b>Heinsaar<\/b> \u00abTere\u00bb (Mehis Heinsaar \u00abVanameeste n\u00e4ppaja\u00bb) 5<br \/>\n28.-32. Karl <b>Arnold<\/b> \u00abReegleid j\u00e4rgides\u00bb (\u00abAlgernon\u00bb 2001; jaanuar) 4<br \/>\n28.-32. Mattias <b>Rosenbaum<\/b> \u00abMust v\u00f5i valge\u00bb (\u00abAlgernon\u00bb 2001; detsember) 4<br \/>\n28.-32. Marek <b>Simpson<\/b> \u00abTuhat aastat enne t\u00e4hes\u00f5ite\u00bb (antoloogia \u00abVereta jaht\u00bb) 4<br \/>\n28.-32. Veikko <b>Vangonen<\/b> \u00abSee, kes tapaks\u00bb (antoloogia \u00abMardus: Juubeliv\u00e4ljaanne\u00bb) 4<br \/>\n28.-32. Sean F. <b>Wryter<\/b> \u00abGwendorni lapsed\u00bb (\u00abAlgernon\u00bb 2001; detsember) 4<br \/>\n33.-34. Mehis <b>Heinsaar<\/b> \u00abEsimese eestlase jutustus\u00bb (Mehis Heinsaar \u00abVanameeste n\u00e4ppaja\u00bb) 3<br \/>\n33.-34. Kalju <b>Maapoeg<\/b> \u00ab\u00abS\u00e4livusaeg \u00fcletatud&#8230;\u00bb\u00bb (\u00abAlgernon\u00bb 2001; juuni) 3<br \/>\n35.-36. Mehis <b>Heinsaar<\/b> \u00abKohtumine Taageperas\u00bb (Mehis Heinsaar \u00abVanameeste n\u00e4ppaja\u00bb) 2<br \/>\n35.-36. Mehis <b>Heinsaar<\/b> \u00ab\u00dchel ilusal m\u00e4rtsihommikul\u00bb (Mehis Heinsaar \u00abVanameeste n\u00e4ppaja\u00bb) 2<br \/>\n37.-40. Veiko <b>Belials<\/b> \u00abViimane \u00fclesanne\u00bb (\u00abAlgernon\u00bb 2001; september) 1<br \/>\n37.-40. Mehis <b>Heinsaar<\/b> \u00abPaap ja King-Mees\u00bb (Mehis Heinsaar \u00abVanameeste n\u00e4ppaja\u00bb) 1<br \/>\n37.-40. Juhan <b>Voolaid<\/b> \u00abJ\u00f5mmu\u00bb (\u00abAlgernon\u00bb 2001; juuli) 1<br \/>\n37.-40. Hal <b>X<\/b> \u00abH\u00e4rra Povski jaanip\u00e4ev\u00bb (\u00abAlgernon\u00bb 2001; juuli) 1<br \/>\nMehis <b>Heinsaar<\/b> \u00ab1969\u00bb (Mehis Heinsaar \u00abVanameeste n\u00e4ppaja\u00bb)<br \/>\nMehis <b>Heinsaar<\/b> \u00abKohtumine ajas\u00bb (Mehis Heinsaar \u00abVanameeste n\u00e4ppaja\u00bb)<br \/>\nMehis <b>Heinsaar<\/b> \u00abLetr\u00e4p\u00bb (Mehis Heinsaar \u00abVanameeste n\u00e4ppaja\u00bb)<br \/>\nMehis <b>Heinsaar<\/b> \u00abOliver Helvese lugu\u00bb (Mehis Heinsaar \u00abVanameeste n\u00e4ppaja\u00bb)<br \/>\nMehis <b>Heinsaar<\/b> \u00abP\u00e4evad Lillek\u00fclas\u00bb (Mehis Heinsaar \u00abVanameeste n\u00e4ppaja\u00bb)<br \/>\nMaks <b>Hull<\/b> \u00abS\u00fcnnip\u00e4ev\u00bb (\u00abAlgernon\u00bb 2001; september)<br \/>\nMarcus <b>Kaas<\/b> \u00abElupuu\u00bb (\u00abAlgernon\u00bb 2001; september)<br \/>\nMarcus <b>Kaas<\/b> \u00abKangelaste aeg\u00bb (\u00abAlgernon\u00bb 2001; mai)<br \/>\nMarcus <b>Kaas<\/b> \u00abSaada paremaks\u00bb (\u00abAlgernon\u00bb 2001; juuni)<br \/>\nMarcus <b>Kaas<\/b> \u00ab\u00d6\u00f6 surnud\u00bb (\u00abAlgernon\u00bb 2001; oktoober)<br \/>\nAndrus <b>Kivir\u00e4hk<\/b> \u00abTormine rand\u00bb (\u00abLooming\u00bb 2001; nr. 10 (oktoober))<br \/>\nBirk <b>Loo<\/b> \u00abT\u00e4iuse aeg\u00bb (\u00abAlgernon\u00bb 2001; detsember)<br \/>\nMait <b>Maamees<\/b> \u00abLinnu keeled\u00bb (\u00abAlgernon\u00bb 2001; detsember)<br \/>\nKalju <b>Maapoeg<\/b> \u00abKoer\u00bb (antoloogia \u00abVereta jaht\u00bb)<br \/>\nJan <b>Mortis<\/b> \u00abP\u00fc\u00fcnis\u00bb (\u00abAlgernon\u00bb 2001; mai)<br \/>\nJuhan <b>Paju<\/b> \u00abPalivere peegel\u00bb (\u00abL\u00e4\u00e4ne Elu\u00bb 2001; 11. jaanuar &#8211; 20. jaanuar)<br \/>\nMaria <b>Perner<\/b> \u00abLuba surra\u00bb (\u00abAlgernon\u00bb 2001; jaanuar)<br \/>\nMaria <b>Perner<\/b> \u00abValguse poole\u00bb (antoloogia \u00abVereta jaht\u00bb)<br \/>\nJ\u00fci <b>Piirisild<\/b> \u00abHeinrichi lahkumine\u00bb (antoloogia \u00abVereta jaht\u00bb)<br \/>\nJ\u00fci <b>Piirisild<\/b> \u00abKolumbuse lapsed\u00bb (\u00abAlgernon\u00bb 2001; november)<br \/>\nJ\u00fci <b>Piirisild<\/b> \u00abVastuvoolu\u00bb (\u00abAlgernon\u00bb 2001; veebruar)<br \/>\nJuan <b>Ramirez<\/b> \u00abP\u00f5hjavalgus\u00bb (\u00abAlgernon\u00bb 2001; mai)<br \/>\nKarmo <b>Talts<\/b> \u00abKurja teenritest\u00bb (\u00abAlgernon\u00bb 2001; november)<br \/>\nKarmo <b>Talts<\/b> \u00abN\u00f5nda madala taeva all\u00bb (\u00abAlgernon\u00bb 2001; mai)<br \/>\nAndr\u00e9 <b>Trinity<\/b> \u00abSeaduste Maja\u00bb (\u00abVikerkaar\u00bb 2001; nr. 10)<br \/>\nVeikko <b>Vangonen<\/b> \u00abFata Morgana\u00bb (antoloogia \u00abVereta jaht\u00bb)<\/p>\n<p>Taavi Tuvikene<br \/>\n8. august 2002<\/p>\n<\/div>\n","protected":false},"excerpt":{"rendered":"<p>Eesti Ulme\u00fching andis 2002. aastal Stalkeri v\u00e4lja viiendat korda. Seekord oli auhinnakategooriaid kuus, uuteks kategooriateks olid parim t\u00f5lkeromaan ja parim algup\u00e4rane raamat. Kandideerisid k\u00f5ik 2001. aasta jooksul ilmunud v\u00e4hegi ulmevalda kuuluvad teosed. K\u00fcsitluses osalejad pidid igas kategoorias reastama 5 paremat. &hellip; <a href=\"http:\/\/ulme.ee\/veeb\/?page_id=3757&#038;lang=et\">J\u00e4tka lugemist <span class=\"meta-nav\">&rarr;<\/span><\/a><\/p>\n","protected":false},"author":1,"featured_media":0,"parent":0,"menu_order":0,"comment_status":"closed","ping_status":"closed","template":"","meta":{"footnotes":""},"_links":{"self":[{"href":"http:\/\/ulme.ee\/veeb\/index.php?rest_route=\/wp\/v2\/pages\/3757"}],"collection":[{"href":"http:\/\/ulme.ee\/veeb\/index.php?rest_route=\/wp\/v2\/pages"}],"about":[{"href":"http:\/\/ulme.ee\/veeb\/index.php?rest_route=\/wp\/v2\/types\/page"}],"author":[{"embeddable":true,"href":"http:\/\/ulme.ee\/veeb\/index.php?rest_route=\/wp\/v2\/users\/1"}],"replies":[{"embeddable":true,"href":"http:\/\/ulme.ee\/veeb\/index.php?rest_route=%2Fwp%2Fv2%2Fcomments&post=3757"}],"version-history":[{"count":2,"href":"http:\/\/ulme.ee\/veeb\/index.php?rest_route=\/wp\/v2\/pages\/3757\/revisions"}],"predecessor-version":[{"id":3809,"href":"http:\/\/ulme.ee\/veeb\/index.php?rest_route=\/wp\/v2\/pages\/3757\/revisions\/3809"}],"wp:attachment":[{"href":"http:\/\/ulme.ee\/veeb\/index.php?rest_route=%2Fwp%2Fv2%2Fmedia&parent=3757"}],"curies":[{"name":"wp","href":"https:\/\/api.w.org\/{rel}","templated":true}]}}