{"id":3732,"date":"2016-07-25T16:39:41","date_gmt":"2016-07-25T13:39:41","guid":{"rendered":"http:\/\/esuaxue.havike.eenet.ee\/veeb\/?page_id=3732"},"modified":"2016-07-26T11:45:02","modified_gmt":"2016-07-26T08:45:02","slug":"estcon-2007","status":"publish","type":"page","link":"http:\/\/ulme.ee\/veeb\/?page_id=3732&lang=et","title":{"rendered":"Estcon 2007"},"content":{"rendered":"<div class=\"attribute-short\">\n<p>Ulmef\u00e4nnide iga-aastane kokkutulek <b>Estcon 2007<\/b> toimus 13.\u201315. juuli. Toimumiskohaks<a href=\"http:\/\/www.valgemetsa.eu\/\" target=\"_blank\">Valgemetsa Puhkemaja<\/a>.<\/p>\n<\/div>\n<div class=\"attribute-long\">\n<p>J\u00e4rgneb t\u00e4psem kava:<\/p>\n<table class=\"renderedtable\" border=\"1\" cellspacing=\"0\" cellpadding=\"2\">\n<tbody>\n<tr>\n<td valign=\"top\" width=\"61\">Reede<br \/>\n13. juuli<\/p>\n<p>&nbsp;<\/td>\n<td valign=\"top\" width=\"37\">&nbsp;<\/p>\n<p>18:00<\/p>\n<p>&nbsp;<\/td>\n<td valign=\"top\" width=\"103\">&nbsp;<\/p>\n<p>Estcon 2007 algus<\/p>\n<p>&nbsp;<\/td>\n<td valign=\"top\" width=\"309\">&nbsp;<\/p>\n<p>Saabumine, registreerumine, asjade paigutamine, tutvumine, vaba suhtlus<\/p>\n<p>&nbsp;<\/td>\n<\/tr>\n<tr class=\"bglight\">\n<td valign=\"top\" width=\"61\"><\/td>\n<td valign=\"top\" width=\"37\">&nbsp;<\/p>\n<p>19:30<\/p>\n<p>&nbsp;<\/td>\n<td valign=\"top\" width=\"103\">&nbsp;<\/p>\n<p>ettekanne<\/p>\n<p>&nbsp;<\/td>\n<td valign=\"top\" width=\"309\">&nbsp;<\/p>\n<p>Kirjanikud, keda te pole lugenud ja ilmselt ei loe (esitab: (:) kivisildnik)<\/p>\n<p>&nbsp;<\/td>\n<\/tr>\n<tr class=\"bgdark\">\n<td valign=\"top\" width=\"61\"><\/td>\n<td valign=\"top\" width=\"37\">&nbsp;<\/p>\n<p>21:00<\/p>\n<p>&nbsp;<\/td>\n<td valign=\"top\" width=\"103\">&nbsp;<\/p>\n<p>filmiprogramm<\/p>\n<p>&nbsp;<\/td>\n<td valign=\"top\" width=\"309\"><\/td>\n<\/tr>\n<tr class=\"bglight\">\n<td valign=\"top\" width=\"61\"><\/td>\n<td valign=\"top\" width=\"37\">&nbsp;<\/p>\n<p>21:00<\/p>\n<p>&nbsp;<\/td>\n<td valign=\"top\" width=\"103\">&nbsp;<\/p>\n<p>rollim\u00e4ng<\/p>\n<p>&nbsp;<\/td>\n<td valign=\"top\" width=\"309\">&nbsp;<\/p>\n<p>Samaaegselt filmiprogrammiga toimub rollim\u00e4ng Philip Reeve&#8217;i romaani \u00abSurelikud masinad\u00bb ainetel (veab: Ove Hillep)<\/p>\n<p>&nbsp;<\/td>\n<\/tr>\n<tr class=\"bgdark\">\n<td valign=\"top\" width=\"61\"><\/td>\n<td valign=\"top\" width=\"37\">&nbsp;<\/p>\n<p>22:00<\/p>\n<p>&nbsp;<\/td>\n<td valign=\"top\" width=\"103\">&nbsp;<\/p>\n<p>filmiprogramm<\/p>\n<p>&nbsp;<\/td>\n<td valign=\"top\" width=\"309\"><\/td>\n<\/tr>\n<tr class=\"bglight\">\n<td valign=\"top\" width=\"61\"><\/td>\n<td valign=\"top\" width=\"37\">&nbsp;<\/p>\n<p>22:30<\/p>\n<p>&nbsp;<\/td>\n<td valign=\"top\" width=\"103\">&nbsp;<\/p>\n<p>filmiprogramm<\/p>\n<p>&nbsp;<\/td>\n<td valign=\"top\" width=\"309\"><\/td>\n<\/tr>\n<tr class=\"bgdark\">\n<td valign=\"top\" width=\"61\"><\/td>\n<td valign=\"top\" width=\"37\">&nbsp;<\/p>\n<p>24:00<\/p>\n<p>&nbsp;<\/td>\n<td valign=\"top\" width=\"103\">&nbsp;<\/p>\n<p>filmiprogramm<\/p>\n<p>&nbsp;<\/td>\n<td valign=\"top\" width=\"309\"><\/td>\n<\/tr>\n<tr class=\"bglight\">\n<td valign=\"top\" width=\"61\">&nbsp;<\/p>\n<p>Laup\u00e4ev 14. juuli<\/p>\n<p>&nbsp;<\/td>\n<td valign=\"top\" width=\"37\">&nbsp;<\/p>\n<p>10:00<\/p>\n<p>&nbsp;<\/td>\n<td valign=\"top\" width=\"103\">&nbsp;<\/p>\n<p>hommikus\u00f6\u00f6k<\/p>\n<p>&nbsp;<\/td>\n<td valign=\"top\" width=\"309\">&nbsp;<\/p>\n<p>V\u00f5ileivad, tee ja\/v\u00f5i kohv<\/p>\n<p>&nbsp;<\/td>\n<\/tr>\n<tr class=\"bgdark\">\n<td valign=\"top\" width=\"61\"><\/td>\n<td valign=\"top\" width=\"37\">&nbsp;<\/p>\n<p>12:00<\/p>\n<p>&nbsp;<\/td>\n<td valign=\"top\" width=\"103\">&nbsp;<\/p>\n<p>ettekanne<\/p>\n<p>&nbsp;<\/td>\n<td valign=\"top\" width=\"309\">&nbsp;<\/p>\n<p>Kirjastuste plaanid<\/p>\n<p>&nbsp;<\/td>\n<\/tr>\n<tr class=\"bglight\">\n<td valign=\"top\" width=\"61\"><\/td>\n<td valign=\"top\" width=\"37\">&nbsp;<\/p>\n<p>13:00<\/p>\n<p>&nbsp;<\/td>\n<td valign=\"top\" width=\"103\">&nbsp;<\/p>\n<p>ettekanne<\/p>\n<p>&nbsp;<\/td>\n<td valign=\"top\" width=\"309\">&nbsp;<\/p>\n<p>?<\/p>\n<p>&nbsp;<\/td>\n<\/tr>\n<tr class=\"bgdark\">\n<td valign=\"top\" width=\"61\"><\/td>\n<td valign=\"top\" width=\"37\">&nbsp;<\/p>\n<p>14:00<\/p>\n<p>&nbsp;<\/td>\n<td valign=\"top\" width=\"103\">&nbsp;<\/p>\n<p>l\u00f5unas\u00f6\u00f6k<\/p>\n<p>&nbsp;<\/td>\n<td valign=\"top\" width=\"309\"><\/td>\n<\/tr>\n<tr class=\"bglight\">\n<td valign=\"top\" width=\"61\"><\/td>\n<td valign=\"top\" width=\"37\">&nbsp;<\/p>\n<p>15:00<\/p>\n<p>&nbsp;<\/td>\n<td valign=\"top\" width=\"103\">&nbsp;<\/p>\n<p>vestlusring<\/p>\n<p>&nbsp;<\/td>\n<td valign=\"top\" width=\"309\">&nbsp;<\/p>\n<p>Ulmekirjanduse BAAS \u2013 10 (juhendab: J\u00fcri Kallas)<\/p>\n<p>&nbsp;<\/td>\n<\/tr>\n<tr class=\"bgdark\">\n<td valign=\"top\" width=\"61\"><\/td>\n<td valign=\"top\" width=\"37\">&nbsp;<\/p>\n<p>16:00<\/p>\n<p>&nbsp;<\/td>\n<td valign=\"top\" width=\"103\">&nbsp;<\/p>\n<p>m\u00e4lum\u00e4ng<\/p>\n<p>&nbsp;<\/td>\n<td valign=\"top\" width=\"309\">&nbsp;<\/p>\n<p>Taivo Rist esitab k\u00fcsimusi ja otsustab vastuste \u00f5igsuse \u00fcle<\/p>\n<p>&nbsp;<\/td>\n<\/tr>\n<tr class=\"bglight\">\n<td valign=\"top\" width=\"61\"><\/td>\n<td valign=\"top\" width=\"37\">&nbsp;<\/p>\n<p>18:00<\/p>\n<p>&nbsp;<\/td>\n<td valign=\"top\" width=\"103\">&nbsp;<\/p>\n<p>Stalker 2007<\/p>\n<p>&nbsp;<\/td>\n<td valign=\"top\" width=\"309\">&nbsp;<\/p>\n<p>Kuulutatakse v\u00e4lja tulemused ning kohalolevaid v\u00f5itjaid ka \u00f5nnitletakse ja antakse kuju ja diplom<\/p>\n<p>&nbsp;<\/td>\n<\/tr>\n<tr class=\"bgdark\">\n<td valign=\"top\" width=\"61\"><\/td>\n<td valign=\"top\" width=\"37\">&nbsp;<\/p>\n<p>18:30<\/p>\n<p>&nbsp;<\/td>\n<td valign=\"top\" width=\"103\">&nbsp;<\/p>\n<p>\u00fchispilt<\/p>\n<p>&nbsp;<\/td>\n<td valign=\"top\" width=\"309\">&nbsp;<\/p>\n<p>Kohalolijad seatakse aparaadi ette ja tehakse \u00fchispilt<\/p>\n<p>&nbsp;<\/td>\n<\/tr>\n<tr class=\"bglight\">\n<td valign=\"top\" width=\"61\"><\/td>\n<td valign=\"top\" width=\"37\">&nbsp;<\/p>\n<p>19:00<\/p>\n<p>&nbsp;<\/td>\n<td valign=\"top\" width=\"103\">&nbsp;<\/p>\n<p>vabakava<\/p>\n<p>&nbsp;<\/td>\n<td valign=\"top\" width=\"309\">&nbsp;<\/p>\n<p>Inimesed suhtlevad ning v\u00f5ib esineda ka orgkomitee-poolseid \u00fcllatusi<\/p>\n<p>&nbsp;<\/td>\n<\/tr>\n<tr class=\"bgdark\">\n<td valign=\"top\" width=\"61\"><\/td>\n<td valign=\"top\" width=\"37\">&nbsp;<\/p>\n<p>21:00<\/p>\n<p>&nbsp;<\/td>\n<td valign=\"top\" width=\"103\">&nbsp;<\/p>\n<p>filmiprogramm<\/p>\n<p>&nbsp;<\/td>\n<td valign=\"top\" width=\"309\"><\/td>\n<\/tr>\n<tr class=\"bglight\">\n<td valign=\"top\" width=\"61\"><\/td>\n<td valign=\"top\" width=\"37\">&nbsp;<\/p>\n<p>21:00<\/p>\n<p>&nbsp;<\/td>\n<td valign=\"top\" width=\"103\">&nbsp;<\/p>\n<p>rollim\u00e4ng<\/p>\n<p>&nbsp;<\/td>\n<td valign=\"top\" width=\"309\">&nbsp;<\/p>\n<p>Samaaegselt filmiprogrammiga toimub rollim\u00e4ng Philip Reeve&#8217;i romaani \u00abSurelikud masinad\u00bb ainetel (veab: Ove Hillep)<\/p>\n<p>&nbsp;<\/td>\n<\/tr>\n<tr class=\"bgdark\">\n<td valign=\"top\" width=\"61\"><\/td>\n<td valign=\"top\" width=\"37\">&nbsp;<\/p>\n<p>22:45<\/p>\n<p>&nbsp;<\/td>\n<td valign=\"top\" width=\"103\">&nbsp;<\/p>\n<p>filmiprogramm<\/p>\n<p>&nbsp;<\/td>\n<td valign=\"top\" width=\"309\"><\/td>\n<\/tr>\n<tr class=\"bglight\">\n<td valign=\"top\" width=\"61\"><\/td>\n<td valign=\"top\" width=\"37\">&nbsp;<\/p>\n<p>00:30<\/p>\n<p>&nbsp;<\/td>\n<td valign=\"top\" width=\"103\">&nbsp;<\/p>\n<p>filmiprogramm<\/p>\n<p>&nbsp;<\/td>\n<td valign=\"top\" width=\"309\"><\/td>\n<\/tr>\n<tr class=\"bgdark\">\n<td valign=\"top\" width=\"61\">&nbsp;<\/p>\n<p>P\u00fchap\u00e4ev 15. juuli<\/p>\n<p>&nbsp;<\/td>\n<td valign=\"top\" width=\"37\">&nbsp;<\/p>\n<p>10:00<\/p>\n<p>&nbsp;<\/td>\n<td valign=\"top\" width=\"103\">&nbsp;<\/p>\n<p>hommikus\u00f6\u00f6k<\/p>\n<p>&nbsp;<\/td>\n<td valign=\"top\" width=\"309\">&nbsp;<\/p>\n<p>V\u00f5ileivad, tee ja\/v\u00f5i kohv<\/p>\n<p>&nbsp;<\/td>\n<\/tr>\n<tr class=\"bglight\">\n<td valign=\"top\" width=\"61\"><\/td>\n<td valign=\"top\" width=\"37\">&nbsp;<\/p>\n<p>12:00<\/p>\n<p>&nbsp;<\/td>\n<td valign=\"top\" width=\"103\">&nbsp;<\/p>\n<p>vestlusring<\/p>\n<p>&nbsp;<\/td>\n<td valign=\"top\" width=\"309\">&nbsp;<\/p>\n<p>Veidrused ulmekirjanike elus ja loomingus ning ulmef\u00e4nnide kompleksid (veab: J\u00fcri Kallas)<\/p>\n<p>&nbsp;<\/td>\n<\/tr>\n<tr class=\"bgdark\">\n<td valign=\"top\" width=\"61\"><\/td>\n<td valign=\"top\" width=\"37\">&nbsp;<\/p>\n<p>14:00<\/p>\n<p>&nbsp;<\/td>\n<td valign=\"top\" width=\"103\">&nbsp;<\/p>\n<p>Estcon 2007 l\u00f5petamine<\/p>\n<p>&nbsp;<\/td>\n<td valign=\"top\" width=\"309\">&nbsp;<\/p>\n<p>Asjade kokkupanek ja lahkumine<\/p>\n<p>&nbsp;<\/td>\n<\/tr>\n<\/tbody>\n<\/table>\n<\/div>\n","protected":false},"excerpt":{"rendered":"<p>Ulmef\u00e4nnide iga-aastane kokkutulek Estcon 2007 toimus 13.\u201315. juuli. ToimumiskohaksValgemetsa Puhkemaja. J\u00e4rgneb t\u00e4psem kava: Reede 13. juuli &nbsp; &nbsp; 18:00 &nbsp; &nbsp; Estcon 2007 algus &nbsp; &nbsp; Saabumine, registreerumine, asjade paigutamine, tutvumine, vaba suhtlus &nbsp; &nbsp; 19:30 &nbsp; &nbsp; ettekanne &nbsp; &hellip; <a href=\"http:\/\/ulme.ee\/veeb\/?page_id=3732&#038;lang=et\">J\u00e4tka lugemist <span class=\"meta-nav\">&rarr;<\/span><\/a><\/p>\n","protected":false},"author":1,"featured_media":0,"parent":0,"menu_order":0,"comment_status":"closed","ping_status":"closed","template":"","meta":{"footnotes":""},"_links":{"self":[{"href":"http:\/\/ulme.ee\/veeb\/index.php?rest_route=\/wp\/v2\/pages\/3732"}],"collection":[{"href":"http:\/\/ulme.ee\/veeb\/index.php?rest_route=\/wp\/v2\/pages"}],"about":[{"href":"http:\/\/ulme.ee\/veeb\/index.php?rest_route=\/wp\/v2\/types\/page"}],"author":[{"embeddable":true,"href":"http:\/\/ulme.ee\/veeb\/index.php?rest_route=\/wp\/v2\/users\/1"}],"replies":[{"embeddable":true,"href":"http:\/\/ulme.ee\/veeb\/index.php?rest_route=%2Fwp%2Fv2%2Fcomments&post=3732"}],"version-history":[{"count":2,"href":"http:\/\/ulme.ee\/veeb\/index.php?rest_route=\/wp\/v2\/pages\/3732\/revisions"}],"predecessor-version":[{"id":3845,"href":"http:\/\/ulme.ee\/veeb\/index.php?rest_route=\/wp\/v2\/pages\/3732\/revisions\/3845"}],"wp:attachment":[{"href":"http:\/\/ulme.ee\/veeb\/index.php?rest_route=%2Fwp%2Fv2%2Fmedia&parent=3732"}],"curies":[{"name":"wp","href":"https:\/\/api.w.org\/{rel}","templated":true}]}}