{"id":3730,"date":"2016-07-25T16:39:31","date_gmt":"2016-07-25T13:39:31","guid":{"rendered":"http:\/\/esuaxue.havike.eenet.ee\/veeb\/?page_id=3730"},"modified":"2016-07-26T11:44:20","modified_gmt":"2016-07-26T08:44:20","slug":"estcon-2006","status":"publish","type":"page","link":"http:\/\/ulme.ee\/veeb\/?page_id=3730&lang=et","title":{"rendered":"Estcon 2006"},"content":{"rendered":"<div class=\"attribute-short\">\n<p>28.-30. juulil toimunud Estconil 2006 osales kokku 55 ulmehuvilist, sealhulgas ka 3 naabrit L\u00e4timaalt ja v\u00e4ike salgake pooleks p\u00e4evaks k\u00fclla tulnud huvilisi. Kohaks Saarj\u00e4rve puhkemajaP\u00f5lvamaal, Veriora vallas, Viira k\u00fclas.<\/p>\n<\/div>\n<div class=\"attribute-long\">\n<p>Kogunemine Saarj\u00e4rvel algas reedel, 28. juulil kella 18 paiku. Traditsiooniliselt toimus Stalkerite v\u00e4ljakuulutamine ja filmiprogramm, r\u00e4\u00e4kimata v\u00f5imalusest puhata vabas \u00f5hus ja suhelda meeldivate inimestega..<\/p>\n<p><b>Olud:<\/b> Kokku on 38 magamiskohta, lakamoodi asi, telkimisv\u00f5imalus, saun, j\u00e4rv.<br \/>\nSuures majas kaminasaal ja laudadega saal. Olemasolev varustus- tekid-padjad (linad endal kaasa!), grillvann ja vardad, veekeedukann, pliidid.<\/p>\n<p><b>Osalustasu:<\/b><br \/>\no T\u00e4iskasvanud ulmehuviline 250 kr olenemata magamiskohast (voodi, lakapealne, telk) + s\u00f6\u00f6k<br \/>\no Noor ulmehuviline (12-17 aastane)- 250 kr, kui soovib voodikohta ja 100 kr, kui magab telgis v\u00f5i lakas + s\u00f6\u00f6k<br \/>\no V\u00e4ga noor ulmehuviline (0-11 aastane)- tasuta ilma voodikoha \u00f5iguseta, registreerimine vajalik vaid siis, kui soovib ka s\u00fc\u00fca (s\u00f6\u00f6gi eest muidugi tuleb siis ka tasuda)<\/p>\n<p><b>Toitlustamine:<\/b><\/p>\n<p>Pakume organiseeritult s\u00fc\u00fca laup\u00e4eval hommikul ja l\u00f5unal ning p\u00fchap\u00e4eva hommikul. Kokku: 179.- Muudeks toidukordadeks varustagu iga\u00fcks ennast meelep\u00e4raste s\u00f6\u00f6kide ja jookidega.<br \/>\nToitlustajaks on Tiina K\u00f6\u00f6k (asub Verioral) ja toidud tuuakse Saarj\u00e4rvele.<\/p>\n<p>&nbsp;<\/p>\n<p><b>Registreerimine:<\/b><br \/>\n\u00d5ige pea on v\u00f5imalik registreerida ennast siinsamas ulme.ee-s registreerimisvormil. Registreerimisel m\u00e4rkige \u00e4ra oma voodikoha soov ja soovitud s\u00f6\u00f6gikorrad.<\/p>\n<p><b>Kava<\/b><\/p>\n<table class=\"renderedtable\" border=\"1\" cellspacing=\"0\" cellpadding=\"2\">\n<tbody>\n<tr>\n<td valign=\"top\" width=\"61\">Reede<br \/>\n28. juuli<\/p>\n<p>&nbsp;<\/td>\n<td valign=\"top\" width=\"37\">&nbsp;<\/p>\n<p>18:00<\/p>\n<p>&nbsp;<\/td>\n<td valign=\"top\" width=\"103\">&nbsp;<\/p>\n<p>Estcon 2006 algus<\/p>\n<p>&nbsp;<\/td>\n<td valign=\"top\" width=\"309\">&nbsp;<\/p>\n<p>Saabumine, registreerumine, asjade paigutamine, tutvumine, vaba suhtlus<\/p>\n<p>&nbsp;<\/td>\n<\/tr>\n<tr class=\"bglight\">\n<td valign=\"top\" width=\"61\"><\/td>\n<td valign=\"top\" width=\"37\">&nbsp;<\/p>\n<p>19:30<\/p>\n<p>&nbsp;<\/td>\n<td valign=\"top\" width=\"103\">&nbsp;<\/p>\n<p>vestlusring<\/p>\n<p>&nbsp;<\/td>\n<td valign=\"top\" width=\"309\">&nbsp;<\/p>\n<p>Arvutim\u00e4ngud ja ning nende seos kirjanduse, filmikunsti ja muu meediaga (moderaator: Pronto)<\/p>\n<p>&nbsp;<\/td>\n<\/tr>\n<tr class=\"bgdark\">\n<td valign=\"top\" width=\"61\"><\/td>\n<td valign=\"top\" width=\"37\">&nbsp;<\/p>\n<p>21:00<\/p>\n<p>&nbsp;<\/td>\n<td valign=\"top\" width=\"103\">&nbsp;<\/p>\n<p>filmiprogramm<\/p>\n<p>&nbsp;<\/td>\n<td valign=\"top\" width=\"309\">&nbsp;<\/p>\n<p>The Call of Cthulhu (2005)<\/p>\n<p>&nbsp;<\/td>\n<\/tr>\n<tr class=\"bglight\">\n<td valign=\"top\" width=\"61\"><\/td>\n<td valign=\"top\" width=\"37\">&nbsp;<\/p>\n<p>22:00<\/p>\n<p>&nbsp;<\/td>\n<td valign=\"top\" width=\"103\">&nbsp;<\/p>\n<p>filmiprogramm<\/p>\n<p>&nbsp;<\/td>\n<td valign=\"top\" width=\"309\">&nbsp;<\/p>\n<p>Vanameeste paradiis (2005)<\/p>\n<p>&nbsp;<\/td>\n<\/tr>\n<tr class=\"bgdark\">\n<td valign=\"top\" width=\"61\"><\/td>\n<td valign=\"top\" width=\"37\">&nbsp;<\/p>\n<p>22:30<\/p>\n<p>&nbsp;<\/td>\n<td valign=\"top\" width=\"103\">&nbsp;<\/p>\n<p>filmiprogramm<\/p>\n<p>&nbsp;<\/td>\n<td valign=\"top\" width=\"309\">&nbsp;<\/p>\n<p>Silent Running (1972)<\/p>\n<p>&nbsp;<\/td>\n<\/tr>\n<tr class=\"bglight\">\n<td valign=\"top\" width=\"61\"><\/td>\n<td valign=\"top\" width=\"37\">&nbsp;<\/p>\n<p>24:00<\/p>\n<p>&nbsp;<\/td>\n<td valign=\"top\" width=\"103\">&nbsp;<\/p>\n<p>filmiprogramm<\/p>\n<p>&nbsp;<\/td>\n<td valign=\"top\" width=\"309\">&nbsp;<\/p>\n<p>Sengoku jieitai (1979)<\/p>\n<p>&nbsp;<\/td>\n<\/tr>\n<tr class=\"bgdark\">\n<td valign=\"top\" width=\"61\">&nbsp;<\/p>\n<p>Laup\u00e4ev 29. juuli<\/p>\n<p>&nbsp;<\/td>\n<td valign=\"top\" width=\"37\">&nbsp;<\/p>\n<p>11:00<\/p>\n<p>&nbsp;<\/td>\n<td valign=\"top\" width=\"103\">&nbsp;<\/p>\n<p>hommikus\u00f6\u00f6k<\/p>\n<p>&nbsp;<\/td>\n<td valign=\"top\" width=\"309\">&nbsp;<\/p>\n<p>Suitsubroilerit\u00e4idisega pannkoogid, kodused lihapirukad (2tk), toorsalat, kohv (2 tassi)<\/p>\n<p>&nbsp;<\/td>\n<\/tr>\n<tr class=\"bglight\">\n<td valign=\"top\" width=\"61\"><\/td>\n<td valign=\"top\" width=\"37\">&nbsp;<\/p>\n<p>12:30<\/p>\n<p>&nbsp;<\/td>\n<td valign=\"top\" width=\"103\">&nbsp;<\/p>\n<p>ettekanne<\/p>\n<p>&nbsp;<\/td>\n<td valign=\"top\" width=\"309\">&nbsp;<\/p>\n<p>Kirjastuste plaanid<\/p>\n<p>&nbsp;<\/td>\n<\/tr>\n<tr class=\"bgdark\">\n<td valign=\"top\" width=\"61\"><\/td>\n<td valign=\"top\" width=\"37\">&nbsp;<\/p>\n<p>13:00<\/p>\n<p>&nbsp;<\/td>\n<td valign=\"top\" width=\"103\">&nbsp;<\/p>\n<p>ettekanne<\/p>\n<p>&nbsp;<\/td>\n<td valign=\"top\" width=\"309\">&nbsp;<\/p>\n<p>Veiko Belials \u00abPoeesia ulmes\u00bb<\/p>\n<p>&nbsp;<\/td>\n<\/tr>\n<tr class=\"bglight\">\n<td valign=\"top\" width=\"61\"><\/td>\n<td valign=\"top\" width=\"37\">&nbsp;<\/p>\n<p>14:00<\/p>\n<p>&nbsp;<\/td>\n<td valign=\"top\" width=\"103\">&nbsp;<\/p>\n<p>ettekanne<\/p>\n<p>&nbsp;<\/td>\n<td valign=\"top\" width=\"309\">&nbsp;<\/p>\n<p>Taivo Rist \u00abMida tudengid teavad ulmest\u00bb<\/p>\n<p>&nbsp;<\/td>\n<\/tr>\n<tr class=\"bgdark\">\n<td valign=\"top\" width=\"61\"><\/td>\n<td valign=\"top\" width=\"37\">&nbsp;<\/p>\n<p>15:00<\/p>\n<p>&nbsp;<\/td>\n<td valign=\"top\" width=\"103\">&nbsp;<\/p>\n<p>ettekanne<\/p>\n<p>&nbsp;<\/td>\n<td valign=\"top\" width=\"309\">&nbsp;<\/p>\n<p>Kristjan Sander \u00abUlmekirjandusest agnostiku pilgu l\u00e4bi\u00bb<\/p>\n<p>&nbsp;<\/td>\n<\/tr>\n<tr class=\"bglight\">\n<td valign=\"top\" width=\"61\"><\/td>\n<td valign=\"top\" width=\"37\">&nbsp;<\/p>\n<p>16:00<\/p>\n<p>&nbsp;<\/td>\n<td valign=\"top\" width=\"103\">&nbsp;<\/p>\n<p>l\u00f5unas\u00f6\u00f6k<\/p>\n<p>&nbsp;<\/td>\n<td valign=\"top\" width=\"309\">&nbsp;<\/p>\n<p>Broilerifilee valgeveinikastmes, seljanka, mahl<\/p>\n<p>&nbsp;<\/td>\n<\/tr>\n<tr class=\"bgdark\">\n<td valign=\"top\" width=\"61\"><\/td>\n<td valign=\"top\" width=\"37\">&nbsp;<\/p>\n<p>18:00<\/p>\n<p>&nbsp;<\/td>\n<td valign=\"top\" width=\"103\">&nbsp;<\/p>\n<p>vestlusring<\/p>\n<p>&nbsp;<\/td>\n<td valign=\"top\" width=\"309\">&nbsp;<\/p>\n<p>\u00ab\u00d5udne Eesti\u00bb ja \u00f5udus Eestis (moderaator: J\u00fcri Kallas)<\/p>\n<p>&nbsp;<\/td>\n<\/tr>\n<tr class=\"bglight\">\n<td valign=\"top\" width=\"61\"><\/td>\n<td valign=\"top\" width=\"37\">&nbsp;<\/p>\n<p>20:00<\/p>\n<p>&nbsp;<\/td>\n<td valign=\"top\" width=\"103\">&nbsp;<\/p>\n<p>Stalker 2006<\/p>\n<p>&nbsp;<\/td>\n<td valign=\"top\" width=\"309\">&nbsp;<\/p>\n<p>Eesti ulmeauhinna k\u00fcsitlustulemuste teatavaks tegemine, v\u00f5itjate v\u00e4ljakuulutamine ja autasustamine<\/p>\n<p>&nbsp;<\/td>\n<\/tr>\n<tr class=\"bgdark\">\n<td valign=\"top\" width=\"61\"><\/td>\n<td valign=\"top\" width=\"37\">&nbsp;<\/p>\n<p>20:30<\/p>\n<p>&nbsp;<\/td>\n<td valign=\"top\" width=\"103\">&nbsp;<\/p>\n<p>\u00fchispilt<\/p>\n<p>&nbsp;<\/td>\n<td valign=\"top\" width=\"309\">&nbsp;<\/p>\n<p>Traditsioonilise \u00fchispildi tegemise aeg<\/p>\n<p>&nbsp;<\/td>\n<\/tr>\n<tr class=\"bglight\">\n<td valign=\"top\" width=\"61\"><\/td>\n<td valign=\"top\" width=\"37\">&nbsp;<\/p>\n<p>21:00<\/p>\n<p>&nbsp;<\/td>\n<td valign=\"top\" width=\"103\">&nbsp;<\/p>\n<p>filmiprogramm<\/p>\n<p>&nbsp;<\/td>\n<td valign=\"top\" width=\"309\">&nbsp;<\/p>\n<p>Der schweigende Stern (1960)<\/p>\n<p>&nbsp;<\/td>\n<\/tr>\n<tr class=\"bgdark\">\n<td valign=\"top\" width=\"61\"><\/td>\n<td valign=\"top\" width=\"37\">&nbsp;<\/p>\n<p>22:45<\/p>\n<p>&nbsp;<\/td>\n<td valign=\"top\" width=\"103\">&nbsp;<\/p>\n<p>filmiprogramm<\/p>\n<p>&nbsp;<\/td>\n<td valign=\"top\" width=\"309\">&nbsp;<\/p>\n<p>Vampaia hant\u00e2 D (2000)<\/p>\n<p>&nbsp;<\/td>\n<\/tr>\n<tr class=\"bglight\">\n<td valign=\"top\" width=\"61\"><\/td>\n<td valign=\"top\" width=\"37\">&nbsp;<\/p>\n<p>00:30<\/p>\n<p>&nbsp;<\/td>\n<td valign=\"top\" width=\"103\">&nbsp;<\/p>\n<p>filmiprogramm<\/p>\n<p>&nbsp;<\/td>\n<td valign=\"top\" width=\"309\">&nbsp;<\/p>\n<p>Naechureol siti (2003)<\/p>\n<p>&nbsp;<\/td>\n<\/tr>\n<tr class=\"bgdark\">\n<td valign=\"top\" width=\"61\">&nbsp;<\/p>\n<p>P\u00fchap\u00e4ev 30. juuli<\/p>\n<p>&nbsp;<\/td>\n<td valign=\"top\" width=\"37\">&nbsp;<\/p>\n<p>11:00<\/p>\n<p>&nbsp;<\/td>\n<td valign=\"top\" width=\"103\">&nbsp;<\/p>\n<p>hommikus\u00f6\u00f6k<\/p>\n<p>&nbsp;<\/td>\n<td valign=\"top\" width=\"309\">&nbsp;<\/p>\n<p>Mulgipuder, lusikapannkoogid moosiga, kohv (2 tassi)<\/p>\n<p>&nbsp;<\/td>\n<\/tr>\n<tr class=\"bglight\">\n<td valign=\"top\" width=\"61\"><\/td>\n<td valign=\"top\" width=\"37\">&nbsp;<\/p>\n<p>12:30<\/p>\n<p>&nbsp;<\/td>\n<td valign=\"top\" width=\"103\">&nbsp;<\/p>\n<p>ettekanne<\/p>\n<p>&nbsp;<\/td>\n<td valign=\"top\" width=\"309\">&nbsp;<\/p>\n<p>J\u00fcri Kallas \u00ab\u00dclipikad sarjad ulmes\u00bb<\/p>\n<p>&nbsp;<\/td>\n<\/tr>\n<tr class=\"bgdark\">\n<td valign=\"top\" width=\"61\"><\/td>\n<td valign=\"top\" width=\"37\">&nbsp;<\/p>\n<p>14:00<\/p>\n<p>&nbsp;<\/td>\n<td valign=\"top\" width=\"103\">&nbsp;<\/p>\n<p>Estcon 2006 l\u00f5petamine<\/p>\n<p>&nbsp;<\/td>\n<td valign=\"top\" width=\"309\">&nbsp;<\/p>\n<p>Asjade kokkupanek ja lahkumine<\/td>\n<\/tr>\n<\/tbody>\n<\/table>\n<p>&nbsp;<\/p>\n<\/div>\n","protected":false},"excerpt":{"rendered":"<p>28.-30. juulil toimunud Estconil 2006 osales kokku 55 ulmehuvilist, sealhulgas ka 3 naabrit L\u00e4timaalt ja v\u00e4ike salgake pooleks p\u00e4evaks k\u00fclla tulnud huvilisi. Kohaks Saarj\u00e4rve puhkemajaP\u00f5lvamaal, Veriora vallas, Viira k\u00fclas. Kogunemine Saarj\u00e4rvel algas reedel, 28. juulil kella 18 paiku. Traditsiooniliselt toimus &hellip; <a href=\"http:\/\/ulme.ee\/veeb\/?page_id=3730&#038;lang=et\">J\u00e4tka lugemist <span class=\"meta-nav\">&rarr;<\/span><\/a><\/p>\n","protected":false},"author":1,"featured_media":0,"parent":0,"menu_order":0,"comment_status":"closed","ping_status":"closed","template":"","meta":{"footnotes":""},"_links":{"self":[{"href":"http:\/\/ulme.ee\/veeb\/index.php?rest_route=\/wp\/v2\/pages\/3730"}],"collection":[{"href":"http:\/\/ulme.ee\/veeb\/index.php?rest_route=\/wp\/v2\/pages"}],"about":[{"href":"http:\/\/ulme.ee\/veeb\/index.php?rest_route=\/wp\/v2\/types\/page"}],"author":[{"embeddable":true,"href":"http:\/\/ulme.ee\/veeb\/index.php?rest_route=\/wp\/v2\/users\/1"}],"replies":[{"embeddable":true,"href":"http:\/\/ulme.ee\/veeb\/index.php?rest_route=%2Fwp%2Fv2%2Fcomments&post=3730"}],"version-history":[{"count":2,"href":"http:\/\/ulme.ee\/veeb\/index.php?rest_route=\/wp\/v2\/pages\/3730\/revisions"}],"predecessor-version":[{"id":3844,"href":"http:\/\/ulme.ee\/veeb\/index.php?rest_route=\/wp\/v2\/pages\/3730\/revisions\/3844"}],"wp:attachment":[{"href":"http:\/\/ulme.ee\/veeb\/index.php?rest_route=%2Fwp%2Fv2%2Fmedia&parent=3730"}],"curies":[{"name":"wp","href":"https:\/\/api.w.org\/{rel}","templated":true}]}}