{"id":1863,"date":"2016-04-22T14:49:05","date_gmt":"2016-04-22T14:49:05","guid":{"rendered":"http:\/\/esuaxue.havike.eenet.ee\/veeb\/?page_id=1863"},"modified":"2016-08-19T12:47:24","modified_gmt":"2016-08-19T09:47:25","slug":"estcon-2001-estcon-esileht-ulme-ee","status":"publish","type":"page","link":"http:\/\/ulme.ee\/veeb\/?page_id=1863&lang=et","title":{"rendered":"Estcon 2001"},"content":{"rendered":"<div class=\"attribute-short\">\n<p>Eesti ulmehuviliste neljas aastakokkutulek Estcon 2001 toimus 14.-15. juulini Aegviidu l\u00e4hedal Mustj\u00f5el.<\/p>\n<\/div>\n<div class=\"attribute-long\">\n<p>Traditsiooniliselt oli kavas mitmed ettekanded, vestlusring, ulmeauhinna Stalker v\u00f5itjate v\u00e4ljakuulutamine ning iseenesest m\u00f5istetavalt f\u00e4nnide omavaheline vaba suhtlus. Auk\u00fclalistena v\u00f5tavad \u00fcritusest osa ulmekirjanik Indrek Hargla ning t\u00f5lkija ja kriitik Juhan Habicht.<\/p>\n<p><b>Eesti ulmehuviliste neljas aastakokkutulek Estcon 2001 toimub laup\u00e4evast p\u00fchap\u00e4evani 14.-15. juulini Aegviidu l\u00e4hedal Mustj\u00f5el. \u00dcles astuvad mitmed ulmekirjanikud, -toimetajad ja -t\u00f5lkijad, osa v\u00f5tma on oodatud aga k\u00f5ik ulmehuvilised.<\/b><\/p>\n<p>Traditsiooniliselt on kavas mitmed ettekanded, vestlusring, ulmeauhinna Stalker v\u00f5itjate v\u00e4ljakuulutamine ning iseenesest m\u00f5istetavalt f\u00e4nnide omavaheline vaba suhtlus. Auk\u00fclalistena v\u00f5tavad \u00fcritusest osa ulmekirjanik Indrek Hargla ning t\u00f5lkija ja kriitik Juhan Habicht.<\/p>\n<p><b>Kogunemine on laup\u00e4eval, 14. juulil kell 12 Aegviidu raudteejaama k\u00f5rval asuva toidupoe parklas.<\/b> Sealt suundutakse Mustj\u00f5e puhkemajja, kus Estcon toimubki. Katuse all \u00f6\u00f6bida soovijail tuleb arvestada 140 krooniga; kes \u00f6\u00f6bivad telgis v\u00f5i j\u00e4\u00e4vad vaid laup\u00e4eva \u00f5htuni, neil tuleb tasuda 120-kroonine osav\u00f5tumaks. Ette makstes on osav\u00f5tutasu 10 krooni v\u00e4iksem.<\/p>\n<p>Laup\u00e4eval on organiseeritud l\u00f5unas\u00f6\u00f6k (50 krooni) ja p\u00fchap\u00e4eval hommikus\u00f6\u00f6k (25 krooni). Soovijail tuleks end registreerida hiljemalt esmasp\u00e4eva, 9. juuli keskp\u00e4evaks. \u00dclej\u00e4\u00e4nud s\u00f6\u00f6k ja jook tuleb endal varuda, seejuures ei maksa Aegviidu poe peale lootma j\u00e4\u00e4da. M\u00f5istlik on kaasa v\u00f5tta grillvorsti, mida saaks \u00f5htu jooksul vardas s\u00e4ristada.<\/p>\n<h2>Kava<\/h2>\n<table class=\"renderedtable\" cellspacing=\"0\" cellpadding=\"2\">\n<tbody>\n<tr>\n<td colspan=\"2\" valign=\"top\"><b>Laup\u00e4ev, 14. juuli<\/b><\/td>\n<\/tr>\n<tr class=\"bglight\">\n<td valign=\"top\" width=\"15%\"><b>12.00-12.30<\/b><\/td>\n<td valign=\"top\">Kogunemine Aegviidus, toidu- ja joogivarude t\u00e4iendamine kohalikus poes<\/td>\n<\/tr>\n<tr class=\"bgdark\">\n<td valign=\"top\"><b>12.30-13.00<\/b><\/td>\n<td valign=\"top\">S\u00f5it Mustj\u00f5ele<\/td>\n<\/tr>\n<tr class=\"bglight\">\n<td valign=\"top\"><b>13.00-14.00<\/b><\/td>\n<td valign=\"top\">Registreerimine, majutamine, tutvumine<\/td>\n<\/tr>\n<tr class=\"bgdark\">\n<td valign=\"top\"><b>14.00-15.30<\/b><\/td>\n<td valign=\"top\">Kirjastamise-t\u00f5lkimise teemaline vestlusring. Kindlasti astuvad \u00fcles Eva Luts (Fantaasia), Mario Kivistik (Salas\u00f5na) ja J\u00fcri Kallas (T\u00e4nap\u00e4ev), t\u00f5en\u00e4oliselt ka Krista Kaer (Varrak). Kirjastuste toimetajad tutvustavad oma kirjastustes ilmunud ja ilmuvaid ulmeraamatuid, huvilistel on v\u00f5imalik neile k\u00fcsimusi esitada.<\/td>\n<\/tr>\n<tr class=\"bglight\">\n<td valign=\"top\"><b>15.30-16.00<\/b><\/td>\n<td valign=\"top\">Juhan Habicht r\u00e4\u00e4gib k\u00fcberpungist.<\/td>\n<\/tr>\n<tr class=\"bgdark\">\n<td valign=\"top\"><b>16.00-18.00<\/b><\/td>\n<td valign=\"top\">L\u00f5unas\u00f6\u00f6k, v\u00f5imalus vestluseks, raamatute vahetamiseks jmt.<\/td>\n<\/tr>\n<tr class=\"bglight\">\n<td valign=\"top\"><b>18.00-20.00<\/b><\/td>\n<td valign=\"top\">Vestlusring: &#8220;Auk\u00fclalised, v\u00e4lisk\u00fclalised, auhinnad meil ja mujal. Estconi ja Stalkeri tulevik &#8212; mida soovib publik?&#8221;<\/td>\n<\/tr>\n<tr class=\"bgdark\">\n<td valign=\"top\"><b>20.00-20.30<\/b><\/td>\n<td valign=\"top\">Stalker 2001 gala: Eesti ulmeauhinna k\u00fcsitlustulemuste teatavaks tegemine, v\u00f5itjate v\u00e4ljakuulutamine ja autasustamine.<\/td>\n<\/tr>\n<tr class=\"bglight\">\n<td valign=\"top\"><b>20.30-21.00<\/b><\/td>\n<td valign=\"top\">Pildistamine<\/td>\n<\/tr>\n<tr class=\"bgdark\">\n<td valign=\"top\"><b>21.00-24.00<\/b><\/td>\n<td valign=\"top\">V\u00f5imalus k\u00e4ia saunas, keha kinnitada (vorste grillida), omavahel suhelda, raamatuid osta, m\u00fc\u00fca, vahetada.<\/td>\n<\/tr>\n<tr class=\"bglight\">\n<td valign=\"top\"><b>24.00-01.00<\/b><\/td>\n<td valign=\"top\">Ulmekirjanik Indrek Hargla r\u00e4\u00e4gib oma loomeplaanidest, enda ja ulmekirjanduse suhetest.<\/td>\n<\/tr>\n<tr class=\"bgdark\">\n<td valign=\"top\"><b>01.00-&#8230;<\/b><\/td>\n<td valign=\"top\">Unetute vabakava<\/td>\n<\/tr>\n<tr class=\"bglight\">\n<td colspan=\"2\" valign=\"top\"><b>P\u00fchap\u00e4ev, 15. juuli<\/b><\/td>\n<\/tr>\n<tr class=\"bgdark\">\n<td valign=\"top\"><b>10.00-11.00<\/b><\/td>\n<td valign=\"top\">\u00c4ratus, hommikus\u00f6\u00f6k.<\/td>\n<\/tr>\n<tr class=\"bglight\">\n<td valign=\"top\"><b>11.00-12.00<\/b><\/td>\n<td valign=\"top\">J\u00fcri Kallas r\u00e4\u00e4gib aurupungist (<i>steampunk<\/i>).<\/td>\n<\/tr>\n<tr class=\"bgdark\">\n<td valign=\"top\"><b>12.00<\/b><\/td>\n<td valign=\"top\">Estcon 2001 ametlik l\u00f5pp<\/td>\n<\/tr>\n<\/tbody>\n<\/table>\n<\/div>\n","protected":false},"excerpt":{"rendered":"<p>Eesti Ulme\u00fchingu portaal <a href=\"http:\/\/ulme.ee\/veeb\/?page_id=1863&#038;lang=et\">J\u00e4tka lugemist <span class=\"meta-nav\">&rarr;<\/span><\/a><\/p>\n","protected":false},"author":1,"featured_media":0,"parent":24,"menu_order":0,"comment_status":"closed","ping_status":"closed","template":"","meta":{"footnotes":""},"_links":{"self":[{"href":"http:\/\/ulme.ee\/veeb\/index.php?rest_route=\/wp\/v2\/pages\/1863"}],"collection":[{"href":"http:\/\/ulme.ee\/veeb\/index.php?rest_route=\/wp\/v2\/pages"}],"about":[{"href":"http:\/\/ulme.ee\/veeb\/index.php?rest_route=\/wp\/v2\/types\/page"}],"author":[{"embeddable":true,"href":"http:\/\/ulme.ee\/veeb\/index.php?rest_route=\/wp\/v2\/users\/1"}],"replies":[{"embeddable":true,"href":"http:\/\/ulme.ee\/veeb\/index.php?rest_route=%2Fwp%2Fv2%2Fcomments&post=1863"}],"version-history":[{"count":5,"href":"http:\/\/ulme.ee\/veeb\/index.php?rest_route=\/wp\/v2\/pages\/1863\/revisions"}],"predecessor-version":[{"id":7791,"href":"http:\/\/ulme.ee\/veeb\/index.php?rest_route=\/wp\/v2\/pages\/1863\/revisions\/7791"}],"up":[{"embeddable":true,"href":"http:\/\/ulme.ee\/veeb\/index.php?rest_route=\/wp\/v2\/pages\/24"}],"wp:attachment":[{"href":"http:\/\/ulme.ee\/veeb\/index.php?rest_route=%2Fwp%2Fv2%2Fmedia&parent=1863"}],"curies":[{"name":"wp","href":"https:\/\/api.w.org\/{rel}","templated":true}]}}