{"id":1793,"date":"2016-03-10T16:17:48","date_gmt":"2016-03-10T14:17:48","guid":{"rendered":"http:\/\/esuaxue.havike.eenet.ee\/veeb\/?page_id=1793"},"modified":"2021-03-23T16:45:51","modified_gmt":"2021-03-23T14:45:51","slug":"liikmeks-astumine","status":"publish","type":"page","link":"http:\/\/ulme.ee\/veeb\/?page_id=1793&lang=et","title":{"rendered":"Liikmetele ja liikmeks astujatele"},"content":{"rendered":"<div class=\"attribute-short\">\n<p><strong>Liikmemaksu maksmine:<br \/>\n<\/strong>Alates aastast 2021 on liikmemaksuks <strong>20.- eurot aastas<\/strong>.<strong><br \/>\n<\/strong>Saaja: <strong>MT\u00dc Eesti Ulme\u00fching<br \/>\n<\/strong>Arvelduskonto Swedbankis: <strong>EE422200221014406123<br \/>\n<\/strong>Selgitustesse kirjutada kelle eest ja mis aasta liikmemaks maksti.<\/p>\n<p><strong>Liikmeks astumine:<\/strong> tuleb esitada <a href=\"http:\/\/ulme.ee\/veeb\/wp-content\/uploads\/2016\/03\/Liikmeksastumise-avaldus.docx\">Liikmeks astumise avaldus\u00a0<\/a>Wordi formaadis &#8211; t\u00f5mba see enda arvutisse, t\u00e4ienda ja allkirjasta digitaalselt ning saada seej\u00e4rel kontaktmeiliaadressile. Tasuda tuleb ka <a href=\"http:\/\/ulme.ee\/veeb\/?page_id=10204&amp;lang=et\">liikmemaks<\/a>.<\/p>\n<p>Liikmeks astumise avaldusel peavad olema sinu kontaktandmed, et saaksime sind teavitada Ulme\u00fchingu aastakoosolekust, kus valitakse juhatus ja kinnitatakse majandusaasta aruanne.<\/p>\n<\/div>\n<div class=\"attribute-long\">\n<p>Ulme\u00fchingu kontaktmeiliaadress on<strong> <i>juhatus(at)ulme.ee<\/i><\/strong><\/p>\n<\/div>\n","protected":false},"excerpt":{"rendered":"<p>Liikmemaksu maksmine: Alates aastast 2021 on liikmemaksuks 20.- eurot aastas. Saaja: MT\u00dc Eesti Ulme\u00fching Arvelduskonto Swedbankis: EE422200221014406123 Selgitustesse kirjutada kelle eest ja mis aasta liikmemaks maksti. Liikmeks astumine: tuleb esitada Liikmeks astumise avaldus\u00a0Wordi formaadis &#8211; t\u00f5mba see enda arvutisse, t\u00e4ienda &hellip; <a href=\"http:\/\/ulme.ee\/veeb\/?page_id=1793&#038;lang=et\">J\u00e4tka lugemist <span class=\"meta-nav\">&rarr;<\/span><\/a><\/p>\n","protected":false},"author":1,"featured_media":0,"parent":16,"menu_order":0,"comment_status":"closed","ping_status":"closed","template":"","meta":{"footnotes":""},"_links":{"self":[{"href":"http:\/\/ulme.ee\/veeb\/index.php?rest_route=\/wp\/v2\/pages\/1793"}],"collection":[{"href":"http:\/\/ulme.ee\/veeb\/index.php?rest_route=\/wp\/v2\/pages"}],"about":[{"href":"http:\/\/ulme.ee\/veeb\/index.php?rest_route=\/wp\/v2\/types\/page"}],"author":[{"embeddable":true,"href":"http:\/\/ulme.ee\/veeb\/index.php?rest_route=\/wp\/v2\/users\/1"}],"replies":[{"embeddable":true,"href":"http:\/\/ulme.ee\/veeb\/index.php?rest_route=%2Fwp%2Fv2%2Fcomments&post=1793"}],"version-history":[{"count":12,"href":"http:\/\/ulme.ee\/veeb\/index.php?rest_route=\/wp\/v2\/pages\/1793\/revisions"}],"predecessor-version":[{"id":10212,"href":"http:\/\/ulme.ee\/veeb\/index.php?rest_route=\/wp\/v2\/pages\/1793\/revisions\/10212"}],"up":[{"embeddable":true,"href":"http:\/\/ulme.ee\/veeb\/index.php?rest_route=\/wp\/v2\/pages\/16"}],"wp:attachment":[{"href":"http:\/\/ulme.ee\/veeb\/index.php?rest_route=%2Fwp%2Fv2%2Fmedia&parent=1793"}],"curies":[{"name":"wp","href":"https:\/\/api.w.org\/{rel}","templated":true}]}}