{"id":1785,"date":"2016-03-10T16:06:47","date_gmt":"2016-03-10T14:06:47","guid":{"rendered":"http:\/\/esuaxue.havike.eenet.ee\/veeb\/?page_id=1785"},"modified":"2017-01-27T13:13:27","modified_gmt":"2017-01-27T11:13:27","slug":"stalker-2015","status":"publish","type":"page","link":"http:\/\/ulme.ee\/veeb\/?page_id=1785&lang=et","title":{"rendered":"Stalker 2015"},"content":{"rendered":"<div class=\"content-view-line\">\n<div class=\"class-article float-break\">\n<h2><a href=\"http:\/\/ulme.ee\/veeb\/?page_id=1779&amp;lang=et\">Stalker 2015 h\u00e4\u00e4letusnimekiri<\/a><\/h2>\n<div class=\"attribute-short\">\n<p>H\u00e4\u00e4letamiseks tuleb reastada igas kategoorias kolm paremat.<\/p>\n<p>Ei ole kohustust h\u00e4\u00e4letada k\u00f5igis kategooriates \u2013 kui mingis kategoorias ei suuda kolme paremat leida, siis v\u00f5ib selle kategooria vahele j\u00e4tta.<\/p>\n<p>Ei ole m\u00f5tet otsida ja\/v\u00f5i kaaluda mingit absoluutselt parimat, sest aastad pole vennad ning auhinna eesm\u00e4rgiks on m\u00e4\u00e4ratleda m\u00f6\u00f6dunud kalendriaasta parimad.<\/p>\n<p><b>Paremusj\u00e4rjestused tuleb saata meiliaadressil stalker@ulme.ee .<\/b><\/p>\n<p>H\u00e4\u00e4letus algab 1. aprillil 2015 (kell 00.00) ja l\u00f5peb 1. juulil 2015 (kell 24.00)!<\/p>\n<\/div>\n<\/div>\n<\/div>\n<div class=\"content-view-line\">\n<div class=\"class-article float-break\">\n<h2><a href=\"http:\/\/ulme.ee\/veeb\/?page_id=1781&amp;lang=et\">Stalker 2015 tulemused<\/a><\/h2>\n<div class=\"attribute-short\">\n<p>Laup\u00e4eval, 18. juuli p\u00e4rastl\u00f5unal kuulutati J\u00f5gevamaal, Udu talus v\u00e4lja Eesti ulmeauhinna Stalker selleaastased v\u00f5itjad.<\/p>\n<p>Teistkordselt auhinna ajaloos anti v\u00e4lja nn teenete Stalker ja selle sai Mario Kivistik, kelle teeneid maakeelse ulme ees nii kirjastaja ja t\u00f5lkijana peaks teadma ja hindama iga v\u00e4hegi ulmest huvituv isik.<\/p>\n<\/div>\n<\/div>\n<\/div>\n","protected":false},"excerpt":{"rendered":"<p>Stalker 2015 h\u00e4\u00e4letusnimekiri H\u00e4\u00e4letamiseks tuleb reastada igas kategoorias kolm paremat. Ei ole kohustust h\u00e4\u00e4letada k\u00f5igis kategooriates \u2013 kui mingis kategoorias ei suuda kolme paremat leida, siis v\u00f5ib selle kategooria vahele j\u00e4tta. Ei ole m\u00f5tet otsida ja\/v\u00f5i kaaluda mingit absoluutselt parimat, &hellip; <a href=\"http:\/\/ulme.ee\/veeb\/?page_id=1785&#038;lang=et\">J\u00e4tka lugemist <span class=\"meta-nav\">&rarr;<\/span><\/a><\/p>\n","protected":false},"author":1,"featured_media":0,"parent":104,"menu_order":0,"comment_status":"closed","ping_status":"closed","template":"","meta":{"footnotes":""},"_links":{"self":[{"href":"http:\/\/ulme.ee\/veeb\/index.php?rest_route=\/wp\/v2\/pages\/1785"}],"collection":[{"href":"http:\/\/ulme.ee\/veeb\/index.php?rest_route=\/wp\/v2\/pages"}],"about":[{"href":"http:\/\/ulme.ee\/veeb\/index.php?rest_route=\/wp\/v2\/types\/page"}],"author":[{"embeddable":true,"href":"http:\/\/ulme.ee\/veeb\/index.php?rest_route=\/wp\/v2\/users\/1"}],"replies":[{"embeddable":true,"href":"http:\/\/ulme.ee\/veeb\/index.php?rest_route=%2Fwp%2Fv2%2Fcomments&post=1785"}],"version-history":[{"count":3,"href":"http:\/\/ulme.ee\/veeb\/index.php?rest_route=\/wp\/v2\/pages\/1785\/revisions"}],"predecessor-version":[{"id":8212,"href":"http:\/\/ulme.ee\/veeb\/index.php?rest_route=\/wp\/v2\/pages\/1785\/revisions\/8212"}],"up":[{"embeddable":true,"href":"http:\/\/ulme.ee\/veeb\/index.php?rest_route=\/wp\/v2\/pages\/104"}],"wp:attachment":[{"href":"http:\/\/ulme.ee\/veeb\/index.php?rest_route=%2Fwp%2Fv2%2Fmedia&parent=1785"}],"curies":[{"name":"wp","href":"https:\/\/api.w.org\/{rel}","templated":true}]}}