{"id":11680,"date":"2025-05-04T08:51:46","date_gmt":"2025-05-04T05:51:46","guid":{"rendered":"http:\/\/ulme.ee\/veeb\/?page_id=11680"},"modified":"2025-05-04T08:51:46","modified_gmt":"2025-05-04T05:51:46","slug":"navigaator-pirx-2025","status":"publish","type":"page","link":"http:\/\/ulme.ee\/veeb\/?page_id=11680&lang=et","title":{"rendered":"Navigaator Pirx 2025"},"content":{"rendered":"\n<p>Eesti Ulme\u00fching ja Haapsalu \u00d5udusfilmide Festival annavad koost\u00f6\u00f6 Poola saatkonnaga alates 2021. aastast v\u00e4lja\u00a0<a href=\"http:\/\/ulme.ee\/veeb\/?page_id=10391&amp;lang=et\">parima ulmefilmi auhinda Navigaator Pirx<\/a>, et p\u00f6\u00f6rata rohkem t\u00e4helepanu teadusulmele.<\/p>\n\n\n\n<p>2025. aasta v\u00f5itja oli <strong>Pavlo Ostrikovi<\/strong> (Ulraina) film<strong> &#8220;Minu Universum&#8221; (&#8220;U Are vthe Universe&#8221;)<\/strong>.<\/p>\n\n\n\n<p><\/p>\n\n\n\n<p class=\"has-text-align-center\"><img loading=\"lazy\" decoding=\"async\" width=\"600\" height=\"424\" class=\"wp-image-11681\" style=\"width: 600px;\" src=\"http:\/\/ulme.ee\/veeb\/wp-content\/uploads\/2025\/05\/pavlo.jpg\" alt=\"\" srcset=\"http:\/\/ulme.ee\/veeb\/wp-content\/uploads\/2025\/05\/pavlo.jpg 909w, http:\/\/ulme.ee\/veeb\/wp-content\/uploads\/2025\/05\/pavlo-300x212.jpg 300w, http:\/\/ulme.ee\/veeb\/wp-content\/uploads\/2025\/05\/pavlo-768x542.jpg 768w\" sizes=\"(max-width: 600px) 100vw, 600px\" \/><\/p>\n\n\n\n<p class=\"has-text-align-left\">Film oli \u00fchtaegu argine ja ulmeline, t\u00e4iesti inimlik ja kohutavalt ebainimlik, p\u00f6\u00f6rase huumoriga\u00a0ja samas traagiline, m\u00e4ngides k\u00f5ikidel\u00a0emotsioonide registritel. Lisaks meisterlik n\u00e4itlejat\u00f6\u00f6. K\u00f5ik need komponendid\u00a0koos tagasid suurep\u00e4rase filmi, mis ei j\u00e4ta k\u00fclmaks.<\/p>\n\n\n\n<p>\u017d\u00fcriisse kuulusid Veiko Belials, Ene Kallas, J\u00fcri Kallas ja Kalver Tamm.<\/p>\n","protected":false},"excerpt":{"rendered":"<p>Eesti Ulme\u00fching ja Haapsalu \u00d5udusfilmide Festival annavad koost\u00f6\u00f6 Poola saatkonnaga alates 2021. aastast v\u00e4lja\u00a0parima ulmefilmi auhinda Navigaator Pirx, et p\u00f6\u00f6rata rohkem t\u00e4helepanu teadusulmele. 2025. aasta v\u00f5itja oli Pavlo Ostrikovi (Ulraina) film &#8220;Minu Universum&#8221; (&#8220;U Are vthe Universe&#8221;). Film oli \u00fchtaegu &hellip; <a href=\"http:\/\/ulme.ee\/veeb\/?page_id=11680&#038;lang=et\">J\u00e4tka lugemist <span class=\"meta-nav\">&rarr;<\/span><\/a><\/p>\n","protected":false},"author":2,"featured_media":0,"parent":0,"menu_order":0,"comment_status":"closed","ping_status":"closed","template":"","meta":{"footnotes":""},"_links":{"self":[{"href":"http:\/\/ulme.ee\/veeb\/index.php?rest_route=\/wp\/v2\/pages\/11680"}],"collection":[{"href":"http:\/\/ulme.ee\/veeb\/index.php?rest_route=\/wp\/v2\/pages"}],"about":[{"href":"http:\/\/ulme.ee\/veeb\/index.php?rest_route=\/wp\/v2\/types\/page"}],"author":[{"embeddable":true,"href":"http:\/\/ulme.ee\/veeb\/index.php?rest_route=\/wp\/v2\/users\/2"}],"replies":[{"embeddable":true,"href":"http:\/\/ulme.ee\/veeb\/index.php?rest_route=%2Fwp%2Fv2%2Fcomments&post=11680"}],"version-history":[{"count":1,"href":"http:\/\/ulme.ee\/veeb\/index.php?rest_route=\/wp\/v2\/pages\/11680\/revisions"}],"predecessor-version":[{"id":11682,"href":"http:\/\/ulme.ee\/veeb\/index.php?rest_route=\/wp\/v2\/pages\/11680\/revisions\/11682"}],"wp:attachment":[{"href":"http:\/\/ulme.ee\/veeb\/index.php?rest_route=%2Fwp%2Fv2%2Fmedia&parent=11680"}],"curies":[{"name":"wp","href":"https:\/\/api.w.org\/{rel}","templated":true}]}}