{"id":11676,"date":"2025-04-30T22:44:12","date_gmt":"2025-04-30T19:44:12","guid":{"rendered":"http:\/\/ulme.ee\/veeb\/?page_id=11676"},"modified":"2025-04-30T22:44:12","modified_gmt":"2025-04-30T19:44:12","slug":"stalker-2025-2","status":"publish","type":"page","link":"http:\/\/ulme.ee\/veeb\/?page_id=11676&lang=et","title":{"rendered":"Stalker 2025"},"content":{"rendered":"\n<p>Eesti Ulme\u00fching kuulutab v\u00e4lja ulmeauhinna Stalker 2025 l\u00f5pph\u00e4\u00e4letuse eelmisel aastal ilmunud ulmeteoste p\u00f5hjal. H\u00e4\u00e4letamiseks tuleb reastada kategooria kolm paremat.<br>Ei ole kohustust h\u00e4\u00e4letada k\u00f5igis kategooriates \u2013 kui mingis kategoorias ei suuda kolme paremat leida, siis v\u00f5ib selle kategooria vahele j\u00e4tta.<\/p>\n\n\n\n<p>Paremusj\u00e4rjestused tuleb reastada vastavas\u00a0<a href=\"https:\/\/docs.google.com\/forms\/u\/0\/d\/e\/1FAIpQLSf7aigJiu6Kf57pVZXOCiayv09gLJCC7iJ_fzbQAcWdmt97Bg\/formResponse\">h\u00e4\u00e4letuskeskkonnas.<\/a><br>H\u00e4\u00e4letus algab 1. mail 2025 ja l\u00f5peb 11. juulil 2025 kell 23.59<\/p>\n","protected":false},"excerpt":{"rendered":"<p>Eesti Ulme\u00fching kuulutab v\u00e4lja ulmeauhinna Stalker 2025 l\u00f5pph\u00e4\u00e4letuse eelmisel aastal ilmunud ulmeteoste p\u00f5hjal. H\u00e4\u00e4letamiseks tuleb reastada kategooria kolm paremat.Ei ole kohustust h\u00e4\u00e4letada k\u00f5igis kategooriates \u2013 kui mingis kategoorias ei suuda kolme paremat leida, siis v\u00f5ib selle kategooria vahele j\u00e4tta. Paremusj\u00e4rjestused &hellip; <a href=\"http:\/\/ulme.ee\/veeb\/?page_id=11676&#038;lang=et\">J\u00e4tka lugemist <span class=\"meta-nav\">&rarr;<\/span><\/a><\/p>\n","protected":false},"author":2,"featured_media":0,"parent":0,"menu_order":0,"comment_status":"closed","ping_status":"closed","template":"","meta":{"footnotes":""},"_links":{"self":[{"href":"http:\/\/ulme.ee\/veeb\/index.php?rest_route=\/wp\/v2\/pages\/11676"}],"collection":[{"href":"http:\/\/ulme.ee\/veeb\/index.php?rest_route=\/wp\/v2\/pages"}],"about":[{"href":"http:\/\/ulme.ee\/veeb\/index.php?rest_route=\/wp\/v2\/types\/page"}],"author":[{"embeddable":true,"href":"http:\/\/ulme.ee\/veeb\/index.php?rest_route=\/wp\/v2\/users\/2"}],"replies":[{"embeddable":true,"href":"http:\/\/ulme.ee\/veeb\/index.php?rest_route=%2Fwp%2Fv2%2Fcomments&post=11676"}],"version-history":[{"count":1,"href":"http:\/\/ulme.ee\/veeb\/index.php?rest_route=\/wp\/v2\/pages\/11676\/revisions"}],"predecessor-version":[{"id":11677,"href":"http:\/\/ulme.ee\/veeb\/index.php?rest_route=\/wp\/v2\/pages\/11676\/revisions\/11677"}],"wp:attachment":[{"href":"http:\/\/ulme.ee\/veeb\/index.php?rest_route=%2Fwp%2Fv2%2Fmedia&parent=11676"}],"curies":[{"name":"wp","href":"https:\/\/api.w.org\/{rel}","templated":true}]}}