{"id":11667,"date":"2025-04-30T22:31:49","date_gmt":"2025-04-30T19:31:49","guid":{"rendered":"http:\/\/ulme.ee\/veeb\/?page_id=11667"},"modified":"2025-04-30T22:31:49","modified_gmt":"2025-04-30T19:31:49","slug":"stalker-2025-nimekiri","status":"publish","type":"page","link":"http:\/\/ulme.ee\/veeb\/?page_id=11667&lang=et","title":{"rendered":"Stalker 2025 nimekiri"},"content":{"rendered":"\n<h2 class=\"wp-block-heading\"><strong>Parim t\u00f5lkeromaan<\/strong><\/h2>\n\n\n\n<p><strong>Margaret Atwood<\/strong> \u00abMaddAddam\u00bb. Varrak. T\u00f5lkija Riina Jesmin<br><strong>Paolo Bacigalupi <\/strong>\u00abS\u00f5jarelv\u00bb. Fantaasia. T\u00f5lkija Triin Loide<br><strong>Quan Barry<\/strong> \u00abKui mind enam ei ole, otsi idast\u00bb. Rahva Raamat. T\u00f5lkija Elina Anderson<br><strong>Andrei Bel\u00f5i<\/strong> \u00abPeterburi\u00bb. Ilmamaa. T\u00f5lkija Erle N\u00f5mm<br><strong>Arthur C. Clarke; Stephen Baxter<\/strong> \u00abAjaod\u00fcsseia I: Aja silm\u00bb. Fantaasia. T\u00f5lkija Martin Kirotar<br><strong>Arthur C. Clarke; Stephen Baxter<\/strong> \u00abAjaod\u00fcsseia II: P\u00e4ikesetorm\u00bb. Fantaasia. T\u00f5lkija Martin Kirotar<br><strong>Michel Houellebecq<\/strong> \u00abH\u00e4ving\u00bb. Varrak. T\u00f5lkija Triinu Tamm<br><strong>Richard Kadrey<\/strong> \u00abK\u00f5hn Uneliivamees\u00bb. Fantaasia. T\u00f5lkija Ats Miller<br><strong>Stephen King<\/strong> \u00abMuinasjutt\u00bb. Fantaasia. T\u00f5lkija Jay Skaidrins<br><strong>Karl Ove Knausg\u00e5rd <\/strong>\u00abIgaviku metsa hundid\u00bb. Varrak. T\u00f5lkija Sigrid Tooming<br><strong>Emily St. John Mandel<\/strong> \u00abVaikuse meri\u00bb. Varrak. T\u00f5lkija Triin Tael<br><strong>Sandra Newman<\/strong> \u00abJulia\u00bb. Rahva Raamat. T\u00f5lkija Triin Tael<br><strong>Ivan Philippov<\/strong> \u00abHiir\u00bb. Sinisukk. T\u00f5lkija Matti Piirimaa<br><strong>Kim Stanley Robinson<\/strong> \u00abTulevikuministeerium\u00bb. Aegraja Kirjastus. T\u00f5lkija Kristjan-Jaak R\u00e4tsep<br><strong>Andrzej Sapkowski<\/strong> \u00abN\u00f5idur III. Tuleproov\u00bb. Varrak. T\u00f5lkija Margus Alver<br><strong>Irene Sola<\/strong> \u00abMina laulan ja m\u00e4gi tantsib\u00bb. Varrak. T\u00f5lkija Maria Kall<br><strong>A.F. Steadman<\/strong> \u00abSkandar ja Kaose katsed\u00bb. Varrak. T\u00f5lkija Kristina Uluots<br><strong>Roger Zelazny; Jane Lindskold<\/strong> \u00abLord Deemon\u00bb. Fantaasia. T\u00f5lkija Henrik Habicht<br><strong>Olga Tokarczuk<\/strong> \u00abEmpuusion\u00bb. Hendrik Lindepuu kirjastus. T\u00f5lkija Hendrik Lindepuu<br><strong>Rebecca Yarros<\/strong> \u00abNeljas tiib\u00bb. Helios. T\u00f5lkija Tiina Randus<\/p>\n\n\n\n<h2 class=\"wp-block-heading\"><strong>Parim antoloogia v\u00f5i kogumik<\/strong><\/h2>\n\n\n\n<p><strong>Maria Galina<\/strong> \u00abDagor\u00bb. Skarabeus. Koostaja Arvi Nikkarev<br><strong>K\u00fcbeke elutervet vihkamist.<\/strong> Fantaasia. Koostajad Kalmsten ja K\u00e4\u00e4ramees<br><strong>Toivo Laan <\/strong>\u00abTondilood\u00bb. Toivo Laan<br><strong>Ursula K. Le Guin<\/strong> \u00abMaailma s\u00fcnnip\u00e4ev\u00bb. Fantaasia<br><strong>Libakass.<\/strong> Lummur. Koostajad Jana Raidma ja Joel Jans<br><strong>Jaagup Mahkra<\/strong> \u00abMust vend\u00bb. Lummur<br><strong>George R.R. Martin<\/strong> \u00abTuhande Maailma lood\u00bb. Fantaasia. Koostaja Raul Sulbi<br><strong>P\u00f5hja konn.<\/strong> Eesti fantaasiakirjanduse antoloogia. Viiking. Koostaja Raul Sulbi<br><strong>Tiit Tarlap<\/strong> \u00abTiidu duubel\u00bb. Hea Tegu. Koostajad Ene Michelis, Jaan Krinal<br><strong>Siim Veskimees<\/strong> \u00abInimesed, jumalad ja deemonid\u00bb. Fantaasia<br><strong>Heinrich Weinberg<\/strong> \u00abMitmekihilisem\u00bb. Lummur<\/p>\n\n\n\n<h2 class=\"wp-block-heading\"><strong>Parim t\u00f5lkel\u00fchiromaan v\u00f5i \u2013jutustus<\/strong><\/h2>\n\n\n\n<p><strong>Cesar Aira<\/strong> \u00abTondid\u00bb. Salv. T\u00f5lkija Kaisa Ling<br><strong>Maria Galina <\/strong>\u00abDagor\u00bb. Dagor. Skarabeus. T\u00f5lkija Arvi Nikkarev<br><strong>Maria Galina<\/strong> \u00abH\u00fcvasti mu ingel\u00bb. Dagor. Skarabeus. T\u00f5lkija Arvi Nikkarev<br><strong>Maria Galina<\/strong> \u00abPunased hundid, punased haned\u00bb. Dagor. Skarabeus. T\u00f5lkija Arvi Nikkarev<br><strong>Maria Galina<\/strong> \u00abLauto ja k\u00f5ik seesugune\u00bb. Dagor. Skarabeus. T\u00f5lkija Arvi Nikkarev<br><strong>Ursula K. Le Guin<\/strong> \u00abM\u00e4girahva kombed\u00bb. Maailma s\u00fcnnip\u00e4ev. Fantaasia. T\u00f5lkija Triin Loide<br><strong>Ursula K. Le Guin<\/strong> \u00abSeggri juhtum\u00bb. Maailma s\u00fcnnip\u00e4ev. Fantaasia. T\u00f5lkija Jaana Talja<br><strong>Ursula K. Le Guin<\/strong> \u00abMaailma s\u00fcnnip\u00e4ev\u00bb. Maailma s\u00fcnnip\u00e4ev. Fantaasia. T\u00f5lkija Triin Loide<br><strong>Ursula K. Le Guin<\/strong> \u00ab\u00dcksildus\u00bb. Maailma s\u00fcnnip\u00e4ev. Fantaasia. T\u00f5lkija Tatjana Peetersoo<br><strong>Ursula K. Le Guin<\/strong> \u00abVana Muusika ja orjatarid\u00bb. Maailma s\u00fcnnip\u00e4ev. Fantaasia. T\u00f5lkija Triin Loide<br><strong>Ursula K. Le Guin<\/strong> \u00abKaotatud paradiisid\u00bb. Maailma s\u00fcnnip\u00e4ev. Fantaasia. T\u00f5lkija Marek Liinev<br><strong>George R.R. Martin<\/strong> \u00abUssikojas\u00bb. Tuhande Maailma lood. Fantaasia. T\u00f5lkija Triin Loide<br><strong>George R.R. Martin<\/strong> \u00abLaul Lyale\u00bb. Tuhande Maailma lood. Fantaasia. T\u00f5lkija Sash Veelma<br><strong>George R.R. Martin, Howard Waldrop<\/strong> \u00abMehed Greywateri jaamast\u00bb. Tuhande Maailma lood. Fantaasia. T\u00f5lkija Rauno P\u00e4rnits<br><strong>George R.R. Martin<\/strong> \u00abK\u00e4rekannid\u00bb. Tuhande Maailma lood. Fantaasia. T\u00f5lkija Sash Veelma<br><strong>George R.R. Martin<\/strong> \u00abT\u00e4henaine\u00bb. Tuhande Maailma lood. Fantaasia. T\u00f5lkija Marek Liinev<br><strong>George R.R. Martin<\/strong> \u00abJa seitse korda \u2013 ei inimest eal!\u00bb. Tuhande Maailma lood. Fantaasia. T\u00f5lkija Sash Veelma<br><strong>George R.R. Martin<\/strong> \u00abLihamaja mees\u00bb. Tuhande Maailma lood. Fantaasia. T\u00f5lkija Triin Loide<br><strong>George R.R. Martin<\/strong> \u00abKlaasist lill\u00bb. Tuhande Maailma lood. Fantaasia. T\u00f5lkija Sash Veelma<br><strong>George R.R. Martin<\/strong> \u00abKatkestus\u00bb. Tuhande Maailma lood. Fantaasia. T\u00f5lkija Seio Saks<br><strong>George R.R. Martin<\/strong> \u00abKivilinn\u00bb. Tuhande Maailma lood. Fantaasia. T\u00f5lkija Seio Saks<br><strong>Martha Wells<\/strong> \u00abAllumatuse protokoll. M\u00f5rtsukboti p\u00e4evikud III\u00bb. Fantaasia. T\u00f5lkija Iris-Barbara Jeletski<br><strong>Martha Wells<\/strong> \u00abV\u00e4ljumisstrateegia. M\u00f5rtsukboti p\u00e4evikud IV\u00bb. Fantaasia. T\u00f5lkija Iris-Barbara Jeletski<\/p>\n\n\n\n<h2 class=\"wp-block-heading\"><strong>Parim t\u00f5lkel\u00fchijutt&nbsp;&nbsp;&nbsp;&nbsp;&nbsp;<\/strong><\/h2>\n\n\n\n<p><strong>Ursula K. Le Guin<\/strong> \u00abT\u00e4iskasvanuks saamine Karhide&#8217;is\u00bb. Maailma s\u00fcnnip\u00e4ev. Fantaasia. T\u00f5lkija Jaana Talja<br><strong>Ursula K. Le Guin <\/strong>\u00abSoovimata armastus\u00bb. Maailma s\u00fcnnip\u00e4ev. Fantaasia. T\u00f5lkija Tatjana Peetersoo<br><strong>Richard Marsh<\/strong> \u00abMalenupud\u00bb. Reaktor, mai 2024. T\u00f5lkija Rauno P\u00e4rnits<br><strong>George R.R. Martin<\/strong> \u00abKoos hommikuga tuleb udulangus\u00bb. Tuhande Maailma lood. Fantaasia. T\u00f5lkija Tatjana Peetersoo<br><strong>George R.R. Martin, George Guthridge<\/strong> \u00abS\u00f5jalaev\u00bb. Tuhande Maailma lood. Fantaasia. T\u00f5lkija Marek Liinev<br><strong>George R.R. Martin<\/strong> \u00abKangelane\u00bb. Tuhande Maailma lood. Fantaasia. T\u00f5lkija Jaana Talja<br><strong>George R.R. Martin<\/strong> \u00abSee tuhast torn\u00bb. Tuhande Maailma lood. Fantaasia. T\u00f5lkija Sash Veelma<br><strong>George R.R. Martin<\/strong> \u00abP\u00f5genejad\u00bb. Tuhande Maailma lood. Fantaasia. T\u00f5lkija Triin Loide<br><strong>George R.R. Martin<\/strong> \u00abKeegi ei lahku New Pittsburgist\u00bb. Tuhande Maailma lood. Fantaasia. T\u00f5lkija Marek Liinev<br><strong>Dimitra Nikolaidou<\/strong> \u00abMaailma mesi ja Vareste Kuninganna\u00bb. Algernon, m\u00e4rts 2024 T\u00f5lkija Triinu Meres ja Kristjan Sander<br><strong>Barry Pain<\/strong> \u00abHall kass\u00bb. Reaktor, august 2024. T\u00f5lkija Silver S\u00e4ra<br><strong>Lawrence Person<\/strong> \u00abP\u00e4\u00e4setee\u00bb. Reaktor, m\u00e4rts 2024. T\u00f5lkija Tormi Ariva<br><strong>Albert Robida<\/strong> \u00abS\u00f5da kahek\u00fcmnendal sajandil\u00bb. Reaktor, juuni 2024. T\u00f5lkija Jay Skaidrins<\/p>\n\n\n\n<h2 class=\"wp-block-heading\"><strong>Parim eesti autori romaan<\/strong><\/h2>\n\n\n\n<p><strong>Marje Ernits<\/strong> \u00abKaheksas maailm\u00bb. Eesti Raamat<br><strong>Koidu V. G. Ferreira <\/strong>\u00abVampiiriniitja Lily saadetakse sundpuhkusele\u00bb. Koitev O\u00dc<br><strong>Kristo Janson, Triinu Meres<\/strong> \u00abDevolutsioon\u00bb. Kiiksuga Kirjastus<br><strong>Taavi Kolk<\/strong> \u00abLoomiskivi saladus ehk euf\u00fc\u00fcsia\u00bb. MadLiterature<br><strong>Joonas Kollo<\/strong> \u00abTilk t\u00f5rva tulevikku\u00bb. Eesti Raamat<br><strong>Meelis Kraft<\/strong> \u00abTiuhkam\u00e4e. Teine raamat\u00bb. Sooroheline<br><strong>Tamur Kusnets<\/strong> \u00abVerihambuline\u00bb. Fantaasia<br><strong>Helga-Johanna Kuusler<\/strong> \u00abJumalate arhiiv\u00bb. Fantaasia<br><strong>Armin K\u00f5om\u00e4gi<\/strong> \u00abTaevas\u00bb. Varrak<br><strong>Mairi Laurik<\/strong> \u00abGrathelia\u00bb. Lummur<br><strong>Krista Logberg<\/strong> \u00abMaagilise maailma vardjad\u00bb. Eesti Raamat<br><strong>Venno Loosaar<\/strong> \u00abMuinasjuttudesse kadunud. Vennad\u00bb.\u00a0<br><strong>Pawel Graf von Mazini<\/strong> \u00abDeath Caf\u00e9\u00bb. Lepp ja Nagel\u00a0<br><strong>Triinu Meres<\/strong> \u00abOmasid ei j\u00e4eta maha\u00bb. Fantaasia<br><strong>Arne Merilaid<\/strong> \u00abPuuinimesed\u00bb. EKSA<br><strong>Reet Sau<\/strong> \u00abAndreas Kakssilm ja lohekoopa saladus\u00bb. Tr\u00fckiviis<br><strong>Tuuli Tolmov<\/strong> \u00abHingede aeg\u00bb. Fantaasia<br><strong>Maniakkide T\u00e4nav \u00ab<\/strong>Muinaskuningas #1. Manatar\u00bb. Lummur<br><strong>Peeter W\u00f5rk<\/strong> \u00abAlex Globin. Poolsaar\u00bb. PW Partners O\u00dc<\/p>\n\n\n\n<h2 class=\"wp-block-heading\"><strong>Parim eesti autori l\u00fchiromaan v\u00f5i jutustus<\/strong><\/h2>\n\n\n\n<p><strong>Miikael Jekimov<\/strong> \u00abL\u00e4bil\u00f5igatud niidid\u00bb. K\u00fcbeke elutervet vihkamist. Fantaasia<br><strong>Risto J. Juvanen<\/strong> \u00abPuusepp ja pioneer\u00bb. Reaktor, november 2024<br><strong>Manfred Kalmsten, L\u00fc\u00fcli Suuk<\/strong> \u00abM\u00e4letada valge vee m\u00fcha\u00bb. Reaktor, september 2024<br><strong>Leo Kunnas<\/strong> \u00abPuhastusk\u00fclm\u00bb. Hea Lugu<br><strong>Helga-Johanna Kuusler<\/strong> \u00abAjakatastroof. Viivuranna G\u00fcmnaasiumi neljas raamat\u00bb. Eesti Noortekirjanduse \u00dching<br><strong>Tiit Loim<\/strong> \u00abVivaarium\u00bb. Reaktor, mai 2024<br><strong>Laura Loolaid<\/strong> \u00abKiirituskuu s\u00f5nnik\u00bb. K\u00fcbeke elutervet vihkamist. Fantaasia<br><strong>Jaagup Mahkra<\/strong> \u00abMust vend\u00bb. Must vend. Lummur<br><strong>Jaagup Mahkra<\/strong> \u00abMatilda\u00bb. Must vend. Lummur<br><strong>Jaagup Mahkra<\/strong> \u00abH\u00f5imu toitja\u00bb. Must vend. Lummur<br><strong>Jaagup Mahkra<\/strong> \u00abHundid k\u00fctivad \u00f6\u00f6sel\u00bb. Must vend Lummur<br><strong>Triinu Meres<\/strong> \u00abPlahvatus Le Gynil\u00bb. K\u00fcbeke elutervet vihkamist. Fantaasia<br><strong>Urmas Nimetu<\/strong> \u00abMark I versus Mark II\u00bb. Reaktor, detsember 2024<br><strong>Kristi Reisel<\/strong> \u00abVein naanil\u00bb. K\u00fcbeke elutervet vihkamist. Fantaasia<br><strong>Taivo Rist<\/strong> \u00abDOREMIFASOL\u00bb. Reaktor, aprill 2024<br><strong>Artur R\u00e4pp, Maarja Kruusmets<\/strong> \u00abTume leek\u00bb. K\u00fcbeke elutervet vihkamist. Fantaasia<br><strong>L\u00fc\u00fcli Suuk<\/strong> \u00abWelwitschia mirabilis\u00bb. K\u00fcbeke elutervet vihkamist. Fantaasia<br><strong>Maniakkide T\u00e4nav<\/strong> \u00abNagu kodutu koer\u00bb. Libakass. Lummur<br><strong>Siim Veskimees<\/strong> \u00abMadalamate jumalannade ametispetsiifika\u00bb. Inimesed, jumalad ja deemonid. Fantaasia<br><strong>Xavier Yzz<\/strong> \u00abIdeaalne kaaslane\u00bb. Reaktor, aprill 2024<\/p>\n\n\n\n<h2 class=\"wp-block-heading\"><strong>Parim eesti autori l\u00fchijutt<\/strong><\/h2>\n\n\n\n<p><strong>Veiko Belials<\/strong> \u00abK\u00fcbeke elutervet vihkamist\u00bb. K\u00fcbeke elutervet vihkamist. Fantaasia<br><strong>Meelis Friedenthal<\/strong> \u00ab\u00d5unapuu\u00bb. Looming, m\u00e4rts 2024<br><strong>Juhan Habicht<\/strong> \u00abJulia leiab s\u00fcnnikoha\u00bb. Algernon, september 2024<br><strong>Indrek Hargla<\/strong> \u00abKassi nimi\u00bb. Libakass. Lummur<br><strong>Mehis Heinsaar<\/strong> \u00abKord aastas, valgel \u00f6\u00f6l&#8230;\u00bb. Looming, november 2024<br><strong>Tim Hornet<\/strong> \u00abTulutooja\u00bb. Reaktor, jaanuar 2024<br><strong>Tim Hornet<\/strong> \u00abKiirus\u00bb. Reaktor, jaanuar 2024<br><strong>Tim Hornet<\/strong> \u00abSeemned peavalu vastu\u00bb. Reaktor, veebruar 2024<br><strong>Tim Hornet<\/strong> \u00abOraakli taak\u00bb. Reaktor, m\u00e4rts 2024<br><strong>Tim Hornet<\/strong> \u00abElu on seiklus\u00bb. Reaktor, mai 2024<br><strong>Tim Hornet<\/strong> \u00abTetris\u00bb. Reaktor, juuni 2024<br><strong>Tim Hornet<\/strong> \u00abKulinaarne probleem\u00bb. Reaktor, august 2024<br><strong>Tim Hornet<\/strong> \u00abElul\u00f5ng\u00bb. Reaktor, september 2024<br><strong>Tim Hornet<\/strong> \u00abDorian\u00bb. Reaktor, september 2024<br><strong>Tim Hornet<\/strong> \u00abKontemurdev luuderohi\u00bb. Reaktor, oktoober 2024<br><strong>Tim Hornet<\/strong> \u00abElu peale s\u00fcgist\u00bb. Reaktor, november 2024<br><strong>Tim Hornet<\/strong> \u00abPiirkondlikud ise\u00e4rasused\u00bb. Reaktor, detsember 2024<br><strong>Joel Jans<\/strong> \u00abVarjukasside tund\u00bb. Libakass. Lummur<br><strong>Miikael Jekimov<\/strong> \u00abViis minutit enne k\u00fcmmet\u00bb. Libakass. Lummur<br><strong>Katrin Johanson<\/strong> \u00abP\u00fcha Frederik\u00bb. Looming, aprill 2024<br><strong>Manfred Kalmsten, Tim Hornet<\/strong> \u00abSiduvad s\u00f5nad\u00bb. Reaktor, aprill 2024<br><strong>Manfred Kalmsten, L\u00fc\u00fcli Suuk<\/strong> \u00abNeimaristsed\u00bb. Reaktor, mai 2024<br><strong>Manfred Kalmsten<\/strong> \u00abHingesilmad\u00bb. Reaktor, august 2024<br><strong>Manfred Kalmsten<\/strong> \u00abTapjaprints\u00bb. K\u00fcbeke elutervet vihkamist. Fantaasia<br><strong>Manfred Kalmsten<\/strong> \u00abPr\u00fcgikala\u00bb. Libakass. Lummur<br><strong>Jan Kaus<\/strong> \u00abKohakuti\u00bb. Looming, m\u00e4rts 2024<br><strong>Jan Kaus<\/strong> \u00abKangelase v\u00f5imalus\u00bb. M\u00fc\u00fcrileht, m\u00e4rts 2024<br><strong>H\u00e4li Kivisild<\/strong> \u00abHarjusk\u00bb. K\u00fcbeke elutervet vihkamist. Fantaasia<br><strong>Monika-Linde Klemet<\/strong> \u00abKaVa-\u018e\u00bb. Looming, m\u00e4rts 2024<br><strong>Ian Koff<\/strong> \u00abM\u00e4gede metsikud \u00f5htud\u00bb. Reaktor, aprill 2024<br><strong>Krafinna <\/strong>\u00abLeinav kask\u00bb. Reaktor, aprill 2024<br><strong>Meelis Kraft<\/strong> \u00abM\u00f5rv Estconil\u00bb. Reaktor, juuli 2024<br><strong>Meelis Kraft<\/strong> \u00abL\u00e4hetus\u00bb. Libakass. Lummur<br><strong>Maarja Kruusmets<\/strong> \u00abPereema imelised abimehed\u00bb. Reaktor, veebruar 2024<br><strong>Maarja Kruusmets<\/strong> \u00abTunnete k\u00fcsimus\u00bb. Reaktor, m\u00e4rts 2024<br><strong>Maarja Kruusmets<\/strong> \u00abT\u00e4htsad valikud\u00bb. Reaktor, juuli 2024<br><strong>Maarja Kruusmets<\/strong> \u00abDuracellist on asi kaugel\u00bb. Reaktor, november 2024<br><strong>Erkki K\u00f5lu<\/strong> \u00abPeetrikese unen\u00e4gu\u00bb. Reaktor, juuni 2024<br><strong>Leho Lahtvee<\/strong> \u00abKosmosemehe elud polegi nii kallid\u00bb. Reaktor, jaanuar ja veebruar 2024<br><strong>Laura Loolaid<\/strong> \u00abPoeet ja neurik\u00bb. Looming, november 2024<br><strong>Laura Loolaid<\/strong> \u00abMeiega ei j\u00e4\u00e4 sa kunagi n\u00e4lga\u00bb. Libakass. Lummur<br><strong>Pawel Graf von Mazini<\/strong> \u00abPoeet ja idioot\u00bb. Looming, november 2024<br><strong>Rait Piir<\/strong> \u00abLume\u00f5itel\u00bb. Libakass. Lummur<br><strong>Lili Pilleson<\/strong> \u00abElekter meie vahel\u00bb. Reaktor, aprill 2024<br><strong>Kristi Reisel<\/strong> \u00abMinek Barbadosele&#8230;\u00bb. Reaktor, jaanuar 2024<br><strong>Kristi Reisel<\/strong> \u00abMa tahaksin olla maoori\u00bb. Reaktor, veebruar 2024<br><strong>Kristi Reisel<\/strong> \u00abPool pakki suitsu&#8230;\u00bb. Reaktor, m\u00e4rts 2024<br><strong>Kristi Reisel<\/strong> \u00abAjalugu \u00fctleb, et me ei l\u00e4inud kunagi t\u00e4htedele\u00bb. Reaktor, mai 2024<br><strong>Kristi Reisel<\/strong> \u00abR\u00e4parahvas\u00bb. Reaktor, juuli 2024<br><strong>Tanel R\u00f5igas<\/strong> \u00abAlla\u00bb. Reaktor, m\u00e4rts 2024<br><strong>Tanel R\u00f5igas<\/strong> \u00abVeohobused\u00bb. Reaktor, juuni 2024<br><strong>Tanel R\u00f5igas<\/strong> \u00abRatsa\u00bb. Reaktor, august 2024<br><strong>Tanel R\u00f5igas<\/strong> \u00abTulijad ja minejad\u00bb. Reaktor, oktoober 2024<br><strong>Artur R\u00e4pp<\/strong> \u00abSellest on palju raamatuid kirjutatud\u00bb. Reaktor, mai 2024<br><strong>Artur R\u00e4pp<\/strong> \u00abKolmeteistk\u00fcmnes laev\u00bb. Reaktor, juuli 2024<br><strong>Artur R\u00e4pp<\/strong> \u00ab\u00d5nneliku l\u00f5pu t\u00f5en\u00e4osus 0,98\u00bb. Reaktor, september 2024<br><strong>Artur R\u00e4pp<\/strong> \u00abHea lootuse kivi\u00bb. Reaktor, detsember 2024<br><strong>Kristjan Sander<\/strong> \u00abMiljones p\u00e4ev\u00bb. K\u00fcbeke elutervet vihkamist. Fantaasia<br><strong>Imre Siil<\/strong> \u00abTulnukpruut\u00bb. Reaktor, juuni 2024<br><strong>Imre Siil<\/strong> \u00abKosmiline elekter\u00bb. Reaktor, juuli 2024<br><strong>L\u00fc\u00fcli Suuk<\/strong> \u00ab\u00dcmberasuja\u00bb. Reaktor, jaanuar 2024<br><strong>L\u00fc\u00fcli Suuk<\/strong> \u00abH\u00fcljatud raamatukogu\u00bb. Reaktor, august 2024<br><strong>Maniakkide T\u00e4nav<\/strong> \u00ab\u00c4mblikum\u00f5rsja\u00bb. Reaktor, aprill 2024<br><strong>Siim Veskimees<\/strong> \u00abOkastraadist risttee\u00bb. Algernon, juuni 2024<br><strong>Erkki Viljarand<\/strong> \u00abR\u00e4ndsurnuaia needus\u00bb. Reaktor, m\u00e4rts 2024<br><strong>Heinrich Weinberg<\/strong> \u00abIkka ja alati\u00bb. Mitmekihilisem. Lummur<\/p>\n","protected":false},"excerpt":{"rendered":"<p>Parim t\u00f5lkeromaan Margaret Atwood \u00abMaddAddam\u00bb. Varrak. T\u00f5lkija Riina JesminPaolo Bacigalupi \u00abS\u00f5jarelv\u00bb. Fantaasia. T\u00f5lkija Triin LoideQuan Barry \u00abKui mind enam ei ole, otsi idast\u00bb. Rahva Raamat. T\u00f5lkija Elina AndersonAndrei Bel\u00f5i \u00abPeterburi\u00bb. Ilmamaa. T\u00f5lkija Erle N\u00f5mmArthur C. Clarke; Stephen Baxter \u00abAjaod\u00fcsseia I: &hellip; <a href=\"http:\/\/ulme.ee\/veeb\/?page_id=11667&#038;lang=et\">J\u00e4tka lugemist <span class=\"meta-nav\">&rarr;<\/span><\/a><\/p>\n","protected":false},"author":2,"featured_media":0,"parent":0,"menu_order":0,"comment_status":"closed","ping_status":"closed","template":"","meta":{"footnotes":""},"_links":{"self":[{"href":"http:\/\/ulme.ee\/veeb\/index.php?rest_route=\/wp\/v2\/pages\/11667"}],"collection":[{"href":"http:\/\/ulme.ee\/veeb\/index.php?rest_route=\/wp\/v2\/pages"}],"about":[{"href":"http:\/\/ulme.ee\/veeb\/index.php?rest_route=\/wp\/v2\/types\/page"}],"author":[{"embeddable":true,"href":"http:\/\/ulme.ee\/veeb\/index.php?rest_route=\/wp\/v2\/users\/2"}],"replies":[{"embeddable":true,"href":"http:\/\/ulme.ee\/veeb\/index.php?rest_route=%2Fwp%2Fv2%2Fcomments&post=11667"}],"version-history":[{"count":1,"href":"http:\/\/ulme.ee\/veeb\/index.php?rest_route=\/wp\/v2\/pages\/11667\/revisions"}],"predecessor-version":[{"id":11668,"href":"http:\/\/ulme.ee\/veeb\/index.php?rest_route=\/wp\/v2\/pages\/11667\/revisions\/11668"}],"wp:attachment":[{"href":"http:\/\/ulme.ee\/veeb\/index.php?rest_route=%2Fwp%2Fv2%2Fmedia&parent=11667"}],"curies":[{"name":"wp","href":"https:\/\/api.w.org\/{rel}","templated":true}]}}