{"id":11560,"date":"2024-11-30T16:34:16","date_gmt":"2024-11-30T14:34:16","guid":{"rendered":"http:\/\/ulme.ee\/veeb\/?page_id=11560"},"modified":"2024-11-30T16:40:51","modified_gmt":"2024-11-30T14:40:51","slug":"jutuvoistluse-2025-statuut","status":"publish","type":"page","link":"http:\/\/ulme.ee\/veeb\/?page_id=11560&lang=et","title":{"rendered":"Jutuv\u00f5istluse 2025 statuut"},"content":{"rendered":"\n<p class=\"has-text-align-left\">Raamat v\u00f5ib olla portaal, t\u00e4hev\u00e4rav, raamat v\u00f5ib olla ajamasin. On raamatuid, mis annavad v\u00f5imu surnute \u00fcle; on raamatud, kuhu on k\u00e4tketud hing; on agressiivseid kettipandud raamatuid ja n\u00f5iaraamatuid, eestlaste folkloorist on tuntud v\u00f5luv\u00e4ega seitsmes Moosese raamat. Aastal 2025 t\u00e4histab Eesti eesti keelt sisaldava raamatu 500. aastap\u00e4eva. T\u00e4histame meiegi \u2013 Eesti Ulme\u00fching paneb lisaks tavap\u00e4rastele auhinnalistele kohtadele v\u00e4lja eripreemia parimale raamatutega seotud temaatikat sisaldavale jutule.<\/p>\n\n\n\n<p>Korraldab: Eesti Ulme\u00fching ja kirjastus Fantaasia.<br>T\u00f6\u00f6de esitamise t\u00e4htaeg: 31. m\u00e4rts 2025<br>Tulemused selguvad festivali Prima Vista raames 2025. mai alguses.<\/p>\n\n\n\n<p>Auhinnad: Eesti Ulme\u00fching, kirjastus Fantaasia ja Eesti Kultuurkapitali kirjanduse sihtkapital. Parimad t\u00f6\u00f6d avaldatakse kirjastuse Fantaasia poolt.<\/p>\n\n\n\n<h1 class=\"wp-block-heading\">Osav\u00f5tu tingimused<\/h1>\n\n\n\n<p>ULMEJUTT<\/p>\n\n\n\n<p>Jutu pikkus ei \u00fcleta 14999 s\u00f5na.<br>Jutt on esitatud eesti keeles.<br>Jutt on sisult ulmeline: \u017eanriks fantaasia, \u00f5udus, teaduslik fantastika, alternatiivajalugu.<br>Tegemist on originaalteosega, mida pole varem avaldatud (ka mitte veebis) ega ole avaldamiseks esitatud \u00fchelegi kirjastajale.<br>Plagiaat on keelatud. Autori\u00f5igustega kaitstud materjali kasutamis\u00f5iguse eest vastutab autor.<\/p>\n\n\n\n<p>OSAV\u00d5TT JA T\u00d6\u00d6DE ESITAMINE<\/p>\n\n\n\n<p>T\u00f6\u00f6de esitamise t\u00e4htaeg on 31. m\u00e4rts 2025.<br>V\u00f5istlust\u00f6\u00f6 tuleb esitada e-kirja manusena aadressil: <a href=\"mailto:jutuvoistlus.ulme@gmail.com\">jutuvoistlus.ulme@gmail.com<\/a>.<br>Sobivad formaadid on .txt (Text Only), .rtf (Rich Text Format), .doc v\u00f5i .docx (Microsoft Office Word), .odt (OpenDocument).<br>E-mailiga esitatud v\u00f5istlust\u00f6\u00f6, mille fail on viirustega nakatunud, rikutud v\u00f5i ebasobivas formaadis, j\u00e4\u00e4b v\u00f5istlusest k\u00f5rvale.<br>Jutt on loetavalt vormistatud lehek\u00fcljele suuruses A4, fondis Times New Roman, suurus 12, reavahe 1,5; servad standardsuuruses.<br>K\u00e4sikirjalisi, masinkirjas v\u00f5i v\u00e4ljaprinditud jutte ei hinnata.<br>E-kirjale peab olema lisatud kaks manust. \u00dches manuses on jutt koos pealkirjaga (ilma autori nimeta) ning teises manuses on jutu pealkiri, autori kodanikunimi ning kontaktandmed (aadress, telefon, e-post).<br>Failide nimed peavad selgelt viitama, millises failis on v\u00f5istlust\u00f6\u00f6 ning millises kontaktandmed. <strong>V\u00f5istlust\u00f6\u00f6 faili nimi peab olema sama, mis v\u00f5istleva jutu pealkiri.<\/strong><br>Jutuv\u00f5istluse hindamine on anon\u00fc\u00fcmne. \u017d\u00fcriil puudub juurdep\u00e4\u00e4s autorite andmetele, neile edastatakse vaid fail v\u00f5istleva jutuga.<br>\u017d\u00fcrii liikmed, korraldava meeskonna liikmed ja nende perekonnaliikmed ei saa jutuv\u00f5istlusel autorina osaleda.<br>Osav\u00f5tu tingimustele mitte vastavad t\u00f6\u00f6d on \u017e\u00fcriil \u00f5igus k\u00f5rvale j\u00e4tta.<br>T\u00f6\u00f6 v\u00f5istlusele esitamisega v\u00f5tab autor vastutuse selle eest, et t\u00f6\u00f6 vastab v\u00f5istluse tingimustele nii sisuliselt kui vormistuse poolest. Puuduste avastamise korral (nt varem avaldatud t\u00f6\u00f6) on korraldajatel \u00f5igus osav\u00f5tja tulemus t\u00fchistada ning v\u00e4ljastatud auhind tagasi n\u00f5uda.<\/p>\n\n\n\n<p><br>\u017d\u00dcRII<\/p>\n\n\n\n<p>\u017d\u00fcriisse kuuluvad Eva Luts, Joel Jans, Mairi Laurik, Maniakkide T\u00e4nav ja Veiko Belials.<br>\u017d\u00fcriil puudub otsene ligip\u00e4\u00e4s v\u00f5istlusele laekuvatele t\u00f6\u00f6dele, need toimetab nendeni v\u00f5istluse koordineerija Iris Jeletski.<br>\u017d\u00fcrii liikmed hindavad jutte iseseisvalt ning anon\u00fc\u00fcmselt. Jutuv\u00f5istluse korraldajad vastutavad selle eest, et autorid j\u00e4\u00e4vad saladuseks kuni v\u00f5itjate v\u00e4ljakuulutamiseni.<br>Vajadusel jagab \u017e\u00fcrii hinnatavad t\u00f6\u00f6d mitmesse kategooriasse. \u017d\u00fcriil on \u00f5igus j\u00e4tta mingis kategoorias auhind v\u00e4lja andmata ja anda v\u00e4lja eriauhind m\u00f5nes kategoorias.<br>\u017d\u00fcrii tagab, et auhinnalises esikolmikus ei j\u00e4\u00e4 jutud kohti jagama. Vajadusel tehakse esikolmikus kohti jagama j\u00e4\u00e4nud juttude osas lisah\u00e4\u00e4letus.<\/p>\n\n\n\n<p>AUTASUSTAMINE<\/p>\n\n\n\n<p>V\u00f5istluse auhinnafond on 1250.- eurot (600.-; 400.- ja 250.- eurot miinus tulumaks). Lisaks paneb Eesti Ulme\u00fching Eesti raamatu aasta t\u00e4histamiseks v\u00e4lja eripreemia suuruses 150.- eurot parimale raamatutega seotud temaatikat sisaldavale jutule.<br>Jutuv\u00f5istluse v\u00f5itjad kuulutatakse v\u00e4lja mais 2025 festivali Prima Vista raames Tartus.<br>Autasustamisest teavitatakse avalikkust korraldajate kodulehe ning muude kanalite kaudu.<br>Parimate lugude avaldamise ees\u00f5igus on kirjastusel Fantaasia. Kirjastus Fantaasia v\u00f5ib loobuda sellest ees\u00f5igusest kokkuleppel autoriga.<br>\u00e4psem info: e-mail eva.luts111@gmail.com<\/p>\n","protected":false},"excerpt":{"rendered":"<p>Raamat v\u00f5ib olla portaal, t\u00e4hev\u00e4rav, raamat v\u00f5ib olla ajamasin. On raamatuid, mis annavad v\u00f5imu surnute \u00fcle; on raamatud, kuhu on k\u00e4tketud hing; on agressiivseid kettipandud raamatuid ja n\u00f5iaraamatuid, eestlaste folkloorist on tuntud v\u00f5luv\u00e4ega seitsmes Moosese raamat. Aastal 2025 t\u00e4histab Eesti &hellip; <a href=\"http:\/\/ulme.ee\/veeb\/?page_id=11560&#038;lang=et\">J\u00e4tka lugemist <span class=\"meta-nav\">&rarr;<\/span><\/a><\/p>\n","protected":false},"author":2,"featured_media":0,"parent":0,"menu_order":0,"comment_status":"closed","ping_status":"closed","template":"","meta":{"footnotes":""},"_links":{"self":[{"href":"http:\/\/ulme.ee\/veeb\/index.php?rest_route=\/wp\/v2\/pages\/11560"}],"collection":[{"href":"http:\/\/ulme.ee\/veeb\/index.php?rest_route=\/wp\/v2\/pages"}],"about":[{"href":"http:\/\/ulme.ee\/veeb\/index.php?rest_route=\/wp\/v2\/types\/page"}],"author":[{"embeddable":true,"href":"http:\/\/ulme.ee\/veeb\/index.php?rest_route=\/wp\/v2\/users\/2"}],"replies":[{"embeddable":true,"href":"http:\/\/ulme.ee\/veeb\/index.php?rest_route=%2Fwp%2Fv2%2Fcomments&post=11560"}],"version-history":[{"count":3,"href":"http:\/\/ulme.ee\/veeb\/index.php?rest_route=\/wp\/v2\/pages\/11560\/revisions"}],"predecessor-version":[{"id":11565,"href":"http:\/\/ulme.ee\/veeb\/index.php?rest_route=\/wp\/v2\/pages\/11560\/revisions\/11565"}],"wp:attachment":[{"href":"http:\/\/ulme.ee\/veeb\/index.php?rest_route=%2Fwp%2Fv2%2Fmedia&parent=11560"}],"curies":[{"name":"wp","href":"https:\/\/api.w.org\/{rel}","templated":true}]}}