{"id":11556,"date":"2024-11-30T16:31:43","date_gmt":"2024-11-30T14:31:43","guid":{"rendered":"http:\/\/ulme.ee\/veeb\/?page_id=11556"},"modified":"2025-05-22T08:34:12","modified_gmt":"2025-05-22T05:34:12","slug":"jutuvoistlus-2025","status":"publish","type":"page","link":"http:\/\/ulme.ee\/veeb\/?page_id=11556&lang=et","title":{"rendered":"Jutuv\u00f5istlus 2025"},"content":{"rendered":"\n<h3 class=\"wp-block-heading\">Eesti Ulme\u00fchingu ja kirjastuse Fantaasia kaheksandast ulmejutuv\u00f5istlusest v\u00f5ttis osa 44 t\u00f6\u00f6d. Jutte hindas \u017e\u00fcrii koosseisus Mairi Laurik, Eva Luts, Joel Jans, Maniakkide T\u00e4nav ja Veiko Belials.<\/h3>\n\n\n\n<p><strong>Tulemused:<\/strong><\/p>\n\n\n\n<h3 class=\"wp-block-heading\"><strong>1. Kadri Umbleja<\/strong> &#8220;Nelja aastaaja aed&#8221;<br>2. Kristi Reisel &#8220;Kuidas tappa b\u00fcrokraati&#8221;<br>3. Jaagup Mahkra &#8220;Callenori raudne rusikas&#8221;<br>4. Kristi Reisel &#8220;Tartu on MINU linn&#8221;<br>5. Mia Lisette Tamme &#8220;Must isand k\u00f5rvalkorterist&#8221;<br>6. Siim Veskimees &#8220;Kes meist ei tahaks inimene olla&#8221;<br>7. Timo Talvik &#8220;Legendaarne professor J\u00e4nesp\u00fcks&#8221;<br>8. Karri Tiigisoon &#8220;Zombi Business ehk headus v\u00f5idab alati&#8221;<br>9. Seio Saks &#8220;S\u00fcvalinn&#8221;<br>10. Eeva Jeletsky &#8220;K\u00f6steraat&#8221;<\/h3>\n\n\n\n<h3 class=\"wp-block-heading\">Eripreemia parimale raamatutega seotud temaatikat sisaldavale jutule: Kaupo Sempelson &#8220;Raamatuvaras&#8221;<\/h3>\n\n\n\n<h3 class=\"wp-block-heading\"><\/h3>\n","protected":false},"excerpt":{"rendered":"<p>Eesti Ulme\u00fchingu ja kirjastuse Fantaasia kaheksandast ulmejutuv\u00f5istlusest v\u00f5ttis osa 44 t\u00f6\u00f6d. Jutte hindas \u017e\u00fcrii koosseisus Mairi Laurik, Eva Luts, Joel Jans, Maniakkide T\u00e4nav ja Veiko Belials. Tulemused: 1. Kadri Umbleja &#8220;Nelja aastaaja aed&#8221;2. Kristi Reisel &#8220;Kuidas tappa b\u00fcrokraati&#8221;3. Jaagup Mahkra &hellip; <a href=\"http:\/\/ulme.ee\/veeb\/?page_id=11556&#038;lang=et\">J\u00e4tka lugemist <span class=\"meta-nav\">&rarr;<\/span><\/a><\/p>\n","protected":false},"author":2,"featured_media":0,"parent":0,"menu_order":0,"comment_status":"closed","ping_status":"closed","template":"","meta":{"footnotes":""},"_links":{"self":[{"href":"http:\/\/ulme.ee\/veeb\/index.php?rest_route=\/wp\/v2\/pages\/11556"}],"collection":[{"href":"http:\/\/ulme.ee\/veeb\/index.php?rest_route=\/wp\/v2\/pages"}],"about":[{"href":"http:\/\/ulme.ee\/veeb\/index.php?rest_route=\/wp\/v2\/types\/page"}],"author":[{"embeddable":true,"href":"http:\/\/ulme.ee\/veeb\/index.php?rest_route=\/wp\/v2\/users\/2"}],"replies":[{"embeddable":true,"href":"http:\/\/ulme.ee\/veeb\/index.php?rest_route=%2Fwp%2Fv2%2Fcomments&post=11556"}],"version-history":[{"count":4,"href":"http:\/\/ulme.ee\/veeb\/index.php?rest_route=\/wp\/v2\/pages\/11556\/revisions"}],"predecessor-version":[{"id":11692,"href":"http:\/\/ulme.ee\/veeb\/index.php?rest_route=\/wp\/v2\/pages\/11556\/revisions\/11692"}],"wp:attachment":[{"href":"http:\/\/ulme.ee\/veeb\/index.php?rest_route=%2Fwp%2Fv2%2Fmedia&parent=11556"}],"curies":[{"name":"wp","href":"https:\/\/api.w.org\/{rel}","templated":true}]}}