{"id":11083,"date":"2023-05-31T15:33:28","date_gmt":"2023-05-31T12:33:28","guid":{"rendered":"http:\/\/ulme.ee\/veeb\/?page_id=11083"},"modified":"2023-07-23T19:40:21","modified_gmt":"2023-07-23T16:40:21","slug":"2023-esialgne-kava","status":"publish","type":"page","link":"http:\/\/ulme.ee\/veeb\/?page_id=11083&lang=et","title":{"rendered":"2023 kava"},"content":{"rendered":"\n<p><strong>Reede, 21. juuli<\/strong><br>16:00 &nbsp;&nbsp; Saabumine, registreerumine, majutamine, asjade paigutamine.<br>17.00 &nbsp;&nbsp; <strong>Lipu heiskamine. Estconi ametlik algus<\/strong>. J\u00e4llen\u00e4gemisr\u00f5\u00f5m ja vaba suhtlus.<br>18.00 &nbsp;&nbsp; <strong>Keskaegsete kindluste kaitsmine ja piiramine. N\u00e4pun\u00e4iteid algajale fantaasiakirjanikule ja v\u00e4ejuhile. Tamur Kusnets<\/strong>.<br>20:00&nbsp; &nbsp; <strong>Indrek Hargla retrospektiiv.<\/strong> Andri Riid ja Raul Sulbi<br>22.30 &nbsp;&nbsp; <strong>Ulmedisko \u2013 fantasy<\/strong>.Veiko Belials<br>Tegemist n\u00fc\u00fcdseks juba traditsiooniliseks muutunud hilis\u00f5htuse ettekandega, mis l\u00f5petab avap\u00e4eva ja kus vaatluse all on muusika ja ulme seosed. S\u00f5na disko v\u00f5ib olla eksitav, kuigi ka tantsimine pole keelatud. Eelistan lugude valikus (s\u00f5ltumata k\u00e4sitletavast teemast) alati kas terviklikku teostust (lugu, mida videos jutustatakse), head visuaali v\u00f5i ootamatut-harjumatut vaatenurka. Igal kord v\u00f5ib valikus leida midagi, mis on naljakas, jabur v\u00f5i kurioosne.<\/p>\n\n\n\n<p><strong>Laup\u00e4ev, 22. juuli<\/strong><br>10:00 \u00a0\u00a0 hommikus\u00f6\u00f6k<br>11:30 <strong>\u00a0\u00a0 K\u00fclalise tund. Targo Tennisberg.<\/strong> Chaos GPT \u2013 kas me \u00f5petame ise tehisintellekti meid tapma?<br>12.00    <strong>Lastele<\/strong>: ulmepiltide joonistamine<br>14:00 \u00a0\u00a0 l\u00f5unas\u00f6\u00f6k<br>15:30 \u00a0\u00a0 <strong>Stalker<\/strong>. Kuulutatakse v\u00e4lja eelmise aasta parimad ulmeteosed ning kohalolevaid v\u00f5itjaid ka \u00f5nnitletakse pidulikult.<br><strong>\u00dchispilt.<\/strong> Kohalolijad seatakse aparaadi ette ja tehakse \u00fchispilt.<br><strong>P\u00e4rast \u00fchispilti ja enne LARPi j\u00e4tkub lastele joonistamine ja piltide aluseks oleva m\u00e4ngu m\u00e4ngimine.<\/strong><br><strong>Kirjastuste plaanid: <\/strong>mida on kavas avaldada.<br>17.00<strong> \u00a0\u00a0 M\u00e4lum\u00e4ng.<\/strong> M\u00e4lum\u00e4ngur Taivo Rist esitab k\u00fcsimusi ja otsustab vastuste \u00f5igsuse \u00fcle.<br>\u00dcks pikema traditsiooniga s\u00fcndmusi Estconil, mida k\u00f5ik ootavad. Klassikaline m\u00e4lum\u00e4ng, kus ajud s\u00f5lme v\u00e4\u00e4natakse.<br>Parralleelselt toimub <strong>LARP<\/strong> (vt ka <a href=\"http:\/\/tammepuu.ee\/larps\/null\/\">m\u00e4ngu infot<\/a>).<br>19:30<strong> \u00a0\u00a0 Saientoloogia ja ulme. <\/strong>Pronto<br>21.00 \u00a0\u00a0 <strong>Ekstraseanss ulmediskot<\/strong> &#8211; ulme ja \u00f5udusfilmidest inspiratsiooni saanud muusikavideod koos v\u00e4ikese viktoriiniga. Veiko Belials<br>24.00   <strong> Kesk\u00f6ine jutukirjutamise t\u00f6\u00f6tuba.<\/strong> Mairi laurik<\/p>\n\n\n\n<p><strong>P\u00fchap\u00e4ev, 23. juuli<\/strong><br>10:00 &nbsp;&nbsp; hommikus\u00f6\u00f6k<br>11:30 <strong>&nbsp;&nbsp; Eesti Noortekirjanduse \u00dching. <\/strong>Noortekirjandus ja ulme<br>13.00&nbsp;&nbsp;&nbsp; <strong>K\u00fclalise tund. Tormi Ariva. <\/strong>&#8220;H\u00f5bedase planeedi p\u00e4\u00e4l. T\u00f5lkelooline kurioosum eelmise sajandi algusest&#8221;. Juttu tuleb poola klassiku Jerzy \u017bu\u0142awski Kuu triloogia esimese osa t\u00f5lkest, mis ilmus aastatel 1908\u20131909 ajalehe Isamaa lisas L\u00f5bu ja Teadus. Romaan ise on v\u00e4\u00e4rt, et temast juttu teha, aga t\u00e4helepanuv\u00e4\u00e4rne on ka tema eestikeelse ilmumise kontekst.<br>14:30 &nbsp;&nbsp; <strong>Lipu langetamine. Estconi ametlik l\u00f5petamine.<\/strong><br>Tasapisi kodu poole s\u00e4ttimine.<\/p>\n","protected":false},"excerpt":{"rendered":"<p>Reede, 21. juuli16:00 &nbsp;&nbsp; Saabumine, registreerumine, majutamine, asjade paigutamine.17.00 &nbsp;&nbsp; Lipu heiskamine. Estconi ametlik algus. J\u00e4llen\u00e4gemisr\u00f5\u00f5m ja vaba suhtlus.18.00 &nbsp;&nbsp; Keskaegsete kindluste kaitsmine ja piiramine. N\u00e4pun\u00e4iteid algajale fantaasiakirjanikule ja v\u00e4ejuhile. Tamur Kusnets.20:00&nbsp; &nbsp; Indrek Hargla retrospektiiv. Andri Riid ja Raul &hellip; <a href=\"http:\/\/ulme.ee\/veeb\/?page_id=11083&#038;lang=et\">J\u00e4tka lugemist <span class=\"meta-nav\">&rarr;<\/span><\/a><\/p>\n","protected":false},"author":2,"featured_media":0,"parent":0,"menu_order":0,"comment_status":"closed","ping_status":"closed","template":"","meta":{"footnotes":""},"_links":{"self":[{"href":"http:\/\/ulme.ee\/veeb\/index.php?rest_route=\/wp\/v2\/pages\/11083"}],"collection":[{"href":"http:\/\/ulme.ee\/veeb\/index.php?rest_route=\/wp\/v2\/pages"}],"about":[{"href":"http:\/\/ulme.ee\/veeb\/index.php?rest_route=\/wp\/v2\/types\/page"}],"author":[{"embeddable":true,"href":"http:\/\/ulme.ee\/veeb\/index.php?rest_route=\/wp\/v2\/users\/2"}],"replies":[{"embeddable":true,"href":"http:\/\/ulme.ee\/veeb\/index.php?rest_route=%2Fwp%2Fv2%2Fcomments&post=11083"}],"version-history":[{"count":10,"href":"http:\/\/ulme.ee\/veeb\/index.php?rest_route=\/wp\/v2\/pages\/11083\/revisions"}],"predecessor-version":[{"id":11133,"href":"http:\/\/ulme.ee\/veeb\/index.php?rest_route=\/wp\/v2\/pages\/11083\/revisions\/11133"}],"wp:attachment":[{"href":"http:\/\/ulme.ee\/veeb\/index.php?rest_route=%2Fwp%2Fv2%2Fmedia&parent=11083"}],"curies":[{"name":"wp","href":"https:\/\/api.w.org\/{rel}","templated":true}]}}