{"id":10743,"date":"2022-06-02T10:10:48","date_gmt":"2022-06-02T07:10:48","guid":{"rendered":"http:\/\/ulme.ee\/veeb\/?page_id=10743"},"modified":"2022-06-29T21:08:36","modified_gmt":"2022-06-29T18:08:36","slug":"10743-2","status":"publish","type":"page","link":"http:\/\/ulme.ee\/veeb\/?page_id=10743&lang=et","title":{"rendered":"Kava 2022"},"content":{"rendered":"\n<p><strong>Estcon 2022 esialgne kava<\/strong><\/p>\n\n\n\n<p><strong>Reede, 15. juuli<\/strong><br>16:00 &nbsp;&nbsp; Saabumine, registreerumine, majutamine, asjade paigutamine.<br>17.00 &nbsp;&nbsp; <strong>Lipu heiskamine. Estconi ametlik algus<\/strong>. J\u00e4llen\u00e4gemisr\u00f5\u00f5m ja vaba suhtlus.<br>18.00 &nbsp;&nbsp; <strong>S\u00f5da ulmes.<\/strong> <strong>Tamur Kusnets<\/strong><br>20:00&nbsp; &nbsp; <strong>Koloniaalulme: impeeriumid ja asumaad kosmoses.<\/strong> <strong>Raul Sulbi<\/strong><br>22.30 &nbsp;&nbsp; <strong>Ulmedisko. Kosmos<\/strong>.<strong> Veiko Belials<\/strong><br>Tegemist n\u00fc\u00fcdseks juba traditsiooniliseks muutunud hilis\u00f5htuse ettekandega, mis l\u00f5petab avap\u00e4eva ja kus vaatluse all on muusika ja ulme seosed. Alguse sai traditsioon 2013. aastal.<br>Eelistan lugude valikus (s\u00f5ltumata k\u00e4sitletavast teemast) alati kas terviklikku teostust (lugu, mida videos jutustatakse), head visuaali v\u00f5i ootamatut-harjumatut vaatenurka. Igal kord v\u00f5ib valikus leida midagi, mis on naljakas, jabur v\u00f5i kurioosne. Seekord on jaburad ja l\u00f5busad klipid garanteeritud.<\/p>\n\n\n\n<p><strong>Laup\u00e4ev, 16. juuli<\/strong><br>10:00 \u00a0\u00a0 hommikus\u00f6\u00f6k<br>11:30 \u00a0\u00a0 <strong>K\u00fclaliste tund. Harly Kirspuu<\/strong> ja <strong>Julius Kits<\/strong> r\u00e4\u00e4givad nullkultuurist ja Imelike Filmide Festivalist<br>14:00 \u00a0\u00a0 l\u00f5unas\u00f6\u00f6k<br>15:30 \u00a0\u00a0 <strong>Stalker 2022<\/strong>. Kuulutatakse v\u00e4lja tulemused ning kohalolevaid v\u00f5itjaid ka \u00f5nnitletakse pidulikult.<br><strong>\u00dchispilt.<\/strong> Kohalolijad seatakse aparaadi ette ja tehakse \u00fchispilt.<br><strong>Kirjastuste plaanid: <\/strong>mida on kavas avaldada.<br>17.00<strong> \u00a0\u00a0 M\u00e4lum\u00e4ng.<\/strong> M\u00e4lum\u00e4ngur <strong>Taivo Rist<\/strong> esitab k\u00fcsimusi ja otsustab vastuste \u00f5igsuse \u00fcle.<br>\u00dcks pikema traditsiooniga s\u00fcndmusi Estconil, mida k\u00f5ik ootavad. Klassikaline m\u00e4lum\u00e4ng, kus ajud s\u00f5lme v\u00e4\u00e4natakse.<br>Paralleelselt korraldab Helina Valge-Tammepuu <strong>lastele fantaasiajoonistamise t\u00f6\u00f6toa<\/strong>.<br>19:30<strong> \u00a0\u00a0 <\/strong>Ulmeguru <strong>J\u00fcri Kallas <\/strong>r\u00e4\u00e4gib <strong>raadioulmest Eestis<\/strong>.<br>21.00 \u00a0\u00a0 <strong>Mairi Lauriku<\/strong> eestvedamisel saab <strong>jutukirjutamise t\u00f6\u00f6toas<\/strong> oma oskusi lihvida.<\/p>\n\n\n\n<p><strong>P\u00fchap\u00e4ev, 17. juuli<\/strong><br>10:00 &nbsp;&nbsp; hommikus\u00f6\u00f6k<br>11:30 <strong>&nbsp;<\/strong>&nbsp; <strong>K\u00fclalise tund.<\/strong> Kunstnik <strong>K\u00e4rt Summatavet<\/strong>: <strong>N\u00e4htmatute maastike ulmad<\/strong><br>13.00&nbsp;&nbsp;&nbsp; <strong>Koloniaalulme: asumaade h\u00e4mar \u00f5udus.<\/strong> <strong>Jaagup Mahkra<\/strong><br>14:30 &nbsp;&nbsp; <strong>Lipu langetamine. Estconi ametlik l\u00f5petamine.<\/strong><br>Tasapisi kodu poole s\u00e4ttimine.<\/p>\n","protected":false},"excerpt":{"rendered":"<p>Estcon 2022 esialgne kava Reede, 15. juuli16:00 &nbsp;&nbsp; Saabumine, registreerumine, majutamine, asjade paigutamine.17.00 &nbsp;&nbsp; Lipu heiskamine. Estconi ametlik algus. J\u00e4llen\u00e4gemisr\u00f5\u00f5m ja vaba suhtlus.18.00 &nbsp;&nbsp; S\u00f5da ulmes. Tamur Kusnets20:00&nbsp; &nbsp; Koloniaalulme: impeeriumid ja asumaad kosmoses. Raul Sulbi22.30 &nbsp;&nbsp; Ulmedisko. Kosmos. Veiko &hellip; <a href=\"http:\/\/ulme.ee\/veeb\/?page_id=10743&#038;lang=et\">J\u00e4tka lugemist <span class=\"meta-nav\">&rarr;<\/span><\/a><\/p>\n","protected":false},"author":2,"featured_media":0,"parent":0,"menu_order":0,"comment_status":"closed","ping_status":"closed","template":"","meta":{"footnotes":""},"_links":{"self":[{"href":"http:\/\/ulme.ee\/veeb\/index.php?rest_route=\/wp\/v2\/pages\/10743"}],"collection":[{"href":"http:\/\/ulme.ee\/veeb\/index.php?rest_route=\/wp\/v2\/pages"}],"about":[{"href":"http:\/\/ulme.ee\/veeb\/index.php?rest_route=\/wp\/v2\/types\/page"}],"author":[{"embeddable":true,"href":"http:\/\/ulme.ee\/veeb\/index.php?rest_route=\/wp\/v2\/users\/2"}],"replies":[{"embeddable":true,"href":"http:\/\/ulme.ee\/veeb\/index.php?rest_route=%2Fwp%2Fv2%2Fcomments&post=10743"}],"version-history":[{"count":6,"href":"http:\/\/ulme.ee\/veeb\/index.php?rest_route=\/wp\/v2\/pages\/10743\/revisions"}],"predecessor-version":[{"id":10779,"href":"http:\/\/ulme.ee\/veeb\/index.php?rest_route=\/wp\/v2\/pages\/10743\/revisions\/10779"}],"wp:attachment":[{"href":"http:\/\/ulme.ee\/veeb\/index.php?rest_route=%2Fwp%2Fv2%2Fmedia&parent=10743"}],"curies":[{"name":"wp","href":"https:\/\/api.w.org\/{rel}","templated":true}]}}