{"id":104,"date":"2015-08-03T12:10:17","date_gmt":"2015-08-03T09:10:17","guid":{"rendered":"http:\/\/esuaxue.havike.eenet.ee\/veeb\/?page_id=104"},"modified":"2019-08-01T12:18:16","modified_gmt":"2019-08-01T09:18:16","slug":"stalker","status":"publish","type":"page","link":"http:\/\/ulme.ee\/veeb\/?page_id=104&lang=et","title":{"rendered":"Stalker"},"content":{"rendered":"<p><a href=\"http:\/\/ulme.ee\/veeb\/wp-content\/uploads\/2015\/08\/Stalker_medium.jpg\"><img loading=\"lazy\" decoding=\"async\" class=\"size-full wp-image-106 alignleft\" src=\"http:\/\/ulme.ee\/veeb\/wp-content\/uploads\/2015\/08\/Stalker_medium.jpg\" alt=\"\" width=\"174\" height=\"219\" \/><\/a>Eesti ulmeauhinda <b>Stalker<\/b> annab v\u00e4lja <b>Eesti Ulme\u00fching<\/b>. <a href=\"http:\/\/esuaxue.havike.eenet.ee\/veeb\/?page_id=1754&amp;lang=et\">Eesti Ulme\u00fchingu aastaauhinna Stalker statuut<\/a><\/p>\n<p>Auhind antakse v\u00e4lja Eesti ulmehuviliste iga-aastasel kokkutulekul <b>Estcon<\/b>il. K\u00f5ik h\u00e4\u00e4letajad ja muidu huvilised on sinna lahkesti oodatud! <b>Samuti on ulmes\u00f5brad oodatud igakuistele kokkusaamistele, mis toimuvad nii Tallinnas kui Tartus.<\/b> Tule julgelt!<\/p>\n<p>Stalker on loodud tunnustamaks kalendriaasta jooksul eesti keeles ilmunud parimat ulmet. Auhinda antakse v\u00e4lja eraldi algup\u00e4rastele ja t\u00f5lketeostele ning eraldi romaanidele ja juttudele. Esmakordselt kuulutati Stalkeri v\u00f5itjad v\u00e4lja 1998. aastal. K\u00f5igis kategooriates selguvad parimad lugejah\u00e4\u00e4letuse teel. See t\u00e4hendab, et ootame h\u00e4\u00e4letama k\u00f5iki, kes loevad meeleldi ulmet.<\/p>\n","protected":false},"excerpt":{"rendered":"<p>Eesti ulmeauhinda Stalker annab v\u00e4lja Eesti Ulme\u00fching. Eesti Ulme\u00fchingu aastaauhinna Stalker statuut Auhind antakse v\u00e4lja Eesti ulmehuviliste iga-aastasel kokkutulekul Estconil. K\u00f5ik h\u00e4\u00e4letajad ja muidu huvilised on sinna lahkesti oodatud! Samuti on ulmes\u00f5brad oodatud igakuistele kokkusaamistele, mis toimuvad nii Tallinnas kui &hellip; <a href=\"http:\/\/ulme.ee\/veeb\/?page_id=104&#038;lang=et\">J\u00e4tka lugemist <span class=\"meta-nav\">&rarr;<\/span><\/a><\/p>\n","protected":false},"author":1,"featured_media":0,"parent":0,"menu_order":0,"comment_status":"open","ping_status":"open","template":"","meta":{"footnotes":""},"_links":{"self":[{"href":"http:\/\/ulme.ee\/veeb\/index.php?rest_route=\/wp\/v2\/pages\/104"}],"collection":[{"href":"http:\/\/ulme.ee\/veeb\/index.php?rest_route=\/wp\/v2\/pages"}],"about":[{"href":"http:\/\/ulme.ee\/veeb\/index.php?rest_route=\/wp\/v2\/types\/page"}],"author":[{"embeddable":true,"href":"http:\/\/ulme.ee\/veeb\/index.php?rest_route=\/wp\/v2\/users\/1"}],"replies":[{"embeddable":true,"href":"http:\/\/ulme.ee\/veeb\/index.php?rest_route=%2Fwp%2Fv2%2Fcomments&post=104"}],"version-history":[{"count":4,"href":"http:\/\/ulme.ee\/veeb\/index.php?rest_route=\/wp\/v2\/pages\/104\/revisions"}],"predecessor-version":[{"id":9517,"href":"http:\/\/ulme.ee\/veeb\/index.php?rest_route=\/wp\/v2\/pages\/104\/revisions\/9517"}],"wp:attachment":[{"href":"http:\/\/ulme.ee\/veeb\/index.php?rest_route=%2Fwp%2Fv2%2Fmedia&parent=104"}],"curies":[{"name":"wp","href":"https:\/\/api.w.org\/{rel}","templated":true}]}}