{"id":10394,"date":"2021-08-16T16:55:50","date_gmt":"2021-08-16T13:55:50","guid":{"rendered":"http:\/\/ulme.ee\/veeb\/?page_id=10394"},"modified":"2021-08-16T16:58:27","modified_gmt":"2021-08-16T13:58:27","slug":"navigaator-pirx-2021","status":"publish","type":"page","link":"http:\/\/ulme.ee\/veeb\/?page_id=10394&lang=et","title":{"rendered":"Navigaator Pirx 2021"},"content":{"rendered":"\n<p>Eesti Ulme\u00fching ja Haapsalu \u00d5udusfilmide Festival annavad alates 2021. aastast v\u00e4lja&nbsp;<a href=\"https:\/\/kultuur.err.ee\/1608300117\/hoff-annab-valja-navigaator-pirxi-auhinna\">parima ulmefilmi auhinda Navigaator Pirx<\/a>, et p\u00f6\u00f6rata rohkem t\u00e4helepanu teadusulmele.<br>2021. v\u00f5itja oli Hispaania re\u017eiss\u00f6\u00f6ri <strong>Miguel Campa\u00f1a<\/strong> l\u00fchim\u00e4ngufilm <strong>\u201eJ\u00e4rgmisel aastal\u201d (<em>The Fallowing Year<\/em>)<\/strong>, mis kuulus H\u00f5bedase M\u00e9li\u00e8si ehk M\u00e9li\u00e8s d\u2019Argent\u2019 auhinnale kandideerivate Euroopa l\u00fchikeste fantaasiafilmide kogumikku.<\/p>\n\n\n\n<figure class=\"wp-block-image is-resized\"><img loading=\"lazy\" decoding=\"async\" src=\"http:\/\/ulme.ee\/veeb\/wp-content\/uploads\/2021\/08\/image-1024x375.png\" alt=\"Selle pildi alt-atribuut on t\u00fchi. Failinimi on image-1024x375.png\" width=\"484\" height=\"177\"\/><\/figure>\n\n\n\n<p>\u201eSee on tervikliku loo ja \u00f5igeaegsete p\u00f6\u00f6retega h\u00e4sti teostatud film, mis t\u00e4nu sisule n\u00e4ib pikem, kui tegelikult on. Piisavalt teravmeelne ja m\u00f5neti isegi uudne l\u00e4henemine pisut kli\u0161eelikele ajar\u00e4nnuparadoksidele, mis on ootamatul kombel lahendatud aga ilma ajar\u00e4nnu endata, kasutades hoopis teist ja mitte v\u00e4hem levinud ulmetroopi. Hoolimata loo k\u00e4igus antavatest vihjetest s\u00e4ilub p\u00f5nevus l\u00f5puni ja kuigi l\u00f5pplahendus ei ole t\u00e4iesti ootamatu, on see siiski h\u00e4sti v\u00e4lja peetud.\u201d <\/p>\n\n\n\n<p>\u017d\u00fcriisse kuulusid Veiko Belials, J\u00fcri Kallas ja Joel Jans.<\/p>\n","protected":false},"excerpt":{"rendered":"<p>Eesti Ulme\u00fching ja Haapsalu \u00d5udusfilmide Festival annavad alates 2021. aastast v\u00e4lja&nbsp;parima ulmefilmi auhinda Navigaator Pirx, et p\u00f6\u00f6rata rohkem t\u00e4helepanu teadusulmele.2021. v\u00f5itja oli Hispaania re\u017eiss\u00f6\u00f6ri Miguel Campa\u00f1a l\u00fchim\u00e4ngufilm \u201eJ\u00e4rgmisel aastal\u201d (The Fallowing Year), mis kuulus H\u00f5bedase M\u00e9li\u00e8si ehk M\u00e9li\u00e8s d\u2019Argent\u2019 auhinnale &hellip; <a href=\"http:\/\/ulme.ee\/veeb\/?page_id=10394&#038;lang=et\">J\u00e4tka lugemist <span class=\"meta-nav\">&rarr;<\/span><\/a><\/p>\n","protected":false},"author":2,"featured_media":0,"parent":0,"menu_order":0,"comment_status":"closed","ping_status":"closed","template":"","meta":{"footnotes":""},"_links":{"self":[{"href":"http:\/\/ulme.ee\/veeb\/index.php?rest_route=\/wp\/v2\/pages\/10394"}],"collection":[{"href":"http:\/\/ulme.ee\/veeb\/index.php?rest_route=\/wp\/v2\/pages"}],"about":[{"href":"http:\/\/ulme.ee\/veeb\/index.php?rest_route=\/wp\/v2\/types\/page"}],"author":[{"embeddable":true,"href":"http:\/\/ulme.ee\/veeb\/index.php?rest_route=\/wp\/v2\/users\/2"}],"replies":[{"embeddable":true,"href":"http:\/\/ulme.ee\/veeb\/index.php?rest_route=%2Fwp%2Fv2%2Fcomments&post=10394"}],"version-history":[{"count":4,"href":"http:\/\/ulme.ee\/veeb\/index.php?rest_route=\/wp\/v2\/pages\/10394\/revisions"}],"predecessor-version":[{"id":10400,"href":"http:\/\/ulme.ee\/veeb\/index.php?rest_route=\/wp\/v2\/pages\/10394\/revisions\/10400"}],"wp:attachment":[{"href":"http:\/\/ulme.ee\/veeb\/index.php?rest_route=%2Fwp%2Fv2%2Fmedia&parent=10394"}],"curies":[{"name":"wp","href":"https:\/\/api.w.org\/{rel}","templated":true}]}}