{"id":10364,"date":"2021-07-18T19:22:02","date_gmt":"2021-07-18T16:22:02","guid":{"rendered":"http:\/\/ulme.ee\/veeb\/?page_id=10364"},"modified":"2021-07-18T22:19:53","modified_gmt":"2021-07-18T19:19:53","slug":"stalker-2021-tulemused","status":"publish","type":"page","link":"http:\/\/ulme.ee\/veeb\/?page_id=10364&lang=et","title":{"rendered":"Stalker 2021 tulemused"},"content":{"rendered":"\n<p><strong><a href=\"http:\/\/ulme.ee\/veeb\/wp-content\/uploads\/2021\/07\/2021-Stalker-eestiromaan.pdf\">Parim eesti autori romaan<\/a><\/strong><br><strong><a href=\"http:\/\/ulme.ee\/veeb\/wp-content\/uploads\/2021\/07\/2021-Stalker-eesti-lyhiromaan.pdf\">Parim eesti autori l\u00fchiromaan v\u00f5i jutustus<\/a><br><a href=\"http:\/\/ulme.ee\/veeb\/wp-content\/uploads\/2021\/07\/2021-Stalker-eestilyhijutt.pdf\">Parim eesti autori l\u00fchijutt<\/a> <br><a href=\"http:\/\/ulme.ee\/veeb\/wp-content\/uploads\/2021\/07\/2021-Stalker-antoloogia.pdf\">Parin antoloogia v\u00f5i kogumik<\/a><br><a href=\"http:\/\/ulme.ee\/veeb\/wp-content\/uploads\/2021\/07\/2021-Stalker-t6lkeromaan.pdf\">Parim t\u00f5lkeromaan<\/a><br><a href=\"http:\/\/ulme.ee\/veeb\/wp-content\/uploads\/2021\/07\/2021-Stalker-t6lkelyhiromaan.pdf\">Parim t\u00f5lkel\u00fchiromaan v\u00f5i -jutustus<\/a><br><a href=\"http:\/\/ulme.ee\/veeb\/wp-content\/uploads\/2021\/07\/2021-Stalker-t6lkelyhijutt.pdf\">Parim t\u00f5lkel\u00fchijutt<\/a><\/strong><\/p>\n","protected":false},"excerpt":{"rendered":"<p>Parim eesti autori romaanParim eesti autori l\u00fchiromaan v\u00f5i jutustusParim eesti autori l\u00fchijutt Parin antoloogia v\u00f5i kogumikParim t\u00f5lkeromaanParim t\u00f5lkel\u00fchiromaan v\u00f5i -jutustusParim t\u00f5lkel\u00fchijutt<\/p>\n","protected":false},"author":2,"featured_media":0,"parent":0,"menu_order":0,"comment_status":"closed","ping_status":"closed","template":"","meta":{"footnotes":""},"_links":{"self":[{"href":"http:\/\/ulme.ee\/veeb\/index.php?rest_route=\/wp\/v2\/pages\/10364"}],"collection":[{"href":"http:\/\/ulme.ee\/veeb\/index.php?rest_route=\/wp\/v2\/pages"}],"about":[{"href":"http:\/\/ulme.ee\/veeb\/index.php?rest_route=\/wp\/v2\/types\/page"}],"author":[{"embeddable":true,"href":"http:\/\/ulme.ee\/veeb\/index.php?rest_route=\/wp\/v2\/users\/2"}],"replies":[{"embeddable":true,"href":"http:\/\/ulme.ee\/veeb\/index.php?rest_route=%2Fwp%2Fv2%2Fcomments&post=10364"}],"version-history":[{"count":9,"href":"http:\/\/ulme.ee\/veeb\/index.php?rest_route=\/wp\/v2\/pages\/10364\/revisions"}],"predecessor-version":[{"id":10381,"href":"http:\/\/ulme.ee\/veeb\/index.php?rest_route=\/wp\/v2\/pages\/10364\/revisions\/10381"}],"wp:attachment":[{"href":"http:\/\/ulme.ee\/veeb\/index.php?rest_route=%2Fwp%2Fv2%2Fmedia&parent=10364"}],"curies":[{"name":"wp","href":"https:\/\/api.w.org\/{rel}","templated":true}]}}