{"id":10285,"date":"2021-06-01T13:30:00","date_gmt":"2021-06-01T10:30:00","guid":{"rendered":"http:\/\/ulme.ee\/veeb\/?page_id=10285"},"modified":"2021-07-14T16:30:53","modified_gmt":"2021-07-14T13:30:53","slug":"kava","status":"publish","type":"page","link":"http:\/\/ulme.ee\/veeb\/?page_id=10285&lang=et","title":{"rendered":"Kava 2021"},"content":{"rendered":"\n<p><strong>Estcon 2021 kava<\/strong><\/p>\n\n\n\n<p><strong>Reede, 16. juuli<\/strong><br> 16:00 &nbsp;&nbsp; Saabumine, registreerumine, majutamine, asjade paigutamine.<br>17.00 &nbsp;&nbsp; <strong>Lipu heiskamine. Estconi ametlik algus<\/strong>. J\u00e4llen\u00e4gemisr\u00f5\u00f5m ja vaba suhtlus.<br>18.00 &nbsp;&nbsp; <strong>Brandon Sanderson 101: abiks algajale.<\/strong> <strong>Pronto<\/strong><br>20:00&nbsp; &nbsp; <strong>K\u00fclalise tund. Meelis Friedenthal<\/strong><br>22.30 &nbsp;&nbsp; <strong>Ulmedisko. Vampiirid<\/strong>.<strong> Veiko Belials <\/strong><br>Tegemist n\u00fc\u00fcdseks juba traditsiooniliseks muutunud hilis\u00f5htuse ettekandega, mis l\u00f5petab avap\u00e4eva ja kus vaatluse all on muusika ja ulme seosed. Alguse sai traditsioon 2013. aastal.<br>Eelistan lugude valikus (s\u00f5ltumata k\u00e4sitletavast teemast) alati kas terviklikku teostust (lugu, mida videos jutustatakse), head visuaali v\u00f5i ootamatut-harjumatut vaatenurka. Igal kord v\u00f5ib valikus leida midagi, mis on naljakas, jabur v\u00f5i kurioosne. <\/p>\n\n\n\n<p><strong>Laup\u00e4ev, 17. juuli <\/strong><br> 10:00 \u00a0\u00a0 hommikus\u00f6\u00f6k <br>11:30 \u00a0\u00a0<strong>Vene kosmistid.<\/strong> <strong>Joel Jans<\/strong><br>14:00 \u00a0\u00a0 l\u00f5unas\u00f6\u00f6k<br>15:30 \u00a0\u00a0 <strong>Stalker 2020<\/strong>. Kuulutatakse v\u00e4lja tulemused ning kohalolevaid v\u00f5itjaid ka \u00f5nnitletakse pidulikult.<br><strong>\u00dchispilt.<\/strong> Kohalolijad seatakse aparaadi ette ja tehakse \u00fchispilt.<br><strong>Kirjastuste plaanid: <\/strong>mida on kavas avaldada.<br>17.00<strong> \u00a0\u00a0 M\u00e4lum\u00e4ng.<\/strong> M\u00e4lum\u00e4ngur <strong>Taivo Rist<\/strong> esitab k\u00fcsimusi ja otsustab vastuste \u00f5igsuse \u00fcle.<br>\u00dcks pikema traditsiooniga s\u00fcndmusi Estconil, mida k\u00f5ik ootavad. Klassikaline m\u00e4lum\u00e4ng, kus ajud s\u00f5lme v\u00e4\u00e4natakse. <br><strong>Paralleelselt<\/strong> saab <strong>Mairi Lauriku<\/strong> eestvedamisel <strong>jutukirjutamise t\u00f6\u00f6toas<\/strong> oma oskusi lihvida.<br>19:30<strong> \u00a0\u00a0 Zombi\u00f5ppus<\/strong><br>21.00 \u00a0\u00a0 <strong>Lauam\u00e4ngud jms<\/strong><\/p>\n\n\n\n<p><strong>P\u00fchap\u00e4ev, 18. juuli <\/strong><br>10:00 &nbsp;&nbsp; hommikus\u00f6\u00f6k <br>11:30 <strong>&nbsp;&nbsp; Paneel \u201eKuidas loete teie\u201c. <\/strong>Juhib<strong> Andri Riid. <\/strong><br>13.00&nbsp;&nbsp;&nbsp; <strong>K\u00fclalise tund. Jaagup Mahkra. Vestleb Joel Jans.<\/strong><br>14:30 &nbsp;&nbsp; <strong>Lipu langetamine. Estconi ametlik l\u00f5petamine.<\/strong><br>Tasapisi kodu poole s\u00e4ttimine.<\/p>\n","protected":false},"excerpt":{"rendered":"<p>Estcon 2021 kava Reede, 16. juuli 16:00 &nbsp;&nbsp; Saabumine, registreerumine, majutamine, asjade paigutamine.17.00 &nbsp;&nbsp; Lipu heiskamine. Estconi ametlik algus. J\u00e4llen\u00e4gemisr\u00f5\u00f5m ja vaba suhtlus.18.00 &nbsp;&nbsp; Brandon Sanderson 101: abiks algajale. Pronto20:00&nbsp; &nbsp; K\u00fclalise tund. Meelis Friedenthal22.30 &nbsp;&nbsp; Ulmedisko. Vampiirid. Veiko Belials &hellip; <a href=\"http:\/\/ulme.ee\/veeb\/?page_id=10285&#038;lang=et\">J\u00e4tka lugemist <span class=\"meta-nav\">&rarr;<\/span><\/a><\/p>\n","protected":false},"author":2,"featured_media":0,"parent":0,"menu_order":0,"comment_status":"closed","ping_status":"closed","template":"","meta":{"footnotes":""},"_links":{"self":[{"href":"http:\/\/ulme.ee\/veeb\/index.php?rest_route=\/wp\/v2\/pages\/10285"}],"collection":[{"href":"http:\/\/ulme.ee\/veeb\/index.php?rest_route=\/wp\/v2\/pages"}],"about":[{"href":"http:\/\/ulme.ee\/veeb\/index.php?rest_route=\/wp\/v2\/types\/page"}],"author":[{"embeddable":true,"href":"http:\/\/ulme.ee\/veeb\/index.php?rest_route=\/wp\/v2\/users\/2"}],"replies":[{"embeddable":true,"href":"http:\/\/ulme.ee\/veeb\/index.php?rest_route=%2Fwp%2Fv2%2Fcomments&post=10285"}],"version-history":[{"count":6,"href":"http:\/\/ulme.ee\/veeb\/index.php?rest_route=\/wp\/v2\/pages\/10285\/revisions"}],"predecessor-version":[{"id":10357,"href":"http:\/\/ulme.ee\/veeb\/index.php?rest_route=\/wp\/v2\/pages\/10285\/revisions\/10357"}],"wp:attachment":[{"href":"http:\/\/ulme.ee\/veeb\/index.php?rest_route=%2Fwp%2Fv2%2Fmedia&parent=10285"}],"curies":[{"name":"wp","href":"https:\/\/api.w.org\/{rel}","templated":true}]}}