{"id":10207,"date":"2021-03-23T16:19:08","date_gmt":"2021-03-23T14:19:08","guid":{"rendered":"http:\/\/ulme.ee\/veeb\/?page_id=10207"},"modified":"2021-03-23T16:19:53","modified_gmt":"2021-03-23T14:19:53","slug":"liikmeks-astumine","status":"publish","type":"page","link":"http:\/\/ulme.ee\/veeb\/?page_id=10207&lang=et","title":{"rendered":"Liikmeks astumine"},"content":{"rendered":"\n<p><strong>Liikmeks astumine:<\/strong>\u00a0tuleb esitada\u00a0<a href=\"http:\/\/ulme.ee\/veeb\/wp-content\/uploads\/2016\/03\/Liikmeksastumise-avaldus.docx\">Liikmeks astumise avaldus\u00a0<\/a>Wordi formaadis \u2013 t\u00f5mba see enda arvutisse, t\u00e4ienda ja allkirjasta digitaalselt ning saada seej\u00e4rel kontaktmeiliaadressile. Tasuda tuleb ka <a href=\"http:\/\/ulme.ee\/veeb\/?page_id=10204&amp;lang=et\">liikmemaks<\/a>.<\/p>\n\n\n\n<p>Liikmeks astumise avaldusel peavad olema sinu kontaktandmed, et saaksime sind teavitada Ulme\u00fchingu aastakoosolekust, kus valitakse juhatus ja kinnitatakse majandusaasta aruanne.<\/p>\n\n\n\n<p>Ulme\u00fchingu kontaktmeiliaadress on<strong>&nbsp;<em>juhatus(at)ulme.ee<\/em><\/strong><\/p>\n","protected":false},"excerpt":{"rendered":"<p>Liikmeks astumine:\u00a0tuleb esitada\u00a0Liikmeks astumise avaldus\u00a0Wordi formaadis \u2013 t\u00f5mba see enda arvutisse, t\u00e4ienda ja allkirjasta digitaalselt ning saada seej\u00e4rel kontaktmeiliaadressile. Tasuda tuleb ka liikmemaks. Liikmeks astumise avaldusel peavad olema sinu kontaktandmed, et saaksime sind teavitada Ulme\u00fchingu aastakoosolekust, kus valitakse juhatus ja &hellip; <a href=\"http:\/\/ulme.ee\/veeb\/?page_id=10207&#038;lang=et\">J\u00e4tka lugemist <span class=\"meta-nav\">&rarr;<\/span><\/a><\/p>\n","protected":false},"author":2,"featured_media":0,"parent":0,"menu_order":0,"comment_status":"closed","ping_status":"closed","template":"","meta":{"footnotes":""},"_links":{"self":[{"href":"http:\/\/ulme.ee\/veeb\/index.php?rest_route=\/wp\/v2\/pages\/10207"}],"collection":[{"href":"http:\/\/ulme.ee\/veeb\/index.php?rest_route=\/wp\/v2\/pages"}],"about":[{"href":"http:\/\/ulme.ee\/veeb\/index.php?rest_route=\/wp\/v2\/types\/page"}],"author":[{"embeddable":true,"href":"http:\/\/ulme.ee\/veeb\/index.php?rest_route=\/wp\/v2\/users\/2"}],"replies":[{"embeddable":true,"href":"http:\/\/ulme.ee\/veeb\/index.php?rest_route=%2Fwp%2Fv2%2Fcomments&post=10207"}],"version-history":[{"count":2,"href":"http:\/\/ulme.ee\/veeb\/index.php?rest_route=\/wp\/v2\/pages\/10207\/revisions"}],"predecessor-version":[{"id":10209,"href":"http:\/\/ulme.ee\/veeb\/index.php?rest_route=\/wp\/v2\/pages\/10207\/revisions\/10209"}],"wp:attachment":[{"href":"http:\/\/ulme.ee\/veeb\/index.php?rest_route=%2Fwp%2Fv2%2Fmedia&parent=10207"}],"curies":[{"name":"wp","href":"https:\/\/api.w.org\/{rel}","templated":true}]}}